{"id":901,"date":"2018-06-01T14:46:53","date_gmt":"2018-06-01T12:46:53","guid":{"rendered":"https:\/\/www.monboladegrossesse.com\/boutique\/?post_type=product&#038;p=901"},"modified":"2025-10-02T09:20:24","modified_gmt":"2025-10-02T07:20:24","slug":"bola-pomme-personnalise-musical","status":"publish","type":"product","link":"https:\/\/www.monboladegrossesse.com\/boutique\/produit\/bola-pomme-personnalise-musical\/","title":{"rendered":"Bola Pomme : personnalis\u00e9 et musical"},"content":{"rendered":"<p>Le bola de grossesse pomme est un bijou musical et personnalis\u00e9 qui vous accompagne tout au long de votre grossesse.\u00a0Il se compose d\u2019un collier en cordon Liberty of London et d\u2019une cage en forme de pomme, renfermant une perle musicale.<\/p>\n<p>Personnalis\u00e9 gr\u00e2ce \u00e0 sa m\u00e9daille grav\u00e9e, le bola pomme original et fantaisie, propose \u00e9galement une breloque \u00ab\u00a0I Love You\u00a0\u00bb.<!--more--><\/p>\n<h2>Un bola pomme avec m\u00e9daille grav\u00e9e et breloque<\/h2>\n<p>L\u2019originalit\u00e9 de ce bola en m\u00e9tal, r\u00e9side dans son design en forme de pomme. La forme est obtenue avec de nombreux coeurs coll\u00e9s les uns aux autres, pour un rendu tr\u00e8s r\u00e9aliste et singulier. Sur le haut de la cage une feuille termine sa fabrication fraiche et gourmande.<\/p>\n<p><a href=\"https:\/\/www.monboladegrossesse.com\/boutique\/\">Ce bola musical<\/a> (une perle musicale grise est pr\u00e9sente dans le pendentif) est accompagn\u00e9 par une m\u00e9daille grav\u00e9e. Vous pouvez faire graver le message de votre choix jusqu\u2019\u00e0 20 caract\u00e8res.<\/p>\n<p>Il peut s\u2019agir d\u2019un message personnel, ou simplement d\u2019un petit coeur. Vous \u00eates enti\u00e8rement libres pour rendre votre bola unique et 100% original selon vos envies.<\/p>\n<p>Vous pouvez d\u2019ailleurs choisir de remplacer le collier en Liberty of London (100% coton) par de la chaine en acier inoxydable. Cette option est gratuite.<\/p>\n<h3>Une breloque \u00ab\u00a0I Love You\u00a0\u00bb avec votre bijou<\/h3>\n<p>Le mod\u00e8le de bola pomme comporte \u00e9galement une jolie breloque ronde avec le message \u00ab\u00a0I Love You\u00a0\u00bb. Tout comme notre mod\u00e8le \u00ab\u00a0petits pieds\u00a0\u00bb votre bijou est compos\u00e9 de plusieurs types de fournitures pour un rendu avec encore plus de caract\u00e8re.<\/p>\n<h2>Monboladegrossesse c\u2019est aussi des infos pratiques !<\/h2>\n<p>Vous l\u2019avez peut \u00eatre remarqu\u00e9, nous vous proposons aussi une partie blog en plus notre boutique. Nous postons r\u00e9guli\u00e8rement des articles relatifs aux diff\u00e9rentes \u00e9tapes de votre grossesse. De <a href=\"https:\/\/www.monboladegrossesse.com\/declaration-prime-de-naissance\/\">la d\u00e9claration de votre grossesse<\/a> aux diff\u00e9rents rendez-vous m\u00e9dicaux de suivi, d\u00e9couvrez des informations pratiques pour profiter pleinement de ces neuf mois de bonheur.<\/p>\n<h3>Une question avant d\u2019acheter votre bola ?<\/h3>\n<p>Nous avons mis en ligne, une foire aux questions, pour r\u00e9pondre \u00e0 vos principales questions relatives \u00e0 l\u2019achat de votre bola de grossesse. Combien de temps faut-il pour cr\u00e9er votre bola ? Quels sont les d\u00e9lais de livraison ? Et bien d\u2019autres questions encore. Rendez-vous \u00e0 l\u2019adresses suivante :<span class=\"Apple-converted-space\">\u00a0<a href=\"https:\/\/www.monboladegrossesse.com\/boutique\/info-bola-de-grossesse\/\" target=\"_blank\" rel=\"noopener noreferrer\">https:\/\/www.monboladegrossesse.com\/boutique\/info-bola-de-grossesse\/<\/a><\/span><\/p>\n<p>Mais nous vous donnons aussi rendez-vous <a href=\"https:\/\/www.facebook.com\/bolacollierdegrossesse\/\" target=\"_blank\" rel=\"noopener noreferrer\">sur Facebook<\/a> ou Instagram via nos profils sociaux pour nous poser toutes questions. Mais aussi pour un SAV \u00e0 votre \u00e9coute !<\/p>\n","protected":false},"excerpt":{"rendered":"<p>Le bola de grossesse pomme est un bijou musical et personnalis\u00e9 qui vous accompagne tout au long de votre grossesse.\u00a0Il<\/p>\n","protected":false},"featured_media":902,"comment_status":"open","ping_status":"closed","template":"","meta":{"_acf_changed":false},"product_brand":[],"product_cat":[47],"product_tag":[],"class_list":{"0":"post-901","1":"product","2":"type-product","3":"status-publish","4":"has-post-thumbnail","6":"product_cat-bola-a-19e","7":"wcpa_has_options","9":"first","10":"outofstock","11":"sale","12":"shipping-taxable","13":"purchasable","14":"product-type-simple"},"acf":[],"yoast_head":"<!-- This site is optimized with the Yoast SEO plugin v27.2 - https:\/\/yoast.com\/product\/yoast-seo-wordpress\/ -->\n<title>Bola de grossesse musical personnalis\u00e9 avec m\u00e9daille grav\u00e9e et breloque<\/title>\n<meta name=\"description\" content=\"Le mod\u00e8le &quot;pomme&quot; est un bola de grossesse que vous pouvez personnaliser avec une m\u00e9daille grav\u00e9e. Le bola est musical avec une jolie breloque I Love You.\" \/>\n<meta name=\"robots\" content=\"index, follow, max-snippet:-1, max-image-preview:large, max-video-preview:-1\" \/>\n<link rel=\"canonical\" href=\"https:\/\/www.monboladegrossesse.com\/boutique\/produit\/bola-pomme-personnalise-musical\/\" \/>\n<meta property=\"og:locale\" content=\"fr_FR\" \/>\n<meta property=\"og:type\" content=\"article\" \/>\n<meta property=\"og:title\" content=\"Bola de grossesse musical personnalis\u00e9 avec m\u00e9daille grav\u00e9e et breloque\" \/>\n<meta property=\"og:description\" content=\"Le mod\u00e8le &quot;pomme&quot; est un bola de grossesse que vous pouvez personnaliser avec une m\u00e9daille grav\u00e9e. Le bola est musical avec une jolie breloque I Love You.\" \/>\n<meta property=\"og:url\" content=\"https:\/\/www.monboladegrossesse.com\/boutique\/produit\/bola-pomme-personnalise-musical\/\" \/>\n<meta property=\"og:site_name\" content=\"Boutique de bola de grossesse pour future maman\" \/>\n<meta property=\"article:publisher\" content=\"https:\/\/www.facebook.com\/Bola-de-Grossesse-1360399817389794\/\" \/>\n<meta property=\"article:modified_time\" content=\"2025-10-02T07:20:24+00:00\" \/>\n<meta property=\"og:image\" content=\"https:\/\/www.monboladegrossesse.com\/boutique\/wp-content\/uploads\/2018\/06\/bola-de-grossesse-pomme.jpg\" \/>\n\t<meta property=\"og:image:width\" content=\"600\" \/>\n\t<meta property=\"og:image:height\" content=\"600\" \/>\n\t<meta property=\"og:image:type\" content=\"image\/jpeg\" \/>\n<meta name=\"twitter:card\" content=\"summary_large_image\" \/>\n<meta name=\"twitter:label1\" content=\"Dur\u00e9e de lecture estim\u00e9e\" \/>\n\t<meta name=\"twitter:data1\" content=\"3 minutes\" \/>\n<script type=\"application\/ld+json\" class=\"yoast-schema-graph\">{\"@context\":\"https:\/\/schema.org\",\"@graph\":[{\"@type\":\"WebPage\",\"@id\":\"https:\/\/www.monboladegrossesse.com\/boutique\/produit\/bola-pomme-personnalise-musical\/\",\"url\":\"https:\/\/www.monboladegrossesse.com\/boutique\/produit\/bola-pomme-personnalise-musical\/\",\"name\":\"Bola de grossesse musical personnalis\u00e9 avec m\u00e9daille grav\u00e9e et breloque\",\"isPartOf\":{\"@id\":\"https:\/\/www.monboladegrossesse.com\/boutique\/#website\"},\"primaryImageOfPage\":{\"@id\":\"https:\/\/www.monboladegrossesse.com\/boutique\/produit\/bola-pomme-personnalise-musical\/#primaryimage\"},\"image\":{\"@id\":\"https:\/\/www.monboladegrossesse.com\/boutique\/produit\/bola-pomme-personnalise-musical\/#primaryimage\"},\"thumbnailUrl\":\"https:\/\/www.monboladegrossesse.com\/boutique\/wp-content\/uploads\/2018\/06\/bola-de-grossesse-pomme.jpg\",\"datePublished\":\"2018-06-01T12:46:53+00:00\",\"dateModified\":\"2025-10-02T07:20:24+00:00\",\"description\":\"Le mod\u00e8le \\\"pomme\\\" est un bola de grossesse que vous pouvez personnaliser avec une m\u00e9daille grav\u00e9e. Le bola est musical avec une jolie breloque I Love You.\",\"breadcrumb\":{\"@id\":\"https:\/\/www.monboladegrossesse.com\/boutique\/produit\/bola-pomme-personnalise-musical\/#breadcrumb\"},\"inLanguage\":\"fr-FR\",\"potentialAction\":[{\"@type\":\"ReadAction\",\"target\":[\"https:\/\/www.monboladegrossesse.com\/boutique\/produit\/bola-pomme-personnalise-musical\/\"]}]},{\"@type\":\"ImageObject\",\"inLanguage\":\"fr-FR\",\"@id\":\"https:\/\/www.monboladegrossesse.com\/boutique\/produit\/bola-pomme-personnalise-musical\/#primaryimage\",\"url\":\"https:\/\/www.monboladegrossesse.com\/boutique\/wp-content\/uploads\/2018\/06\/bola-de-grossesse-pomme.jpg\",\"contentUrl\":\"https:\/\/www.monboladegrossesse.com\/boutique\/wp-content\/uploads\/2018\/06\/bola-de-grossesse-pomme.jpg\",\"width\":600,\"height\":600,\"caption\":\"bola de grossesse avec m\u00e9daille grav\u00e9e et breloque\"},{\"@type\":\"BreadcrumbList\",\"@id\":\"https:\/\/www.monboladegrossesse.com\/boutique\/produit\/bola-pomme-personnalise-musical\/#breadcrumb\",\"itemListElement\":[{\"@type\":\"ListItem\",\"position\":1,\"name\":\"Accueil\",\"item\":\"https:\/\/www.monboladegrossesse.com\/boutique\/\"},{\"@type\":\"ListItem\",\"position\":2,\"name\":\"Shop\",\"item\":\"https:\/\/www.monboladegrossesse.com\/boutique\/shop\/\"},{\"@type\":\"ListItem\",\"position\":3,\"name\":\"Bola Pomme : personnalis\u00e9 et musical\"}]},{\"@type\":\"WebSite\",\"@id\":\"https:\/\/www.monboladegrossesse.com\/boutique\/#website\",\"url\":\"https:\/\/www.monboladegrossesse.com\/boutique\/\",\"name\":\"Boutique de bola de grossesse pour future maman\",\"description\":\"\",\"publisher\":{\"@id\":\"https:\/\/www.monboladegrossesse.com\/boutique\/#organization\"},\"potentialAction\":[{\"@type\":\"SearchAction\",\"target\":{\"@type\":\"EntryPoint\",\"urlTemplate\":\"https:\/\/www.monboladegrossesse.com\/boutique\/?s={search_term_string}\"},\"query-input\":{\"@type\":\"PropertyValueSpecification\",\"valueRequired\":true,\"valueName\":\"search_term_string\"}}],\"inLanguage\":\"fr-FR\"},{\"@type\":\"Organization\",\"@id\":\"https:\/\/www.monboladegrossesse.com\/boutique\/#organization\",\"name\":\"Boutique de bola de grossesse pour future maman\",\"url\":\"https:\/\/www.monboladegrossesse.com\/boutique\/\",\"logo\":{\"@type\":\"ImageObject\",\"inLanguage\":\"fr-FR\",\"@id\":\"https:\/\/www.monboladegrossesse.com\/boutique\/#\/schema\/logo\/image\/\",\"url\":\"https:\/\/www.monboladegrossesse.com\/boutique\/wp-content\/uploads\/2024\/06\/cropped-logo-bola-470X110.webp\",\"contentUrl\":\"https:\/\/www.monboladegrossesse.com\/boutique\/wp-content\/uploads\/2024\/06\/cropped-logo-bola-470X110.webp\",\"width\":470,\"height\":110,\"caption\":\"Boutique de bola de grossesse pour future maman\"},\"image\":{\"@id\":\"https:\/\/www.monboladegrossesse.com\/boutique\/#\/schema\/logo\/image\/\"},\"sameAs\":[\"https:\/\/www.facebook.com\/Bola-de-Grossesse-1360399817389794\/\",\"https:\/\/www.pinterest.fr\/monboladegrossesse\/\",\"https:\/\/www.youtube.com\/@Monboladegrossesse-x3f\",\"https:\/\/www.tiktok.com\/@bola.de.grossesse?lang=fr\"]}]}<\/script>\n<!-- \/ Yoast SEO plugin. -->","yoast_head_json":{"title":"Bola de grossesse musical personnalis\u00e9 avec m\u00e9daille grav\u00e9e et breloque","description":"Le mod\u00e8le \"pomme\" est un bola de grossesse que vous pouvez personnaliser avec une m\u00e9daille grav\u00e9e. Le bola est musical avec une jolie breloque I Love You.","robots":{"index":"index","follow":"follow","max-snippet":"max-snippet:-1","max-image-preview":"max-image-preview:large","max-video-preview":"max-video-preview:-1"},"canonical":"https:\/\/www.monboladegrossesse.com\/boutique\/produit\/bola-pomme-personnalise-musical\/","og_locale":"fr_FR","og_type":"article","og_title":"Bola de grossesse musical personnalis\u00e9 avec m\u00e9daille grav\u00e9e et breloque","og_description":"Le mod\u00e8le \"pomme\" est un bola de grossesse que vous pouvez personnaliser avec une m\u00e9daille grav\u00e9e. Le bola est musical avec une jolie breloque I Love You.","og_url":"https:\/\/www.monboladegrossesse.com\/boutique\/produit\/bola-pomme-personnalise-musical\/","og_site_name":"Boutique de bola de grossesse pour future maman","article_publisher":"https:\/\/www.facebook.com\/Bola-de-Grossesse-1360399817389794\/","article_modified_time":"2025-10-02T07:20:24+00:00","og_image":[{"width":600,"height":600,"url":"https:\/\/www.monboladegrossesse.com\/boutique\/wp-content\/uploads\/2018\/06\/bola-de-grossesse-pomme.jpg","type":"image\/jpeg"}],"twitter_card":"summary_large_image","twitter_misc":{"Dur\u00e9e de lecture estim\u00e9e":"3 minutes"},"schema":{"@context":"https:\/\/schema.org","@graph":[{"@type":"WebPage","@id":"https:\/\/www.monboladegrossesse.com\/boutique\/produit\/bola-pomme-personnalise-musical\/","url":"https:\/\/www.monboladegrossesse.com\/boutique\/produit\/bola-pomme-personnalise-musical\/","name":"Bola de grossesse musical personnalis\u00e9 avec m\u00e9daille grav\u00e9e et breloque","isPartOf":{"@id":"https:\/\/www.monboladegrossesse.com\/boutique\/#website"},"primaryImageOfPage":{"@id":"https:\/\/www.monboladegrossesse.com\/boutique\/produit\/bola-pomme-personnalise-musical\/#primaryimage"},"image":{"@id":"https:\/\/www.monboladegrossesse.com\/boutique\/produit\/bola-pomme-personnalise-musical\/#primaryimage"},"thumbnailUrl":"https:\/\/www.monboladegrossesse.com\/boutique\/wp-content\/uploads\/2018\/06\/bola-de-grossesse-pomme.jpg","datePublished":"2018-06-01T12:46:53+00:00","dateModified":"2025-10-02T07:20:24+00:00","description":"Le mod\u00e8le \"pomme\" est un bola de grossesse que vous pouvez personnaliser avec une m\u00e9daille grav\u00e9e. Le bola est musical avec une jolie breloque I Love You.","breadcrumb":{"@id":"https:\/\/www.monboladegrossesse.com\/boutique\/produit\/bola-pomme-personnalise-musical\/#breadcrumb"},"inLanguage":"fr-FR","potentialAction":[{"@type":"ReadAction","target":["https:\/\/www.monboladegrossesse.com\/boutique\/produit\/bola-pomme-personnalise-musical\/"]}]},{"@type":"ImageObject","inLanguage":"fr-FR","@id":"https:\/\/www.monboladegrossesse.com\/boutique\/produit\/bola-pomme-personnalise-musical\/#primaryimage","url":"https:\/\/www.monboladegrossesse.com\/boutique\/wp-content\/uploads\/2018\/06\/bola-de-grossesse-pomme.jpg","contentUrl":"https:\/\/www.monboladegrossesse.com\/boutique\/wp-content\/uploads\/2018\/06\/bola-de-grossesse-pomme.jpg","width":600,"height":600,"caption":"bola de grossesse avec m\u00e9daille grav\u00e9e et breloque"},{"@type":"BreadcrumbList","@id":"https:\/\/www.monboladegrossesse.com\/boutique\/produit\/bola-pomme-personnalise-musical\/#breadcrumb","itemListElement":[{"@type":"ListItem","position":1,"name":"Accueil","item":"https:\/\/www.monboladegrossesse.com\/boutique\/"},{"@type":"ListItem","position":2,"name":"Shop","item":"https:\/\/www.monboladegrossesse.com\/boutique\/shop\/"},{"@type":"ListItem","position":3,"name":"Bola Pomme : personnalis\u00e9 et musical"}]},{"@type":"WebSite","@id":"https:\/\/www.monboladegrossesse.com\/boutique\/#website","url":"https:\/\/www.monboladegrossesse.com\/boutique\/","name":"Boutique de bola de grossesse pour future maman","description":"","publisher":{"@id":"https:\/\/www.monboladegrossesse.com\/boutique\/#organization"},"potentialAction":[{"@type":"SearchAction","target":{"@type":"EntryPoint","urlTemplate":"https:\/\/www.monboladegrossesse.com\/boutique\/?s={search_term_string}"},"query-input":{"@type":"PropertyValueSpecification","valueRequired":true,"valueName":"search_term_string"}}],"inLanguage":"fr-FR"},{"@type":"Organization","@id":"https:\/\/www.monboladegrossesse.com\/boutique\/#organization","name":"Boutique de bola de grossesse pour future maman","url":"https:\/\/www.monboladegrossesse.com\/boutique\/","logo":{"@type":"ImageObject","inLanguage":"fr-FR","@id":"https:\/\/www.monboladegrossesse.com\/boutique\/#\/schema\/logo\/image\/","url":"https:\/\/www.monboladegrossesse.com\/boutique\/wp-content\/uploads\/2024\/06\/cropped-logo-bola-470X110.webp","contentUrl":"https:\/\/www.monboladegrossesse.com\/boutique\/wp-content\/uploads\/2024\/06\/cropped-logo-bola-470X110.webp","width":470,"height":110,"caption":"Boutique de bola de grossesse pour future maman"},"image":{"@id":"https:\/\/www.monboladegrossesse.com\/boutique\/#\/schema\/logo\/image\/"},"sameAs":["https:\/\/www.facebook.com\/Bola-de-Grossesse-1360399817389794\/","https:\/\/www.pinterest.fr\/monboladegrossesse\/","https:\/\/www.youtube.com\/@Monboladegrossesse-x3f","https:\/\/www.tiktok.com\/@bola.de.grossesse?lang=fr"]}]}},"wcpa_form_fields":{"wcpaData":{"product":{"product_price":13.99,"price_html":"<del aria-hidden=\"true\"><span class=\"woocommerce-Price-amount amount\"><bdi>19.00&nbsp;<span class=\"woocommerce-Price-currencySymbol\">&euro;<\/span><\/bdi><\/span><\/del> <span class=\"screen-reader-text\">Le prix initial \u00e9tait\u00a0: 19.00&nbsp;&euro;.<\/span><ins aria-hidden=\"true\"><span class=\"woocommerce-Price-amount amount\"><bdi>13.99&nbsp;<span class=\"woocommerce-Price-currencySymbol\">&euro;<\/span><\/bdi><\/span><\/ins><span class=\"screen-reader-text\">Le prix actuel est\u00a0: 13.99&nbsp;&euro;.<\/span>","original_product_price":19,"price_including_tax":13.99,"price_excluding_tax":13.99,"product_id":{"parent":901,"variation":false},"is_variable":false,"stock_status":"outofstock","stock_quantity":0,"parent_sku":"","product_attributes":[],"custom_fields":[],"is_taxable":false,"product_name":"Bola Pomme : personnalis\u00e9 et musical","hasImage":false},"fields":{"sec_069d1828308b40":{"extra":{"key":"sec_069d1828308b40","section_id":"sec_069d1828308b40","name":"Default","status":1,"cl_rule":"show","enableCl":false,"relations":[],"toggle":true,"title_tag":"h3","show_title":false,"showPrice":"default","form_id":15,"form_rules":{"exclude_from_discount":false,"fee_label":"Fee","disp_hide_options_price":false,"disp_show_section_price":false,"disp_show_field_price":true,"layout_option":"standard","pric_use_as_fee":false,"process_fee_as":"woo_fee"},"layout_option":"standard"},"fields":[[{"type":"header","subtype":"h3","label":"Personnalisation du bola","elementId":"wcpa-header-60a4d2f310a96","cl_rule":"show","col":6,"relations":false,"active":true,"tooltip":"","gt_translate_keys":["label","tooltip"],"price_dependency":false,"cl_dependency":false,"value":""}],[{"type":"select","required":true,"elementId":"wcpa-select-60a4d2f310ab6","label":"Choix de la m\u00e9daille","description":"","desc_type":true,"priceOptions":"different_for_all","pricingType":"fixed","name":"select-60a4d2f310ace","cl_rule":"show","col":6,"values":[{"label":"M\u00e9daille en Alu","value":"option-1","price":"","pimage":"","pimage_id":"","pthumb":"","selected":true,"gt_translate_keys":["label"]},{"label":"M\u00e9daille en Argent 925","value":"option-2","price":"","pimage":"","pimage_id":"","pthumb":"","gt_translate_keys":["label"]}],"relations":false,"active":true,"tooltip":"Personnaliser votre bola avec la gravure d'une m\u00e9daille Alu ou Argent 925","gt_translate_keys":["label","description","tooltip"],"price_dependency":false,"cl_dependency":["wcpa-text-60a4d2f310ae4","wcpa-text-60a4d2f310b34"],"value":""}],[{"type":"image-group","required":true,"label":"Choix de la Police de gravure","elementId":"wcpa-image-group-1643361278120","inline":true,"priceOptions":"different_for_all","pricingType":"fixed","enable_popup":"no","name":"image-group-1643361278120","disp_type":"square","img_selection_type":"outline","other_text":"Other","cl_rule":"show","col":6,"values":[{"label":"Police Sara pour bola","price":"","image":"https:\/\/www.monboladegrossesse.com\/boutique\/wp-content\/uploads\/2022\/01\/274.jpg","image_id":"12048","thumb":"https:\/\/www.monboladegrossesse.com\/boutique\/wp-content\/uploads\/2022\/01\/274-150x55.jpg","value":"0","thumb_src":"https:\/\/www.monboladegrossesse.com\/boutique\/wp-content\/uploads\/2022\/01\/274.jpg","gt_translate_keys":["label"]},{"label":"Police Cl\u00e9a pour bola","price":"","image":"https:\/\/www.monboladegrossesse.com\/boutique\/wp-content\/uploads\/2022\/01\/277.jpg","image_id":"12049","thumb":"https:\/\/www.monboladegrossesse.com\/boutique\/wp-content\/uploads\/2022\/01\/277-150x55.jpg","value":"1","thumb_src":"https:\/\/www.monboladegrossesse.com\/boutique\/wp-content\/uploads\/2022\/01\/277.jpg","gt_translate_keys":["label"]},{"label":"Police C\u00e9line pour bola","price":"","image":"https:\/\/www.monboladegrossesse.com\/boutique\/wp-content\/uploads\/2022\/01\/celine.jpg","image_id":"12050","thumb":"https:\/\/www.monboladegrossesse.com\/boutique\/wp-content\/uploads\/2022\/01\/celine-150x55.jpg","selected":true,"value":"2","thumb_src":"https:\/\/www.monboladegrossesse.com\/boutique\/wp-content\/uploads\/2022\/01\/celine.jpg","gt_translate_keys":["label"]}],"relations":false,"active":true,"tooltip":"","layOut":"inline","disp_size_img":{"width":"","height":""},"gt_translate_keys":["label","tooltip"],"price_dependency":false,"cl_dependency":false,"value":""}],[{"type":"text","elementId":"wcpa-text-60a4d2f310ae4","label":"Gravure recto offerte sur m\u00e9daille Alu","description":"Vous pouvez graver jusqu'\u00e0 20 caract\u00e8res","pricingType":"fixed","price":"2.99","name":"text-60a4d2f310af8","subtype":"text","maxlength":"20","mapToCheckoutFieldParent":"billing","mapToCheckoutField":"billing_first_name","enableCl":true,"cl_rule":"show","cl_val":"option-1","col":6,"relations":[{"operator":false,"rules":[{"operator":false,"rules":{"cl_field":"wcpa-select-60a4d2f310ab6","cl_relation":"is","cl_val":"option-1"}}]}],"active":true,"tooltip":"","gt_translate_keys":["label","description","tooltip"],"price_dependency":false,"cl_dependency":["wcpa-text-60a4d2f310b0d"],"value":""}],[{"type":"text","elementId":"wcpa-text-60a4d2f310b0d","label":"M\u00e9daille en Alu gravure verso","description":"Vous pouvez graver jusqu'\u00e0 20 caract\u00e8res","enablePrice":true,"pricingType":"fixed","price":"1.99","name":"text-60a4d2f310b21","subtype":"text","maxlength":"20","mapToCheckoutFieldParent":"billing","mapToCheckoutField":"billing_first_name","enableCl":true,"cl_rule":"show","col":6,"relations":[{"operator":false,"rules":[{"operator":false,"rules":{"cl_field":"wcpa-text-60a4d2f310ae4","cl_relation":"is_not_empty","cl_val":false}}]}],"active":true,"tooltip":"","gt_translate_keys":["label","description","tooltip"],"price_dependency":false,"cl_dependency":false,"value":""}],[{"type":"text","elementId":"wcpa-text-60a4d2f310b34","label":"M\u00e9daille en Argent 925 gravure recto","enablePrice":true,"pricingType":"fixed","price":"7.99","name":"text-60a4d2f310b48","subtype":"text","maxlength":"20","mapToCheckoutFieldParent":"billing","mapToCheckoutField":"billing_first_name","enableCl":true,"cl_rule":"show","cl_val":"option-2","col":6,"relations":[{"operator":false,"rules":[{"operator":false,"rules":{"cl_field":"wcpa-select-60a4d2f310ab6","cl_relation":"is","cl_val":"option-2"}}]}],"active":true,"tooltip":"","gt_translate_keys":["label","tooltip"],"price_dependency":false,"cl_dependency":["wcpa-text-60a4d2f310b5c"],"value":""}],[{"type":"text","elementId":"wcpa-text-60a4d2f310b5c","label":"M\u00e9daille en Argent 925 gravure verso","description":"Vous pouvez graver jusqu'\u00e0 20 caract\u00e8res","enablePrice":true,"pricingType":"fixed","price":"1","name":"text-60a4d2f310b70","subtype":"text","maxlength":"20","mapToCheckoutFieldParent":"billing","mapToCheckoutField":"billing_first_name","enableCl":true,"cl_rule":"show","col":6,"relations":[{"operator":false,"rules":[{"operator":false,"rules":{"cl_field":"wcpa-text-60a4d2f310b34","cl_relation":"is_not_empty","cl_val":false}}]}],"active":true,"tooltip":"","gt_translate_keys":["label","description","tooltip"],"price_dependency":false,"cl_dependency":false,"value":""}],[{"type":"separator","elementId":"wcpa-separator-1621414663059","cl_rule":"show","col":6,"relations":false,"active":true,"tooltip":"","gt_translate_keys":["tooltip"],"price_dependency":false,"cl_dependency":false,"value":""}],[{"type":"header","subtype":"h3","label":"Choix du collier","elementId":"wcpa-header-1621414664890","cl_rule":"show","col":6,"relations":false,"active":true,"tooltip":"","gt_translate_keys":["label","tooltip"],"price_dependency":false,"cl_dependency":false,"value":""}],[{"type":"select","required":true,"elementId":"wcpa-select-1621414681528","label":"Choix entre Liberty et chaine inox.","description":"","desc_type":true,"enablePrice":true,"priceOptions":"different_for_all","pricingType":"fixed","name":"select-1621414681528","cl_rule":"show","col":6,"values":[{"label":"Je garde le cordon","value":"option-1","price":"","pimage":"","pimage_id":"","pthumb":"","selected":true,"gt_translate_keys":["label"]},{"label":"Je pr\u00e9f\u00e8re une chaine inox.","value":"option-2","price":"2.99","pimage":"","pimage_id":"","pthumb":"","gt_translate_keys":["label"]}],"relations":false,"price":0,"active":true,"tooltip":"Le Liberty est remplac\u00e9 par une chaine en acier inoxydable","gt_translate_keys":["label","description","tooltip"],"price_dependency":false,"cl_dependency":false,"value":""}]]}},"config":{"price_override":"","enable_recaptcha":false,"bind_quantity":false,"quantity_bind_formula":false,"disp_summ_show_option_price":true,"disp_summ_show_product_price":true,"disp_summ_show_total_price":true,"disp_summ_show_fee":false,"disp_summ_show_discount":false,"summary_title":"","options_total_label":"Prix des options","total_label":"Total","options_product_label":"Prix du bijou","fee_label":"Fee","discount_label":"Discount","has_price":true,"has_quantity_formula":false},"mc_unit":1,"tax_rate":1,"tax_rate_real":1,"discount":{"percentage":0,"fixed":0},"design":{"conf":{"LabelPosition":"above","DescPosition":"above","UploadField":"custom_1","QuantityFieldStyle":"default"},"css":{"LeftLabelWidth":"120px"}},"formulas":[],"lookuptables":[],"clones":false,"cartKey":false}},"_links":{"self":[{"href":"https:\/\/www.monboladegrossesse.com\/boutique\/wp-json\/wp\/v2\/product\/901","targetHints":{"allow":["GET"]}}],"collection":[{"href":"https:\/\/www.monboladegrossesse.com\/boutique\/wp-json\/wp\/v2\/product"}],"about":[{"href":"https:\/\/www.monboladegrossesse.com\/boutique\/wp-json\/wp\/v2\/types\/product"}],"replies":[{"embeddable":true,"href":"https:\/\/www.monboladegrossesse.com\/boutique\/wp-json\/wp\/v2\/comments?post=901"}],"wp:featuredmedia":[{"embeddable":true,"href":"https:\/\/www.monboladegrossesse.com\/boutique\/wp-json\/wp\/v2\/media\/902"}],"wp:attachment":[{"href":"https:\/\/www.monboladegrossesse.com\/boutique\/wp-json\/wp\/v2\/media?parent=901"}],"wp:term":[{"taxonomy":"product_brand","embeddable":true,"href":"https:\/\/www.monboladegrossesse.com\/boutique\/wp-json\/wp\/v2\/product_brand?post=901"},{"taxonomy":"product_cat","embeddable":true,"href":"https:\/\/www.monboladegrossesse.com\/boutique\/wp-json\/wp\/v2\/product_cat?post=901"},{"taxonomy":"product_tag","embeddable":true,"href":"https:\/\/www.monboladegrossesse.com\/boutique\/wp-json\/wp\/v2\/product_tag?post=901"}],"curies":[{"name":"wp","href":"https:\/\/api.w.org\/{rel}","templated":true}]}}