{"id":8118,"date":"2020-07-24T11:34:36","date_gmt":"2020-07-24T09:34:36","guid":{"rendered":"https:\/\/www.monboladegrossesse.com\/boutique\/?post_type=product&#038;p=8118"},"modified":"2025-06-14T22:34:56","modified_gmt":"2025-06-14T20:34:56","slug":"bola-double-coeurs","status":"publish","type":"product","link":"https:\/\/www.monboladegrossesse.com\/boutique\/produit\/bola-double-coeurs\/","title":{"rendered":"Bola double coeurs"},"content":{"rendered":"<p>Le bola double coeur est un parfait bijou de grossesse qui vous accompagne et met en valeur votre babybump. En plaqu\u00e9 argent avec sa m\u00e9daille personnalis\u00e9e en argent 925, vous permettent de le rendre unique et 100% personnalis\u00e9. <strong>Un parfait bola musical \u00e0 s&rsquo;offrir ou \u00e0 offrir \u00e0 une future maman.<\/strong><\/p>\n<h2>Pendentif du bola avec design double coeur<\/h2>\n<p>En plaqu\u00e9 argent, le pendentif du bola vous offre un tr\u00e8s joli design de double coeur. Ce bijou de grossesse musical, \u00e9met un magnifique tintement tout au long de la journ\u00e9e lorsque vous le portez. Sa couleur blanche, avec le double coeur en plaqu\u00e9 argent, le rendent \u00e0 la fois tr\u00e8s \u00e9l\u00e9gant et discret.<\/p>\n<p>Si vous aimez les pendentifs avec motifs en plaqu\u00e9 argent, <a href=\"https:\/\/www.monboladegrossesse.com\/boutique\/produit\/bola-petits-pieds-plaque-argent\/\">le bola petits pieds plaqu\u00e9 argent<\/a>, peu \u00e9galement vous convenir.<\/p>\n<h2>Votre message grav\u00e9 sur une m\u00e9daille nuage en argent 925<\/h2>\n<p>Originalit\u00e9 de notre mod\u00e8le de bola double coeur, la gravure de votre texte personnalis\u00e9 sur une m\u00e9daille en forme de nuage. La <strong>m\u00e9daille est en v\u00e9ritable argent 925. <\/strong>Nous pouvons graver sur les deux faces de la m\u00e9daille votre message. Pour rendre encore plus votre message unique, nous pouvons graver parmi les caract\u00e8res un petit coeur, un tr\u00e8fle ou pourquoi pas un signe infini.<\/p>\n<p>Pour votre message nous vous conseillons de graver par exemple des initiales. En nous faisant graver 10 caract\u00e8res sur votre m\u00e9daille, le message sera parfaitement lisible mais \u00e9crit plus petit.<\/p>\n<h3>Collier pour votre bola en Liberty of London<\/h3>\n<p>Le collier de votre bola est un mod\u00e8le de la c\u00e9l\u00e8bre marque Liberty of London. Ses couleurs se marient parfaitement avec celles du pendentif du bola, pour vous permettre de porter un bijou pour femme enceinte au quotidien avec vos robes, et toutes vos tenues de future maman.<\/p>\n<p>Comme pour l&rsquo;ensemble de nos bolas de grossesse vous avez la possibilit\u00e9 de changer le cordon pour une chaine inoxydable.<\/p>\n<p>Ce changement est gratuit. Et si vous souhaitez avoir \u00e0 la fois un collier en Liberty et un collier en acier inoxydable, il vous suffit de choisir <a href=\"https:\/\/www.monboladegrossesse.com\/boutique\/produit\/collier-en-acier-inoxydable\/\">en accessoire de bola le collier pour bola inoxydable.<\/a><\/p>\n","protected":false},"excerpt":{"rendered":"<p>Le bola double coeur est un parfait bijou de grossesse qui vous accompagne et met en valeur votre babybump. En<\/p>\n","protected":false},"featured_media":8120,"comment_status":"open","ping_status":"closed","template":"","meta":{"_acf_changed":false},"product_brand":[],"product_cat":[48],"product_tag":[],"class_list":{"0":"post-8118","1":"product","2":"type-product","3":"status-publish","4":"has-post-thumbnail","6":"product_cat-bola-a-29e","7":"wcpa_has_options","9":"first","10":"instock","11":"shipping-taxable","12":"purchasable","13":"product-type-simple"},"acf":[],"yoast_head":"<!-- This site is optimized with the Yoast SEO plugin v27.5 - https:\/\/yoast.com\/product\/yoast-seo-wordpress\/ -->\n<title>Bola en plaqu\u00e9 argent double c\u0153urs avec initiales grav\u00e9es<\/title>\n<meta name=\"description\" content=\"Bola de grossesse original en plaqu\u00e9 argent, avec double coeur. Nous gravons sur une m\u00e9daille en argent 925 (en forme de nuage) votre message personnalis\u00e9.\" \/>\n<meta name=\"robots\" content=\"index, follow, max-snippet:-1, max-image-preview:large, max-video-preview:-1\" \/>\n<link rel=\"canonical\" href=\"https:\/\/www.monboladegrossesse.com\/boutique\/produit\/bola-double-coeurs\/\" \/>\n<meta property=\"og:locale\" content=\"fr_FR\" \/>\n<meta property=\"og:type\" content=\"article\" \/>\n<meta property=\"og:title\" content=\"Bola en plaqu\u00e9 argent double c\u0153urs avec initiales grav\u00e9es\" \/>\n<meta property=\"og:description\" content=\"Bola de grossesse original en plaqu\u00e9 argent, avec double coeur. Nous gravons sur une m\u00e9daille en argent 925 (en forme de nuage) votre message personnalis\u00e9.\" \/>\n<meta property=\"og:url\" content=\"https:\/\/www.monboladegrossesse.com\/boutique\/produit\/bola-double-coeurs\/\" \/>\n<meta property=\"og:site_name\" content=\"Boutique de bola de grossesse pour future maman\" \/>\n<meta property=\"article:publisher\" content=\"https:\/\/www.facebook.com\/Bola-de-Grossesse-1360399817389794\/\" \/>\n<meta property=\"article:modified_time\" content=\"2025-06-14T20:34:56+00:00\" \/>\n<meta property=\"og:image\" content=\"https:\/\/www.monboladegrossesse.com\/boutique\/wp-content\/uploads\/2020\/07\/bola-double-coeur-argent.jpg\" \/>\n\t<meta property=\"og:image:width\" content=\"600\" \/>\n\t<meta property=\"og:image:height\" content=\"600\" \/>\n\t<meta property=\"og:image:type\" content=\"image\/jpeg\" \/>\n<meta name=\"twitter:card\" content=\"summary_large_image\" \/>\n<meta name=\"twitter:label1\" content=\"Dur\u00e9e de lecture estim\u00e9e\" \/>\n\t<meta name=\"twitter:data1\" content=\"2 minutes\" \/>\n<script type=\"application\/ld+json\" class=\"yoast-schema-graph\">{\"@context\":\"https:\\\/\\\/schema.org\",\"@graph\":[{\"@type\":\"WebPage\",\"@id\":\"https:\\\/\\\/www.monboladegrossesse.com\\\/boutique\\\/produit\\\/bola-double-coeurs\\\/\",\"url\":\"https:\\\/\\\/www.monboladegrossesse.com\\\/boutique\\\/produit\\\/bola-double-coeurs\\\/\",\"name\":\"Bola en plaqu\u00e9 argent double c\u0153urs avec initiales grav\u00e9es\",\"isPartOf\":{\"@id\":\"https:\\\/\\\/www.monboladegrossesse.com\\\/boutique\\\/#website\"},\"primaryImageOfPage\":{\"@id\":\"https:\\\/\\\/www.monboladegrossesse.com\\\/boutique\\\/produit\\\/bola-double-coeurs\\\/#primaryimage\"},\"image\":{\"@id\":\"https:\\\/\\\/www.monboladegrossesse.com\\\/boutique\\\/produit\\\/bola-double-coeurs\\\/#primaryimage\"},\"thumbnailUrl\":\"https:\\\/\\\/www.monboladegrossesse.com\\\/boutique\\\/wp-content\\\/uploads\\\/2020\\\/07\\\/bola-double-coeur-argent.jpg\",\"datePublished\":\"2020-07-24T09:34:36+00:00\",\"dateModified\":\"2025-06-14T20:34:56+00:00\",\"description\":\"Bola de grossesse original en plaqu\u00e9 argent, avec double coeur. Nous gravons sur une m\u00e9daille en argent 925 (en forme de nuage) votre message personnalis\u00e9.\",\"breadcrumb\":{\"@id\":\"https:\\\/\\\/www.monboladegrossesse.com\\\/boutique\\\/produit\\\/bola-double-coeurs\\\/#breadcrumb\"},\"inLanguage\":\"fr-FR\",\"potentialAction\":[{\"@type\":\"ReadAction\",\"target\":[\"https:\\\/\\\/www.monboladegrossesse.com\\\/boutique\\\/produit\\\/bola-double-coeurs\\\/\"]}]},{\"@type\":\"ImageObject\",\"inLanguage\":\"fr-FR\",\"@id\":\"https:\\\/\\\/www.monboladegrossesse.com\\\/boutique\\\/produit\\\/bola-double-coeurs\\\/#primaryimage\",\"url\":\"https:\\\/\\\/www.monboladegrossesse.com\\\/boutique\\\/wp-content\\\/uploads\\\/2020\\\/07\\\/bola-double-coeur-argent.jpg\",\"contentUrl\":\"https:\\\/\\\/www.monboladegrossesse.com\\\/boutique\\\/wp-content\\\/uploads\\\/2020\\\/07\\\/bola-double-coeur-argent.jpg\",\"width\":600,\"height\":600,\"caption\":\"bola de grossesse double coeur\"},{\"@type\":\"BreadcrumbList\",\"@id\":\"https:\\\/\\\/www.monboladegrossesse.com\\\/boutique\\\/produit\\\/bola-double-coeurs\\\/#breadcrumb\",\"itemListElement\":[{\"@type\":\"ListItem\",\"position\":1,\"name\":\"Accueil\",\"item\":\"https:\\\/\\\/www.monboladegrossesse.com\\\/boutique\\\/\"},{\"@type\":\"ListItem\",\"position\":2,\"name\":\"Shop\",\"item\":\"https:\\\/\\\/www.monboladegrossesse.com\\\/boutique\\\/shop\\\/\"},{\"@type\":\"ListItem\",\"position\":3,\"name\":\"Bola double coeurs\"}]},{\"@type\":\"WebSite\",\"@id\":\"https:\\\/\\\/www.monboladegrossesse.com\\\/boutique\\\/#website\",\"url\":\"https:\\\/\\\/www.monboladegrossesse.com\\\/boutique\\\/\",\"name\":\"Boutique de bola de grossesse pour future maman\",\"description\":\"\",\"publisher\":{\"@id\":\"https:\\\/\\\/www.monboladegrossesse.com\\\/boutique\\\/#organization\"},\"potentialAction\":[{\"@type\":\"SearchAction\",\"target\":{\"@type\":\"EntryPoint\",\"urlTemplate\":\"https:\\\/\\\/www.monboladegrossesse.com\\\/boutique\\\/?s={search_term_string}\"},\"query-input\":{\"@type\":\"PropertyValueSpecification\",\"valueRequired\":true,\"valueName\":\"search_term_string\"}}],\"inLanguage\":\"fr-FR\"},{\"@type\":\"Organization\",\"@id\":\"https:\\\/\\\/www.monboladegrossesse.com\\\/boutique\\\/#organization\",\"name\":\"Boutique de bola de grossesse pour future maman\",\"url\":\"https:\\\/\\\/www.monboladegrossesse.com\\\/boutique\\\/\",\"logo\":{\"@type\":\"ImageObject\",\"inLanguage\":\"fr-FR\",\"@id\":\"https:\\\/\\\/www.monboladegrossesse.com\\\/boutique\\\/#\\\/schema\\\/logo\\\/image\\\/\",\"url\":\"https:\\\/\\\/www.monboladegrossesse.com\\\/boutique\\\/wp-content\\\/uploads\\\/2024\\\/06\\\/cropped-logo-bola-470X110.webp\",\"contentUrl\":\"https:\\\/\\\/www.monboladegrossesse.com\\\/boutique\\\/wp-content\\\/uploads\\\/2024\\\/06\\\/cropped-logo-bola-470X110.webp\",\"width\":470,\"height\":110,\"caption\":\"Boutique de bola de grossesse pour future maman\"},\"image\":{\"@id\":\"https:\\\/\\\/www.monboladegrossesse.com\\\/boutique\\\/#\\\/schema\\\/logo\\\/image\\\/\"},\"sameAs\":[\"https:\\\/\\\/www.facebook.com\\\/Bola-de-Grossesse-1360399817389794\\\/\",\"https:\\\/\\\/www.pinterest.fr\\\/monboladegrossesse\\\/\",\"https:\\\/\\\/www.youtube.com\\\/@Monboladegrossesse-x3f\",\"https:\\\/\\\/www.tiktok.com\\\/@bola.de.grossesse?lang=fr\"]}]}<\/script>\n<!-- \/ Yoast SEO plugin. -->","yoast_head_json":{"title":"Bola en plaqu\u00e9 argent double c\u0153urs avec initiales grav\u00e9es","description":"Bola de grossesse original en plaqu\u00e9 argent, avec double coeur. Nous gravons sur une m\u00e9daille en argent 925 (en forme de nuage) votre message personnalis\u00e9.","robots":{"index":"index","follow":"follow","max-snippet":"max-snippet:-1","max-image-preview":"max-image-preview:large","max-video-preview":"max-video-preview:-1"},"canonical":"https:\/\/www.monboladegrossesse.com\/boutique\/produit\/bola-double-coeurs\/","og_locale":"fr_FR","og_type":"article","og_title":"Bola en plaqu\u00e9 argent double c\u0153urs avec initiales grav\u00e9es","og_description":"Bola de grossesse original en plaqu\u00e9 argent, avec double coeur. Nous gravons sur une m\u00e9daille en argent 925 (en forme de nuage) votre message personnalis\u00e9.","og_url":"https:\/\/www.monboladegrossesse.com\/boutique\/produit\/bola-double-coeurs\/","og_site_name":"Boutique de bola de grossesse pour future maman","article_publisher":"https:\/\/www.facebook.com\/Bola-de-Grossesse-1360399817389794\/","article_modified_time":"2025-06-14T20:34:56+00:00","og_image":[{"width":600,"height":600,"url":"https:\/\/www.monboladegrossesse.com\/boutique\/wp-content\/uploads\/2020\/07\/bola-double-coeur-argent.jpg","type":"image\/jpeg"}],"twitter_card":"summary_large_image","twitter_misc":{"Dur\u00e9e de lecture estim\u00e9e":"2 minutes"},"schema":{"@context":"https:\/\/schema.org","@graph":[{"@type":"WebPage","@id":"https:\/\/www.monboladegrossesse.com\/boutique\/produit\/bola-double-coeurs\/","url":"https:\/\/www.monboladegrossesse.com\/boutique\/produit\/bola-double-coeurs\/","name":"Bola en plaqu\u00e9 argent double c\u0153urs avec initiales grav\u00e9es","isPartOf":{"@id":"https:\/\/www.monboladegrossesse.com\/boutique\/#website"},"primaryImageOfPage":{"@id":"https:\/\/www.monboladegrossesse.com\/boutique\/produit\/bola-double-coeurs\/#primaryimage"},"image":{"@id":"https:\/\/www.monboladegrossesse.com\/boutique\/produit\/bola-double-coeurs\/#primaryimage"},"thumbnailUrl":"https:\/\/www.monboladegrossesse.com\/boutique\/wp-content\/uploads\/2020\/07\/bola-double-coeur-argent.jpg","datePublished":"2020-07-24T09:34:36+00:00","dateModified":"2025-06-14T20:34:56+00:00","description":"Bola de grossesse original en plaqu\u00e9 argent, avec double coeur. Nous gravons sur une m\u00e9daille en argent 925 (en forme de nuage) votre message personnalis\u00e9.","breadcrumb":{"@id":"https:\/\/www.monboladegrossesse.com\/boutique\/produit\/bola-double-coeurs\/#breadcrumb"},"inLanguage":"fr-FR","potentialAction":[{"@type":"ReadAction","target":["https:\/\/www.monboladegrossesse.com\/boutique\/produit\/bola-double-coeurs\/"]}]},{"@type":"ImageObject","inLanguage":"fr-FR","@id":"https:\/\/www.monboladegrossesse.com\/boutique\/produit\/bola-double-coeurs\/#primaryimage","url":"https:\/\/www.monboladegrossesse.com\/boutique\/wp-content\/uploads\/2020\/07\/bola-double-coeur-argent.jpg","contentUrl":"https:\/\/www.monboladegrossesse.com\/boutique\/wp-content\/uploads\/2020\/07\/bola-double-coeur-argent.jpg","width":600,"height":600,"caption":"bola de grossesse double coeur"},{"@type":"BreadcrumbList","@id":"https:\/\/www.monboladegrossesse.com\/boutique\/produit\/bola-double-coeurs\/#breadcrumb","itemListElement":[{"@type":"ListItem","position":1,"name":"Accueil","item":"https:\/\/www.monboladegrossesse.com\/boutique\/"},{"@type":"ListItem","position":2,"name":"Shop","item":"https:\/\/www.monboladegrossesse.com\/boutique\/shop\/"},{"@type":"ListItem","position":3,"name":"Bola double coeurs"}]},{"@type":"WebSite","@id":"https:\/\/www.monboladegrossesse.com\/boutique\/#website","url":"https:\/\/www.monboladegrossesse.com\/boutique\/","name":"Boutique de bola de grossesse pour future maman","description":"","publisher":{"@id":"https:\/\/www.monboladegrossesse.com\/boutique\/#organization"},"potentialAction":[{"@type":"SearchAction","target":{"@type":"EntryPoint","urlTemplate":"https:\/\/www.monboladegrossesse.com\/boutique\/?s={search_term_string}"},"query-input":{"@type":"PropertyValueSpecification","valueRequired":true,"valueName":"search_term_string"}}],"inLanguage":"fr-FR"},{"@type":"Organization","@id":"https:\/\/www.monboladegrossesse.com\/boutique\/#organization","name":"Boutique de bola de grossesse pour future maman","url":"https:\/\/www.monboladegrossesse.com\/boutique\/","logo":{"@type":"ImageObject","inLanguage":"fr-FR","@id":"https:\/\/www.monboladegrossesse.com\/boutique\/#\/schema\/logo\/image\/","url":"https:\/\/www.monboladegrossesse.com\/boutique\/wp-content\/uploads\/2024\/06\/cropped-logo-bola-470X110.webp","contentUrl":"https:\/\/www.monboladegrossesse.com\/boutique\/wp-content\/uploads\/2024\/06\/cropped-logo-bola-470X110.webp","width":470,"height":110,"caption":"Boutique de bola de grossesse pour future maman"},"image":{"@id":"https:\/\/www.monboladegrossesse.com\/boutique\/#\/schema\/logo\/image\/"},"sameAs":["https:\/\/www.facebook.com\/Bola-de-Grossesse-1360399817389794\/","https:\/\/www.pinterest.fr\/monboladegrossesse\/","https:\/\/www.youtube.com\/@Monboladegrossesse-x3f","https:\/\/www.tiktok.com\/@bola.de.grossesse?lang=fr"]}]}},"wcpa_form_fields":{"wcpaData":{"product":{"product_price":29,"price_html":"<span class=\"woocommerce-Price-amount amount\"><bdi>29.00&nbsp;<span class=\"woocommerce-Price-currencySymbol\">&euro;<\/span><\/bdi><\/span>","original_product_price":29,"price_including_tax":29,"price_excluding_tax":29,"product_id":{"parent":8118,"variation":false},"is_variable":false,"stock_status":"instock","stock_quantity":1,"parent_sku":"","product_attributes":[],"custom_fields":[],"is_taxable":false,"product_name":"Bola double coeurs","hasImage":false},"fields":{"sec_469f73066c8f4a":{"extra":{"key":"sec_469f73066c8f4a","section_id":"sec_469f73066c8f4a","name":"Default","status":1,"cl_rule":"show","enableCl":false,"relations":[],"toggle":true,"title_tag":"h3","show_title":false,"showPrice":"default","form_id":14402,"form_rules":{"exclude_from_discount":false,"fee_label":"Fee","disp_hide_options_price":false,"disp_show_section_price":false,"disp_show_field_price":true,"layout_option":"standard","pric_use_as_fee":false,"process_fee_as":"woo_fee"},"layout_option":"standard"},"fields":[[{"type":"header","subtype":"h3","label":"Personnalisation du bola","elementId":"wcpa-header-677baa6f845dd","cl_rule":"show","col":6,"relations":false,"active":true,"tooltip":"","gt_translate_keys":["label","tooltip"],"price_dependency":false,"cl_dependency":false,"value":""}],[{"type":"text","required":true,"elementId":"wcpa-text-677baa6f845e6","label":"M\u00e9daille en Argent 925 : gravure du recto","description":"","desc_type":true,"pricingType":"fixed","price":"1","name":"text-677baa6f845ec","subtype":"text","maxlength":"5","mapToCheckoutFieldParent":"billing","mapToCheckoutField":"billing_first_name","enableCl":true,"cl_rule":"hide","col":6,"relations":[{"operator":false,"rules":[]}],"active":true,"tooltip":"Gravure offerte. Gravez jusqu'\u00e0 20 caract\u00e8res !","gt_translate_keys":["label","description","tooltip"],"price_dependency":false,"cl_dependency":["wcpa-text-677baa6f845f2"],"value":""}],[{"type":"text","elementId":"wcpa-text-677baa6f845f2","label":"M\u00e9daille en Argent 925 gravure verso","description":"Vous pouvez graver jusqu'\u00e0 20 caract\u00e8res","enablePrice":true,"pricingType":"fixed","price":"1","name":"text-677baa6f845f7","subtype":"text","maxlength":"5","mapToCheckoutFieldParent":"billing","mapToCheckoutField":"billing_first_name","enableCl":true,"cl_rule":"show","col":6,"relations":[{"operator":false,"rules":[{"operator":false,"rules":{"cl_field":"wcpa-text-677baa6f845e6","cl_relation":"is_not_empty","cl_val":false}}]}],"active":true,"tooltip":"","gt_translate_keys":["label","description","tooltip"],"price_dependency":false,"cl_dependency":false,"value":""}]]}},"config":{"price_override":"","enable_recaptcha":false,"bind_quantity":false,"quantity_bind_formula":false,"disp_summ_show_option_price":true,"disp_summ_show_product_price":true,"disp_summ_show_total_price":true,"disp_summ_show_fee":false,"disp_summ_show_discount":false,"summary_title":"","options_total_label":"Prix des options","total_label":"Total","options_product_label":"Prix du bijou","fee_label":"Fee","discount_label":"Discount","has_price":true,"has_quantity_formula":false},"mc_unit":1,"tax_rate":1,"tax_rate_real":1,"discount":{"percentage":0,"fixed":0},"design":{"conf":{"LabelPosition":"above","DescPosition":"above","UploadField":"custom_1","QuantityFieldStyle":"default"},"css":{"LeftLabelWidth":"120px"}},"formulas":[],"lookuptables":[],"clones":false,"cartKey":false}},"_links":{"self":[{"href":"https:\/\/www.monboladegrossesse.com\/boutique\/wp-json\/wp\/v2\/product\/8118","targetHints":{"allow":["GET"]}}],"collection":[{"href":"https:\/\/www.monboladegrossesse.com\/boutique\/wp-json\/wp\/v2\/product"}],"about":[{"href":"https:\/\/www.monboladegrossesse.com\/boutique\/wp-json\/wp\/v2\/types\/product"}],"replies":[{"embeddable":true,"href":"https:\/\/www.monboladegrossesse.com\/boutique\/wp-json\/wp\/v2\/comments?post=8118"}],"wp:featuredmedia":[{"embeddable":true,"href":"https:\/\/www.monboladegrossesse.com\/boutique\/wp-json\/wp\/v2\/media\/8120"}],"wp:attachment":[{"href":"https:\/\/www.monboladegrossesse.com\/boutique\/wp-json\/wp\/v2\/media?parent=8118"}],"wp:term":[{"taxonomy":"product_brand","embeddable":true,"href":"https:\/\/www.monboladegrossesse.com\/boutique\/wp-json\/wp\/v2\/product_brand?post=8118"},{"taxonomy":"product_cat","embeddable":true,"href":"https:\/\/www.monboladegrossesse.com\/boutique\/wp-json\/wp\/v2\/product_cat?post=8118"},{"taxonomy":"product_tag","embeddable":true,"href":"https:\/\/www.monboladegrossesse.com\/boutique\/wp-json\/wp\/v2\/product_tag?post=8118"}],"curies":[{"name":"wp","href":"https:\/\/api.w.org\/{rel}","templated":true}]}}