{"id":7599,"date":"2020-06-09T14:51:22","date_gmt":"2020-06-09T12:51:22","guid":{"rendered":"https:\/\/www.monboladegrossesse.com\/boutique\/?post_type=product&#038;p=7599"},"modified":"2024-07-21T18:22:20","modified_gmt":"2024-07-21T16:22:20","slug":"bola-mains-de-bebe-plaque-argent","status":"publish","type":"product","link":"https:\/\/www.monboladegrossesse.com\/boutique\/produit\/bola-mains-de-bebe-plaque-argent\/","title":{"rendered":"Bola mains de b\u00e9b\u00e9 plaqu\u00e9 argent"},"content":{"rendered":"<p>Le bola de grossesse mains de b\u00e9b\u00e9 vous offre un dessin original sur son pendentif musical. C&rsquo;est un bijou de grossesse personnalis\u00e9 avec de jolis contrastes pour mettre en valeur votre ventre rond de future maman.<\/p>\n<h2>Pendentif avec mains de b\u00e9b\u00e9 en plaqu\u00e9 argent<\/h2>\n<p>Le tr\u00e8s joli motif en forme de mains de b\u00e9b\u00e9 est un design id\u00e9al pour un bola de grossesse. Quoi de plus simple et plus joli pour annoncer votre grossesse ? Les empreintes en plaqu\u00e9 argent ressortent parfaitement sur le pendentif noir. Et la m\u00e9daille grav\u00e9e avec vos initiales, ou simplement un petit coeur, compl\u00e8te un montage contemporain pour votre bijou.<\/p>\n<h3>Le collier de votre bola en Liberty of London<\/h3>\n<p>Pour vous offrir un confort premium lorsque vous portez votre bola, notre mod\u00e8le mains de b\u00e9b\u00e9 est mont\u00e9 sur un collier en Liberty of London. Vous avez ainsi l&rsquo;assurance d&rsquo;un collier 100% coton. L\u00e9ger et tendance, avec les motifs incontournables de la marque londonienne.<\/p>\n<p>Il est cependant possible de remplacer gratuitement le Liberty par une chaine en acier inoxydable. Pour cela, merci de cocher la case ci-dessus.<\/p>\n<h3>Une pierre naturelle d&rsquo;Aventurine verte et un pompon coton<\/h3>\n<p>Une petite perle naturelle d&rsquo;aventurine verte est pr\u00e9sente sur bola. Cette pierre est connue en lithoth\u00e9rapie pour augmenter l&rsquo;esprit cr\u00e9atif. Sa couleur ressort parfaitement avec le pendentif et le pompon \u00e9galement pr\u00e9sent.<\/p>\n<p>En effet, un tr\u00e8s joli pompon en coton de couleur violine compl\u00e8te le bola, tout en garder la l\u00e9g\u00e8ret\u00e9 du montage initial.<\/p>\n<h2>Nos bolas de grossesse plaqu\u00e9 argent<\/h2>\n<p>Vous trouverez sur la boutique plusieurs autres mod\u00e8les de <a href=\"https:\/\/www.monboladegrossesse.com\/boutique\/categorie-produit\/bola-plaque-argent-plaque-or\/\">bolas de grossesse en plaqu\u00e9 argent<\/a>. Certains mod\u00e8les comme le mod\u00e8le Mom sont simplement compos\u00e9 d&rsquo;un pendentif musical et d&rsquo;un cordon Liberty. D&rsquo;autres, comme le bola mains de b\u00e9b\u00e9 peuvent \u00eatre personnalis\u00e9s. <strong>Tous avec une m\u00e9daille argent 925<\/strong>. Mais certains permettent de graver davantage de texte (jusqu&rsquo;\u00e0 20 caract\u00e8res par c\u00f4t\u00e9).<\/p>\n<p>Comme pour nos autres bijoux de grossesse des gestes simples permettent de les conserver et de les porter dans les meilleures conditions. Eviter au maximum le contact avec l&rsquo;eau et l&rsquo;humidit\u00e9, ou encore le parfum. Et dans la mesure du possible, mettre votre bola dans sa pochette apr\u00e8s l&rsquo;avoir port\u00e9.<\/p>\n","protected":false},"excerpt":{"rendered":"<p>Le bola de grossesse mains de b\u00e9b\u00e9 vous offre un dessin original sur son pendentif musical. C&rsquo;est un bijou de<\/p>\n","protected":false},"featured_media":7600,"comment_status":"open","ping_status":"closed","template":"","meta":{"_acf_changed":false},"product_brand":[],"product_cat":[48],"product_tag":[],"class_list":{"0":"post-7599","1":"product","2":"type-product","3":"status-publish","4":"has-post-thumbnail","6":"product_cat-bola-a-29e","7":"wcpa_has_options","9":"first","10":"instock","11":"shipping-taxable","12":"purchasable","13":"product-type-simple"},"acf":[],"yoast_head":"<!-- This site is optimized with the Yoast SEO plugin v27.2 - https:\/\/yoast.com\/product\/yoast-seo-wordpress\/ -->\n<title>Bola de grossesse mains de b\u00e9b\u00e9 en plaqu\u00e9 argent avec son collier Liberty<\/title>\n<meta name=\"description\" content=\"Avec son magnifique pendentif noir et ses empreintes de mains de b\u00e9b\u00e9, ce bola musical en plaqu\u00e9 argent accompagne votre quotidien de femme enceinte.\" \/>\n<meta name=\"robots\" content=\"index, follow, max-snippet:-1, max-image-preview:large, max-video-preview:-1\" \/>\n<link rel=\"canonical\" href=\"https:\/\/www.monboladegrossesse.com\/boutique\/produit\/bola-mains-de-bebe-plaque-argent\/\" \/>\n<meta property=\"og:locale\" content=\"fr_FR\" \/>\n<meta property=\"og:type\" content=\"article\" \/>\n<meta property=\"og:title\" content=\"Bola de grossesse mains de b\u00e9b\u00e9 en plaqu\u00e9 argent avec son collier Liberty\" \/>\n<meta property=\"og:description\" content=\"Avec son magnifique pendentif noir et ses empreintes de mains de b\u00e9b\u00e9, ce bola musical en plaqu\u00e9 argent accompagne votre quotidien de femme enceinte.\" \/>\n<meta property=\"og:url\" content=\"https:\/\/www.monboladegrossesse.com\/boutique\/produit\/bola-mains-de-bebe-plaque-argent\/\" \/>\n<meta property=\"og:site_name\" content=\"Boutique de bola de grossesse pour future maman\" \/>\n<meta property=\"article:publisher\" content=\"https:\/\/www.facebook.com\/Bola-de-Grossesse-1360399817389794\/\" \/>\n<meta property=\"article:modified_time\" content=\"2024-07-21T16:22:20+00:00\" \/>\n<meta property=\"og:image\" content=\"https:\/\/www.monboladegrossesse.com\/boutique\/wp-content\/uploads\/2020\/06\/Bola-mains-de-b\u00e9b\u00e9-plaqu\u00e9-argent.jpg\" \/>\n\t<meta property=\"og:image:width\" content=\"600\" \/>\n\t<meta property=\"og:image:height\" content=\"600\" \/>\n\t<meta property=\"og:image:type\" content=\"image\/jpeg\" \/>\n<meta name=\"twitter:card\" content=\"summary_large_image\" \/>\n<meta name=\"twitter:label1\" content=\"Dur\u00e9e de lecture estim\u00e9e\" \/>\n\t<meta name=\"twitter:data1\" content=\"3 minutes\" \/>\n<script type=\"application\/ld+json\" class=\"yoast-schema-graph\">{\"@context\":\"https:\/\/schema.org\",\"@graph\":[{\"@type\":\"WebPage\",\"@id\":\"https:\/\/www.monboladegrossesse.com\/boutique\/produit\/bola-mains-de-bebe-plaque-argent\/\",\"url\":\"https:\/\/www.monboladegrossesse.com\/boutique\/produit\/bola-mains-de-bebe-plaque-argent\/\",\"name\":\"Bola de grossesse mains de b\u00e9b\u00e9 en plaqu\u00e9 argent avec son collier Liberty\",\"isPartOf\":{\"@id\":\"https:\/\/www.monboladegrossesse.com\/boutique\/#website\"},\"primaryImageOfPage\":{\"@id\":\"https:\/\/www.monboladegrossesse.com\/boutique\/produit\/bola-mains-de-bebe-plaque-argent\/#primaryimage\"},\"image\":{\"@id\":\"https:\/\/www.monboladegrossesse.com\/boutique\/produit\/bola-mains-de-bebe-plaque-argent\/#primaryimage\"},\"thumbnailUrl\":\"https:\/\/www.monboladegrossesse.com\/boutique\/wp-content\/uploads\/2020\/06\/Bola-mains-de-b\u00e9b\u00e9-plaqu\u00e9-argent.jpg\",\"datePublished\":\"2020-06-09T12:51:22+00:00\",\"dateModified\":\"2024-07-21T16:22:20+00:00\",\"description\":\"Avec son magnifique pendentif noir et ses empreintes de mains de b\u00e9b\u00e9, ce bola musical en plaqu\u00e9 argent accompagne votre quotidien de femme enceinte.\",\"breadcrumb\":{\"@id\":\"https:\/\/www.monboladegrossesse.com\/boutique\/produit\/bola-mains-de-bebe-plaque-argent\/#breadcrumb\"},\"inLanguage\":\"fr-FR\",\"potentialAction\":[{\"@type\":\"ReadAction\",\"target\":[\"https:\/\/www.monboladegrossesse.com\/boutique\/produit\/bola-mains-de-bebe-plaque-argent\/\"]}]},{\"@type\":\"ImageObject\",\"inLanguage\":\"fr-FR\",\"@id\":\"https:\/\/www.monboladegrossesse.com\/boutique\/produit\/bola-mains-de-bebe-plaque-argent\/#primaryimage\",\"url\":\"https:\/\/www.monboladegrossesse.com\/boutique\/wp-content\/uploads\/2020\/06\/Bola-mains-de-b\u00e9b\u00e9-plaqu\u00e9-argent.jpg\",\"contentUrl\":\"https:\/\/www.monboladegrossesse.com\/boutique\/wp-content\/uploads\/2020\/06\/Bola-mains-de-b\u00e9b\u00e9-plaqu\u00e9-argent.jpg\",\"width\":600,\"height\":600,\"caption\":\"Bola mains de b\u00e9b\u00e9 en plaqu\u00e9 argent\"},{\"@type\":\"BreadcrumbList\",\"@id\":\"https:\/\/www.monboladegrossesse.com\/boutique\/produit\/bola-mains-de-bebe-plaque-argent\/#breadcrumb\",\"itemListElement\":[{\"@type\":\"ListItem\",\"position\":1,\"name\":\"Accueil\",\"item\":\"https:\/\/www.monboladegrossesse.com\/boutique\/\"},{\"@type\":\"ListItem\",\"position\":2,\"name\":\"Shop\",\"item\":\"https:\/\/www.monboladegrossesse.com\/boutique\/shop\/\"},{\"@type\":\"ListItem\",\"position\":3,\"name\":\"Bola mains de b\u00e9b\u00e9 plaqu\u00e9 argent\"}]},{\"@type\":\"WebSite\",\"@id\":\"https:\/\/www.monboladegrossesse.com\/boutique\/#website\",\"url\":\"https:\/\/www.monboladegrossesse.com\/boutique\/\",\"name\":\"Boutique de bola de grossesse pour future maman\",\"description\":\"\",\"publisher\":{\"@id\":\"https:\/\/www.monboladegrossesse.com\/boutique\/#organization\"},\"potentialAction\":[{\"@type\":\"SearchAction\",\"target\":{\"@type\":\"EntryPoint\",\"urlTemplate\":\"https:\/\/www.monboladegrossesse.com\/boutique\/?s={search_term_string}\"},\"query-input\":{\"@type\":\"PropertyValueSpecification\",\"valueRequired\":true,\"valueName\":\"search_term_string\"}}],\"inLanguage\":\"fr-FR\"},{\"@type\":\"Organization\",\"@id\":\"https:\/\/www.monboladegrossesse.com\/boutique\/#organization\",\"name\":\"Boutique de bola de grossesse pour future maman\",\"url\":\"https:\/\/www.monboladegrossesse.com\/boutique\/\",\"logo\":{\"@type\":\"ImageObject\",\"inLanguage\":\"fr-FR\",\"@id\":\"https:\/\/www.monboladegrossesse.com\/boutique\/#\/schema\/logo\/image\/\",\"url\":\"https:\/\/www.monboladegrossesse.com\/boutique\/wp-content\/uploads\/2024\/06\/cropped-logo-bola-470X110.webp\",\"contentUrl\":\"https:\/\/www.monboladegrossesse.com\/boutique\/wp-content\/uploads\/2024\/06\/cropped-logo-bola-470X110.webp\",\"width\":470,\"height\":110,\"caption\":\"Boutique de bola de grossesse pour future maman\"},\"image\":{\"@id\":\"https:\/\/www.monboladegrossesse.com\/boutique\/#\/schema\/logo\/image\/\"},\"sameAs\":[\"https:\/\/www.facebook.com\/Bola-de-Grossesse-1360399817389794\/\",\"https:\/\/www.pinterest.fr\/monboladegrossesse\/\",\"https:\/\/www.youtube.com\/@Monboladegrossesse-x3f\",\"https:\/\/www.tiktok.com\/@bola.de.grossesse?lang=fr\"]}]}<\/script>\n<!-- \/ Yoast SEO plugin. -->","yoast_head_json":{"title":"Bola de grossesse mains de b\u00e9b\u00e9 en plaqu\u00e9 argent avec son collier Liberty","description":"Avec son magnifique pendentif noir et ses empreintes de mains de b\u00e9b\u00e9, ce bola musical en plaqu\u00e9 argent accompagne votre quotidien de femme enceinte.","robots":{"index":"index","follow":"follow","max-snippet":"max-snippet:-1","max-image-preview":"max-image-preview:large","max-video-preview":"max-video-preview:-1"},"canonical":"https:\/\/www.monboladegrossesse.com\/boutique\/produit\/bola-mains-de-bebe-plaque-argent\/","og_locale":"fr_FR","og_type":"article","og_title":"Bola de grossesse mains de b\u00e9b\u00e9 en plaqu\u00e9 argent avec son collier Liberty","og_description":"Avec son magnifique pendentif noir et ses empreintes de mains de b\u00e9b\u00e9, ce bola musical en plaqu\u00e9 argent accompagne votre quotidien de femme enceinte.","og_url":"https:\/\/www.monboladegrossesse.com\/boutique\/produit\/bola-mains-de-bebe-plaque-argent\/","og_site_name":"Boutique de bola de grossesse pour future maman","article_publisher":"https:\/\/www.facebook.com\/Bola-de-Grossesse-1360399817389794\/","article_modified_time":"2024-07-21T16:22:20+00:00","og_image":[{"width":600,"height":600,"url":"https:\/\/www.monboladegrossesse.com\/boutique\/wp-content\/uploads\/2020\/06\/Bola-mains-de-b\u00e9b\u00e9-plaqu\u00e9-argent.jpg","type":"image\/jpeg"}],"twitter_card":"summary_large_image","twitter_misc":{"Dur\u00e9e de lecture estim\u00e9e":"3 minutes"},"schema":{"@context":"https:\/\/schema.org","@graph":[{"@type":"WebPage","@id":"https:\/\/www.monboladegrossesse.com\/boutique\/produit\/bola-mains-de-bebe-plaque-argent\/","url":"https:\/\/www.monboladegrossesse.com\/boutique\/produit\/bola-mains-de-bebe-plaque-argent\/","name":"Bola de grossesse mains de b\u00e9b\u00e9 en plaqu\u00e9 argent avec son collier Liberty","isPartOf":{"@id":"https:\/\/www.monboladegrossesse.com\/boutique\/#website"},"primaryImageOfPage":{"@id":"https:\/\/www.monboladegrossesse.com\/boutique\/produit\/bola-mains-de-bebe-plaque-argent\/#primaryimage"},"image":{"@id":"https:\/\/www.monboladegrossesse.com\/boutique\/produit\/bola-mains-de-bebe-plaque-argent\/#primaryimage"},"thumbnailUrl":"https:\/\/www.monboladegrossesse.com\/boutique\/wp-content\/uploads\/2020\/06\/Bola-mains-de-b\u00e9b\u00e9-plaqu\u00e9-argent.jpg","datePublished":"2020-06-09T12:51:22+00:00","dateModified":"2024-07-21T16:22:20+00:00","description":"Avec son magnifique pendentif noir et ses empreintes de mains de b\u00e9b\u00e9, ce bola musical en plaqu\u00e9 argent accompagne votre quotidien de femme enceinte.","breadcrumb":{"@id":"https:\/\/www.monboladegrossesse.com\/boutique\/produit\/bola-mains-de-bebe-plaque-argent\/#breadcrumb"},"inLanguage":"fr-FR","potentialAction":[{"@type":"ReadAction","target":["https:\/\/www.monboladegrossesse.com\/boutique\/produit\/bola-mains-de-bebe-plaque-argent\/"]}]},{"@type":"ImageObject","inLanguage":"fr-FR","@id":"https:\/\/www.monboladegrossesse.com\/boutique\/produit\/bola-mains-de-bebe-plaque-argent\/#primaryimage","url":"https:\/\/www.monboladegrossesse.com\/boutique\/wp-content\/uploads\/2020\/06\/Bola-mains-de-b\u00e9b\u00e9-plaqu\u00e9-argent.jpg","contentUrl":"https:\/\/www.monboladegrossesse.com\/boutique\/wp-content\/uploads\/2020\/06\/Bola-mains-de-b\u00e9b\u00e9-plaqu\u00e9-argent.jpg","width":600,"height":600,"caption":"Bola mains de b\u00e9b\u00e9 en plaqu\u00e9 argent"},{"@type":"BreadcrumbList","@id":"https:\/\/www.monboladegrossesse.com\/boutique\/produit\/bola-mains-de-bebe-plaque-argent\/#breadcrumb","itemListElement":[{"@type":"ListItem","position":1,"name":"Accueil","item":"https:\/\/www.monboladegrossesse.com\/boutique\/"},{"@type":"ListItem","position":2,"name":"Shop","item":"https:\/\/www.monboladegrossesse.com\/boutique\/shop\/"},{"@type":"ListItem","position":3,"name":"Bola mains de b\u00e9b\u00e9 plaqu\u00e9 argent"}]},{"@type":"WebSite","@id":"https:\/\/www.monboladegrossesse.com\/boutique\/#website","url":"https:\/\/www.monboladegrossesse.com\/boutique\/","name":"Boutique de bola de grossesse pour future maman","description":"","publisher":{"@id":"https:\/\/www.monboladegrossesse.com\/boutique\/#organization"},"potentialAction":[{"@type":"SearchAction","target":{"@type":"EntryPoint","urlTemplate":"https:\/\/www.monboladegrossesse.com\/boutique\/?s={search_term_string}"},"query-input":{"@type":"PropertyValueSpecification","valueRequired":true,"valueName":"search_term_string"}}],"inLanguage":"fr-FR"},{"@type":"Organization","@id":"https:\/\/www.monboladegrossesse.com\/boutique\/#organization","name":"Boutique de bola de grossesse pour future maman","url":"https:\/\/www.monboladegrossesse.com\/boutique\/","logo":{"@type":"ImageObject","inLanguage":"fr-FR","@id":"https:\/\/www.monboladegrossesse.com\/boutique\/#\/schema\/logo\/image\/","url":"https:\/\/www.monboladegrossesse.com\/boutique\/wp-content\/uploads\/2024\/06\/cropped-logo-bola-470X110.webp","contentUrl":"https:\/\/www.monboladegrossesse.com\/boutique\/wp-content\/uploads\/2024\/06\/cropped-logo-bola-470X110.webp","width":470,"height":110,"caption":"Boutique de bola de grossesse pour future maman"},"image":{"@id":"https:\/\/www.monboladegrossesse.com\/boutique\/#\/schema\/logo\/image\/"},"sameAs":["https:\/\/www.facebook.com\/Bola-de-Grossesse-1360399817389794\/","https:\/\/www.pinterest.fr\/monboladegrossesse\/","https:\/\/www.youtube.com\/@Monboladegrossesse-x3f","https:\/\/www.tiktok.com\/@bola.de.grossesse?lang=fr"]}]}},"wcpa_form_fields":{"wcpaData":{"product":{"product_price":29,"price_html":"<span class=\"woocommerce-Price-amount amount\"><bdi>29.00&nbsp;<span class=\"woocommerce-Price-currencySymbol\">&euro;<\/span><\/bdi><\/span>","original_product_price":29,"price_including_tax":29,"price_excluding_tax":29,"product_id":{"parent":7599,"variation":false},"is_variable":false,"stock_status":"instock","stock_quantity":4,"parent_sku":"","product_attributes":[],"custom_fields":[],"is_taxable":false,"product_name":"Bola mains de b\u00e9b\u00e9 plaqu\u00e9 argent","hasImage":false},"fields":{"sec_769decc292469f":{"extra":{"key":"sec_769decc292469f","section_id":"sec_769decc292469f","name":"Default","status":1,"cl_rule":"show","enableCl":false,"relations":[],"toggle":true,"title_tag":"h3","show_title":false,"showPrice":"default","form_id":10,"form_rules":{"exclude_from_discount":false,"fee_label":"Fee","disp_hide_options_price":false,"disp_show_section_price":false,"disp_show_field_price":true,"layout_option":"standard","pric_use_as_fee":false,"process_fee_as":"woo_fee"},"layout_option":"standard"},"fields":[[{"type":"header","subtype":"h3","label":"Personnalisation du bola","elementId":"wcpa-header-1621340842769","cl_rule":"show","col":6,"relations":false,"active":true,"tooltip":"","gt_translate_keys":["label","tooltip"],"price_dependency":false,"cl_dependency":false,"value":""}],[{"type":"text","required":true,"elementId":"wcpa-text-1621342245275","label":"M\u00e9daille en Argent 925 : gravure du recto","description":"","desc_type":true,"pricingType":"fixed","price":"1","name":"text-1621342245275","subtype":"text","maxlength":"20","enableCl":true,"cl_rule":"hide","col":6,"relations":[{"operator":false,"rules":[]}],"active":true,"tooltip":"Gravure offerte. Gravez jusqu'\u00e0 20 caract\u00e8res !","gt_translate_keys":["label","description","tooltip"],"price_dependency":false,"cl_dependency":["wcpa-text-1621341281860"],"value":""}],[{"type":"text","elementId":"wcpa-text-1621341281860","label":"M\u00e9daille en Argent 925 gravure verso","description":"Vous pouvez graver jusqu'\u00e0 20 caract\u00e8res","enablePrice":true,"pricingType":"fixed","price":"1","name":"text-1621341281860","subtype":"text","maxlength":"20","enableCl":true,"cl_rule":"show","col":6,"relations":[{"operator":false,"rules":[{"operator":false,"rules":{"cl_field":"wcpa-text-1621342245275","cl_relation":"is_not_empty","cl_val":false}}]}],"active":true,"tooltip":"","gt_translate_keys":["label","description","tooltip"],"price_dependency":false,"cl_dependency":false,"value":""}]]}},"config":{"price_override":"","enable_recaptcha":false,"bind_quantity":false,"quantity_bind_formula":false,"disp_summ_show_option_price":true,"disp_summ_show_product_price":true,"disp_summ_show_total_price":true,"disp_summ_show_fee":false,"disp_summ_show_discount":false,"summary_title":"","options_total_label":"Prix des options","total_label":"Total","options_product_label":"Prix du bijou","fee_label":"Fee","discount_label":"Discount","has_price":true,"has_quantity_formula":false},"mc_unit":1,"tax_rate":1,"tax_rate_real":1,"discount":{"percentage":0,"fixed":0},"design":{"conf":{"LabelPosition":"above","DescPosition":"above","UploadField":"custom_1","QuantityFieldStyle":"default"},"css":{"LeftLabelWidth":"120px"}},"formulas":[],"lookuptables":[],"clones":false,"cartKey":false}},"_links":{"self":[{"href":"https:\/\/www.monboladegrossesse.com\/boutique\/wp-json\/wp\/v2\/product\/7599","targetHints":{"allow":["GET"]}}],"collection":[{"href":"https:\/\/www.monboladegrossesse.com\/boutique\/wp-json\/wp\/v2\/product"}],"about":[{"href":"https:\/\/www.monboladegrossesse.com\/boutique\/wp-json\/wp\/v2\/types\/product"}],"replies":[{"embeddable":true,"href":"https:\/\/www.monboladegrossesse.com\/boutique\/wp-json\/wp\/v2\/comments?post=7599"}],"wp:featuredmedia":[{"embeddable":true,"href":"https:\/\/www.monboladegrossesse.com\/boutique\/wp-json\/wp\/v2\/media\/7600"}],"wp:attachment":[{"href":"https:\/\/www.monboladegrossesse.com\/boutique\/wp-json\/wp\/v2\/media?parent=7599"}],"wp:term":[{"taxonomy":"product_brand","embeddable":true,"href":"https:\/\/www.monboladegrossesse.com\/boutique\/wp-json\/wp\/v2\/product_brand?post=7599"},{"taxonomy":"product_cat","embeddable":true,"href":"https:\/\/www.monboladegrossesse.com\/boutique\/wp-json\/wp\/v2\/product_cat?post=7599"},{"taxonomy":"product_tag","embeddable":true,"href":"https:\/\/www.monboladegrossesse.com\/boutique\/wp-json\/wp\/v2\/product_tag?post=7599"}],"curies":[{"name":"wp","href":"https:\/\/api.w.org\/{rel}","templated":true}]}}