{"id":7528,"date":"2020-06-05T15:09:52","date_gmt":"2020-06-05T13:09:52","guid":{"rendered":"https:\/\/www.monboladegrossesse.com\/boutique\/?post_type=product&#038;p=7528"},"modified":"2025-07-04T17:06:53","modified_gmt":"2025-07-04T15:06:53","slug":"bola-audrey","status":"publish","type":"product","link":"https:\/\/www.monboladegrossesse.com\/boutique\/produit\/bola-audrey\/","title":{"rendered":"Bola Audrey"},"content":{"rendered":"<p>Mod\u00e8le aux couleurs estivales gr\u00e2ce \u00e0 son collier 100% de Liberty, le bola musical et grav\u00e9 Audrey est un bijou de grossesse plein de bonne humeur.<\/p>\n<h2>Un bola de grossesse avec son collier color\u00e9 Liberty<\/h2>\n<p>Originalit\u00e9 de ce mod\u00e8le : un long pompon rose de 6 centim\u00e8tres compl\u00e8te le collier en Liberty of London. Le collier en 100% coton aux couleurs vives, est un bijou pour future maman parfait pour l&rsquo;\u00e9t\u00e9. Il se marie avec tous vos tops unis et met en valeur votre babybump.<\/p>\n<p>Vous trouverez sur la boutique d&rsquo;autres mod\u00e8les avec pompon. Comme <a href=\"https:\/\/www.monboladegrossesse.com\/boutique\/produit\/bola-venise-bleu\/\">le mod\u00e8le Venise<\/a> qui offre aussi un long pompon, ou <a href=\"https:\/\/www.monboladegrossesse.com\/boutique\/produit\/bola-emilie\/\">encore le bola Emilie<\/a> avec \u00e9galement un pompon rose sans oublier sa pierre de Quartz Rose.<\/p>\n<h2>Bola musical avec pendentif strass 25mm<\/h2>\n<p>Le pendentif de votre bola Audrey renferme une bille sonore blanche. Elle \u00e9met un joli petit tintement lors de vos diff\u00e9rents mouvements tout au long de la journ\u00e9e. Le pendentif est ajour\u00e9 pour vous permettre de voir la bille sonore. Il est enfin orn\u00e9 de petits strass pour lui donner un c\u00f4t\u00e9 brillant et \u00e9l\u00e9gant. Sans pour autant le rendre trop voyant si vous aimez allier \u00e9l\u00e9gance et discr\u00e9tion.<\/p>\n<p>Votre bola est fabriqu\u00e9 sans plomb, sans cadmium et sans nickel.<\/p>\n<h2>Votre bijou de grossesse personnalis\u00e9<\/h2>\n<p>Pour rendre votre bola unique, nous vous proposons la gravure d&rsquo;une m\u00e9daille en aluminium 15mm. Vous avez ainsi la possibilit\u00e9 de faire graver 20 caract\u00e8res par face. Il est tout \u00e0 fait possible d&rsquo;ajouter \u00e0 votre message un petit coeur, des petits pieds ou pourquoi pas un tr\u00e8fle. Ajoutez alors dans la case de personnalisation ci-dessus votre emoji.<\/p>\n<p>Si vous pr\u00e9f\u00e9rez un message dans une langue \u00e9trang\u00e8re, cela est \u00e9galement possible ! Toujours dans la limite de 20 caract\u00e8res par c\u00f4t\u00e9. N&rsquo;h\u00e9sitez pas \u00e0 nous contacter sur Facebook ou Instagram pour toute question relative \u00e0 la gravure.<\/p>\n","protected":false},"excerpt":{"rendered":"<p>Mod\u00e8le aux couleurs estivales gr\u00e2ce \u00e0 son collier 100% de Liberty, le bola musical et grav\u00e9 Audrey est un bijou<\/p>\n","protected":false},"featured_media":7529,"comment_status":"open","ping_status":"closed","template":"","meta":{"_acf_changed":false},"product_brand":[],"product_cat":[47],"product_tag":[],"class_list":{"0":"post-7528","1":"product","2":"type-product","3":"status-publish","4":"has-post-thumbnail","6":"product_cat-bola-a-19e","7":"wcpa_has_options","9":"first","10":"instock","11":"sale","12":"shipping-taxable","13":"purchasable","14":"product-type-simple"},"acf":[],"yoast_head":"<!-- This site is optimized with the Yoast SEO plugin v27.2 - https:\/\/yoast.com\/product\/yoast-seo-wordpress\/ -->\n<title>Bola de grossesse musical avec son long pompon : mod\u00e8le Audrey<\/title>\n<meta name=\"description\" content=\"Bola grav\u00e9 et personnalis\u00e9, le mod\u00e8le Audrey propose un long pompon coton et un pendentif orn\u00e9 de strass. Son collier est en Liberty of London.\" \/>\n<meta name=\"robots\" content=\"index, follow, max-snippet:-1, max-image-preview:large, max-video-preview:-1\" \/>\n<link rel=\"canonical\" href=\"https:\/\/www.monboladegrossesse.com\/boutique\/produit\/bola-audrey\/\" \/>\n<meta property=\"og:locale\" content=\"fr_FR\" \/>\n<meta property=\"og:type\" content=\"article\" \/>\n<meta property=\"og:title\" content=\"Bola de grossesse musical avec son long pompon : mod\u00e8le Audrey\" \/>\n<meta property=\"og:description\" content=\"Bola grav\u00e9 et personnalis\u00e9, le mod\u00e8le Audrey propose un long pompon coton et un pendentif orn\u00e9 de strass. Son collier est en Liberty of London.\" \/>\n<meta property=\"og:url\" content=\"https:\/\/www.monboladegrossesse.com\/boutique\/produit\/bola-audrey\/\" \/>\n<meta property=\"og:site_name\" content=\"Boutique de bola de grossesse pour future maman\" \/>\n<meta property=\"article:publisher\" content=\"https:\/\/www.facebook.com\/Bola-de-Grossesse-1360399817389794\/\" \/>\n<meta property=\"article:modified_time\" content=\"2025-07-04T15:06:53+00:00\" \/>\n<meta property=\"og:image\" content=\"https:\/\/www.monboladegrossesse.com\/boutique\/wp-content\/uploads\/2020\/06\/bola-audrey.jpg\" \/>\n\t<meta property=\"og:image:width\" content=\"600\" \/>\n\t<meta property=\"og:image:height\" content=\"600\" \/>\n\t<meta property=\"og:image:type\" content=\"image\/jpeg\" \/>\n<meta name=\"twitter:card\" content=\"summary_large_image\" \/>\n<meta name=\"twitter:label1\" content=\"Dur\u00e9e de lecture estim\u00e9e\" \/>\n\t<meta name=\"twitter:data1\" content=\"2 minutes\" \/>\n<script type=\"application\/ld+json\" class=\"yoast-schema-graph\">{\"@context\":\"https:\/\/schema.org\",\"@graph\":[{\"@type\":\"WebPage\",\"@id\":\"https:\/\/www.monboladegrossesse.com\/boutique\/produit\/bola-audrey\/\",\"url\":\"https:\/\/www.monboladegrossesse.com\/boutique\/produit\/bola-audrey\/\",\"name\":\"Bola de grossesse musical avec son long pompon : mod\u00e8le Audrey\",\"isPartOf\":{\"@id\":\"https:\/\/www.monboladegrossesse.com\/boutique\/#website\"},\"primaryImageOfPage\":{\"@id\":\"https:\/\/www.monboladegrossesse.com\/boutique\/produit\/bola-audrey\/#primaryimage\"},\"image\":{\"@id\":\"https:\/\/www.monboladegrossesse.com\/boutique\/produit\/bola-audrey\/#primaryimage\"},\"thumbnailUrl\":\"https:\/\/www.monboladegrossesse.com\/boutique\/wp-content\/uploads\/2020\/06\/bola-audrey.jpg\",\"datePublished\":\"2020-06-05T13:09:52+00:00\",\"dateModified\":\"2025-07-04T15:06:53+00:00\",\"description\":\"Bola grav\u00e9 et personnalis\u00e9, le mod\u00e8le Audrey propose un long pompon coton et un pendentif orn\u00e9 de strass. Son collier est en Liberty of London.\",\"breadcrumb\":{\"@id\":\"https:\/\/www.monboladegrossesse.com\/boutique\/produit\/bola-audrey\/#breadcrumb\"},\"inLanguage\":\"fr-FR\",\"potentialAction\":[{\"@type\":\"ReadAction\",\"target\":[\"https:\/\/www.monboladegrossesse.com\/boutique\/produit\/bola-audrey\/\"]}]},{\"@type\":\"ImageObject\",\"inLanguage\":\"fr-FR\",\"@id\":\"https:\/\/www.monboladegrossesse.com\/boutique\/produit\/bola-audrey\/#primaryimage\",\"url\":\"https:\/\/www.monboladegrossesse.com\/boutique\/wp-content\/uploads\/2020\/06\/bola-audrey.jpg\",\"contentUrl\":\"https:\/\/www.monboladegrossesse.com\/boutique\/wp-content\/uploads\/2020\/06\/bola-audrey.jpg\",\"width\":600,\"height\":600,\"caption\":\"bola de grossesse audrey\"},{\"@type\":\"BreadcrumbList\",\"@id\":\"https:\/\/www.monboladegrossesse.com\/boutique\/produit\/bola-audrey\/#breadcrumb\",\"itemListElement\":[{\"@type\":\"ListItem\",\"position\":1,\"name\":\"Accueil\",\"item\":\"https:\/\/www.monboladegrossesse.com\/boutique\/\"},{\"@type\":\"ListItem\",\"position\":2,\"name\":\"Shop\",\"item\":\"https:\/\/www.monboladegrossesse.com\/boutique\/shop\/\"},{\"@type\":\"ListItem\",\"position\":3,\"name\":\"Bola Audrey\"}]},{\"@type\":\"WebSite\",\"@id\":\"https:\/\/www.monboladegrossesse.com\/boutique\/#website\",\"url\":\"https:\/\/www.monboladegrossesse.com\/boutique\/\",\"name\":\"Boutique de bola de grossesse pour future maman\",\"description\":\"\",\"publisher\":{\"@id\":\"https:\/\/www.monboladegrossesse.com\/boutique\/#organization\"},\"potentialAction\":[{\"@type\":\"SearchAction\",\"target\":{\"@type\":\"EntryPoint\",\"urlTemplate\":\"https:\/\/www.monboladegrossesse.com\/boutique\/?s={search_term_string}\"},\"query-input\":{\"@type\":\"PropertyValueSpecification\",\"valueRequired\":true,\"valueName\":\"search_term_string\"}}],\"inLanguage\":\"fr-FR\"},{\"@type\":\"Organization\",\"@id\":\"https:\/\/www.monboladegrossesse.com\/boutique\/#organization\",\"name\":\"Boutique de bola de grossesse pour future maman\",\"url\":\"https:\/\/www.monboladegrossesse.com\/boutique\/\",\"logo\":{\"@type\":\"ImageObject\",\"inLanguage\":\"fr-FR\",\"@id\":\"https:\/\/www.monboladegrossesse.com\/boutique\/#\/schema\/logo\/image\/\",\"url\":\"https:\/\/www.monboladegrossesse.com\/boutique\/wp-content\/uploads\/2024\/06\/cropped-logo-bola-470X110.webp\",\"contentUrl\":\"https:\/\/www.monboladegrossesse.com\/boutique\/wp-content\/uploads\/2024\/06\/cropped-logo-bola-470X110.webp\",\"width\":470,\"height\":110,\"caption\":\"Boutique de bola de grossesse pour future maman\"},\"image\":{\"@id\":\"https:\/\/www.monboladegrossesse.com\/boutique\/#\/schema\/logo\/image\/\"},\"sameAs\":[\"https:\/\/www.facebook.com\/Bola-de-Grossesse-1360399817389794\/\",\"https:\/\/www.pinterest.fr\/monboladegrossesse\/\",\"https:\/\/www.youtube.com\/@Monboladegrossesse-x3f\",\"https:\/\/www.tiktok.com\/@bola.de.grossesse?lang=fr\"]}]}<\/script>\n<!-- \/ Yoast SEO plugin. -->","yoast_head_json":{"title":"Bola de grossesse musical avec son long pompon : mod\u00e8le Audrey","description":"Bola grav\u00e9 et personnalis\u00e9, le mod\u00e8le Audrey propose un long pompon coton et un pendentif orn\u00e9 de strass. Son collier est en Liberty of London.","robots":{"index":"index","follow":"follow","max-snippet":"max-snippet:-1","max-image-preview":"max-image-preview:large","max-video-preview":"max-video-preview:-1"},"canonical":"https:\/\/www.monboladegrossesse.com\/boutique\/produit\/bola-audrey\/","og_locale":"fr_FR","og_type":"article","og_title":"Bola de grossesse musical avec son long pompon : mod\u00e8le Audrey","og_description":"Bola grav\u00e9 et personnalis\u00e9, le mod\u00e8le Audrey propose un long pompon coton et un pendentif orn\u00e9 de strass. Son collier est en Liberty of London.","og_url":"https:\/\/www.monboladegrossesse.com\/boutique\/produit\/bola-audrey\/","og_site_name":"Boutique de bola de grossesse pour future maman","article_publisher":"https:\/\/www.facebook.com\/Bola-de-Grossesse-1360399817389794\/","article_modified_time":"2025-07-04T15:06:53+00:00","og_image":[{"width":600,"height":600,"url":"https:\/\/www.monboladegrossesse.com\/boutique\/wp-content\/uploads\/2020\/06\/bola-audrey.jpg","type":"image\/jpeg"}],"twitter_card":"summary_large_image","twitter_misc":{"Dur\u00e9e de lecture estim\u00e9e":"2 minutes"},"schema":{"@context":"https:\/\/schema.org","@graph":[{"@type":"WebPage","@id":"https:\/\/www.monboladegrossesse.com\/boutique\/produit\/bola-audrey\/","url":"https:\/\/www.monboladegrossesse.com\/boutique\/produit\/bola-audrey\/","name":"Bola de grossesse musical avec son long pompon : mod\u00e8le Audrey","isPartOf":{"@id":"https:\/\/www.monboladegrossesse.com\/boutique\/#website"},"primaryImageOfPage":{"@id":"https:\/\/www.monboladegrossesse.com\/boutique\/produit\/bola-audrey\/#primaryimage"},"image":{"@id":"https:\/\/www.monboladegrossesse.com\/boutique\/produit\/bola-audrey\/#primaryimage"},"thumbnailUrl":"https:\/\/www.monboladegrossesse.com\/boutique\/wp-content\/uploads\/2020\/06\/bola-audrey.jpg","datePublished":"2020-06-05T13:09:52+00:00","dateModified":"2025-07-04T15:06:53+00:00","description":"Bola grav\u00e9 et personnalis\u00e9, le mod\u00e8le Audrey propose un long pompon coton et un pendentif orn\u00e9 de strass. Son collier est en Liberty of London.","breadcrumb":{"@id":"https:\/\/www.monboladegrossesse.com\/boutique\/produit\/bola-audrey\/#breadcrumb"},"inLanguage":"fr-FR","potentialAction":[{"@type":"ReadAction","target":["https:\/\/www.monboladegrossesse.com\/boutique\/produit\/bola-audrey\/"]}]},{"@type":"ImageObject","inLanguage":"fr-FR","@id":"https:\/\/www.monboladegrossesse.com\/boutique\/produit\/bola-audrey\/#primaryimage","url":"https:\/\/www.monboladegrossesse.com\/boutique\/wp-content\/uploads\/2020\/06\/bola-audrey.jpg","contentUrl":"https:\/\/www.monboladegrossesse.com\/boutique\/wp-content\/uploads\/2020\/06\/bola-audrey.jpg","width":600,"height":600,"caption":"bola de grossesse audrey"},{"@type":"BreadcrumbList","@id":"https:\/\/www.monboladegrossesse.com\/boutique\/produit\/bola-audrey\/#breadcrumb","itemListElement":[{"@type":"ListItem","position":1,"name":"Accueil","item":"https:\/\/www.monboladegrossesse.com\/boutique\/"},{"@type":"ListItem","position":2,"name":"Shop","item":"https:\/\/www.monboladegrossesse.com\/boutique\/shop\/"},{"@type":"ListItem","position":3,"name":"Bola Audrey"}]},{"@type":"WebSite","@id":"https:\/\/www.monboladegrossesse.com\/boutique\/#website","url":"https:\/\/www.monboladegrossesse.com\/boutique\/","name":"Boutique de bola de grossesse pour future maman","description":"","publisher":{"@id":"https:\/\/www.monboladegrossesse.com\/boutique\/#organization"},"potentialAction":[{"@type":"SearchAction","target":{"@type":"EntryPoint","urlTemplate":"https:\/\/www.monboladegrossesse.com\/boutique\/?s={search_term_string}"},"query-input":{"@type":"PropertyValueSpecification","valueRequired":true,"valueName":"search_term_string"}}],"inLanguage":"fr-FR"},{"@type":"Organization","@id":"https:\/\/www.monboladegrossesse.com\/boutique\/#organization","name":"Boutique de bola de grossesse pour future maman","url":"https:\/\/www.monboladegrossesse.com\/boutique\/","logo":{"@type":"ImageObject","inLanguage":"fr-FR","@id":"https:\/\/www.monboladegrossesse.com\/boutique\/#\/schema\/logo\/image\/","url":"https:\/\/www.monboladegrossesse.com\/boutique\/wp-content\/uploads\/2024\/06\/cropped-logo-bola-470X110.webp","contentUrl":"https:\/\/www.monboladegrossesse.com\/boutique\/wp-content\/uploads\/2024\/06\/cropped-logo-bola-470X110.webp","width":470,"height":110,"caption":"Boutique de bola de grossesse pour future maman"},"image":{"@id":"https:\/\/www.monboladegrossesse.com\/boutique\/#\/schema\/logo\/image\/"},"sameAs":["https:\/\/www.facebook.com\/Bola-de-Grossesse-1360399817389794\/","https:\/\/www.pinterest.fr\/monboladegrossesse\/","https:\/\/www.youtube.com\/@Monboladegrossesse-x3f","https:\/\/www.tiktok.com\/@bola.de.grossesse?lang=fr"]}]}},"wcpa_form_fields":{"wcpaData":{"product":{"product_price":14.82,"price_html":"<del aria-hidden=\"true\"><span class=\"woocommerce-Price-amount amount\"><bdi>24.70&nbsp;<span class=\"woocommerce-Price-currencySymbol\">&euro;<\/span><\/bdi><\/span><\/del> <span class=\"screen-reader-text\">Le prix initial \u00e9tait\u00a0: 24.70&nbsp;&euro;.<\/span><ins aria-hidden=\"true\"><span class=\"woocommerce-Price-amount amount\"><bdi>14.82&nbsp;<span class=\"woocommerce-Price-currencySymbol\">&euro;<\/span><\/bdi><\/span><\/ins><span class=\"screen-reader-text\">Le prix actuel est\u00a0: 14.82&nbsp;&euro;.<\/span>","original_product_price":24.7,"price_including_tax":14.82,"price_excluding_tax":14.82,"product_id":{"parent":7528,"variation":false},"is_variable":false,"stock_status":"instock","stock_quantity":4,"parent_sku":"","product_attributes":[],"custom_fields":[],"is_taxable":false,"product_name":"Bola Audrey","hasImage":false},"fields":{"sec_769ddb2f80dacd":{"extra":{"key":"sec_769ddb2f80dacd","section_id":"sec_769ddb2f80dacd","name":"Default","status":1,"cl_rule":"show","enableCl":false,"relations":[],"toggle":true,"title_tag":"h3","show_title":false,"showPrice":"default","form_id":15,"form_rules":{"exclude_from_discount":false,"fee_label":"Fee","disp_hide_options_price":false,"disp_show_section_price":false,"disp_show_field_price":true,"layout_option":"standard","pric_use_as_fee":false,"process_fee_as":"woo_fee"},"layout_option":"standard"},"fields":[[{"type":"header","subtype":"h3","label":"Personnalisation du bola","elementId":"wcpa-header-60a4d2f310a96","cl_rule":"show","col":6,"relations":false,"active":true,"tooltip":"","gt_translate_keys":["label","tooltip"],"price_dependency":false,"cl_dependency":false,"value":""}],[{"type":"select","required":true,"elementId":"wcpa-select-60a4d2f310ab6","label":"Choix de la m\u00e9daille","description":"","desc_type":true,"priceOptions":"different_for_all","pricingType":"fixed","name":"select-60a4d2f310ace","cl_rule":"show","col":6,"values":[{"label":"M\u00e9daille en Alu","value":"option-1","price":"","pimage":"","pimage_id":"","pthumb":"","selected":true,"gt_translate_keys":["label"]},{"label":"M\u00e9daille en Argent 925","value":"option-2","price":"","pimage":"","pimage_id":"","pthumb":"","gt_translate_keys":["label"]}],"relations":false,"active":true,"tooltip":"Personnaliser votre bola avec la gravure d'une m\u00e9daille Alu ou Argent 925","gt_translate_keys":["label","description","tooltip"],"price_dependency":false,"cl_dependency":["wcpa-text-60a4d2f310ae4","wcpa-text-60a4d2f310b34"],"value":""}],[{"type":"image-group","required":true,"label":"Choix de la Police de gravure","elementId":"wcpa-image-group-1643361278120","inline":true,"priceOptions":"different_for_all","pricingType":"fixed","enable_popup":"no","name":"image-group-1643361278120","disp_type":"square","img_selection_type":"outline","other_text":"Other","cl_rule":"show","col":6,"values":[{"label":"Police Sara pour bola","price":"","image":"https:\/\/www.monboladegrossesse.com\/boutique\/wp-content\/uploads\/2022\/01\/274.jpg","image_id":"12048","thumb":"https:\/\/www.monboladegrossesse.com\/boutique\/wp-content\/uploads\/2022\/01\/274-150x55.jpg","value":"0","thumb_src":"https:\/\/www.monboladegrossesse.com\/boutique\/wp-content\/uploads\/2022\/01\/274.jpg","gt_translate_keys":["label"]},{"label":"Police Cl\u00e9a pour bola","price":"","image":"https:\/\/www.monboladegrossesse.com\/boutique\/wp-content\/uploads\/2022\/01\/277.jpg","image_id":"12049","thumb":"https:\/\/www.monboladegrossesse.com\/boutique\/wp-content\/uploads\/2022\/01\/277-150x55.jpg","value":"1","thumb_src":"https:\/\/www.monboladegrossesse.com\/boutique\/wp-content\/uploads\/2022\/01\/277.jpg","gt_translate_keys":["label"]},{"label":"Police C\u00e9line pour bola","price":"","image":"https:\/\/www.monboladegrossesse.com\/boutique\/wp-content\/uploads\/2022\/01\/celine.jpg","image_id":"12050","thumb":"https:\/\/www.monboladegrossesse.com\/boutique\/wp-content\/uploads\/2022\/01\/celine-150x55.jpg","selected":true,"value":"2","thumb_src":"https:\/\/www.monboladegrossesse.com\/boutique\/wp-content\/uploads\/2022\/01\/celine.jpg","gt_translate_keys":["label"]}],"relations":false,"active":true,"tooltip":"","layOut":"inline","disp_size_img":{"width":"","height":""},"gt_translate_keys":["label","tooltip"],"price_dependency":false,"cl_dependency":false,"value":""}],[{"type":"text","elementId":"wcpa-text-60a4d2f310ae4","label":"Gravure recto offerte sur m\u00e9daille Alu","description":"Vous pouvez graver jusqu'\u00e0 20 caract\u00e8res","pricingType":"fixed","price":"2.99","name":"text-60a4d2f310af8","subtype":"text","maxlength":"20","mapToCheckoutFieldParent":"billing","mapToCheckoutField":"billing_first_name","enableCl":true,"cl_rule":"show","cl_val":"option-1","col":6,"relations":[{"operator":false,"rules":[{"operator":false,"rules":{"cl_field":"wcpa-select-60a4d2f310ab6","cl_relation":"is","cl_val":"option-1"}}]}],"active":true,"tooltip":"","gt_translate_keys":["label","description","tooltip"],"price_dependency":false,"cl_dependency":["wcpa-text-60a4d2f310b0d"],"value":""}],[{"type":"text","elementId":"wcpa-text-60a4d2f310b0d","label":"M\u00e9daille en Alu gravure verso","description":"Vous pouvez graver jusqu'\u00e0 20 caract\u00e8res","enablePrice":true,"pricingType":"fixed","price":"1.99","name":"text-60a4d2f310b21","subtype":"text","maxlength":"20","mapToCheckoutFieldParent":"billing","mapToCheckoutField":"billing_first_name","enableCl":true,"cl_rule":"show","col":6,"relations":[{"operator":false,"rules":[{"operator":false,"rules":{"cl_field":"wcpa-text-60a4d2f310ae4","cl_relation":"is_not_empty","cl_val":false}}]}],"active":true,"tooltip":"","gt_translate_keys":["label","description","tooltip"],"price_dependency":false,"cl_dependency":false,"value":""}],[{"type":"text","elementId":"wcpa-text-60a4d2f310b34","label":"M\u00e9daille en Argent 925 gravure recto","enablePrice":true,"pricingType":"fixed","price":"7.99","name":"text-60a4d2f310b48","subtype":"text","maxlength":"20","mapToCheckoutFieldParent":"billing","mapToCheckoutField":"billing_first_name","enableCl":true,"cl_rule":"show","cl_val":"option-2","col":6,"relations":[{"operator":false,"rules":[{"operator":false,"rules":{"cl_field":"wcpa-select-60a4d2f310ab6","cl_relation":"is","cl_val":"option-2"}}]}],"active":true,"tooltip":"","gt_translate_keys":["label","tooltip"],"price_dependency":false,"cl_dependency":["wcpa-text-60a4d2f310b5c"],"value":""}],[{"type":"text","elementId":"wcpa-text-60a4d2f310b5c","label":"M\u00e9daille en Argent 925 gravure verso","description":"Vous pouvez graver jusqu'\u00e0 20 caract\u00e8res","enablePrice":true,"pricingType":"fixed","price":"1","name":"text-60a4d2f310b70","subtype":"text","maxlength":"20","mapToCheckoutFieldParent":"billing","mapToCheckoutField":"billing_first_name","enableCl":true,"cl_rule":"show","col":6,"relations":[{"operator":false,"rules":[{"operator":false,"rules":{"cl_field":"wcpa-text-60a4d2f310b34","cl_relation":"is_not_empty","cl_val":false}}]}],"active":true,"tooltip":"","gt_translate_keys":["label","description","tooltip"],"price_dependency":false,"cl_dependency":false,"value":""}],[{"type":"separator","elementId":"wcpa-separator-1621414663059","cl_rule":"show","col":6,"relations":false,"active":true,"tooltip":"","gt_translate_keys":["tooltip"],"price_dependency":false,"cl_dependency":false,"value":""}],[{"type":"header","subtype":"h3","label":"Choix du collier","elementId":"wcpa-header-1621414664890","cl_rule":"show","col":6,"relations":false,"active":true,"tooltip":"","gt_translate_keys":["label","tooltip"],"price_dependency":false,"cl_dependency":false,"value":""}],[{"type":"select","required":true,"elementId":"wcpa-select-1621414681528","label":"Choix entre Liberty et chaine inox.","description":"","desc_type":true,"enablePrice":true,"priceOptions":"different_for_all","pricingType":"fixed","name":"select-1621414681528","cl_rule":"show","col":6,"values":[{"label":"Je garde le cordon","value":"option-1","price":"","pimage":"","pimage_id":"","pthumb":"","selected":true,"gt_translate_keys":["label"]},{"label":"Je pr\u00e9f\u00e8re une chaine inox.","value":"option-2","price":"2.99","pimage":"","pimage_id":"","pthumb":"","gt_translate_keys":["label"]}],"relations":false,"price":0,"active":true,"tooltip":"Le Liberty est remplac\u00e9 par une chaine en acier inoxydable","gt_translate_keys":["label","description","tooltip"],"price_dependency":false,"cl_dependency":false,"value":""}]]}},"config":{"price_override":"","enable_recaptcha":false,"bind_quantity":false,"quantity_bind_formula":false,"disp_summ_show_option_price":true,"disp_summ_show_product_price":true,"disp_summ_show_total_price":true,"disp_summ_show_fee":false,"disp_summ_show_discount":false,"summary_title":"","options_total_label":"Prix des options","total_label":"Total","options_product_label":"Prix du bijou","fee_label":"Fee","discount_label":"Discount","has_price":true,"has_quantity_formula":false},"mc_unit":1,"tax_rate":1,"tax_rate_real":1,"discount":{"percentage":0,"fixed":0},"design":{"conf":{"LabelPosition":"above","DescPosition":"above","UploadField":"custom_1","QuantityFieldStyle":"default"},"css":{"LeftLabelWidth":"120px"}},"formulas":[],"lookuptables":[],"clones":false,"cartKey":false}},"_links":{"self":[{"href":"https:\/\/www.monboladegrossesse.com\/boutique\/wp-json\/wp\/v2\/product\/7528","targetHints":{"allow":["GET"]}}],"collection":[{"href":"https:\/\/www.monboladegrossesse.com\/boutique\/wp-json\/wp\/v2\/product"}],"about":[{"href":"https:\/\/www.monboladegrossesse.com\/boutique\/wp-json\/wp\/v2\/types\/product"}],"replies":[{"embeddable":true,"href":"https:\/\/www.monboladegrossesse.com\/boutique\/wp-json\/wp\/v2\/comments?post=7528"}],"wp:featuredmedia":[{"embeddable":true,"href":"https:\/\/www.monboladegrossesse.com\/boutique\/wp-json\/wp\/v2\/media\/7529"}],"wp:attachment":[{"href":"https:\/\/www.monboladegrossesse.com\/boutique\/wp-json\/wp\/v2\/media?parent=7528"}],"wp:term":[{"taxonomy":"product_brand","embeddable":true,"href":"https:\/\/www.monboladegrossesse.com\/boutique\/wp-json\/wp\/v2\/product_brand?post=7528"},{"taxonomy":"product_cat","embeddable":true,"href":"https:\/\/www.monboladegrossesse.com\/boutique\/wp-json\/wp\/v2\/product_cat?post=7528"},{"taxonomy":"product_tag","embeddable":true,"href":"https:\/\/www.monboladegrossesse.com\/boutique\/wp-json\/wp\/v2\/product_tag?post=7528"}],"curies":[{"name":"wp","href":"https:\/\/api.w.org\/{rel}","templated":true}]}}