{"id":6854,"date":"2020-04-25T15:05:20","date_gmt":"2020-04-25T13:05:20","guid":{"rendered":"https:\/\/www.monboladegrossesse.com\/boutique\/?post_type=product&#038;p=6854"},"modified":"2024-07-22T14:02:17","modified_gmt":"2024-07-22T12:02:17","slug":"bola-baby-plaque-argent","status":"publish","type":"product","link":"https:\/\/www.monboladegrossesse.com\/boutique\/produit\/bola-baby-plaque-argent\/","title":{"rendered":"Bola Baby plaqu\u00e9 argent"},"content":{"rendered":"<p>Le bola de grossesse Baby plaqu\u00e9 argent, est un bijou pour femme enceinte personnalis\u00e9. Une m\u00e9daille grav\u00e9e en argent 925, permet d&rsquo;ajouter \u00e0 votre bola votre message personnalis\u00e9 sur-mesure.<\/p>\n<h2>Un pendentif \u00ab\u00a0Baby\u00a0\u00bb en plaqu\u00e9 argent<\/h2>\n<p>Voici un bola de grossesse original pour mettre en valeur votre babybump. Son inscription \u00ab\u00a0baby\u00a0\u00bb inscrit au centre du bola, en couleur dor\u00e9e, est un subtile message pour annoncer votre grossesse lorsque vous le portez. Sa couleur est d&rsquo;ailleurs reprise pour le collier de votre bijou. Le pendentif \u00e0 un diam\u00e8tre de 20mm.<\/p>\n<h3>Votre bola avec sa m\u00e9daille grav\u00e9e en argent 925<\/h3>\n<p>Pour rendre votre bijou de grossesse unique, une petite m\u00e9daille en v\u00e9ritable argent 925 est pr\u00e9sente sur le montage. Vous pouvez la personnaliser avec la gravure de votre message (jusqu&rsquo;\u00e0 20 caract\u00e8res par c\u00f4t\u00e9) ou pourquoi pas d&rsquo;un petit coeur ou de petits pieds.<\/p>\n<h2>Bola Baby et lithoth\u00e9rapie<\/h2>\n<p>Avec cette nouvelle version 2022, de notre mod\u00e8le de bola de grossesse Baby, le montage vous offre <strong>deux perles naturelles pour vous apporter leurs bienfaits en lithoth\u00e9rapie.<\/strong> Il s&rsquo;agit de 2 perles de Jade qui sont principalement connues pour leurs bienfaits relatives \u00e0 la sagesse mais aussi \u00e0 la puret\u00e9. Pierre de protection, la perle de Jade vous aide \u00e9galement gr\u00e2ce \u00e0 son c\u00f4t\u00e9 protecteur et vous favorise la chance.<\/p>\n<h3>Le choix du cordon pour le collier de votre bijou<\/h3>\n<p>Avec le mod\u00e8le Baby, le cordon est en Liberty of London. Il vous offre \u00e0 la fois sa l\u00e9g\u00e8ret\u00e9 tout en \u00e9tant robuste, sans crainte de le voir se casser lorsque vous portez votre bola de grossesse. L&rsquo;ensemble vous offre un bijou tr\u00e8s \u00e9l\u00e9gant et discret qui lorsqu&rsquo;il est port\u00e9 sait ne pas se faire ressentir au niveau de votre nuque. sa longueur est de 120 centim\u00e8tres environ.<\/p>\n<p>Vous avez cependant la possibilit\u00e9 lors de votre achat, de choisir de le remplacer (gratuitement) par une chaine en acier inoxydable. Il suffit alors de cocher la case situ\u00e9e ci-dessus.<\/p>\n<h3>Au fait pourquoi porter un bola de grossesse ?<\/h3>\n<p>Le bola de grossesse est un bijou port\u00e9 par les futures mamans. Il \u00e9met un petit tintement qui est perceptible par votre b\u00e9b\u00e9 \u00e0 partir de la 20-21\u00e8me semaine de grossesse.<\/p>\n<p>Si vous souhaitez en <a href=\"https:\/\/www.monboladegrossesse.com\/bola-bijou-de-grossesse-dangereux\/\" target=\"_blank\" rel=\"noopener noreferrer\">savoir encore plus sur le bola de grossesse<\/a>, nous vous proposons un article sous forme de questions-r\u00e9ponses \u00e0 lire sur notre blog. Il r\u00e9pond notamment aux questions : est-ce dangereux de porter un bola ? A partir de quand le porter ?<\/p>\n","protected":false},"excerpt":{"rendered":"<p>Le bola de grossesse Baby plaqu\u00e9 argent, est un bijou pour femme enceinte personnalis\u00e9. Une m\u00e9daille grav\u00e9e en argent 925,<\/p>\n","protected":false},"featured_media":12342,"comment_status":"open","ping_status":"closed","template":"","meta":{"_acf_changed":false},"product_brand":[],"product_cat":[48],"product_tag":[],"class_list":{"0":"post-6854","1":"product","2":"type-product","3":"status-publish","4":"has-post-thumbnail","6":"product_cat-bola-a-29e","7":"wcpa_has_options","9":"first","10":"instock","11":"shipping-taxable","12":"purchasable","13":"product-type-simple"},"acf":[],"yoast_head":"<!-- This site is optimized with the Yoast SEO plugin v27.5 - https:\/\/yoast.com\/product\/yoast-seo-wordpress\/ -->\n<title>Bola de grossesse Baby plaqu\u00e9 argent avec sa m\u00e9daille argent 925<\/title>\n<meta name=\"description\" content=\"Bola de grossesse Baby en plaqu\u00e9 argent, est mont\u00e9 sur un cordon Liberty of London. Une m\u00e9daille argent 925 avec votre gravure est incluse\" \/>\n<meta name=\"robots\" content=\"index, follow, max-snippet:-1, max-image-preview:large, max-video-preview:-1\" \/>\n<link rel=\"canonical\" href=\"https:\/\/www.monboladegrossesse.com\/boutique\/produit\/bola-baby-plaque-argent\/\" \/>\n<meta property=\"og:locale\" content=\"fr_FR\" \/>\n<meta property=\"og:type\" content=\"article\" \/>\n<meta property=\"og:title\" content=\"Bola de grossesse Baby plaqu\u00e9 argent avec sa m\u00e9daille argent 925\" \/>\n<meta property=\"og:description\" content=\"Bola de grossesse Baby en plaqu\u00e9 argent, est mont\u00e9 sur un cordon Liberty of London. Une m\u00e9daille argent 925 avec votre gravure est incluse\" \/>\n<meta property=\"og:url\" content=\"https:\/\/www.monboladegrossesse.com\/boutique\/produit\/bola-baby-plaque-argent\/\" \/>\n<meta property=\"og:site_name\" content=\"Boutique de bola de grossesse pour future maman\" \/>\n<meta property=\"article:publisher\" content=\"https:\/\/www.facebook.com\/Bola-de-Grossesse-1360399817389794\/\" \/>\n<meta property=\"article:modified_time\" content=\"2024-07-22T12:02:17+00:00\" \/>\n<meta property=\"og:image\" content=\"https:\/\/www.monboladegrossesse.com\/boutique\/wp-content\/uploads\/2020\/04\/bola-argent-grave.jpg\" \/>\n\t<meta property=\"og:image:width\" content=\"900\" \/>\n\t<meta property=\"og:image:height\" content=\"900\" \/>\n\t<meta property=\"og:image:type\" content=\"image\/jpeg\" \/>\n<meta name=\"twitter:card\" content=\"summary_large_image\" \/>\n<meta name=\"twitter:label1\" content=\"Dur\u00e9e de lecture estim\u00e9e\" \/>\n\t<meta name=\"twitter:data1\" content=\"3 minutes\" \/>\n<script type=\"application\/ld+json\" class=\"yoast-schema-graph\">{\"@context\":\"https:\\\/\\\/schema.org\",\"@graph\":[{\"@type\":\"WebPage\",\"@id\":\"https:\\\/\\\/www.monboladegrossesse.com\\\/boutique\\\/produit\\\/bola-baby-plaque-argent\\\/\",\"url\":\"https:\\\/\\\/www.monboladegrossesse.com\\\/boutique\\\/produit\\\/bola-baby-plaque-argent\\\/\",\"name\":\"Bola de grossesse Baby plaqu\u00e9 argent avec sa m\u00e9daille argent 925\",\"isPartOf\":{\"@id\":\"https:\\\/\\\/www.monboladegrossesse.com\\\/boutique\\\/#website\"},\"primaryImageOfPage\":{\"@id\":\"https:\\\/\\\/www.monboladegrossesse.com\\\/boutique\\\/produit\\\/bola-baby-plaque-argent\\\/#primaryimage\"},\"image\":{\"@id\":\"https:\\\/\\\/www.monboladegrossesse.com\\\/boutique\\\/produit\\\/bola-baby-plaque-argent\\\/#primaryimage\"},\"thumbnailUrl\":\"https:\\\/\\\/www.monboladegrossesse.com\\\/boutique\\\/wp-content\\\/uploads\\\/2020\\\/04\\\/bola-argent-grave.jpg\",\"datePublished\":\"2020-04-25T13:05:20+00:00\",\"dateModified\":\"2024-07-22T12:02:17+00:00\",\"description\":\"Bola de grossesse Baby en plaqu\u00e9 argent, est mont\u00e9 sur un cordon Liberty of London. Une m\u00e9daille argent 925 avec votre gravure est incluse\",\"breadcrumb\":{\"@id\":\"https:\\\/\\\/www.monboladegrossesse.com\\\/boutique\\\/produit\\\/bola-baby-plaque-argent\\\/#breadcrumb\"},\"inLanguage\":\"fr-FR\",\"potentialAction\":[{\"@type\":\"ReadAction\",\"target\":[\"https:\\\/\\\/www.monboladegrossesse.com\\\/boutique\\\/produit\\\/bola-baby-plaque-argent\\\/\"]}]},{\"@type\":\"ImageObject\",\"inLanguage\":\"fr-FR\",\"@id\":\"https:\\\/\\\/www.monboladegrossesse.com\\\/boutique\\\/produit\\\/bola-baby-plaque-argent\\\/#primaryimage\",\"url\":\"https:\\\/\\\/www.monboladegrossesse.com\\\/boutique\\\/wp-content\\\/uploads\\\/2020\\\/04\\\/bola-argent-grave.jpg\",\"contentUrl\":\"https:\\\/\\\/www.monboladegrossesse.com\\\/boutique\\\/wp-content\\\/uploads\\\/2020\\\/04\\\/bola-argent-grave.jpg\",\"width\":900,\"height\":900,\"caption\":\"bola baby en argent\"},{\"@type\":\"BreadcrumbList\",\"@id\":\"https:\\\/\\\/www.monboladegrossesse.com\\\/boutique\\\/produit\\\/bola-baby-plaque-argent\\\/#breadcrumb\",\"itemListElement\":[{\"@type\":\"ListItem\",\"position\":1,\"name\":\"Accueil\",\"item\":\"https:\\\/\\\/www.monboladegrossesse.com\\\/boutique\\\/\"},{\"@type\":\"ListItem\",\"position\":2,\"name\":\"Shop\",\"item\":\"https:\\\/\\\/www.monboladegrossesse.com\\\/boutique\\\/shop\\\/\"},{\"@type\":\"ListItem\",\"position\":3,\"name\":\"Bola Baby plaqu\u00e9 argent\"}]},{\"@type\":\"WebSite\",\"@id\":\"https:\\\/\\\/www.monboladegrossesse.com\\\/boutique\\\/#website\",\"url\":\"https:\\\/\\\/www.monboladegrossesse.com\\\/boutique\\\/\",\"name\":\"Boutique de bola de grossesse pour future maman\",\"description\":\"\",\"publisher\":{\"@id\":\"https:\\\/\\\/www.monboladegrossesse.com\\\/boutique\\\/#organization\"},\"potentialAction\":[{\"@type\":\"SearchAction\",\"target\":{\"@type\":\"EntryPoint\",\"urlTemplate\":\"https:\\\/\\\/www.monboladegrossesse.com\\\/boutique\\\/?s={search_term_string}\"},\"query-input\":{\"@type\":\"PropertyValueSpecification\",\"valueRequired\":true,\"valueName\":\"search_term_string\"}}],\"inLanguage\":\"fr-FR\"},{\"@type\":\"Organization\",\"@id\":\"https:\\\/\\\/www.monboladegrossesse.com\\\/boutique\\\/#organization\",\"name\":\"Boutique de bola de grossesse pour future maman\",\"url\":\"https:\\\/\\\/www.monboladegrossesse.com\\\/boutique\\\/\",\"logo\":{\"@type\":\"ImageObject\",\"inLanguage\":\"fr-FR\",\"@id\":\"https:\\\/\\\/www.monboladegrossesse.com\\\/boutique\\\/#\\\/schema\\\/logo\\\/image\\\/\",\"url\":\"https:\\\/\\\/www.monboladegrossesse.com\\\/boutique\\\/wp-content\\\/uploads\\\/2024\\\/06\\\/cropped-logo-bola-470X110.webp\",\"contentUrl\":\"https:\\\/\\\/www.monboladegrossesse.com\\\/boutique\\\/wp-content\\\/uploads\\\/2024\\\/06\\\/cropped-logo-bola-470X110.webp\",\"width\":470,\"height\":110,\"caption\":\"Boutique de bola de grossesse pour future maman\"},\"image\":{\"@id\":\"https:\\\/\\\/www.monboladegrossesse.com\\\/boutique\\\/#\\\/schema\\\/logo\\\/image\\\/\"},\"sameAs\":[\"https:\\\/\\\/www.facebook.com\\\/Bola-de-Grossesse-1360399817389794\\\/\",\"https:\\\/\\\/www.pinterest.fr\\\/monboladegrossesse\\\/\",\"https:\\\/\\\/www.youtube.com\\\/@Monboladegrossesse-x3f\",\"https:\\\/\\\/www.tiktok.com\\\/@bola.de.grossesse?lang=fr\"]}]}<\/script>\n<!-- \/ Yoast SEO plugin. -->","yoast_head_json":{"title":"Bola de grossesse Baby plaqu\u00e9 argent avec sa m\u00e9daille argent 925","description":"Bola de grossesse Baby en plaqu\u00e9 argent, est mont\u00e9 sur un cordon Liberty of London. Une m\u00e9daille argent 925 avec votre gravure est incluse","robots":{"index":"index","follow":"follow","max-snippet":"max-snippet:-1","max-image-preview":"max-image-preview:large","max-video-preview":"max-video-preview:-1"},"canonical":"https:\/\/www.monboladegrossesse.com\/boutique\/produit\/bola-baby-plaque-argent\/","og_locale":"fr_FR","og_type":"article","og_title":"Bola de grossesse Baby plaqu\u00e9 argent avec sa m\u00e9daille argent 925","og_description":"Bola de grossesse Baby en plaqu\u00e9 argent, est mont\u00e9 sur un cordon Liberty of London. Une m\u00e9daille argent 925 avec votre gravure est incluse","og_url":"https:\/\/www.monboladegrossesse.com\/boutique\/produit\/bola-baby-plaque-argent\/","og_site_name":"Boutique de bola de grossesse pour future maman","article_publisher":"https:\/\/www.facebook.com\/Bola-de-Grossesse-1360399817389794\/","article_modified_time":"2024-07-22T12:02:17+00:00","og_image":[{"width":900,"height":900,"url":"https:\/\/www.monboladegrossesse.com\/boutique\/wp-content\/uploads\/2020\/04\/bola-argent-grave.jpg","type":"image\/jpeg"}],"twitter_card":"summary_large_image","twitter_misc":{"Dur\u00e9e de lecture estim\u00e9e":"3 minutes"},"schema":{"@context":"https:\/\/schema.org","@graph":[{"@type":"WebPage","@id":"https:\/\/www.monboladegrossesse.com\/boutique\/produit\/bola-baby-plaque-argent\/","url":"https:\/\/www.monboladegrossesse.com\/boutique\/produit\/bola-baby-plaque-argent\/","name":"Bola de grossesse Baby plaqu\u00e9 argent avec sa m\u00e9daille argent 925","isPartOf":{"@id":"https:\/\/www.monboladegrossesse.com\/boutique\/#website"},"primaryImageOfPage":{"@id":"https:\/\/www.monboladegrossesse.com\/boutique\/produit\/bola-baby-plaque-argent\/#primaryimage"},"image":{"@id":"https:\/\/www.monboladegrossesse.com\/boutique\/produit\/bola-baby-plaque-argent\/#primaryimage"},"thumbnailUrl":"https:\/\/www.monboladegrossesse.com\/boutique\/wp-content\/uploads\/2020\/04\/bola-argent-grave.jpg","datePublished":"2020-04-25T13:05:20+00:00","dateModified":"2024-07-22T12:02:17+00:00","description":"Bola de grossesse Baby en plaqu\u00e9 argent, est mont\u00e9 sur un cordon Liberty of London. Une m\u00e9daille argent 925 avec votre gravure est incluse","breadcrumb":{"@id":"https:\/\/www.monboladegrossesse.com\/boutique\/produit\/bola-baby-plaque-argent\/#breadcrumb"},"inLanguage":"fr-FR","potentialAction":[{"@type":"ReadAction","target":["https:\/\/www.monboladegrossesse.com\/boutique\/produit\/bola-baby-plaque-argent\/"]}]},{"@type":"ImageObject","inLanguage":"fr-FR","@id":"https:\/\/www.monboladegrossesse.com\/boutique\/produit\/bola-baby-plaque-argent\/#primaryimage","url":"https:\/\/www.monboladegrossesse.com\/boutique\/wp-content\/uploads\/2020\/04\/bola-argent-grave.jpg","contentUrl":"https:\/\/www.monboladegrossesse.com\/boutique\/wp-content\/uploads\/2020\/04\/bola-argent-grave.jpg","width":900,"height":900,"caption":"bola baby en argent"},{"@type":"BreadcrumbList","@id":"https:\/\/www.monboladegrossesse.com\/boutique\/produit\/bola-baby-plaque-argent\/#breadcrumb","itemListElement":[{"@type":"ListItem","position":1,"name":"Accueil","item":"https:\/\/www.monboladegrossesse.com\/boutique\/"},{"@type":"ListItem","position":2,"name":"Shop","item":"https:\/\/www.monboladegrossesse.com\/boutique\/shop\/"},{"@type":"ListItem","position":3,"name":"Bola Baby plaqu\u00e9 argent"}]},{"@type":"WebSite","@id":"https:\/\/www.monboladegrossesse.com\/boutique\/#website","url":"https:\/\/www.monboladegrossesse.com\/boutique\/","name":"Boutique de bola de grossesse pour future maman","description":"","publisher":{"@id":"https:\/\/www.monboladegrossesse.com\/boutique\/#organization"},"potentialAction":[{"@type":"SearchAction","target":{"@type":"EntryPoint","urlTemplate":"https:\/\/www.monboladegrossesse.com\/boutique\/?s={search_term_string}"},"query-input":{"@type":"PropertyValueSpecification","valueRequired":true,"valueName":"search_term_string"}}],"inLanguage":"fr-FR"},{"@type":"Organization","@id":"https:\/\/www.monboladegrossesse.com\/boutique\/#organization","name":"Boutique de bola de grossesse pour future maman","url":"https:\/\/www.monboladegrossesse.com\/boutique\/","logo":{"@type":"ImageObject","inLanguage":"fr-FR","@id":"https:\/\/www.monboladegrossesse.com\/boutique\/#\/schema\/logo\/image\/","url":"https:\/\/www.monboladegrossesse.com\/boutique\/wp-content\/uploads\/2024\/06\/cropped-logo-bola-470X110.webp","contentUrl":"https:\/\/www.monboladegrossesse.com\/boutique\/wp-content\/uploads\/2024\/06\/cropped-logo-bola-470X110.webp","width":470,"height":110,"caption":"Boutique de bola de grossesse pour future maman"},"image":{"@id":"https:\/\/www.monboladegrossesse.com\/boutique\/#\/schema\/logo\/image\/"},"sameAs":["https:\/\/www.facebook.com\/Bola-de-Grossesse-1360399817389794\/","https:\/\/www.pinterest.fr\/monboladegrossesse\/","https:\/\/www.youtube.com\/@Monboladegrossesse-x3f","https:\/\/www.tiktok.com\/@bola.de.grossesse?lang=fr"]}]}},"wcpa_form_fields":{"wcpaData":{"product":{"product_price":29,"price_html":"<span class=\"woocommerce-Price-amount amount\"><bdi>29.00&nbsp;<span class=\"woocommerce-Price-currencySymbol\">&euro;<\/span><\/bdi><\/span>","original_product_price":29,"price_including_tax":29,"price_excluding_tax":29,"product_id":{"parent":6854,"variation":false},"is_variable":false,"stock_status":"instock","stock_quantity":6,"parent_sku":"","product_attributes":[],"custom_fields":[],"is_taxable":false,"product_name":"Bola Baby plaqu\u00e9 argent","hasImage":false},"fields":{"sec_269f9843b33f21":{"extra":{"key":"sec_269f9843b33f21","section_id":"sec_269f9843b33f21","name":"Default","status":1,"cl_rule":"show","enableCl":false,"relations":[],"toggle":true,"title_tag":"h3","show_title":false,"showPrice":"default","form_id":12220,"form_rules":{"exclude_from_discount":false,"fee_label":"Fee","disp_hide_options_price":false,"disp_show_section_price":false,"disp_show_field_price":true,"layout_option":"standard","pric_use_as_fee":false,"process_fee_as":"woo_fee"},"layout_option":"standard"},"fields":[[{"type":"header","subtype":"h3","label":"Personnalisation du bola","elementId":"wcpa-header-621f7ea5f0400","cl_rule":"show","col":6,"relations":false,"active":true,"tooltip":"","gt_translate_keys":["label","tooltip"],"price_dependency":false,"cl_dependency":false,"value":""}],[{"type":"text","required":true,"elementId":"wcpa-text-621f7ea5f0411","label":"M\u00e9daille en Argent 925 : gravure du recto","description":"","desc_type":true,"pricingType":"fixed","price":"1","name":"text-621f7ea5f041e","subtype":"text","maxlength":"20","mapToCheckoutFieldParent":"billing","mapToCheckoutField":"billing_first_name","enableCl":true,"cl_rule":"hide","col":6,"relations":[{"operator":false,"rules":[]}],"active":true,"tooltip":"Gravure offerte. Gravez jusqu'\u00e0 20 caract\u00e8res !","gt_translate_keys":["label","description","tooltip"],"price_dependency":false,"cl_dependency":["wcpa-text-621f7ea5f042a"],"value":""}],[{"type":"text","elementId":"wcpa-text-621f7ea5f042a","label":"M\u00e9daille en Argent 925 gravure verso","description":"Vous pouvez graver jusqu'\u00e0 20 caract\u00e8res","enablePrice":true,"pricingType":"fixed","price":"1","name":"text-621f7ea5f0435","subtype":"text","maxlength":"20","mapToCheckoutFieldParent":"billing","mapToCheckoutField":"billing_first_name","enableCl":true,"cl_rule":"show","col":6,"relations":[{"operator":false,"rules":[{"operator":false,"rules":{"cl_field":"wcpa-text-621f7ea5f0411","cl_relation":"is_not_empty","cl_val":false}}]}],"active":true,"tooltip":"","gt_translate_keys":["label","description","tooltip"],"price_dependency":false,"cl_dependency":false,"value":""}],[{"type":"select","required":true,"elementId":"wcpa-select-1646231270685","label":"Choix du collier","priceOptions":"different_for_all","pricingType":"fixed","name":"select-1646231270685","cl_rule":"show","col":6,"values":[{"label":"Collier en Liberty","value":"option-1","price":"","pimage":"","pimage_id":"","pthumb":"","selected":true,"gt_translate_keys":["label"]},{"label":"Collier en acier inoxydable","value":"option-2","price":"","pimage":"","pimage_id":"","pthumb":"","gt_translate_keys":["label"]}],"relations":false,"active":true,"tooltip":"","gt_translate_keys":["label","tooltip"],"price_dependency":false,"cl_dependency":false,"value":""}]]}},"config":{"price_override":"","enable_recaptcha":false,"bind_quantity":false,"quantity_bind_formula":false,"disp_summ_show_option_price":true,"disp_summ_show_product_price":true,"disp_summ_show_total_price":true,"disp_summ_show_fee":false,"disp_summ_show_discount":false,"summary_title":"","options_total_label":"Prix des options","total_label":"Total","options_product_label":"Prix du bijou","fee_label":"Fee","discount_label":"Discount","has_price":true,"has_quantity_formula":false},"mc_unit":1,"tax_rate":1,"tax_rate_real":1,"discount":{"percentage":0,"fixed":0},"design":{"conf":{"LabelPosition":"above","DescPosition":"above","UploadField":"custom_1","QuantityFieldStyle":"default"},"css":{"LeftLabelWidth":"120px"}},"formulas":[],"lookuptables":[],"clones":false,"cartKey":false}},"_links":{"self":[{"href":"https:\/\/www.monboladegrossesse.com\/boutique\/wp-json\/wp\/v2\/product\/6854","targetHints":{"allow":["GET"]}}],"collection":[{"href":"https:\/\/www.monboladegrossesse.com\/boutique\/wp-json\/wp\/v2\/product"}],"about":[{"href":"https:\/\/www.monboladegrossesse.com\/boutique\/wp-json\/wp\/v2\/types\/product"}],"replies":[{"embeddable":true,"href":"https:\/\/www.monboladegrossesse.com\/boutique\/wp-json\/wp\/v2\/comments?post=6854"}],"wp:featuredmedia":[{"embeddable":true,"href":"https:\/\/www.monboladegrossesse.com\/boutique\/wp-json\/wp\/v2\/media\/12342"}],"wp:attachment":[{"href":"https:\/\/www.monboladegrossesse.com\/boutique\/wp-json\/wp\/v2\/media?parent=6854"}],"wp:term":[{"taxonomy":"product_brand","embeddable":true,"href":"https:\/\/www.monboladegrossesse.com\/boutique\/wp-json\/wp\/v2\/product_brand?post=6854"},{"taxonomy":"product_cat","embeddable":true,"href":"https:\/\/www.monboladegrossesse.com\/boutique\/wp-json\/wp\/v2\/product_cat?post=6854"},{"taxonomy":"product_tag","embeddable":true,"href":"https:\/\/www.monboladegrossesse.com\/boutique\/wp-json\/wp\/v2\/product_tag?post=6854"}],"curies":[{"name":"wp","href":"https:\/\/api.w.org\/{rel}","templated":true}]}}