{"id":6118,"date":"2020-03-03T12:02:06","date_gmt":"2020-03-03T11:02:06","guid":{"rendered":"https:\/\/www.monboladegrossesse.com\/boutique\/?post_type=product&#038;p=6118"},"modified":"2024-06-11T14:13:18","modified_gmt":"2024-06-11T12:13:18","slug":"bola-coralie-en-plaque-or","status":"publish","type":"product","link":"https:\/\/www.monboladegrossesse.com\/boutique\/produit\/bola-coralie-en-plaque-or\/","title":{"rendered":"Bola Coralie en plaqu\u00e9 or"},"content":{"rendered":"<p>Ce mod\u00e8le est \u00e0 la fois tr\u00e8s \u00e9l\u00e9gant et simple pour vous permettre de le porter tr\u00e8s facilement. En plaqu\u00e9 or il vous offre une fabrication soign\u00e9e pour le porter tout au long de votre grossesse. Avec sa pierre naturelle de lave, pour ses vertus de lithoth\u00e9rapie, et sa breloque en acier inoxydable dor\u00e9e \u00ab\u00a0oeil de chance\u00a0\u00bb.<\/p>\n<h2>Un bola en plaqu\u00e9 or \u00e9l\u00e9gant avec sa breloque en acier inoxydable dor\u00e9e<\/h2>\n<p>Ce mod\u00e8le de bola de grossesse est recouvert de plaqu\u00e9 or. Le pendentif refl\u00e8te son environnement gr\u00e2ce \u00e0 sa couleur dor\u00e9e, qui gr\u00e2ce au contraste avec son collier frou-frou mettra parfaitement en valeur votre ventre de future maman. <strong>Il est fabriqu\u00e9 sans plomb, sans nickel et sans cadmium.<\/strong><\/p>\n<p>Vous trouverez sur le montage du bola une breloque en acier inoxydable dor\u00e9e. Elle repr\u00e9sente un oeil de chance pour vous accompagner tout au long de votre grossesse.<\/p>\n<h2>Collier en cordon fleuri frou-frou<\/h2>\n<p>Le mod\u00e8le Coralie est livr\u00e9 avec son collier en frou-frou 100% coton. De magnifiques motifs de fleurs sont pr\u00e9sents tout au long du collier pour lui apporter un petit c\u00f4t\u00e9 fantaisie. D&rsquo;une longueur de 120 centim\u00e8tres, il vous accompagne tout au long de votre grossesse. <strong>La longueur permet de s&rsquo;adapter \u00e0 votre babybump.<\/strong><\/p>\n<h2>Un bola de grossesse lithoth\u00e9rapie avec sa pierre de lave<\/h2>\n<p>Le bola de grossesse Coralie fait partie de nos mod\u00e8les de bola lithoth\u00e9rapie, <a href=\"https:\/\/www.monboladegrossesse.com\/boutique\/produit\/bola-lithotherapie-grossesse\/\">comme le bola personnalis\u00e9 lithoth\u00e9rapie et grossesse.<\/a> C&rsquo;est \u00e0 dire que nous avons ajout\u00e9 dans son montage une pierre de lave. Cette pierre volcanique vous apporte ses bienfaits en \u00e9nergie. Elle va \u00e9galement vous permettre de stimuler votre cr\u00e9ativit\u00e9 et vous aider \u00e0 mieux g\u00e9rer votre stress.<\/p>\n<h2>Votre bola musical personnalis\u00e9<\/h2>\n<p>Lors de chacun de vos mouvements, le bola de grossesse \u00e9met un petit tintement. Ce petit son est entendu par votre b\u00e9b\u00e9. Il est perceptible \u00e0 partir de la 20\u00e8me semaine.\u00a0Pour conserver votre bijou de grossesse longtemps, n&rsquo;oubliez pas ces quelques conseils pratiques. Dans la mesure du possible essayez de ne pas mettre votre bola de grossesse en contact avec de l&rsquo;eau. Ou m\u00eame du parfum.<\/p>\n<p>&nbsp;<\/p>\n","protected":false},"excerpt":{"rendered":"<p>Ce mod\u00e8le est \u00e0 la fois tr\u00e8s \u00e9l\u00e9gant et simple pour vous permettre de le porter tr\u00e8s facilement. En plaqu\u00e9<\/p>\n","protected":false},"featured_media":13053,"comment_status":"open","ping_status":"closed","template":"","meta":{"_acf_changed":false},"product_brand":[],"product_cat":[48],"product_tag":[],"class_list":{"0":"post-6118","1":"product","2":"type-product","3":"status-publish","4":"has-post-thumbnail","6":"product_cat-bola-a-29e","8":"first","9":"instock","10":"shipping-taxable","11":"purchasable","12":"product-type-simple"},"acf":[],"yoast_head":"<!-- This site is optimized with the Yoast SEO plugin v27.2 - https:\/\/yoast.com\/product\/yoast-seo-wordpress\/ -->\n<title>Bola de grossesse lithoth\u00e9rapie en plaqu\u00e9 or avec m\u00e9daille grav\u00e9e<\/title>\n<meta name=\"description\" content=\"Bola \u00e9l\u00e9gant alliant simplicit\u00e9 et tendance : le bola de grossesse musical Coralie est en plaqu\u00e9 or. Une pierre de lave accompagne le bola.\" \/>\n<meta name=\"robots\" content=\"index, follow, max-snippet:-1, max-image-preview:large, max-video-preview:-1\" \/>\n<link rel=\"canonical\" href=\"https:\/\/www.monboladegrossesse.com\/boutique\/produit\/bola-coralie-en-plaque-or\/\" \/>\n<meta property=\"og:locale\" content=\"fr_FR\" \/>\n<meta property=\"og:type\" content=\"article\" \/>\n<meta property=\"og:title\" content=\"Bola de grossesse lithoth\u00e9rapie en plaqu\u00e9 or avec m\u00e9daille grav\u00e9e\" \/>\n<meta property=\"og:description\" content=\"Bola \u00e9l\u00e9gant alliant simplicit\u00e9 et tendance : le bola de grossesse musical Coralie est en plaqu\u00e9 or. Une pierre de lave accompagne le bola.\" \/>\n<meta property=\"og:url\" content=\"https:\/\/www.monboladegrossesse.com\/boutique\/produit\/bola-coralie-en-plaque-or\/\" \/>\n<meta property=\"og:site_name\" content=\"Boutique de bola de grossesse pour future maman\" \/>\n<meta property=\"article:publisher\" content=\"https:\/\/www.facebook.com\/Bola-de-Grossesse-1360399817389794\/\" \/>\n<meta property=\"article:modified_time\" content=\"2024-06-11T12:13:18+00:00\" \/>\n<meta property=\"og:image\" content=\"https:\/\/www.monboladegrossesse.com\/boutique\/wp-content\/uploads\/2020\/03\/bola-plaque-or-grave.jpg\" \/>\n\t<meta property=\"og:image:width\" content=\"900\" \/>\n\t<meta property=\"og:image:height\" content=\"900\" \/>\n\t<meta property=\"og:image:type\" content=\"image\/jpeg\" \/>\n<meta name=\"twitter:card\" content=\"summary_large_image\" \/>\n<meta name=\"twitter:label1\" content=\"Dur\u00e9e de lecture estim\u00e9e\" \/>\n\t<meta name=\"twitter:data1\" content=\"2 minutes\" \/>\n<script type=\"application\/ld+json\" class=\"yoast-schema-graph\">{\"@context\":\"https:\/\/schema.org\",\"@graph\":[{\"@type\":\"WebPage\",\"@id\":\"https:\/\/www.monboladegrossesse.com\/boutique\/produit\/bola-coralie-en-plaque-or\/\",\"url\":\"https:\/\/www.monboladegrossesse.com\/boutique\/produit\/bola-coralie-en-plaque-or\/\",\"name\":\"Bola de grossesse lithoth\u00e9rapie en plaqu\u00e9 or avec m\u00e9daille grav\u00e9e\",\"isPartOf\":{\"@id\":\"https:\/\/www.monboladegrossesse.com\/boutique\/#website\"},\"primaryImageOfPage\":{\"@id\":\"https:\/\/www.monboladegrossesse.com\/boutique\/produit\/bola-coralie-en-plaque-or\/#primaryimage\"},\"image\":{\"@id\":\"https:\/\/www.monboladegrossesse.com\/boutique\/produit\/bola-coralie-en-plaque-or\/#primaryimage\"},\"thumbnailUrl\":\"https:\/\/www.monboladegrossesse.com\/boutique\/wp-content\/uploads\/2020\/03\/bola-plaque-or-grave.jpg\",\"datePublished\":\"2020-03-03T11:02:06+00:00\",\"dateModified\":\"2024-06-11T12:13:18+00:00\",\"description\":\"Bola \u00e9l\u00e9gant alliant simplicit\u00e9 et tendance : le bola de grossesse musical Coralie est en plaqu\u00e9 or. Une pierre de lave accompagne le bola.\",\"breadcrumb\":{\"@id\":\"https:\/\/www.monboladegrossesse.com\/boutique\/produit\/bola-coralie-en-plaque-or\/#breadcrumb\"},\"inLanguage\":\"fr-FR\",\"potentialAction\":[{\"@type\":\"ReadAction\",\"target\":[\"https:\/\/www.monboladegrossesse.com\/boutique\/produit\/bola-coralie-en-plaque-or\/\"]}]},{\"@type\":\"ImageObject\",\"inLanguage\":\"fr-FR\",\"@id\":\"https:\/\/www.monboladegrossesse.com\/boutique\/produit\/bola-coralie-en-plaque-or\/#primaryimage\",\"url\":\"https:\/\/www.monboladegrossesse.com\/boutique\/wp-content\/uploads\/2020\/03\/bola-plaque-or-grave.jpg\",\"contentUrl\":\"https:\/\/www.monboladegrossesse.com\/boutique\/wp-content\/uploads\/2020\/03\/bola-plaque-or-grave.jpg\",\"width\":900,\"height\":900,\"caption\":\"bola de grossesse en plaque or Coralie\"},{\"@type\":\"BreadcrumbList\",\"@id\":\"https:\/\/www.monboladegrossesse.com\/boutique\/produit\/bola-coralie-en-plaque-or\/#breadcrumb\",\"itemListElement\":[{\"@type\":\"ListItem\",\"position\":1,\"name\":\"Accueil\",\"item\":\"https:\/\/www.monboladegrossesse.com\/boutique\/\"},{\"@type\":\"ListItem\",\"position\":2,\"name\":\"Shop\",\"item\":\"https:\/\/www.monboladegrossesse.com\/boutique\/shop\/\"},{\"@type\":\"ListItem\",\"position\":3,\"name\":\"Bola Coralie en plaqu\u00e9 or\"}]},{\"@type\":\"WebSite\",\"@id\":\"https:\/\/www.monboladegrossesse.com\/boutique\/#website\",\"url\":\"https:\/\/www.monboladegrossesse.com\/boutique\/\",\"name\":\"Boutique de bola de grossesse pour future maman\",\"description\":\"\",\"publisher\":{\"@id\":\"https:\/\/www.monboladegrossesse.com\/boutique\/#organization\"},\"potentialAction\":[{\"@type\":\"SearchAction\",\"target\":{\"@type\":\"EntryPoint\",\"urlTemplate\":\"https:\/\/www.monboladegrossesse.com\/boutique\/?s={search_term_string}\"},\"query-input\":{\"@type\":\"PropertyValueSpecification\",\"valueRequired\":true,\"valueName\":\"search_term_string\"}}],\"inLanguage\":\"fr-FR\"},{\"@type\":\"Organization\",\"@id\":\"https:\/\/www.monboladegrossesse.com\/boutique\/#organization\",\"name\":\"Boutique de bola de grossesse pour future maman\",\"url\":\"https:\/\/www.monboladegrossesse.com\/boutique\/\",\"logo\":{\"@type\":\"ImageObject\",\"inLanguage\":\"fr-FR\",\"@id\":\"https:\/\/www.monboladegrossesse.com\/boutique\/#\/schema\/logo\/image\/\",\"url\":\"https:\/\/www.monboladegrossesse.com\/boutique\/wp-content\/uploads\/2024\/06\/cropped-logo-bola-470X110.webp\",\"contentUrl\":\"https:\/\/www.monboladegrossesse.com\/boutique\/wp-content\/uploads\/2024\/06\/cropped-logo-bola-470X110.webp\",\"width\":470,\"height\":110,\"caption\":\"Boutique de bola de grossesse pour future maman\"},\"image\":{\"@id\":\"https:\/\/www.monboladegrossesse.com\/boutique\/#\/schema\/logo\/image\/\"},\"sameAs\":[\"https:\/\/www.facebook.com\/Bola-de-Grossesse-1360399817389794\/\",\"https:\/\/www.pinterest.fr\/monboladegrossesse\/\",\"https:\/\/www.youtube.com\/@Monboladegrossesse-x3f\",\"https:\/\/www.tiktok.com\/@bola.de.grossesse?lang=fr\"]}]}<\/script>\n<!-- \/ Yoast SEO plugin. -->","yoast_head_json":{"title":"Bola de grossesse lithoth\u00e9rapie en plaqu\u00e9 or avec m\u00e9daille grav\u00e9e","description":"Bola \u00e9l\u00e9gant alliant simplicit\u00e9 et tendance : le bola de grossesse musical Coralie est en plaqu\u00e9 or. Une pierre de lave accompagne le bola.","robots":{"index":"index","follow":"follow","max-snippet":"max-snippet:-1","max-image-preview":"max-image-preview:large","max-video-preview":"max-video-preview:-1"},"canonical":"https:\/\/www.monboladegrossesse.com\/boutique\/produit\/bola-coralie-en-plaque-or\/","og_locale":"fr_FR","og_type":"article","og_title":"Bola de grossesse lithoth\u00e9rapie en plaqu\u00e9 or avec m\u00e9daille grav\u00e9e","og_description":"Bola \u00e9l\u00e9gant alliant simplicit\u00e9 et tendance : le bola de grossesse musical Coralie est en plaqu\u00e9 or. Une pierre de lave accompagne le bola.","og_url":"https:\/\/www.monboladegrossesse.com\/boutique\/produit\/bola-coralie-en-plaque-or\/","og_site_name":"Boutique de bola de grossesse pour future maman","article_publisher":"https:\/\/www.facebook.com\/Bola-de-Grossesse-1360399817389794\/","article_modified_time":"2024-06-11T12:13:18+00:00","og_image":[{"width":900,"height":900,"url":"https:\/\/www.monboladegrossesse.com\/boutique\/wp-content\/uploads\/2020\/03\/bola-plaque-or-grave.jpg","type":"image\/jpeg"}],"twitter_card":"summary_large_image","twitter_misc":{"Dur\u00e9e de lecture estim\u00e9e":"2 minutes"},"schema":{"@context":"https:\/\/schema.org","@graph":[{"@type":"WebPage","@id":"https:\/\/www.monboladegrossesse.com\/boutique\/produit\/bola-coralie-en-plaque-or\/","url":"https:\/\/www.monboladegrossesse.com\/boutique\/produit\/bola-coralie-en-plaque-or\/","name":"Bola de grossesse lithoth\u00e9rapie en plaqu\u00e9 or avec m\u00e9daille grav\u00e9e","isPartOf":{"@id":"https:\/\/www.monboladegrossesse.com\/boutique\/#website"},"primaryImageOfPage":{"@id":"https:\/\/www.monboladegrossesse.com\/boutique\/produit\/bola-coralie-en-plaque-or\/#primaryimage"},"image":{"@id":"https:\/\/www.monboladegrossesse.com\/boutique\/produit\/bola-coralie-en-plaque-or\/#primaryimage"},"thumbnailUrl":"https:\/\/www.monboladegrossesse.com\/boutique\/wp-content\/uploads\/2020\/03\/bola-plaque-or-grave.jpg","datePublished":"2020-03-03T11:02:06+00:00","dateModified":"2024-06-11T12:13:18+00:00","description":"Bola \u00e9l\u00e9gant alliant simplicit\u00e9 et tendance : le bola de grossesse musical Coralie est en plaqu\u00e9 or. Une pierre de lave accompagne le bola.","breadcrumb":{"@id":"https:\/\/www.monboladegrossesse.com\/boutique\/produit\/bola-coralie-en-plaque-or\/#breadcrumb"},"inLanguage":"fr-FR","potentialAction":[{"@type":"ReadAction","target":["https:\/\/www.monboladegrossesse.com\/boutique\/produit\/bola-coralie-en-plaque-or\/"]}]},{"@type":"ImageObject","inLanguage":"fr-FR","@id":"https:\/\/www.monboladegrossesse.com\/boutique\/produit\/bola-coralie-en-plaque-or\/#primaryimage","url":"https:\/\/www.monboladegrossesse.com\/boutique\/wp-content\/uploads\/2020\/03\/bola-plaque-or-grave.jpg","contentUrl":"https:\/\/www.monboladegrossesse.com\/boutique\/wp-content\/uploads\/2020\/03\/bola-plaque-or-grave.jpg","width":900,"height":900,"caption":"bola de grossesse en plaque or Coralie"},{"@type":"BreadcrumbList","@id":"https:\/\/www.monboladegrossesse.com\/boutique\/produit\/bola-coralie-en-plaque-or\/#breadcrumb","itemListElement":[{"@type":"ListItem","position":1,"name":"Accueil","item":"https:\/\/www.monboladegrossesse.com\/boutique\/"},{"@type":"ListItem","position":2,"name":"Shop","item":"https:\/\/www.monboladegrossesse.com\/boutique\/shop\/"},{"@type":"ListItem","position":3,"name":"Bola Coralie en plaqu\u00e9 or"}]},{"@type":"WebSite","@id":"https:\/\/www.monboladegrossesse.com\/boutique\/#website","url":"https:\/\/www.monboladegrossesse.com\/boutique\/","name":"Boutique de bola de grossesse pour future maman","description":"","publisher":{"@id":"https:\/\/www.monboladegrossesse.com\/boutique\/#organization"},"potentialAction":[{"@type":"SearchAction","target":{"@type":"EntryPoint","urlTemplate":"https:\/\/www.monboladegrossesse.com\/boutique\/?s={search_term_string}"},"query-input":{"@type":"PropertyValueSpecification","valueRequired":true,"valueName":"search_term_string"}}],"inLanguage":"fr-FR"},{"@type":"Organization","@id":"https:\/\/www.monboladegrossesse.com\/boutique\/#organization","name":"Boutique de bola de grossesse pour future maman","url":"https:\/\/www.monboladegrossesse.com\/boutique\/","logo":{"@type":"ImageObject","inLanguage":"fr-FR","@id":"https:\/\/www.monboladegrossesse.com\/boutique\/#\/schema\/logo\/image\/","url":"https:\/\/www.monboladegrossesse.com\/boutique\/wp-content\/uploads\/2024\/06\/cropped-logo-bola-470X110.webp","contentUrl":"https:\/\/www.monboladegrossesse.com\/boutique\/wp-content\/uploads\/2024\/06\/cropped-logo-bola-470X110.webp","width":470,"height":110,"caption":"Boutique de bola de grossesse pour future maman"},"image":{"@id":"https:\/\/www.monboladegrossesse.com\/boutique\/#\/schema\/logo\/image\/"},"sameAs":["https:\/\/www.facebook.com\/Bola-de-Grossesse-1360399817389794\/","https:\/\/www.pinterest.fr\/monboladegrossesse\/","https:\/\/www.youtube.com\/@Monboladegrossesse-x3f","https:\/\/www.tiktok.com\/@bola.de.grossesse?lang=fr"]}]}},"wcpa_form_fields":null,"_links":{"self":[{"href":"https:\/\/www.monboladegrossesse.com\/boutique\/wp-json\/wp\/v2\/product\/6118","targetHints":{"allow":["GET"]}}],"collection":[{"href":"https:\/\/www.monboladegrossesse.com\/boutique\/wp-json\/wp\/v2\/product"}],"about":[{"href":"https:\/\/www.monboladegrossesse.com\/boutique\/wp-json\/wp\/v2\/types\/product"}],"replies":[{"embeddable":true,"href":"https:\/\/www.monboladegrossesse.com\/boutique\/wp-json\/wp\/v2\/comments?post=6118"}],"wp:featuredmedia":[{"embeddable":true,"href":"https:\/\/www.monboladegrossesse.com\/boutique\/wp-json\/wp\/v2\/media\/13053"}],"wp:attachment":[{"href":"https:\/\/www.monboladegrossesse.com\/boutique\/wp-json\/wp\/v2\/media?parent=6118"}],"wp:term":[{"taxonomy":"product_brand","embeddable":true,"href":"https:\/\/www.monboladegrossesse.com\/boutique\/wp-json\/wp\/v2\/product_brand?post=6118"},{"taxonomy":"product_cat","embeddable":true,"href":"https:\/\/www.monboladegrossesse.com\/boutique\/wp-json\/wp\/v2\/product_cat?post=6118"},{"taxonomy":"product_tag","embeddable":true,"href":"https:\/\/www.monboladegrossesse.com\/boutique\/wp-json\/wp\/v2\/product_tag?post=6118"}],"curies":[{"name":"wp","href":"https:\/\/api.w.org\/{rel}","templated":true}]}}