{"id":6064,"date":"2020-02-27T15:42:06","date_gmt":"2020-02-27T14:42:06","guid":{"rendered":"https:\/\/www.monboladegrossesse.com\/boutique\/?post_type=product&#038;p=6064"},"modified":"2024-06-11T14:13:24","modified_gmt":"2024-06-11T12:13:24","slug":"bola-petits-pieds-plaque-argent","status":"publish","type":"product","link":"https:\/\/www.monboladegrossesse.com\/boutique\/produit\/bola-petits-pieds-plaque-argent\/","title":{"rendered":"Bola petits Pieds plaqu\u00e9 Argent"},"content":{"rendered":"<p>Bola de grossesse avec ses motifs de petits pieds, mont\u00e9 sur un collier en Liberty of London, notre mod\u00e8le vous offre \u00e9galement une m\u00e9daille personnalis\u00e9e en argent 925. Il associe simplicit\u00e9 et \u00e9l\u00e9gance pour \u00eatre port\u00e9 au quotidien par toute les futures mamans souhaitant mettre en valeur leur ventre rond.<\/p>\n<h2>Un bola de grossesse personnalis\u00e9<\/h2>\n<p>Le bola de grossesse petits pieds en plaqu\u00e9 argent, est accompagn\u00e9 d&rsquo;une <strong>m\u00e9daille en argent 925.<\/strong> Celle-ci permet de graver au recto comme au verso jusqu&rsquo;\u00e0 20 caract\u00e8res. Vous pouvez ajouter dans votre message un petit emoji comme un coeur. Parfait pour personnaliser votre bola avec vos initiales ou un message comme \u00ab\u00a0Je t&rsquo;aime d\u00e9j\u00e0\u00a0\u00bb. Il est \u00e9galement tout \u00e0 fait possible de simplement faire graver au recto vos initiales et d&rsquo;ajouter au verso un petit coeur.<\/p>\n<h2>Un mod\u00e8le au design simple et \u00e9l\u00e9gant<\/h2>\n<p>Avec ses motifs de petits pieds de b\u00e9b\u00e9, le bola musical et personnalis\u00e9 \u00e9ponyme est une fa\u00e7on tr\u00e8s originale d&rsquo;annoncer votre grossesse. Le motif (pr\u00e9sent sur les deux faces du pendentif) se refl\u00e8te avec la lumi\u00e8re. Il est ainsi mis en avant de fa\u00e7on tr\u00e8s subtile. Les petits pieds se composent de plaqu\u00e9 argent sur un pendentif de 20mm de diam\u00e8tre.<br \/>\nVotre bola est fabriqu\u00e9<strong> sans plomb, sans cadmium et sans nickel.<\/strong><\/p>\n<p>Le montage de votre bola de grossesse vous offre aussi une tr\u00e8s<strong> jolie petite perle naturelle de Labradorite<\/strong>. En lithoth\u00e9rapie cette perle est principalement connue pour absorber les \u00e9nergies n\u00e9gatives. Elle est aussi r\u00e9g\u00e9n\u00e9rante.<\/p>\n<p>Une <strong>breloque en acier inoxydable en forme de coeur ajourn\u00e9,\u00a0<\/strong>compl\u00e8te le montage de notre bola de grossesse petits pieds version 2022.<\/p>\n<h2>Le collier de votre bola en Liberty Of London<\/h2>\n<p>Originalit\u00e9 de ce bola de grossesse plaqu\u00e9 argent, son collier en 100% coton de la marque Liberty of London. Ce tr\u00e8s joli Liberty est une mati\u00e8re tr\u00e8s facile \u00e0 porter, elle convient \u00e0 toutes les peaux de futures mamans. Ses motifs color\u00e9s seront parfaitement mis en valeur si vous portez un top blanc ou de couleurs unies.<\/p>\n<p>Vous pouvez si vous le souhaitez choisir de remplacer ce cordon par une chaine en acier inoxydable. Comme le collier initial en lurex, le collier a une longueur d&rsquo;environ 120 centim\u00e8tres.<\/p>\n<p>Si vous souhaitez porter un bola proposant un collier en Liberty of London, n&rsquo;h\u00e9sitez pas \u00e0 d\u00e9couvrir tous <a href=\"https:\/\/www.monboladegrossesse.com\/boutique\/categorie-produit\/bola-de-grossesse\/bola-personnalise\/\">nos autres mod\u00e8les de bolas de grossesse personnalis\u00e9s.<\/a><\/p>\n","protected":false},"excerpt":{"rendered":"<p>Bola de grossesse avec ses motifs de petits pieds, mont\u00e9 sur un collier en Liberty of London, notre mod\u00e8le vous<\/p>\n","protected":false},"featured_media":12253,"comment_status":"open","ping_status":"closed","template":"","meta":{"_acf_changed":false},"product_brand":[],"product_cat":[48],"product_tag":[],"class_list":{"0":"post-6064","1":"product","2":"type-product","3":"status-publish","4":"has-post-thumbnail","6":"product_cat-bola-a-29e","7":"wcpa_has_options","9":"first","10":"instock","11":"shipping-taxable","12":"purchasable","13":"product-type-simple"},"acf":[],"yoast_head":"<!-- This site is optimized with the Yoast SEO plugin v27.2 - https:\/\/yoast.com\/product\/yoast-seo-wordpress\/ -->\n<title>Bola de grossesse Petits pieds en plaqu\u00e9 argent avec sa m\u00e9daille grav\u00e9e<\/title>\n<meta name=\"description\" content=\"Bola de grossesse plaqu\u00e9 argent Petits Pieds et sa perle naturelle, \u00e0 personnaliser avec la gravure d&#039;une m\u00e9daille argent 925 incluse.\" \/>\n<meta name=\"robots\" content=\"index, follow, max-snippet:-1, max-image-preview:large, max-video-preview:-1\" \/>\n<link rel=\"canonical\" href=\"https:\/\/www.monboladegrossesse.com\/boutique\/produit\/bola-petits-pieds-plaque-argent\/\" \/>\n<meta property=\"og:locale\" content=\"fr_FR\" \/>\n<meta property=\"og:type\" content=\"article\" \/>\n<meta property=\"og:title\" content=\"Bola de grossesse Petits pieds en plaqu\u00e9 argent avec sa m\u00e9daille grav\u00e9e\" \/>\n<meta property=\"og:description\" content=\"Bola de grossesse plaqu\u00e9 argent Petits Pieds et sa perle naturelle, \u00e0 personnaliser avec la gravure d&#039;une m\u00e9daille argent 925 incluse.\" \/>\n<meta property=\"og:url\" content=\"https:\/\/www.monboladegrossesse.com\/boutique\/produit\/bola-petits-pieds-plaque-argent\/\" \/>\n<meta property=\"og:site_name\" content=\"Boutique de bola de grossesse pour future maman\" \/>\n<meta property=\"article:publisher\" content=\"https:\/\/www.facebook.com\/Bola-de-Grossesse-1360399817389794\/\" \/>\n<meta property=\"article:modified_time\" content=\"2024-06-11T12:13:24+00:00\" \/>\n<meta property=\"og:image\" content=\"https:\/\/www.monboladegrossesse.com\/boutique\/wp-content\/uploads\/2020\/02\/bola-petits-pieds-liberty.jpg\" \/>\n\t<meta property=\"og:image:width\" content=\"900\" \/>\n\t<meta property=\"og:image:height\" content=\"900\" \/>\n\t<meta property=\"og:image:type\" content=\"image\/jpeg\" \/>\n<meta name=\"twitter:card\" content=\"summary_large_image\" \/>\n<meta name=\"twitter:label1\" content=\"Dur\u00e9e de lecture estim\u00e9e\" \/>\n\t<meta name=\"twitter:data1\" content=\"3 minutes\" \/>\n<script type=\"application\/ld+json\" class=\"yoast-schema-graph\">{\"@context\":\"https:\/\/schema.org\",\"@graph\":[{\"@type\":\"WebPage\",\"@id\":\"https:\/\/www.monboladegrossesse.com\/boutique\/produit\/bola-petits-pieds-plaque-argent\/\",\"url\":\"https:\/\/www.monboladegrossesse.com\/boutique\/produit\/bola-petits-pieds-plaque-argent\/\",\"name\":\"Bola de grossesse Petits pieds en plaqu\u00e9 argent avec sa m\u00e9daille grav\u00e9e\",\"isPartOf\":{\"@id\":\"https:\/\/www.monboladegrossesse.com\/boutique\/#website\"},\"primaryImageOfPage\":{\"@id\":\"https:\/\/www.monboladegrossesse.com\/boutique\/produit\/bola-petits-pieds-plaque-argent\/#primaryimage\"},\"image\":{\"@id\":\"https:\/\/www.monboladegrossesse.com\/boutique\/produit\/bola-petits-pieds-plaque-argent\/#primaryimage\"},\"thumbnailUrl\":\"https:\/\/www.monboladegrossesse.com\/boutique\/wp-content\/uploads\/2020\/02\/bola-petits-pieds-liberty.jpg\",\"datePublished\":\"2020-02-27T14:42:06+00:00\",\"dateModified\":\"2024-06-11T12:13:24+00:00\",\"description\":\"Bola de grossesse plaqu\u00e9 argent Petits Pieds et sa perle naturelle, \u00e0 personnaliser avec la gravure d'une m\u00e9daille argent 925 incluse.\",\"breadcrumb\":{\"@id\":\"https:\/\/www.monboladegrossesse.com\/boutique\/produit\/bola-petits-pieds-plaque-argent\/#breadcrumb\"},\"inLanguage\":\"fr-FR\",\"potentialAction\":[{\"@type\":\"ReadAction\",\"target\":[\"https:\/\/www.monboladegrossesse.com\/boutique\/produit\/bola-petits-pieds-plaque-argent\/\"]}]},{\"@type\":\"ImageObject\",\"inLanguage\":\"fr-FR\",\"@id\":\"https:\/\/www.monboladegrossesse.com\/boutique\/produit\/bola-petits-pieds-plaque-argent\/#primaryimage\",\"url\":\"https:\/\/www.monboladegrossesse.com\/boutique\/wp-content\/uploads\/2020\/02\/bola-petits-pieds-liberty.jpg\",\"contentUrl\":\"https:\/\/www.monboladegrossesse.com\/boutique\/wp-content\/uploads\/2020\/02\/bola-petits-pieds-liberty.jpg\",\"width\":900,\"height\":900,\"caption\":\"bola petits pieds avec liberty of london\"},{\"@type\":\"BreadcrumbList\",\"@id\":\"https:\/\/www.monboladegrossesse.com\/boutique\/produit\/bola-petits-pieds-plaque-argent\/#breadcrumb\",\"itemListElement\":[{\"@type\":\"ListItem\",\"position\":1,\"name\":\"Accueil\",\"item\":\"https:\/\/www.monboladegrossesse.com\/boutique\/\"},{\"@type\":\"ListItem\",\"position\":2,\"name\":\"Shop\",\"item\":\"https:\/\/www.monboladegrossesse.com\/boutique\/shop\/\"},{\"@type\":\"ListItem\",\"position\":3,\"name\":\"Bola petits Pieds plaqu\u00e9 Argent\"}]},{\"@type\":\"WebSite\",\"@id\":\"https:\/\/www.monboladegrossesse.com\/boutique\/#website\",\"url\":\"https:\/\/www.monboladegrossesse.com\/boutique\/\",\"name\":\"Boutique de bola de grossesse pour future maman\",\"description\":\"\",\"publisher\":{\"@id\":\"https:\/\/www.monboladegrossesse.com\/boutique\/#organization\"},\"potentialAction\":[{\"@type\":\"SearchAction\",\"target\":{\"@type\":\"EntryPoint\",\"urlTemplate\":\"https:\/\/www.monboladegrossesse.com\/boutique\/?s={search_term_string}\"},\"query-input\":{\"@type\":\"PropertyValueSpecification\",\"valueRequired\":true,\"valueName\":\"search_term_string\"}}],\"inLanguage\":\"fr-FR\"},{\"@type\":\"Organization\",\"@id\":\"https:\/\/www.monboladegrossesse.com\/boutique\/#organization\",\"name\":\"Boutique de bola de grossesse pour future maman\",\"url\":\"https:\/\/www.monboladegrossesse.com\/boutique\/\",\"logo\":{\"@type\":\"ImageObject\",\"inLanguage\":\"fr-FR\",\"@id\":\"https:\/\/www.monboladegrossesse.com\/boutique\/#\/schema\/logo\/image\/\",\"url\":\"https:\/\/www.monboladegrossesse.com\/boutique\/wp-content\/uploads\/2024\/06\/cropped-logo-bola-470X110.webp\",\"contentUrl\":\"https:\/\/www.monboladegrossesse.com\/boutique\/wp-content\/uploads\/2024\/06\/cropped-logo-bola-470X110.webp\",\"width\":470,\"height\":110,\"caption\":\"Boutique de bola de grossesse pour future maman\"},\"image\":{\"@id\":\"https:\/\/www.monboladegrossesse.com\/boutique\/#\/schema\/logo\/image\/\"},\"sameAs\":[\"https:\/\/www.facebook.com\/Bola-de-Grossesse-1360399817389794\/\",\"https:\/\/www.pinterest.fr\/monboladegrossesse\/\",\"https:\/\/www.youtube.com\/@Monboladegrossesse-x3f\",\"https:\/\/www.tiktok.com\/@bola.de.grossesse?lang=fr\"]}]}<\/script>\n<!-- \/ Yoast SEO plugin. -->","yoast_head_json":{"title":"Bola de grossesse Petits pieds en plaqu\u00e9 argent avec sa m\u00e9daille grav\u00e9e","description":"Bola de grossesse plaqu\u00e9 argent Petits Pieds et sa perle naturelle, \u00e0 personnaliser avec la gravure d'une m\u00e9daille argent 925 incluse.","robots":{"index":"index","follow":"follow","max-snippet":"max-snippet:-1","max-image-preview":"max-image-preview:large","max-video-preview":"max-video-preview:-1"},"canonical":"https:\/\/www.monboladegrossesse.com\/boutique\/produit\/bola-petits-pieds-plaque-argent\/","og_locale":"fr_FR","og_type":"article","og_title":"Bola de grossesse Petits pieds en plaqu\u00e9 argent avec sa m\u00e9daille grav\u00e9e","og_description":"Bola de grossesse plaqu\u00e9 argent Petits Pieds et sa perle naturelle, \u00e0 personnaliser avec la gravure d'une m\u00e9daille argent 925 incluse.","og_url":"https:\/\/www.monboladegrossesse.com\/boutique\/produit\/bola-petits-pieds-plaque-argent\/","og_site_name":"Boutique de bola de grossesse pour future maman","article_publisher":"https:\/\/www.facebook.com\/Bola-de-Grossesse-1360399817389794\/","article_modified_time":"2024-06-11T12:13:24+00:00","og_image":[{"width":900,"height":900,"url":"https:\/\/www.monboladegrossesse.com\/boutique\/wp-content\/uploads\/2020\/02\/bola-petits-pieds-liberty.jpg","type":"image\/jpeg"}],"twitter_card":"summary_large_image","twitter_misc":{"Dur\u00e9e de lecture estim\u00e9e":"3 minutes"},"schema":{"@context":"https:\/\/schema.org","@graph":[{"@type":"WebPage","@id":"https:\/\/www.monboladegrossesse.com\/boutique\/produit\/bola-petits-pieds-plaque-argent\/","url":"https:\/\/www.monboladegrossesse.com\/boutique\/produit\/bola-petits-pieds-plaque-argent\/","name":"Bola de grossesse Petits pieds en plaqu\u00e9 argent avec sa m\u00e9daille grav\u00e9e","isPartOf":{"@id":"https:\/\/www.monboladegrossesse.com\/boutique\/#website"},"primaryImageOfPage":{"@id":"https:\/\/www.monboladegrossesse.com\/boutique\/produit\/bola-petits-pieds-plaque-argent\/#primaryimage"},"image":{"@id":"https:\/\/www.monboladegrossesse.com\/boutique\/produit\/bola-petits-pieds-plaque-argent\/#primaryimage"},"thumbnailUrl":"https:\/\/www.monboladegrossesse.com\/boutique\/wp-content\/uploads\/2020\/02\/bola-petits-pieds-liberty.jpg","datePublished":"2020-02-27T14:42:06+00:00","dateModified":"2024-06-11T12:13:24+00:00","description":"Bola de grossesse plaqu\u00e9 argent Petits Pieds et sa perle naturelle, \u00e0 personnaliser avec la gravure d'une m\u00e9daille argent 925 incluse.","breadcrumb":{"@id":"https:\/\/www.monboladegrossesse.com\/boutique\/produit\/bola-petits-pieds-plaque-argent\/#breadcrumb"},"inLanguage":"fr-FR","potentialAction":[{"@type":"ReadAction","target":["https:\/\/www.monboladegrossesse.com\/boutique\/produit\/bola-petits-pieds-plaque-argent\/"]}]},{"@type":"ImageObject","inLanguage":"fr-FR","@id":"https:\/\/www.monboladegrossesse.com\/boutique\/produit\/bola-petits-pieds-plaque-argent\/#primaryimage","url":"https:\/\/www.monboladegrossesse.com\/boutique\/wp-content\/uploads\/2020\/02\/bola-petits-pieds-liberty.jpg","contentUrl":"https:\/\/www.monboladegrossesse.com\/boutique\/wp-content\/uploads\/2020\/02\/bola-petits-pieds-liberty.jpg","width":900,"height":900,"caption":"bola petits pieds avec liberty of london"},{"@type":"BreadcrumbList","@id":"https:\/\/www.monboladegrossesse.com\/boutique\/produit\/bola-petits-pieds-plaque-argent\/#breadcrumb","itemListElement":[{"@type":"ListItem","position":1,"name":"Accueil","item":"https:\/\/www.monboladegrossesse.com\/boutique\/"},{"@type":"ListItem","position":2,"name":"Shop","item":"https:\/\/www.monboladegrossesse.com\/boutique\/shop\/"},{"@type":"ListItem","position":3,"name":"Bola petits Pieds plaqu\u00e9 Argent"}]},{"@type":"WebSite","@id":"https:\/\/www.monboladegrossesse.com\/boutique\/#website","url":"https:\/\/www.monboladegrossesse.com\/boutique\/","name":"Boutique de bola de grossesse pour future maman","description":"","publisher":{"@id":"https:\/\/www.monboladegrossesse.com\/boutique\/#organization"},"potentialAction":[{"@type":"SearchAction","target":{"@type":"EntryPoint","urlTemplate":"https:\/\/www.monboladegrossesse.com\/boutique\/?s={search_term_string}"},"query-input":{"@type":"PropertyValueSpecification","valueRequired":true,"valueName":"search_term_string"}}],"inLanguage":"fr-FR"},{"@type":"Organization","@id":"https:\/\/www.monboladegrossesse.com\/boutique\/#organization","name":"Boutique de bola de grossesse pour future maman","url":"https:\/\/www.monboladegrossesse.com\/boutique\/","logo":{"@type":"ImageObject","inLanguage":"fr-FR","@id":"https:\/\/www.monboladegrossesse.com\/boutique\/#\/schema\/logo\/image\/","url":"https:\/\/www.monboladegrossesse.com\/boutique\/wp-content\/uploads\/2024\/06\/cropped-logo-bola-470X110.webp","contentUrl":"https:\/\/www.monboladegrossesse.com\/boutique\/wp-content\/uploads\/2024\/06\/cropped-logo-bola-470X110.webp","width":470,"height":110,"caption":"Boutique de bola de grossesse pour future maman"},"image":{"@id":"https:\/\/www.monboladegrossesse.com\/boutique\/#\/schema\/logo\/image\/"},"sameAs":["https:\/\/www.facebook.com\/Bola-de-Grossesse-1360399817389794\/","https:\/\/www.pinterest.fr\/monboladegrossesse\/","https:\/\/www.youtube.com\/@Monboladegrossesse-x3f","https:\/\/www.tiktok.com\/@bola.de.grossesse?lang=fr"]}]}},"wcpa_form_fields":{"wcpaData":{"product":{"product_price":29,"price_html":"<span class=\"woocommerce-Price-amount amount\"><bdi>29.00&nbsp;<span class=\"woocommerce-Price-currencySymbol\">&euro;<\/span><\/bdi><\/span>","original_product_price":29,"price_including_tax":29,"price_excluding_tax":29,"product_id":{"parent":6064,"variation":false},"is_variable":false,"stock_status":"instock","stock_quantity":1,"parent_sku":"","product_attributes":[],"custom_fields":[],"is_taxable":false,"product_name":"Bola petits Pieds plaqu\u00e9 Argent","hasImage":false},"fields":{"sec_569dedda35687e":{"extra":{"key":"sec_569dedda35687e","section_id":"sec_569dedda35687e","name":"Default","status":1,"cl_rule":"show","enableCl":false,"relations":[],"toggle":true,"title_tag":"h3","show_title":false,"showPrice":"default","form_id":12220,"form_rules":{"exclude_from_discount":false,"fee_label":"Fee","disp_hide_options_price":false,"disp_show_section_price":false,"disp_show_field_price":true,"layout_option":"standard","pric_use_as_fee":false,"process_fee_as":"woo_fee"},"layout_option":"standard"},"fields":[[{"type":"header","subtype":"h3","label":"Personnalisation du bola","elementId":"wcpa-header-621f7ea5f0400","cl_rule":"show","col":6,"relations":false,"active":true,"tooltip":"","gt_translate_keys":["label","tooltip"],"price_dependency":false,"cl_dependency":false,"value":""}],[{"type":"text","required":true,"elementId":"wcpa-text-621f7ea5f0411","label":"M\u00e9daille en Argent 925 : gravure du recto","description":"","desc_type":true,"pricingType":"fixed","price":"1","name":"text-621f7ea5f041e","subtype":"text","maxlength":"20","mapToCheckoutFieldParent":"billing","mapToCheckoutField":"billing_first_name","enableCl":true,"cl_rule":"hide","col":6,"relations":[{"operator":false,"rules":[]}],"active":true,"tooltip":"Gravure offerte. Gravez jusqu'\u00e0 20 caract\u00e8res !","gt_translate_keys":["label","description","tooltip"],"price_dependency":false,"cl_dependency":["wcpa-text-621f7ea5f042a"],"value":""}],[{"type":"text","elementId":"wcpa-text-621f7ea5f042a","label":"M\u00e9daille en Argent 925 gravure verso","description":"Vous pouvez graver jusqu'\u00e0 20 caract\u00e8res","enablePrice":true,"pricingType":"fixed","price":"1","name":"text-621f7ea5f0435","subtype":"text","maxlength":"20","mapToCheckoutFieldParent":"billing","mapToCheckoutField":"billing_first_name","enableCl":true,"cl_rule":"show","col":6,"relations":[{"operator":false,"rules":[{"operator":false,"rules":{"cl_field":"wcpa-text-621f7ea5f0411","cl_relation":"is_not_empty","cl_val":false}}]}],"active":true,"tooltip":"","gt_translate_keys":["label","description","tooltip"],"price_dependency":false,"cl_dependency":false,"value":""}],[{"type":"select","required":true,"elementId":"wcpa-select-1646231270685","label":"Choix du collier","priceOptions":"different_for_all","pricingType":"fixed","name":"select-1646231270685","cl_rule":"show","col":6,"values":[{"label":"Collier en Liberty","value":"option-1","price":"","pimage":"","pimage_id":"","pthumb":"","selected":true,"gt_translate_keys":["label"]},{"label":"Collier en acier inoxydable","value":"option-2","price":"","pimage":"","pimage_id":"","pthumb":"","gt_translate_keys":["label"]}],"relations":false,"active":true,"tooltip":"","gt_translate_keys":["label","tooltip"],"price_dependency":false,"cl_dependency":false,"value":""}]]}},"config":{"price_override":"","enable_recaptcha":false,"bind_quantity":false,"quantity_bind_formula":false,"disp_summ_show_option_price":true,"disp_summ_show_product_price":true,"disp_summ_show_total_price":true,"disp_summ_show_fee":false,"disp_summ_show_discount":false,"summary_title":"","options_total_label":"Prix des options","total_label":"Total","options_product_label":"Prix du bijou","fee_label":"Fee","discount_label":"Discount","has_price":true,"has_quantity_formula":false},"mc_unit":1,"tax_rate":1,"tax_rate_real":1,"discount":{"percentage":0,"fixed":0},"design":{"conf":{"LabelPosition":"above","DescPosition":"above","UploadField":"custom_1","QuantityFieldStyle":"default"},"css":{"LeftLabelWidth":"120px"}},"formulas":[],"lookuptables":[],"clones":false,"cartKey":false}},"_links":{"self":[{"href":"https:\/\/www.monboladegrossesse.com\/boutique\/wp-json\/wp\/v2\/product\/6064","targetHints":{"allow":["GET"]}}],"collection":[{"href":"https:\/\/www.monboladegrossesse.com\/boutique\/wp-json\/wp\/v2\/product"}],"about":[{"href":"https:\/\/www.monboladegrossesse.com\/boutique\/wp-json\/wp\/v2\/types\/product"}],"replies":[{"embeddable":true,"href":"https:\/\/www.monboladegrossesse.com\/boutique\/wp-json\/wp\/v2\/comments?post=6064"}],"wp:featuredmedia":[{"embeddable":true,"href":"https:\/\/www.monboladegrossesse.com\/boutique\/wp-json\/wp\/v2\/media\/12253"}],"wp:attachment":[{"href":"https:\/\/www.monboladegrossesse.com\/boutique\/wp-json\/wp\/v2\/media?parent=6064"}],"wp:term":[{"taxonomy":"product_brand","embeddable":true,"href":"https:\/\/www.monboladegrossesse.com\/boutique\/wp-json\/wp\/v2\/product_brand?post=6064"},{"taxonomy":"product_cat","embeddable":true,"href":"https:\/\/www.monboladegrossesse.com\/boutique\/wp-json\/wp\/v2\/product_cat?post=6064"},{"taxonomy":"product_tag","embeddable":true,"href":"https:\/\/www.monboladegrossesse.com\/boutique\/wp-json\/wp\/v2\/product_tag?post=6064"}],"curies":[{"name":"wp","href":"https:\/\/api.w.org\/{rel}","templated":true}]}}