{"id":6029,"date":"2020-02-25T15:09:43","date_gmt":"2020-02-25T14:09:43","guid":{"rendered":"https:\/\/www.monboladegrossesse.com\/boutique\/?post_type=product&#038;p=6029"},"modified":"2025-05-30T23:09:41","modified_gmt":"2025-05-30T21:09:41","slug":"bola-ciel-etoile-en-plaque-argent","status":"publish","type":"product","link":"https:\/\/www.monboladegrossesse.com\/boutique\/produit\/bola-ciel-etoile-en-plaque-argent\/","title":{"rendered":"Bola ciel \u00e9toile en plaqu\u00e9 argent"},"content":{"rendered":"<p>Avec ses dessins d&rsquo;\u00e9toiles et de lune, le bola de grossesse ciel \u00e9toil\u00e9 \u00e0 dominante de noir sera parfaitement mis en valeur avec vos tenues de future maman. Il permet \u00e9galement de sublimer votre babybump, tout en \u00e9mettant un joli petit tintement lors de tous vos mouvements.<\/p>\n<h2>Un bola en plaqu\u00e9 argent au design \u00e9toil\u00e9<\/h2>\n<p>De nombreux d\u00e9tails sont pr\u00e9sents sur votre pendentif : des \u00e9toiles, une demi-lune&#8230; De fabrication soign\u00e9e, votre bola est un bijou l\u00e9ger qui lors de chacun de vos mouvements, tout au long de la journ\u00e9e, \u00e9met un petit son. Ce tintement est entendu par votre b\u00e9b\u00e9, \u00e0 partir de la 20\u00e8me semaine de grossesse.<\/p>\n<p>Le pendentif est mont\u00e9 sur un collier 100% de la marque Liberty of London. Les motifs du Liberty reprennent les \u00e9toiles d\u00e9j\u00e0 pr\u00e9sents sur votre bola de grossesse. Mais vous avez la possibilit\u00e9 de choisir de remplacer ce Liberty of London par un collier en acier inoxydable. En Liberty ou en acier inoxydable, le collier de votre bola a une longueur moyenne de 120 centim\u00e8tres.<\/p>\n<p>La cage du bola est fabriqu\u00e9e sans cadmium, sans nickel et sans plomb. Elle mesure 20mm de diam\u00e8tre.<\/p>\n<h2>Votre m\u00e9daille argent 925 grav\u00e9e pour votre bola<\/h2>\n<p>Pour rendre votre bola unique et personnel, le bola ciel \u00e9toile propose une m\u00e9daille en argent 925. Pour porter un bola original, n&rsquo;h\u00e9sitez pas \u00e0 personnaliser votre message avec l&rsquo;ajout d&rsquo;un petit coeur, ou m\u00eame d&rsquo;un tr\u00e8fle etc. Vous pouvez faire graver jusqu&rsquo;\u00e0 20 caract\u00e8res par c\u00f4t\u00e9. En choisissant l&rsquo;option gravure au verso, vous pouvez donc faire graver un \u00ab\u00a0grand coeur\u00a0\u00bb en plus de votre message, par exemple \u00ab\u00a0Mini nous\u00a0\u00bb au recto.<\/p>\n<p>En v\u00e9ritable argent 925, votre m\u00e9daille grav\u00e9e pourra est \u00eatre ajout\u00e9e sur un autre bijou apr\u00e8s votre accouchement. vous pourrez <a href=\"https:\/\/www.monboladegrossesse.com\/comment-porter-lebola-et-lutiliser-apres-grossesse\/\" target=\"_blank\" rel=\"noopener noreferrer\">ainsi r\u00e9-utiliser le bola<\/a>, et mettre votre m\u00e9daille personnalis\u00e9e sur un collier, un bracelet&#8230;<\/p>\n<p>&nbsp;<\/p>\n","protected":false},"excerpt":{"rendered":"<p>Avec ses dessins d&rsquo;\u00e9toiles et de lune, le bola de grossesse ciel \u00e9toil\u00e9 \u00e0 dominante de noir sera parfaitement mis<\/p>\n","protected":false},"featured_media":6030,"comment_status":"open","ping_status":"closed","template":"","meta":{"_acf_changed":false},"product_brand":[],"product_cat":[48],"product_tag":[],"class_list":{"0":"post-6029","1":"product","2":"type-product","3":"status-publish","4":"has-post-thumbnail","6":"product_cat-bola-a-29e","7":"wcpa_has_options","9":"first","10":"instock","11":"shipping-taxable","12":"purchasable","13":"product-type-simple"},"acf":[],"yoast_head":"<!-- This site is optimized with the Yoast SEO plugin v27.5 - https:\/\/yoast.com\/product\/yoast-seo-wordpress\/ -->\n<title>Bola de grossesse ciel \u00e9toil\u00e9 en plaqu\u00e9 argent avec sa m\u00e9daille grav\u00e9e<\/title>\n<meta name=\"description\" content=\"Bola de grossesse personnalis\u00e9 en plaqu\u00e9 argent pas cher, mod\u00e8le ciel \u00e9toil\u00e9. M\u00e9daille grav\u00e9e en argent 925, et collier en Liberty of London\" \/>\n<meta name=\"robots\" content=\"index, follow, max-snippet:-1, max-image-preview:large, max-video-preview:-1\" \/>\n<link rel=\"canonical\" href=\"https:\/\/www.monboladegrossesse.com\/boutique\/produit\/bola-ciel-etoile-en-plaque-argent\/\" \/>\n<meta property=\"og:locale\" content=\"fr_FR\" \/>\n<meta property=\"og:type\" content=\"article\" \/>\n<meta property=\"og:title\" content=\"Bola de grossesse ciel \u00e9toil\u00e9 en plaqu\u00e9 argent avec sa m\u00e9daille grav\u00e9e\" \/>\n<meta property=\"og:description\" content=\"Bola de grossesse personnalis\u00e9 en plaqu\u00e9 argent pas cher, mod\u00e8le ciel \u00e9toil\u00e9. M\u00e9daille grav\u00e9e en argent 925, et collier en Liberty of London\" \/>\n<meta property=\"og:url\" content=\"https:\/\/www.monboladegrossesse.com\/boutique\/produit\/bola-ciel-etoile-en-plaque-argent\/\" \/>\n<meta property=\"og:site_name\" content=\"Boutique de bola de grossesse pour future maman\" \/>\n<meta property=\"article:publisher\" content=\"https:\/\/www.facebook.com\/Bola-de-Grossesse-1360399817389794\/\" \/>\n<meta property=\"article:modified_time\" content=\"2025-05-30T21:09:41+00:00\" \/>\n<meta property=\"og:image\" content=\"https:\/\/www.monboladegrossesse.com\/boutique\/wp-content\/uploads\/2020\/02\/bola-ciel-argente.jpg\" \/>\n\t<meta property=\"og:image:width\" content=\"600\" \/>\n\t<meta property=\"og:image:height\" content=\"600\" \/>\n\t<meta property=\"og:image:type\" content=\"image\/jpeg\" \/>\n<meta name=\"twitter:card\" content=\"summary_large_image\" \/>\n<meta name=\"twitter:label1\" content=\"Dur\u00e9e de lecture estim\u00e9e\" \/>\n\t<meta name=\"twitter:data1\" content=\"2 minutes\" \/>\n<script type=\"application\/ld+json\" class=\"yoast-schema-graph\">{\"@context\":\"https:\\\/\\\/schema.org\",\"@graph\":[{\"@type\":\"WebPage\",\"@id\":\"https:\\\/\\\/www.monboladegrossesse.com\\\/boutique\\\/produit\\\/bola-ciel-etoile-en-plaque-argent\\\/\",\"url\":\"https:\\\/\\\/www.monboladegrossesse.com\\\/boutique\\\/produit\\\/bola-ciel-etoile-en-plaque-argent\\\/\",\"name\":\"Bola de grossesse ciel \u00e9toil\u00e9 en plaqu\u00e9 argent avec sa m\u00e9daille grav\u00e9e\",\"isPartOf\":{\"@id\":\"https:\\\/\\\/www.monboladegrossesse.com\\\/boutique\\\/#website\"},\"primaryImageOfPage\":{\"@id\":\"https:\\\/\\\/www.monboladegrossesse.com\\\/boutique\\\/produit\\\/bola-ciel-etoile-en-plaque-argent\\\/#primaryimage\"},\"image\":{\"@id\":\"https:\\\/\\\/www.monboladegrossesse.com\\\/boutique\\\/produit\\\/bola-ciel-etoile-en-plaque-argent\\\/#primaryimage\"},\"thumbnailUrl\":\"https:\\\/\\\/www.monboladegrossesse.com\\\/boutique\\\/wp-content\\\/uploads\\\/2020\\\/02\\\/bola-ciel-argente.jpg\",\"datePublished\":\"2020-02-25T14:09:43+00:00\",\"dateModified\":\"2025-05-30T21:09:41+00:00\",\"description\":\"Bola de grossesse personnalis\u00e9 en plaqu\u00e9 argent pas cher, mod\u00e8le ciel \u00e9toil\u00e9. M\u00e9daille grav\u00e9e en argent 925, et collier en Liberty of London\",\"breadcrumb\":{\"@id\":\"https:\\\/\\\/www.monboladegrossesse.com\\\/boutique\\\/produit\\\/bola-ciel-etoile-en-plaque-argent\\\/#breadcrumb\"},\"inLanguage\":\"fr-FR\",\"potentialAction\":[{\"@type\":\"ReadAction\",\"target\":[\"https:\\\/\\\/www.monboladegrossesse.com\\\/boutique\\\/produit\\\/bola-ciel-etoile-en-plaque-argent\\\/\"]}]},{\"@type\":\"ImageObject\",\"inLanguage\":\"fr-FR\",\"@id\":\"https:\\\/\\\/www.monboladegrossesse.com\\\/boutique\\\/produit\\\/bola-ciel-etoile-en-plaque-argent\\\/#primaryimage\",\"url\":\"https:\\\/\\\/www.monboladegrossesse.com\\\/boutique\\\/wp-content\\\/uploads\\\/2020\\\/02\\\/bola-ciel-argente.jpg\",\"contentUrl\":\"https:\\\/\\\/www.monboladegrossesse.com\\\/boutique\\\/wp-content\\\/uploads\\\/2020\\\/02\\\/bola-ciel-argente.jpg\",\"width\":600,\"height\":600,\"caption\":\"bola ciel \u00e9toile en plaqu\u00e9 argent\"},{\"@type\":\"BreadcrumbList\",\"@id\":\"https:\\\/\\\/www.monboladegrossesse.com\\\/boutique\\\/produit\\\/bola-ciel-etoile-en-plaque-argent\\\/#breadcrumb\",\"itemListElement\":[{\"@type\":\"ListItem\",\"position\":1,\"name\":\"Accueil\",\"item\":\"https:\\\/\\\/www.monboladegrossesse.com\\\/boutique\\\/\"},{\"@type\":\"ListItem\",\"position\":2,\"name\":\"Shop\",\"item\":\"https:\\\/\\\/www.monboladegrossesse.com\\\/boutique\\\/shop\\\/\"},{\"@type\":\"ListItem\",\"position\":3,\"name\":\"Bola ciel \u00e9toile en plaqu\u00e9 argent\"}]},{\"@type\":\"WebSite\",\"@id\":\"https:\\\/\\\/www.monboladegrossesse.com\\\/boutique\\\/#website\",\"url\":\"https:\\\/\\\/www.monboladegrossesse.com\\\/boutique\\\/\",\"name\":\"Boutique de bola de grossesse pour future maman\",\"description\":\"\",\"publisher\":{\"@id\":\"https:\\\/\\\/www.monboladegrossesse.com\\\/boutique\\\/#organization\"},\"potentialAction\":[{\"@type\":\"SearchAction\",\"target\":{\"@type\":\"EntryPoint\",\"urlTemplate\":\"https:\\\/\\\/www.monboladegrossesse.com\\\/boutique\\\/?s={search_term_string}\"},\"query-input\":{\"@type\":\"PropertyValueSpecification\",\"valueRequired\":true,\"valueName\":\"search_term_string\"}}],\"inLanguage\":\"fr-FR\"},{\"@type\":\"Organization\",\"@id\":\"https:\\\/\\\/www.monboladegrossesse.com\\\/boutique\\\/#organization\",\"name\":\"Boutique de bola de grossesse pour future maman\",\"url\":\"https:\\\/\\\/www.monboladegrossesse.com\\\/boutique\\\/\",\"logo\":{\"@type\":\"ImageObject\",\"inLanguage\":\"fr-FR\",\"@id\":\"https:\\\/\\\/www.monboladegrossesse.com\\\/boutique\\\/#\\\/schema\\\/logo\\\/image\\\/\",\"url\":\"https:\\\/\\\/www.monboladegrossesse.com\\\/boutique\\\/wp-content\\\/uploads\\\/2024\\\/06\\\/cropped-logo-bola-470X110.webp\",\"contentUrl\":\"https:\\\/\\\/www.monboladegrossesse.com\\\/boutique\\\/wp-content\\\/uploads\\\/2024\\\/06\\\/cropped-logo-bola-470X110.webp\",\"width\":470,\"height\":110,\"caption\":\"Boutique de bola de grossesse pour future maman\"},\"image\":{\"@id\":\"https:\\\/\\\/www.monboladegrossesse.com\\\/boutique\\\/#\\\/schema\\\/logo\\\/image\\\/\"},\"sameAs\":[\"https:\\\/\\\/www.facebook.com\\\/Bola-de-Grossesse-1360399817389794\\\/\",\"https:\\\/\\\/www.pinterest.fr\\\/monboladegrossesse\\\/\",\"https:\\\/\\\/www.youtube.com\\\/@Monboladegrossesse-x3f\",\"https:\\\/\\\/www.tiktok.com\\\/@bola.de.grossesse?lang=fr\"]}]}<\/script>\n<!-- \/ Yoast SEO plugin. -->","yoast_head_json":{"title":"Bola de grossesse ciel \u00e9toil\u00e9 en plaqu\u00e9 argent avec sa m\u00e9daille grav\u00e9e","description":"Bola de grossesse personnalis\u00e9 en plaqu\u00e9 argent pas cher, mod\u00e8le ciel \u00e9toil\u00e9. M\u00e9daille grav\u00e9e en argent 925, et collier en Liberty of London","robots":{"index":"index","follow":"follow","max-snippet":"max-snippet:-1","max-image-preview":"max-image-preview:large","max-video-preview":"max-video-preview:-1"},"canonical":"https:\/\/www.monboladegrossesse.com\/boutique\/produit\/bola-ciel-etoile-en-plaque-argent\/","og_locale":"fr_FR","og_type":"article","og_title":"Bola de grossesse ciel \u00e9toil\u00e9 en plaqu\u00e9 argent avec sa m\u00e9daille grav\u00e9e","og_description":"Bola de grossesse personnalis\u00e9 en plaqu\u00e9 argent pas cher, mod\u00e8le ciel \u00e9toil\u00e9. M\u00e9daille grav\u00e9e en argent 925, et collier en Liberty of London","og_url":"https:\/\/www.monboladegrossesse.com\/boutique\/produit\/bola-ciel-etoile-en-plaque-argent\/","og_site_name":"Boutique de bola de grossesse pour future maman","article_publisher":"https:\/\/www.facebook.com\/Bola-de-Grossesse-1360399817389794\/","article_modified_time":"2025-05-30T21:09:41+00:00","og_image":[{"width":600,"height":600,"url":"https:\/\/www.monboladegrossesse.com\/boutique\/wp-content\/uploads\/2020\/02\/bola-ciel-argente.jpg","type":"image\/jpeg"}],"twitter_card":"summary_large_image","twitter_misc":{"Dur\u00e9e de lecture estim\u00e9e":"2 minutes"},"schema":{"@context":"https:\/\/schema.org","@graph":[{"@type":"WebPage","@id":"https:\/\/www.monboladegrossesse.com\/boutique\/produit\/bola-ciel-etoile-en-plaque-argent\/","url":"https:\/\/www.monboladegrossesse.com\/boutique\/produit\/bola-ciel-etoile-en-plaque-argent\/","name":"Bola de grossesse ciel \u00e9toil\u00e9 en plaqu\u00e9 argent avec sa m\u00e9daille grav\u00e9e","isPartOf":{"@id":"https:\/\/www.monboladegrossesse.com\/boutique\/#website"},"primaryImageOfPage":{"@id":"https:\/\/www.monboladegrossesse.com\/boutique\/produit\/bola-ciel-etoile-en-plaque-argent\/#primaryimage"},"image":{"@id":"https:\/\/www.monboladegrossesse.com\/boutique\/produit\/bola-ciel-etoile-en-plaque-argent\/#primaryimage"},"thumbnailUrl":"https:\/\/www.monboladegrossesse.com\/boutique\/wp-content\/uploads\/2020\/02\/bola-ciel-argente.jpg","datePublished":"2020-02-25T14:09:43+00:00","dateModified":"2025-05-30T21:09:41+00:00","description":"Bola de grossesse personnalis\u00e9 en plaqu\u00e9 argent pas cher, mod\u00e8le ciel \u00e9toil\u00e9. M\u00e9daille grav\u00e9e en argent 925, et collier en Liberty of London","breadcrumb":{"@id":"https:\/\/www.monboladegrossesse.com\/boutique\/produit\/bola-ciel-etoile-en-plaque-argent\/#breadcrumb"},"inLanguage":"fr-FR","potentialAction":[{"@type":"ReadAction","target":["https:\/\/www.monboladegrossesse.com\/boutique\/produit\/bola-ciel-etoile-en-plaque-argent\/"]}]},{"@type":"ImageObject","inLanguage":"fr-FR","@id":"https:\/\/www.monboladegrossesse.com\/boutique\/produit\/bola-ciel-etoile-en-plaque-argent\/#primaryimage","url":"https:\/\/www.monboladegrossesse.com\/boutique\/wp-content\/uploads\/2020\/02\/bola-ciel-argente.jpg","contentUrl":"https:\/\/www.monboladegrossesse.com\/boutique\/wp-content\/uploads\/2020\/02\/bola-ciel-argente.jpg","width":600,"height":600,"caption":"bola ciel \u00e9toile en plaqu\u00e9 argent"},{"@type":"BreadcrumbList","@id":"https:\/\/www.monboladegrossesse.com\/boutique\/produit\/bola-ciel-etoile-en-plaque-argent\/#breadcrumb","itemListElement":[{"@type":"ListItem","position":1,"name":"Accueil","item":"https:\/\/www.monboladegrossesse.com\/boutique\/"},{"@type":"ListItem","position":2,"name":"Shop","item":"https:\/\/www.monboladegrossesse.com\/boutique\/shop\/"},{"@type":"ListItem","position":3,"name":"Bola ciel \u00e9toile en plaqu\u00e9 argent"}]},{"@type":"WebSite","@id":"https:\/\/www.monboladegrossesse.com\/boutique\/#website","url":"https:\/\/www.monboladegrossesse.com\/boutique\/","name":"Boutique de bola de grossesse pour future maman","description":"","publisher":{"@id":"https:\/\/www.monboladegrossesse.com\/boutique\/#organization"},"potentialAction":[{"@type":"SearchAction","target":{"@type":"EntryPoint","urlTemplate":"https:\/\/www.monboladegrossesse.com\/boutique\/?s={search_term_string}"},"query-input":{"@type":"PropertyValueSpecification","valueRequired":true,"valueName":"search_term_string"}}],"inLanguage":"fr-FR"},{"@type":"Organization","@id":"https:\/\/www.monboladegrossesse.com\/boutique\/#organization","name":"Boutique de bola de grossesse pour future maman","url":"https:\/\/www.monboladegrossesse.com\/boutique\/","logo":{"@type":"ImageObject","inLanguage":"fr-FR","@id":"https:\/\/www.monboladegrossesse.com\/boutique\/#\/schema\/logo\/image\/","url":"https:\/\/www.monboladegrossesse.com\/boutique\/wp-content\/uploads\/2024\/06\/cropped-logo-bola-470X110.webp","contentUrl":"https:\/\/www.monboladegrossesse.com\/boutique\/wp-content\/uploads\/2024\/06\/cropped-logo-bola-470X110.webp","width":470,"height":110,"caption":"Boutique de bola de grossesse pour future maman"},"image":{"@id":"https:\/\/www.monboladegrossesse.com\/boutique\/#\/schema\/logo\/image\/"},"sameAs":["https:\/\/www.facebook.com\/Bola-de-Grossesse-1360399817389794\/","https:\/\/www.pinterest.fr\/monboladegrossesse\/","https:\/\/www.youtube.com\/@Monboladegrossesse-x3f","https:\/\/www.tiktok.com\/@bola.de.grossesse?lang=fr"]}]}},"wcpa_form_fields":{"wcpaData":{"product":{"product_price":29,"price_html":"<span class=\"woocommerce-Price-amount amount\"><bdi>29.00&nbsp;<span class=\"woocommerce-Price-currencySymbol\">&euro;<\/span><\/bdi><\/span>","original_product_price":29,"price_including_tax":29,"price_excluding_tax":29,"product_id":{"parent":6029,"variation":false},"is_variable":false,"stock_status":"instock","stock_quantity":14,"parent_sku":"","product_attributes":[],"custom_fields":[],"is_taxable":false,"product_name":"Bola ciel \u00e9toile en plaqu\u00e9 argent","hasImage":false},"fields":{"sec_96a04be71514dc":{"extra":{"key":"sec_96a04be71514dc","section_id":"sec_96a04be71514dc","name":"Default","status":1,"cl_rule":"show","enableCl":false,"relations":[],"toggle":true,"title_tag":"h3","show_title":false,"showPrice":"default","form_id":10,"form_rules":{"exclude_from_discount":false,"fee_label":"Fee","disp_hide_options_price":false,"disp_show_section_price":false,"disp_show_field_price":true,"layout_option":"standard","pric_use_as_fee":false,"process_fee_as":"woo_fee"},"layout_option":"standard"},"fields":[[{"type":"header","subtype":"h3","label":"Personnalisation du bola","elementId":"wcpa-header-1621340842769","cl_rule":"show","col":6,"relations":false,"active":true,"tooltip":"","gt_translate_keys":["label","tooltip"],"price_dependency":false,"cl_dependency":false,"value":""}],[{"type":"text","required":true,"elementId":"wcpa-text-1621342245275","label":"M\u00e9daille en Argent 925 : gravure du recto","description":"","desc_type":true,"pricingType":"fixed","price":"1","name":"text-1621342245275","subtype":"text","maxlength":"20","enableCl":true,"cl_rule":"hide","col":6,"relations":[{"operator":false,"rules":[]}],"active":true,"tooltip":"Gravure offerte. Gravez jusqu'\u00e0 20 caract\u00e8res !","gt_translate_keys":["label","description","tooltip"],"price_dependency":false,"cl_dependency":["wcpa-text-1621341281860"],"value":""}],[{"type":"text","elementId":"wcpa-text-1621341281860","label":"M\u00e9daille en Argent 925 gravure verso","description":"Vous pouvez graver jusqu'\u00e0 20 caract\u00e8res","enablePrice":true,"pricingType":"fixed","price":"1","name":"text-1621341281860","subtype":"text","maxlength":"20","enableCl":true,"cl_rule":"show","col":6,"relations":[{"operator":false,"rules":[{"operator":false,"rules":{"cl_field":"wcpa-text-1621342245275","cl_relation":"is_not_empty","cl_val":false}}]}],"active":true,"tooltip":"","gt_translate_keys":["label","description","tooltip"],"price_dependency":false,"cl_dependency":false,"value":""}]]}},"config":{"price_override":"","enable_recaptcha":false,"bind_quantity":false,"quantity_bind_formula":false,"disp_summ_show_option_price":true,"disp_summ_show_product_price":true,"disp_summ_show_total_price":true,"disp_summ_show_fee":false,"disp_summ_show_discount":false,"summary_title":"","options_total_label":"Prix des options","total_label":"Total","options_product_label":"Prix du bijou","fee_label":"Fee","discount_label":"Discount","has_price":true,"has_quantity_formula":false},"mc_unit":1,"tax_rate":1,"tax_rate_real":1,"discount":{"percentage":0,"fixed":0},"design":{"conf":{"LabelPosition":"above","DescPosition":"above","UploadField":"custom_1","QuantityFieldStyle":"default"},"css":{"LeftLabelWidth":"120px"}},"formulas":[],"lookuptables":[],"clones":false,"cartKey":false}},"_links":{"self":[{"href":"https:\/\/www.monboladegrossesse.com\/boutique\/wp-json\/wp\/v2\/product\/6029","targetHints":{"allow":["GET"]}}],"collection":[{"href":"https:\/\/www.monboladegrossesse.com\/boutique\/wp-json\/wp\/v2\/product"}],"about":[{"href":"https:\/\/www.monboladegrossesse.com\/boutique\/wp-json\/wp\/v2\/types\/product"}],"replies":[{"embeddable":true,"href":"https:\/\/www.monboladegrossesse.com\/boutique\/wp-json\/wp\/v2\/comments?post=6029"}],"wp:featuredmedia":[{"embeddable":true,"href":"https:\/\/www.monboladegrossesse.com\/boutique\/wp-json\/wp\/v2\/media\/6030"}],"wp:attachment":[{"href":"https:\/\/www.monboladegrossesse.com\/boutique\/wp-json\/wp\/v2\/media?parent=6029"}],"wp:term":[{"taxonomy":"product_brand","embeddable":true,"href":"https:\/\/www.monboladegrossesse.com\/boutique\/wp-json\/wp\/v2\/product_brand?post=6029"},{"taxonomy":"product_cat","embeddable":true,"href":"https:\/\/www.monboladegrossesse.com\/boutique\/wp-json\/wp\/v2\/product_cat?post=6029"},{"taxonomy":"product_tag","embeddable":true,"href":"https:\/\/www.monboladegrossesse.com\/boutique\/wp-json\/wp\/v2\/product_tag?post=6029"}],"curies":[{"name":"wp","href":"https:\/\/api.w.org\/{rel}","templated":true}]}}