{"id":6020,"date":"2020-02-25T14:13:43","date_gmt":"2020-02-25T13:13:43","guid":{"rendered":"https:\/\/www.monboladegrossesse.com\/boutique\/?post_type=product&#038;p=6020"},"modified":"2024-09-14T19:02:15","modified_gmt":"2024-09-14T17:02:15","slug":"bola-arbre-plaque-argent","status":"publish","type":"product","link":"https:\/\/www.monboladegrossesse.com\/boutique\/produit\/bola-arbre-plaque-argent\/","title":{"rendered":"Bola arbre Plaqu\u00e9 Argent"},"content":{"rendered":"<p>Bola de grossesse musical au look a\u00e9r\u00e9 et intemporel, le mod\u00e8le arbre en plaqu\u00e9 argent, accompagn\u00e9 de sa m\u00e9daille argent 925 grav\u00e9e, est un tr\u00e8s joli bijou pour future maman.<\/p>\n<h2>Un pendentif plaqu\u00e9 argent pour votre bola<\/h2>\n<p>Avec son design \u00e9pur\u00e9, le pendentif de votre bola Arbre accompagnera tr\u00e8s facilement toutes vos tenues tout au long de votre grossesse. Les traits repr\u00e9sentant un arbre sont bien pr\u00e9sents sur l&rsquo;ensemble du pendentif. Lorsque vous portez votre bola, lors de vos mouvements, le pendentif \u00e9met un joli tintement.<br \/>\nIl est mont\u00e9 sur un collier en Liberty of London, 100% coton. Le collier assure \u00e0 votre bijou solidit\u00e9 et l\u00e9g\u00e8ret\u00e9. Vous avez la possibilit\u00e9 de remplacer ce collier par une chaine en acier inoxydable. La longueur moyenne du collier est de 120 centim\u00e8tres.<\/p>\n<p>Le pendentif (diam\u00e8tre 20mm) avec sa fine couche de plaqu\u00e9 argent est fabriqu\u00e9 sans plomb, sans cadmium et sans nickel. Votre bola, m\u00eame s&rsquo;il est en plaqu\u00e9 argent, est \u00e0 pr\u00e9server de l&rsquo;eau et du parfum. Comme pour de nombreux bijoux, ces petites attentions vous permettront de le conserver longtemps.<\/p>\n<h2>Votre m\u00e9daille grav\u00e9e en argent 925<\/h2>\n<p>Pour rendre votre bola de grossesse unique, le bijou propose une m\u00e9daille argent 925 \u00e0 personnaliser. Vous pouvez ainsi faire graver jusqu&rsquo;\u00e0 20 caract\u00e8res par c\u00f4t\u00e9. N&rsquo;oubliez pas que vous pouvez faire graver un message en fran\u00e7ais, anglais, italien ou m\u00eame y ajouter un petit coeur, le signe infini etc.<\/p>\n<p>Cette m\u00e9daille en argent 925 peut ainsi \u00eatre gard\u00e9e apr\u00e8s votre accouchement et m\u00eame \u00eatre mont\u00e9e sur un autre bijou. Le v\u00e9ritable argent 925 vous offre de multiples fa\u00e7ons de la r\u00e9-utiliser. En l&rsquo;ajoutant sur un bracelet ou n&rsquo;importe quel autre bijou de votre choix, gr\u00e2ce \u00e0 son anneau ouvert en acier inoxydable.<\/p>\n<h3>Fabrication et livraison de votre bola<\/h3>\n<p>Comme pour l&rsquo;ensemble des bolas de grossesse de notre boutique, vous avez le choix entre deux modes de livraison. Soit en lettre suivie de la Poste (d\u00e9lai indicatif de 48h pour la livraison). Soit en Colissimo pour une livraison en 48h garanties par la Poste d\u00e8s la prise en charge dans leur r\u00e9seau. La fabrication de votre bola (dont gravure de votre m\u00e9daille) est r\u00e9alis\u00e9e en 2 \u00e0 4 jours ouvr\u00e9s maximum.<\/p>\n","protected":false},"excerpt":{"rendered":"<p>Bola de grossesse musical au look a\u00e9r\u00e9 et intemporel, le mod\u00e8le arbre en plaqu\u00e9 argent, accompagn\u00e9 de sa m\u00e9daille argent<\/p>\n","protected":false},"featured_media":6021,"comment_status":"open","ping_status":"closed","template":"","meta":{"_acf_changed":false},"product_brand":[],"product_cat":[48],"product_tag":[],"class_list":{"0":"post-6020","1":"product","2":"type-product","3":"status-publish","4":"has-post-thumbnail","6":"product_cat-bola-a-29e","7":"wcpa_has_options","9":"first","10":"instock","11":"shipping-taxable","12":"purchasable","13":"product-type-simple"},"acf":[],"yoast_head":"<!-- This site is optimized with the Yoast SEO plugin v27.2 - https:\/\/yoast.com\/product\/yoast-seo-wordpress\/ -->\n<title>Bola de grossesse personnalis\u00e9 mod\u00e8le Arbre en plaqu\u00e9 argent<\/title>\n<meta name=\"description\" content=\"En plaqu\u00e9 argent avec une m\u00e9daille grav\u00e9e 925, le bola de grossesse personnalis\u00e9 et musical Arbre est un bijou de grossesse original grav\u00e9.\" \/>\n<meta name=\"robots\" content=\"index, follow, max-snippet:-1, max-image-preview:large, max-video-preview:-1\" \/>\n<link rel=\"canonical\" href=\"https:\/\/www.monboladegrossesse.com\/boutique\/produit\/bola-arbre-plaque-argent\/\" \/>\n<meta property=\"og:locale\" content=\"fr_FR\" \/>\n<meta property=\"og:type\" content=\"article\" \/>\n<meta property=\"og:title\" content=\"Bola de grossesse personnalis\u00e9 mod\u00e8le Arbre en plaqu\u00e9 argent\" \/>\n<meta property=\"og:description\" content=\"En plaqu\u00e9 argent avec une m\u00e9daille grav\u00e9e 925, le bola de grossesse personnalis\u00e9 et musical Arbre est un bijou de grossesse original grav\u00e9.\" \/>\n<meta property=\"og:url\" content=\"https:\/\/www.monboladegrossesse.com\/boutique\/produit\/bola-arbre-plaque-argent\/\" \/>\n<meta property=\"og:site_name\" content=\"Boutique de bola de grossesse pour future maman\" \/>\n<meta property=\"article:publisher\" content=\"https:\/\/www.facebook.com\/Bola-de-Grossesse-1360399817389794\/\" \/>\n<meta property=\"article:modified_time\" content=\"2024-09-14T17:02:15+00:00\" \/>\n<meta property=\"og:image\" content=\"https:\/\/www.monboladegrossesse.com\/boutique\/wp-content\/uploads\/2020\/02\/bola-grossesse-medaille-argent-925.jpg\" \/>\n\t<meta property=\"og:image:width\" content=\"600\" \/>\n\t<meta property=\"og:image:height\" content=\"600\" \/>\n\t<meta property=\"og:image:type\" content=\"image\/jpeg\" \/>\n<meta name=\"twitter:card\" content=\"summary_large_image\" \/>\n<meta name=\"twitter:label1\" content=\"Dur\u00e9e de lecture estim\u00e9e\" \/>\n\t<meta name=\"twitter:data1\" content=\"3 minutes\" \/>\n<script type=\"application\/ld+json\" class=\"yoast-schema-graph\">{\"@context\":\"https:\/\/schema.org\",\"@graph\":[{\"@type\":\"WebPage\",\"@id\":\"https:\/\/www.monboladegrossesse.com\/boutique\/produit\/bola-arbre-plaque-argent\/\",\"url\":\"https:\/\/www.monboladegrossesse.com\/boutique\/produit\/bola-arbre-plaque-argent\/\",\"name\":\"Bola de grossesse personnalis\u00e9 mod\u00e8le Arbre en plaqu\u00e9 argent\",\"isPartOf\":{\"@id\":\"https:\/\/www.monboladegrossesse.com\/boutique\/#website\"},\"primaryImageOfPage\":{\"@id\":\"https:\/\/www.monboladegrossesse.com\/boutique\/produit\/bola-arbre-plaque-argent\/#primaryimage\"},\"image\":{\"@id\":\"https:\/\/www.monboladegrossesse.com\/boutique\/produit\/bola-arbre-plaque-argent\/#primaryimage\"},\"thumbnailUrl\":\"https:\/\/www.monboladegrossesse.com\/boutique\/wp-content\/uploads\/2020\/02\/bola-grossesse-medaille-argent-925.jpg\",\"datePublished\":\"2020-02-25T13:13:43+00:00\",\"dateModified\":\"2024-09-14T17:02:15+00:00\",\"description\":\"En plaqu\u00e9 argent avec une m\u00e9daille grav\u00e9e 925, le bola de grossesse personnalis\u00e9 et musical Arbre est un bijou de grossesse original grav\u00e9.\",\"breadcrumb\":{\"@id\":\"https:\/\/www.monboladegrossesse.com\/boutique\/produit\/bola-arbre-plaque-argent\/#breadcrumb\"},\"inLanguage\":\"fr-FR\",\"potentialAction\":[{\"@type\":\"ReadAction\",\"target\":[\"https:\/\/www.monboladegrossesse.com\/boutique\/produit\/bola-arbre-plaque-argent\/\"]}]},{\"@type\":\"ImageObject\",\"inLanguage\":\"fr-FR\",\"@id\":\"https:\/\/www.monboladegrossesse.com\/boutique\/produit\/bola-arbre-plaque-argent\/#primaryimage\",\"url\":\"https:\/\/www.monboladegrossesse.com\/boutique\/wp-content\/uploads\/2020\/02\/bola-grossesse-medaille-argent-925.jpg\",\"contentUrl\":\"https:\/\/www.monboladegrossesse.com\/boutique\/wp-content\/uploads\/2020\/02\/bola-grossesse-medaille-argent-925.jpg\",\"width\":600,\"height\":600,\"caption\":\"Le Bola de Grossesse Personnalis\u00e9 : Une Touche Unique Personnalisation et \u00c9motion La personnalisation permet de cr\u00e9er un bijou vraiment unique. Que ce soit un bola personnalis\u00e9 pr\u00e9nom, un bola personnalis\u00e9 initiales, ou tout autre forme de gravure, cette customisation transforme le bola en un v\u00e9ritable talisman \u00e9motionnel. Types de Personnalisations Populaires Parmi les options les plus demand\u00e9es, on trouve : Le pr\u00e9nom du b\u00e9b\u00e9 (bola personnalis\u00e9 pr\u00e9nom) Les initiales du b\u00e9b\u00e9 ou des parents (bola personnalis\u00e9 initiales) La date pr\u00e9vue de l'accouchement Des messages d'amour courts Des symboles comme des c\u0153urs ou des \u00e9toiles\"},{\"@type\":\"BreadcrumbList\",\"@id\":\"https:\/\/www.monboladegrossesse.com\/boutique\/produit\/bola-arbre-plaque-argent\/#breadcrumb\",\"itemListElement\":[{\"@type\":\"ListItem\",\"position\":1,\"name\":\"Accueil\",\"item\":\"https:\/\/www.monboladegrossesse.com\/boutique\/\"},{\"@type\":\"ListItem\",\"position\":2,\"name\":\"Shop\",\"item\":\"https:\/\/www.monboladegrossesse.com\/boutique\/shop\/\"},{\"@type\":\"ListItem\",\"position\":3,\"name\":\"Bola arbre Plaqu\u00e9 Argent\"}]},{\"@type\":\"WebSite\",\"@id\":\"https:\/\/www.monboladegrossesse.com\/boutique\/#website\",\"url\":\"https:\/\/www.monboladegrossesse.com\/boutique\/\",\"name\":\"Boutique de bola de grossesse pour future maman\",\"description\":\"\",\"publisher\":{\"@id\":\"https:\/\/www.monboladegrossesse.com\/boutique\/#organization\"},\"potentialAction\":[{\"@type\":\"SearchAction\",\"target\":{\"@type\":\"EntryPoint\",\"urlTemplate\":\"https:\/\/www.monboladegrossesse.com\/boutique\/?s={search_term_string}\"},\"query-input\":{\"@type\":\"PropertyValueSpecification\",\"valueRequired\":true,\"valueName\":\"search_term_string\"}}],\"inLanguage\":\"fr-FR\"},{\"@type\":\"Organization\",\"@id\":\"https:\/\/www.monboladegrossesse.com\/boutique\/#organization\",\"name\":\"Boutique de bola de grossesse pour future maman\",\"url\":\"https:\/\/www.monboladegrossesse.com\/boutique\/\",\"logo\":{\"@type\":\"ImageObject\",\"inLanguage\":\"fr-FR\",\"@id\":\"https:\/\/www.monboladegrossesse.com\/boutique\/#\/schema\/logo\/image\/\",\"url\":\"https:\/\/www.monboladegrossesse.com\/boutique\/wp-content\/uploads\/2024\/06\/cropped-logo-bola-470X110.webp\",\"contentUrl\":\"https:\/\/www.monboladegrossesse.com\/boutique\/wp-content\/uploads\/2024\/06\/cropped-logo-bola-470X110.webp\",\"width\":470,\"height\":110,\"caption\":\"Boutique de bola de grossesse pour future maman\"},\"image\":{\"@id\":\"https:\/\/www.monboladegrossesse.com\/boutique\/#\/schema\/logo\/image\/\"},\"sameAs\":[\"https:\/\/www.facebook.com\/Bola-de-Grossesse-1360399817389794\/\",\"https:\/\/www.pinterest.fr\/monboladegrossesse\/\",\"https:\/\/www.youtube.com\/@Monboladegrossesse-x3f\",\"https:\/\/www.tiktok.com\/@bola.de.grossesse?lang=fr\"]}]}<\/script>\n<!-- \/ Yoast SEO plugin. -->","yoast_head_json":{"title":"Bola de grossesse personnalis\u00e9 mod\u00e8le Arbre en plaqu\u00e9 argent","description":"En plaqu\u00e9 argent avec une m\u00e9daille grav\u00e9e 925, le bola de grossesse personnalis\u00e9 et musical Arbre est un bijou de grossesse original grav\u00e9.","robots":{"index":"index","follow":"follow","max-snippet":"max-snippet:-1","max-image-preview":"max-image-preview:large","max-video-preview":"max-video-preview:-1"},"canonical":"https:\/\/www.monboladegrossesse.com\/boutique\/produit\/bola-arbre-plaque-argent\/","og_locale":"fr_FR","og_type":"article","og_title":"Bola de grossesse personnalis\u00e9 mod\u00e8le Arbre en plaqu\u00e9 argent","og_description":"En plaqu\u00e9 argent avec une m\u00e9daille grav\u00e9e 925, le bola de grossesse personnalis\u00e9 et musical Arbre est un bijou de grossesse original grav\u00e9.","og_url":"https:\/\/www.monboladegrossesse.com\/boutique\/produit\/bola-arbre-plaque-argent\/","og_site_name":"Boutique de bola de grossesse pour future maman","article_publisher":"https:\/\/www.facebook.com\/Bola-de-Grossesse-1360399817389794\/","article_modified_time":"2024-09-14T17:02:15+00:00","og_image":[{"width":600,"height":600,"url":"https:\/\/www.monboladegrossesse.com\/boutique\/wp-content\/uploads\/2020\/02\/bola-grossesse-medaille-argent-925.jpg","type":"image\/jpeg"}],"twitter_card":"summary_large_image","twitter_misc":{"Dur\u00e9e de lecture estim\u00e9e":"3 minutes"},"schema":{"@context":"https:\/\/schema.org","@graph":[{"@type":"WebPage","@id":"https:\/\/www.monboladegrossesse.com\/boutique\/produit\/bola-arbre-plaque-argent\/","url":"https:\/\/www.monboladegrossesse.com\/boutique\/produit\/bola-arbre-plaque-argent\/","name":"Bola de grossesse personnalis\u00e9 mod\u00e8le Arbre en plaqu\u00e9 argent","isPartOf":{"@id":"https:\/\/www.monboladegrossesse.com\/boutique\/#website"},"primaryImageOfPage":{"@id":"https:\/\/www.monboladegrossesse.com\/boutique\/produit\/bola-arbre-plaque-argent\/#primaryimage"},"image":{"@id":"https:\/\/www.monboladegrossesse.com\/boutique\/produit\/bola-arbre-plaque-argent\/#primaryimage"},"thumbnailUrl":"https:\/\/www.monboladegrossesse.com\/boutique\/wp-content\/uploads\/2020\/02\/bola-grossesse-medaille-argent-925.jpg","datePublished":"2020-02-25T13:13:43+00:00","dateModified":"2024-09-14T17:02:15+00:00","description":"En plaqu\u00e9 argent avec une m\u00e9daille grav\u00e9e 925, le bola de grossesse personnalis\u00e9 et musical Arbre est un bijou de grossesse original grav\u00e9.","breadcrumb":{"@id":"https:\/\/www.monboladegrossesse.com\/boutique\/produit\/bola-arbre-plaque-argent\/#breadcrumb"},"inLanguage":"fr-FR","potentialAction":[{"@type":"ReadAction","target":["https:\/\/www.monboladegrossesse.com\/boutique\/produit\/bola-arbre-plaque-argent\/"]}]},{"@type":"ImageObject","inLanguage":"fr-FR","@id":"https:\/\/www.monboladegrossesse.com\/boutique\/produit\/bola-arbre-plaque-argent\/#primaryimage","url":"https:\/\/www.monboladegrossesse.com\/boutique\/wp-content\/uploads\/2020\/02\/bola-grossesse-medaille-argent-925.jpg","contentUrl":"https:\/\/www.monboladegrossesse.com\/boutique\/wp-content\/uploads\/2020\/02\/bola-grossesse-medaille-argent-925.jpg","width":600,"height":600,"caption":"Le Bola de Grossesse Personnalis\u00e9 : Une Touche Unique Personnalisation et \u00c9motion La personnalisation permet de cr\u00e9er un bijou vraiment unique. Que ce soit un bola personnalis\u00e9 pr\u00e9nom, un bola personnalis\u00e9 initiales, ou tout autre forme de gravure, cette customisation transforme le bola en un v\u00e9ritable talisman \u00e9motionnel. Types de Personnalisations Populaires Parmi les options les plus demand\u00e9es, on trouve : Le pr\u00e9nom du b\u00e9b\u00e9 (bola personnalis\u00e9 pr\u00e9nom) Les initiales du b\u00e9b\u00e9 ou des parents (bola personnalis\u00e9 initiales) La date pr\u00e9vue de l'accouchement Des messages d'amour courts Des symboles comme des c\u0153urs ou des \u00e9toiles"},{"@type":"BreadcrumbList","@id":"https:\/\/www.monboladegrossesse.com\/boutique\/produit\/bola-arbre-plaque-argent\/#breadcrumb","itemListElement":[{"@type":"ListItem","position":1,"name":"Accueil","item":"https:\/\/www.monboladegrossesse.com\/boutique\/"},{"@type":"ListItem","position":2,"name":"Shop","item":"https:\/\/www.monboladegrossesse.com\/boutique\/shop\/"},{"@type":"ListItem","position":3,"name":"Bola arbre Plaqu\u00e9 Argent"}]},{"@type":"WebSite","@id":"https:\/\/www.monboladegrossesse.com\/boutique\/#website","url":"https:\/\/www.monboladegrossesse.com\/boutique\/","name":"Boutique de bola de grossesse pour future maman","description":"","publisher":{"@id":"https:\/\/www.monboladegrossesse.com\/boutique\/#organization"},"potentialAction":[{"@type":"SearchAction","target":{"@type":"EntryPoint","urlTemplate":"https:\/\/www.monboladegrossesse.com\/boutique\/?s={search_term_string}"},"query-input":{"@type":"PropertyValueSpecification","valueRequired":true,"valueName":"search_term_string"}}],"inLanguage":"fr-FR"},{"@type":"Organization","@id":"https:\/\/www.monboladegrossesse.com\/boutique\/#organization","name":"Boutique de bola de grossesse pour future maman","url":"https:\/\/www.monboladegrossesse.com\/boutique\/","logo":{"@type":"ImageObject","inLanguage":"fr-FR","@id":"https:\/\/www.monboladegrossesse.com\/boutique\/#\/schema\/logo\/image\/","url":"https:\/\/www.monboladegrossesse.com\/boutique\/wp-content\/uploads\/2024\/06\/cropped-logo-bola-470X110.webp","contentUrl":"https:\/\/www.monboladegrossesse.com\/boutique\/wp-content\/uploads\/2024\/06\/cropped-logo-bola-470X110.webp","width":470,"height":110,"caption":"Boutique de bola de grossesse pour future maman"},"image":{"@id":"https:\/\/www.monboladegrossesse.com\/boutique\/#\/schema\/logo\/image\/"},"sameAs":["https:\/\/www.facebook.com\/Bola-de-Grossesse-1360399817389794\/","https:\/\/www.pinterest.fr\/monboladegrossesse\/","https:\/\/www.youtube.com\/@Monboladegrossesse-x3f","https:\/\/www.tiktok.com\/@bola.de.grossesse?lang=fr"]}]}},"wcpa_form_fields":{"wcpaData":{"product":{"product_price":29,"price_html":"<span class=\"woocommerce-Price-amount amount\"><bdi>29.00&nbsp;<span class=\"woocommerce-Price-currencySymbol\">&euro;<\/span><\/bdi><\/span>","original_product_price":29,"price_including_tax":29,"price_excluding_tax":29,"product_id":{"parent":6020,"variation":false},"is_variable":false,"stock_status":"instock","stock_quantity":2,"parent_sku":"","product_attributes":[],"custom_fields":[],"is_taxable":false,"product_name":"Bola arbre Plaqu\u00e9 Argent","hasImage":false},"fields":{"sec_569ed09dc5a5fa":{"extra":{"key":"sec_569ed09dc5a5fa","section_id":"sec_569ed09dc5a5fa","name":"Default","status":1,"cl_rule":"show","enableCl":false,"relations":[],"toggle":true,"title_tag":"h3","show_title":false,"showPrice":"default","form_id":10,"form_rules":{"exclude_from_discount":false,"fee_label":"Fee","disp_hide_options_price":false,"disp_show_section_price":false,"disp_show_field_price":true,"layout_option":"standard","pric_use_as_fee":false,"process_fee_as":"woo_fee"},"layout_option":"standard"},"fields":[[{"type":"header","subtype":"h3","label":"Personnalisation du bola","elementId":"wcpa-header-1621340842769","cl_rule":"show","col":6,"relations":false,"active":true,"tooltip":"","gt_translate_keys":["label","tooltip"],"price_dependency":false,"cl_dependency":false,"value":""}],[{"type":"text","required":true,"elementId":"wcpa-text-1621342245275","label":"M\u00e9daille en Argent 925 : gravure du recto","description":"","desc_type":true,"pricingType":"fixed","price":"1","name":"text-1621342245275","subtype":"text","maxlength":"20","enableCl":true,"cl_rule":"hide","col":6,"relations":[{"operator":false,"rules":[]}],"active":true,"tooltip":"Gravure offerte. Gravez jusqu'\u00e0 20 caract\u00e8res !","gt_translate_keys":["label","description","tooltip"],"price_dependency":false,"cl_dependency":["wcpa-text-1621341281860"],"value":""}],[{"type":"text","elementId":"wcpa-text-1621341281860","label":"M\u00e9daille en Argent 925 gravure verso","description":"Vous pouvez graver jusqu'\u00e0 20 caract\u00e8res","enablePrice":true,"pricingType":"fixed","price":"1","name":"text-1621341281860","subtype":"text","maxlength":"20","enableCl":true,"cl_rule":"show","col":6,"relations":[{"operator":false,"rules":[{"operator":false,"rules":{"cl_field":"wcpa-text-1621342245275","cl_relation":"is_not_empty","cl_val":false}}]}],"active":true,"tooltip":"","gt_translate_keys":["label","description","tooltip"],"price_dependency":false,"cl_dependency":false,"value":""}]]}},"config":{"price_override":"","enable_recaptcha":false,"bind_quantity":false,"quantity_bind_formula":false,"disp_summ_show_option_price":true,"disp_summ_show_product_price":true,"disp_summ_show_total_price":true,"disp_summ_show_fee":false,"disp_summ_show_discount":false,"summary_title":"","options_total_label":"Prix des options","total_label":"Total","options_product_label":"Prix du bijou","fee_label":"Fee","discount_label":"Discount","has_price":true,"has_quantity_formula":false},"mc_unit":1,"tax_rate":1,"tax_rate_real":1,"discount":{"percentage":0,"fixed":0},"design":{"conf":{"LabelPosition":"above","DescPosition":"above","UploadField":"custom_1","QuantityFieldStyle":"default"},"css":{"LeftLabelWidth":"120px"}},"formulas":[],"lookuptables":[],"clones":false,"cartKey":false}},"_links":{"self":[{"href":"https:\/\/www.monboladegrossesse.com\/boutique\/wp-json\/wp\/v2\/product\/6020","targetHints":{"allow":["GET"]}}],"collection":[{"href":"https:\/\/www.monboladegrossesse.com\/boutique\/wp-json\/wp\/v2\/product"}],"about":[{"href":"https:\/\/www.monboladegrossesse.com\/boutique\/wp-json\/wp\/v2\/types\/product"}],"replies":[{"embeddable":true,"href":"https:\/\/www.monboladegrossesse.com\/boutique\/wp-json\/wp\/v2\/comments?post=6020"}],"wp:featuredmedia":[{"embeddable":true,"href":"https:\/\/www.monboladegrossesse.com\/boutique\/wp-json\/wp\/v2\/media\/6021"}],"wp:attachment":[{"href":"https:\/\/www.monboladegrossesse.com\/boutique\/wp-json\/wp\/v2\/media?parent=6020"}],"wp:term":[{"taxonomy":"product_brand","embeddable":true,"href":"https:\/\/www.monboladegrossesse.com\/boutique\/wp-json\/wp\/v2\/product_brand?post=6020"},{"taxonomy":"product_cat","embeddable":true,"href":"https:\/\/www.monboladegrossesse.com\/boutique\/wp-json\/wp\/v2\/product_cat?post=6020"},{"taxonomy":"product_tag","embeddable":true,"href":"https:\/\/www.monboladegrossesse.com\/boutique\/wp-json\/wp\/v2\/product_tag?post=6020"}],"curies":[{"name":"wp","href":"https:\/\/api.w.org\/{rel}","templated":true}]}}