{"id":494,"date":"2017-12-11T14:44:18","date_gmt":"2017-12-11T13:44:18","guid":{"rendered":"https:\/\/www.monboladegrossesse.com\/boutique\/?post_type=product&#038;p=494"},"modified":"2026-03-04T15:45:26","modified_gmt":"2026-03-04T14:45:26","slug":"bola-musical-de-noel","status":"publish","type":"product","link":"https:\/\/www.monboladegrossesse.com\/boutique\/produit\/bola-musical-de-noel\/","title":{"rendered":"Bola musical de No\u00ebl"},"content":{"rendered":"<p>Le bola de grossesse musical No\u00ebl, est un mod\u00e8le \u00e0 la fois simple et discret pouvant se porter avec de nombreuses tenues de futures mamans. Compos\u00e9 d&rsquo;un pendentif en forme de cercle filigrane avec des \u00e9toiles laissant entrevoir sa perle musicale, son collier est en cordon su\u00e9dine noir.<\/p>\n<h2>Un pendentif filigrane aux motifs d&rsquo;\u00e9toiles<\/h2>\n<p>La cage de ce mod\u00e8le de bola de grossesse mesure 3,6&#215;2,1 centim\u00e8tres. Elle laisse entrevoir la perle musicale, en couleur argent brillant qu&rsquo;elle renferme. Son design filigrane est discret et le petit son \u00e9mit ne laisse toutefois pas indiff\u00e9rent. Le son du bola est entendu par votre b\u00e9b\u00e9, tout au long de la journ\u00e9e. Le son des bolas de grossesse est connu pour apaiser b\u00e9b\u00e9.<\/p>\n<p>NB : le pendentif est <em><strong>fabriqu\u00e9 sans plomb, sans nickel et sans cadmium.<\/strong><\/em><\/p>\n<p>Si vous souhaitez d\u00e9couvrir des photos de nos bolas port\u00e9s, ou encore lire des avis de futures mamans ayant r\u00e9cemment achet\u00e9 l&rsquo;un de nos mod\u00e8les, rendez-vous <a href=\"https:\/\/www.facebook.com\/bolacollierdegrossesse\/\" target=\"_blank\" rel=\"noopener noreferrer\">soit sur notre page Fan<\/a>, sur sur <a href=\"https:\/\/www.instagram.com\/monboladegrossesse\/\" target=\"_blank\" rel=\"noopener noreferrer\">notre profil Instagram<\/a>.<\/p>\n<h2>Une pierre musicale en couleur argent brillant<\/h2>\n<p>Ce <a href=\"https:\/\/www.monboladegrossesse.com\/boutique\/\">bola de grossesse <\/a>vous offre une jolie petite perle musicale en coloris argent brillant. En jouant sur les contrastes avec vos tenues sa couleur pourra m\u00eame ressortir discr\u00e8tement sur votre ventre de maman.<br \/>\nNotre mod\u00e8le bola musical No\u00ebl peut \u00e9galement avoir un collier diff\u00e9rent avec l&rsquo;option \u00ab\u00a0chaine en acier inoxydable\u00a0\u00bb.<\/p>\n<p>Il faut simplement cocher ce souhait sur le haut de la fiche produit pr\u00e9sentant le bola. Le montage sera alors l\u00e9g\u00e8rement diff\u00e9rent puisque \u00e0 la place du cordon su\u00e9dine noir, la chaine inoxydable (longueur 110 centim\u00e8tres environ) sera compl\u00e9t\u00e9e par une petite breloque \u00e9toile. Retrouvez cette cha\u00eene inoxydable en photo sur <a href=\"https:\/\/www.monboladegrossesse.com\/boutique\/produit\/bola-de-grossesse-cercles\/\">le mod\u00e8le de bola de grossesse cercles<\/a>.<\/p>\n<h3>D\u00e9couvrez \u00e9galement nos bolas personnalis\u00e9s avec m\u00e9daille<\/h3>\n<p>Si vous souhaitez porter un bola personnalis\u00e9, vous pouvez consulter nos diff\u00e9rents mod\u00e8les de bolas avec une m\u00e9daille grav\u00e9e, <a href=\"https:\/\/www.monboladegrossesse.com\/boutique\/produit\/bola-automne\/\">comme notre bola automne<\/a>. Vous avez avec ces mod\u00e8les la possibilit\u00e9 de faire graver sur une m\u00e9daille ronde jusqu&rsquo;\u00e0 20 caract\u00e8res. Vous pouvez ainsi porter un bijou sur lequel votre message sera pr\u00e9sent pr\u00e9sent \u00e0 c\u00f4t\u00e9 du pendentif. Il est ainsi possible de faire graver : \u00ab\u00a0b\u00e9b\u00e9 de mai\u00a0\u00bb, mais \u00e9galement \u00ab\u00a0T+P=\u2764\u00a0\u00bb, ou encore \u00ab\u00a09 mois \u00e0 tes c\u00f4t\u00e9s\u00a0\u00bb&#8230;<\/p>\n","protected":false},"excerpt":{"rendered":"<p>Le bola de grossesse musical No\u00ebl, est un mod\u00e8le \u00e0 la fois simple et discret pouvant se porter avec de<\/p>\n","protected":false},"featured_media":495,"comment_status":"closed","ping_status":"closed","template":"","meta":{"_acf_changed":false},"product_brand":[],"product_cat":[47],"product_tag":[18],"class_list":{"0":"post-494","1":"product","2":"type-product","3":"status-publish","4":"has-post-thumbnail","6":"product_cat-bola-a-19e","7":"product_tag-bola-de-grossesse","9":"first","10":"instock","11":"shipping-taxable","12":"purchasable","13":"product-type-simple"},"acf":[],"yoast_head":"<!-- This site is optimized with the Yoast SEO plugin v27.5 - https:\/\/yoast.com\/product\/yoast-seo-wordpress\/ -->\n<title>Bola de grossesse de No\u00ebl musical avec \u00e9toiles et cordon su\u00e9dine<\/title>\n<meta name=\"description\" content=\"Bola de grossesse mod\u00e8le musical aux couleurs de No\u00ebl. Le pendentif et son design d&#039;\u00e9toiles, renferme une pierre musicale de couleur argent brillant.\" \/>\n<meta name=\"robots\" content=\"index, follow, max-snippet:-1, max-image-preview:large, max-video-preview:-1\" \/>\n<link rel=\"canonical\" href=\"https:\/\/www.monboladegrossesse.com\/boutique\/produit\/bola-musical-de-noel\/\" \/>\n<meta property=\"og:locale\" content=\"fr_FR\" \/>\n<meta property=\"og:type\" content=\"article\" \/>\n<meta property=\"og:title\" content=\"Bola de grossesse de No\u00ebl musical avec \u00e9toiles et cordon su\u00e9dine\" \/>\n<meta property=\"og:description\" content=\"Bola de grossesse mod\u00e8le musical aux couleurs de No\u00ebl. Le pendentif et son design d&#039;\u00e9toiles, renferme une pierre musicale de couleur argent brillant.\" \/>\n<meta property=\"og:url\" content=\"https:\/\/www.monboladegrossesse.com\/boutique\/produit\/bola-musical-de-noel\/\" \/>\n<meta property=\"og:site_name\" content=\"Boutique de bola de grossesse pour future maman\" \/>\n<meta property=\"article:publisher\" content=\"https:\/\/www.facebook.com\/Bola-de-Grossesse-1360399817389794\/\" \/>\n<meta property=\"article:modified_time\" content=\"2026-03-04T14:45:26+00:00\" \/>\n<meta property=\"og:image\" content=\"https:\/\/www.monboladegrossesse.com\/boutique\/wp-content\/uploads\/2017\/12\/Bola-de-noel-musical.jpg\" \/>\n\t<meta property=\"og:image:width\" content=\"600\" \/>\n\t<meta property=\"og:image:height\" content=\"600\" \/>\n\t<meta property=\"og:image:type\" content=\"image\/jpeg\" \/>\n<meta name=\"twitter:card\" content=\"summary_large_image\" \/>\n<meta name=\"twitter:label1\" content=\"Dur\u00e9e de lecture estim\u00e9e\" \/>\n\t<meta name=\"twitter:data1\" content=\"3 minutes\" \/>\n<script type=\"application\/ld+json\" class=\"yoast-schema-graph\">{\"@context\":\"https:\\\/\\\/schema.org\",\"@graph\":[{\"@type\":\"WebPage\",\"@id\":\"https:\\\/\\\/www.monboladegrossesse.com\\\/boutique\\\/produit\\\/bola-musical-de-noel\\\/\",\"url\":\"https:\\\/\\\/www.monboladegrossesse.com\\\/boutique\\\/produit\\\/bola-musical-de-noel\\\/\",\"name\":\"Bola de grossesse de No\u00ebl musical avec \u00e9toiles et cordon su\u00e9dine\",\"isPartOf\":{\"@id\":\"https:\\\/\\\/www.monboladegrossesse.com\\\/boutique\\\/#website\"},\"primaryImageOfPage\":{\"@id\":\"https:\\\/\\\/www.monboladegrossesse.com\\\/boutique\\\/produit\\\/bola-musical-de-noel\\\/#primaryimage\"},\"image\":{\"@id\":\"https:\\\/\\\/www.monboladegrossesse.com\\\/boutique\\\/produit\\\/bola-musical-de-noel\\\/#primaryimage\"},\"thumbnailUrl\":\"https:\\\/\\\/www.monboladegrossesse.com\\\/boutique\\\/wp-content\\\/uploads\\\/2017\\\/12\\\/Bola-de-noel-musical.jpg\",\"datePublished\":\"2017-12-11T13:44:18+00:00\",\"dateModified\":\"2026-03-04T14:45:26+00:00\",\"description\":\"Bola de grossesse mod\u00e8le musical aux couleurs de No\u00ebl. Le pendentif et son design d'\u00e9toiles, renferme une pierre musicale de couleur argent brillant.\",\"breadcrumb\":{\"@id\":\"https:\\\/\\\/www.monboladegrossesse.com\\\/boutique\\\/produit\\\/bola-musical-de-noel\\\/#breadcrumb\"},\"inLanguage\":\"fr-FR\",\"potentialAction\":[{\"@type\":\"ReadAction\",\"target\":[\"https:\\\/\\\/www.monboladegrossesse.com\\\/boutique\\\/produit\\\/bola-musical-de-noel\\\/\"]}]},{\"@type\":\"ImageObject\",\"inLanguage\":\"fr-FR\",\"@id\":\"https:\\\/\\\/www.monboladegrossesse.com\\\/boutique\\\/produit\\\/bola-musical-de-noel\\\/#primaryimage\",\"url\":\"https:\\\/\\\/www.monboladegrossesse.com\\\/boutique\\\/wp-content\\\/uploads\\\/2017\\\/12\\\/Bola-de-noel-musical.jpg\",\"contentUrl\":\"https:\\\/\\\/www.monboladegrossesse.com\\\/boutique\\\/wp-content\\\/uploads\\\/2017\\\/12\\\/Bola-de-noel-musical.jpg\",\"width\":600,\"height\":600,\"caption\":\"bola de grossesse musical mod\u00e8le de No\u00ebl\"},{\"@type\":\"BreadcrumbList\",\"@id\":\"https:\\\/\\\/www.monboladegrossesse.com\\\/boutique\\\/produit\\\/bola-musical-de-noel\\\/#breadcrumb\",\"itemListElement\":[{\"@type\":\"ListItem\",\"position\":1,\"name\":\"Accueil\",\"item\":\"https:\\\/\\\/www.monboladegrossesse.com\\\/boutique\\\/\"},{\"@type\":\"ListItem\",\"position\":2,\"name\":\"Shop\",\"item\":\"https:\\\/\\\/www.monboladegrossesse.com\\\/boutique\\\/shop\\\/\"},{\"@type\":\"ListItem\",\"position\":3,\"name\":\"Bola musical de No\u00ebl\"}]},{\"@type\":\"WebSite\",\"@id\":\"https:\\\/\\\/www.monboladegrossesse.com\\\/boutique\\\/#website\",\"url\":\"https:\\\/\\\/www.monboladegrossesse.com\\\/boutique\\\/\",\"name\":\"Boutique de bola de grossesse pour future maman\",\"description\":\"\",\"publisher\":{\"@id\":\"https:\\\/\\\/www.monboladegrossesse.com\\\/boutique\\\/#organization\"},\"potentialAction\":[{\"@type\":\"SearchAction\",\"target\":{\"@type\":\"EntryPoint\",\"urlTemplate\":\"https:\\\/\\\/www.monboladegrossesse.com\\\/boutique\\\/?s={search_term_string}\"},\"query-input\":{\"@type\":\"PropertyValueSpecification\",\"valueRequired\":true,\"valueName\":\"search_term_string\"}}],\"inLanguage\":\"fr-FR\"},{\"@type\":\"Organization\",\"@id\":\"https:\\\/\\\/www.monboladegrossesse.com\\\/boutique\\\/#organization\",\"name\":\"Boutique de bola de grossesse pour future maman\",\"url\":\"https:\\\/\\\/www.monboladegrossesse.com\\\/boutique\\\/\",\"logo\":{\"@type\":\"ImageObject\",\"inLanguage\":\"fr-FR\",\"@id\":\"https:\\\/\\\/www.monboladegrossesse.com\\\/boutique\\\/#\\\/schema\\\/logo\\\/image\\\/\",\"url\":\"https:\\\/\\\/www.monboladegrossesse.com\\\/boutique\\\/wp-content\\\/uploads\\\/2024\\\/06\\\/cropped-logo-bola-470X110.webp\",\"contentUrl\":\"https:\\\/\\\/www.monboladegrossesse.com\\\/boutique\\\/wp-content\\\/uploads\\\/2024\\\/06\\\/cropped-logo-bola-470X110.webp\",\"width\":470,\"height\":110,\"caption\":\"Boutique de bola de grossesse pour future maman\"},\"image\":{\"@id\":\"https:\\\/\\\/www.monboladegrossesse.com\\\/boutique\\\/#\\\/schema\\\/logo\\\/image\\\/\"},\"sameAs\":[\"https:\\\/\\\/www.facebook.com\\\/Bola-de-Grossesse-1360399817389794\\\/\",\"https:\\\/\\\/www.pinterest.fr\\\/monboladegrossesse\\\/\",\"https:\\\/\\\/www.youtube.com\\\/@Monboladegrossesse-x3f\",\"https:\\\/\\\/www.tiktok.com\\\/@bola.de.grossesse?lang=fr\"]}]}<\/script>\n<!-- \/ Yoast SEO plugin. -->","yoast_head_json":{"title":"Bola de grossesse de No\u00ebl musical avec \u00e9toiles et cordon su\u00e9dine","description":"Bola de grossesse mod\u00e8le musical aux couleurs de No\u00ebl. Le pendentif et son design d'\u00e9toiles, renferme une pierre musicale de couleur argent brillant.","robots":{"index":"index","follow":"follow","max-snippet":"max-snippet:-1","max-image-preview":"max-image-preview:large","max-video-preview":"max-video-preview:-1"},"canonical":"https:\/\/www.monboladegrossesse.com\/boutique\/produit\/bola-musical-de-noel\/","og_locale":"fr_FR","og_type":"article","og_title":"Bola de grossesse de No\u00ebl musical avec \u00e9toiles et cordon su\u00e9dine","og_description":"Bola de grossesse mod\u00e8le musical aux couleurs de No\u00ebl. Le pendentif et son design d'\u00e9toiles, renferme une pierre musicale de couleur argent brillant.","og_url":"https:\/\/www.monboladegrossesse.com\/boutique\/produit\/bola-musical-de-noel\/","og_site_name":"Boutique de bola de grossesse pour future maman","article_publisher":"https:\/\/www.facebook.com\/Bola-de-Grossesse-1360399817389794\/","article_modified_time":"2026-03-04T14:45:26+00:00","og_image":[{"width":600,"height":600,"url":"https:\/\/www.monboladegrossesse.com\/boutique\/wp-content\/uploads\/2017\/12\/Bola-de-noel-musical.jpg","type":"image\/jpeg"}],"twitter_card":"summary_large_image","twitter_misc":{"Dur\u00e9e de lecture estim\u00e9e":"3 minutes"},"schema":{"@context":"https:\/\/schema.org","@graph":[{"@type":"WebPage","@id":"https:\/\/www.monboladegrossesse.com\/boutique\/produit\/bola-musical-de-noel\/","url":"https:\/\/www.monboladegrossesse.com\/boutique\/produit\/bola-musical-de-noel\/","name":"Bola de grossesse de No\u00ebl musical avec \u00e9toiles et cordon su\u00e9dine","isPartOf":{"@id":"https:\/\/www.monboladegrossesse.com\/boutique\/#website"},"primaryImageOfPage":{"@id":"https:\/\/www.monboladegrossesse.com\/boutique\/produit\/bola-musical-de-noel\/#primaryimage"},"image":{"@id":"https:\/\/www.monboladegrossesse.com\/boutique\/produit\/bola-musical-de-noel\/#primaryimage"},"thumbnailUrl":"https:\/\/www.monboladegrossesse.com\/boutique\/wp-content\/uploads\/2017\/12\/Bola-de-noel-musical.jpg","datePublished":"2017-12-11T13:44:18+00:00","dateModified":"2026-03-04T14:45:26+00:00","description":"Bola de grossesse mod\u00e8le musical aux couleurs de No\u00ebl. Le pendentif et son design d'\u00e9toiles, renferme une pierre musicale de couleur argent brillant.","breadcrumb":{"@id":"https:\/\/www.monboladegrossesse.com\/boutique\/produit\/bola-musical-de-noel\/#breadcrumb"},"inLanguage":"fr-FR","potentialAction":[{"@type":"ReadAction","target":["https:\/\/www.monboladegrossesse.com\/boutique\/produit\/bola-musical-de-noel\/"]}]},{"@type":"ImageObject","inLanguage":"fr-FR","@id":"https:\/\/www.monboladegrossesse.com\/boutique\/produit\/bola-musical-de-noel\/#primaryimage","url":"https:\/\/www.monboladegrossesse.com\/boutique\/wp-content\/uploads\/2017\/12\/Bola-de-noel-musical.jpg","contentUrl":"https:\/\/www.monboladegrossesse.com\/boutique\/wp-content\/uploads\/2017\/12\/Bola-de-noel-musical.jpg","width":600,"height":600,"caption":"bola de grossesse musical mod\u00e8le de No\u00ebl"},{"@type":"BreadcrumbList","@id":"https:\/\/www.monboladegrossesse.com\/boutique\/produit\/bola-musical-de-noel\/#breadcrumb","itemListElement":[{"@type":"ListItem","position":1,"name":"Accueil","item":"https:\/\/www.monboladegrossesse.com\/boutique\/"},{"@type":"ListItem","position":2,"name":"Shop","item":"https:\/\/www.monboladegrossesse.com\/boutique\/shop\/"},{"@type":"ListItem","position":3,"name":"Bola musical de No\u00ebl"}]},{"@type":"WebSite","@id":"https:\/\/www.monboladegrossesse.com\/boutique\/#website","url":"https:\/\/www.monboladegrossesse.com\/boutique\/","name":"Boutique de bola de grossesse pour future maman","description":"","publisher":{"@id":"https:\/\/www.monboladegrossesse.com\/boutique\/#organization"},"potentialAction":[{"@type":"SearchAction","target":{"@type":"EntryPoint","urlTemplate":"https:\/\/www.monboladegrossesse.com\/boutique\/?s={search_term_string}"},"query-input":{"@type":"PropertyValueSpecification","valueRequired":true,"valueName":"search_term_string"}}],"inLanguage":"fr-FR"},{"@type":"Organization","@id":"https:\/\/www.monboladegrossesse.com\/boutique\/#organization","name":"Boutique de bola de grossesse pour future maman","url":"https:\/\/www.monboladegrossesse.com\/boutique\/","logo":{"@type":"ImageObject","inLanguage":"fr-FR","@id":"https:\/\/www.monboladegrossesse.com\/boutique\/#\/schema\/logo\/image\/","url":"https:\/\/www.monboladegrossesse.com\/boutique\/wp-content\/uploads\/2024\/06\/cropped-logo-bola-470X110.webp","contentUrl":"https:\/\/www.monboladegrossesse.com\/boutique\/wp-content\/uploads\/2024\/06\/cropped-logo-bola-470X110.webp","width":470,"height":110,"caption":"Boutique de bola de grossesse pour future maman"},"image":{"@id":"https:\/\/www.monboladegrossesse.com\/boutique\/#\/schema\/logo\/image\/"},"sameAs":["https:\/\/www.facebook.com\/Bola-de-Grossesse-1360399817389794\/","https:\/\/www.pinterest.fr\/monboladegrossesse\/","https:\/\/www.youtube.com\/@Monboladegrossesse-x3f","https:\/\/www.tiktok.com\/@bola.de.grossesse?lang=fr"]}]}},"wcpa_form_fields":null,"_links":{"self":[{"href":"https:\/\/www.monboladegrossesse.com\/boutique\/wp-json\/wp\/v2\/product\/494","targetHints":{"allow":["GET"]}}],"collection":[{"href":"https:\/\/www.monboladegrossesse.com\/boutique\/wp-json\/wp\/v2\/product"}],"about":[{"href":"https:\/\/www.monboladegrossesse.com\/boutique\/wp-json\/wp\/v2\/types\/product"}],"replies":[{"embeddable":true,"href":"https:\/\/www.monboladegrossesse.com\/boutique\/wp-json\/wp\/v2\/comments?post=494"}],"wp:featuredmedia":[{"embeddable":true,"href":"https:\/\/www.monboladegrossesse.com\/boutique\/wp-json\/wp\/v2\/media\/495"}],"wp:attachment":[{"href":"https:\/\/www.monboladegrossesse.com\/boutique\/wp-json\/wp\/v2\/media?parent=494"}],"wp:term":[{"taxonomy":"product_brand","embeddable":true,"href":"https:\/\/www.monboladegrossesse.com\/boutique\/wp-json\/wp\/v2\/product_brand?post=494"},{"taxonomy":"product_cat","embeddable":true,"href":"https:\/\/www.monboladegrossesse.com\/boutique\/wp-json\/wp\/v2\/product_cat?post=494"},{"taxonomy":"product_tag","embeddable":true,"href":"https:\/\/www.monboladegrossesse.com\/boutique\/wp-json\/wp\/v2\/product_tag?post=494"}],"curies":[{"name":"wp","href":"https:\/\/api.w.org\/{rel}","templated":true}]}}