{"id":4515,"date":"2019-09-27T16:21:36","date_gmt":"2019-09-27T14:21:36","guid":{"rendered":"https:\/\/www.monboladegrossesse.com\/boutique\/?post_type=product&#038;p=4515"},"modified":"2024-10-22T10:14:26","modified_gmt":"2024-10-22T08:14:26","slug":"bola-celeste","status":"publish","type":"product","link":"https:\/\/www.monboladegrossesse.com\/boutique\/produit\/bola-celeste\/","title":{"rendered":"Bola C\u00e9leste"},"content":{"rendered":"<p>Bola de grossesse musical avec son collier en su\u00e9dine noire et sa m\u00e9daille grav\u00e9e, le bola C\u00e9leste est un bijou l\u00e9ger qui se porte au quotidien. Sa personnalisation en fait un accessoire \u00e0 toutes vos tenues de future maman.<\/p>\n<h2>Un bola original avec sa grande breloque \u00e9toile<span class=\"Apple-converted-space\">\u00a0<\/span><\/h2>\n<p>Le montage du bola C\u00e9leste se d\u00e9marque de nos autres mod\u00e8les par la pr\u00e9sence d\u2019une <strong>grande breloque \u00e9toile en acier inoxydable.<\/strong> Cette breloque met en perspective la m\u00e9daille grav\u00e9e pr\u00e9sente. Avec son montage original, la m\u00e9daille apparait au centre de l\u2019\u00e9toile et met ainsi en valeur votre message. Un texte qui peut \u00eatre grav\u00e9 sur les deux faces de la m\u00e9dailles. Vous b\u00e9n\u00e9ficiez ainsi d\u2019un total de 40 caract\u00e8res pour y faire figurer votre personnalisation.<\/p>\n<h2>Collier en su\u00e9dine et pendentif au design d\u2019\u00e9toiles<\/h2>\n<p>Avec ce mod\u00e8le, vous trouverez un collier en cordon su\u00e9dine. La couleur du cordon est le noir.\u00a0Vous pouvez choisir <a href=\"https:\/\/www.monboladegrossesse.com\/boutique\/produit\/collier-en-acier-inoxydable\/\">un cordon en acier inoxydable<\/a> pour compl\u00e9ter votre bijou de grossesse. Il vous suffit pour cela de choisir la longueur souhait\u00e9e. Vous aurez ainsi deux colliers diff\u00e9rents pour porter votre bola.<br \/>\nLe pendentif de votre bola, qui renferme la bille sonore, est fabriqu\u00e9 en m\u00e9tal sans plomb, sans nickel et sans cadmium.Le montage se termine par un petit pompon coton noir en rapport avec la couleur du collier.<\/p>\n<h2>Quelques id\u00e9es pour votre m\u00e9daille grav\u00e9e<\/h2>\n<p>Il n\u2019est pas toujours facile d\u2019imaginer un message original pour votre m\u00e9daille grav\u00e9e. Alors voici quelques id\u00e9es de textes qu\u2019il est possible de graver. N\u2019h\u00e9sitez pas \u00e0 vous en inspirer pour cr\u00e9er votre propre id\u00e9e.<\/p>\n<ul>\n<li>50% Maman 50% Papa<\/li>\n<li>1+1=3<\/li>\n<li>T+S = \u2764<\/li>\n<li>Notre miracle<\/li>\n<li>Je t\u2019aime d\u00e9j\u00e0<\/li>\n<\/ul>\n<h2>Quand porter mon bola de grossesse ?<\/h2>\n<p>Voici une question tr\u00e8s souvent pos\u00e9e par les mamans. Sachez simplement que pour que votre b\u00e9b\u00e9 puisse entendre le tintement de la bille sonore (ici en couleur gris argent\u00e9e), il faut attendre la 20-21\u00e8me semaine de grossesse.<br \/>\nMais rien ne vous emp\u00eache de le porter avant cette date. Le bola est en effet un tr\u00e8s joli accessoire de mode. Et si vous souhaitez vous faire un avis sur nos mod\u00e8les et d\u00e9couvrir des photos de bolas port\u00e9s rendez-vous sur notre page consacr\u00e9e aux<a href=\"https:\/\/www.monboladegrossesse.com\/avis-photos-bolas\/\"> avis bola de grossesse<\/a>.<\/p>\n","protected":false},"excerpt":{"rendered":"<p>Bola de grossesse musical avec son collier en su\u00e9dine noire et sa m\u00e9daille grav\u00e9e, le bola C\u00e9leste est un bijou<\/p>\n","protected":false},"featured_media":4517,"comment_status":"open","ping_status":"closed","template":"","meta":{"_acf_changed":false},"product_brand":[],"product_cat":[47],"product_tag":[],"class_list":{"0":"post-4515","1":"product","2":"type-product","3":"status-publish","4":"has-post-thumbnail","6":"product_cat-bola-a-19e","7":"wcpa_has_options","9":"first","10":"instock","11":"sale","12":"shipping-taxable","13":"purchasable","14":"product-type-simple"},"acf":[],"yoast_head":"<!-- This site is optimized with the Yoast SEO plugin v27.2 - https:\/\/yoast.com\/product\/yoast-seo-wordpress\/ -->\n<title>Bola de grossesse avec breloque \u00e9toile inoxydable et sa m\u00e9daille grav\u00e9e<\/title>\n<meta name=\"description\" content=\"Le bola C\u00e9leste est un bijou de grossesse simple et original proposant une grande breloque \u00e9toile en acier inoxydable, un pompon et une m\u00e9daille grav\u00e9e.\" \/>\n<meta name=\"robots\" content=\"index, follow, max-snippet:-1, max-image-preview:large, max-video-preview:-1\" \/>\n<link rel=\"canonical\" href=\"https:\/\/www.monboladegrossesse.com\/boutique\/produit\/bola-celeste\/\" \/>\n<meta property=\"og:locale\" content=\"fr_FR\" \/>\n<meta property=\"og:type\" content=\"article\" \/>\n<meta property=\"og:title\" content=\"Bola de grossesse avec breloque \u00e9toile inoxydable et sa m\u00e9daille grav\u00e9e\" \/>\n<meta property=\"og:description\" content=\"Le bola C\u00e9leste est un bijou de grossesse simple et original proposant une grande breloque \u00e9toile en acier inoxydable, un pompon et une m\u00e9daille grav\u00e9e.\" \/>\n<meta property=\"og:url\" content=\"https:\/\/www.monboladegrossesse.com\/boutique\/produit\/bola-celeste\/\" \/>\n<meta property=\"og:site_name\" content=\"Boutique de bola de grossesse pour future maman\" \/>\n<meta property=\"article:publisher\" content=\"https:\/\/www.facebook.com\/Bola-de-Grossesse-1360399817389794\/\" \/>\n<meta property=\"article:modified_time\" content=\"2024-10-22T08:14:26+00:00\" \/>\n<meta property=\"og:image\" content=\"https:\/\/www.monboladegrossesse.com\/boutique\/wp-content\/uploads\/2019\/09\/bola-grossesse-celeste.jpg\" \/>\n\t<meta property=\"og:image:width\" content=\"600\" \/>\n\t<meta property=\"og:image:height\" content=\"600\" \/>\n\t<meta property=\"og:image:type\" content=\"image\/jpeg\" \/>\n<meta name=\"twitter:card\" content=\"summary_large_image\" \/>\n<meta name=\"twitter:label1\" content=\"Dur\u00e9e de lecture estim\u00e9e\" \/>\n\t<meta name=\"twitter:data1\" content=\"3 minutes\" \/>\n<script type=\"application\/ld+json\" class=\"yoast-schema-graph\">{\"@context\":\"https:\/\/schema.org\",\"@graph\":[{\"@type\":\"WebPage\",\"@id\":\"https:\/\/www.monboladegrossesse.com\/boutique\/produit\/bola-celeste\/\",\"url\":\"https:\/\/www.monboladegrossesse.com\/boutique\/produit\/bola-celeste\/\",\"name\":\"Bola de grossesse avec breloque \u00e9toile inoxydable et sa m\u00e9daille grav\u00e9e\",\"isPartOf\":{\"@id\":\"https:\/\/www.monboladegrossesse.com\/boutique\/#website\"},\"primaryImageOfPage\":{\"@id\":\"https:\/\/www.monboladegrossesse.com\/boutique\/produit\/bola-celeste\/#primaryimage\"},\"image\":{\"@id\":\"https:\/\/www.monboladegrossesse.com\/boutique\/produit\/bola-celeste\/#primaryimage\"},\"thumbnailUrl\":\"https:\/\/www.monboladegrossesse.com\/boutique\/wp-content\/uploads\/2019\/09\/bola-grossesse-celeste.jpg\",\"datePublished\":\"2019-09-27T14:21:36+00:00\",\"dateModified\":\"2024-10-22T08:14:26+00:00\",\"description\":\"Le bola C\u00e9leste est un bijou de grossesse simple et original proposant une grande breloque \u00e9toile en acier inoxydable, un pompon et une m\u00e9daille grav\u00e9e.\",\"breadcrumb\":{\"@id\":\"https:\/\/www.monboladegrossesse.com\/boutique\/produit\/bola-celeste\/#breadcrumb\"},\"inLanguage\":\"fr-FR\",\"potentialAction\":[{\"@type\":\"ReadAction\",\"target\":[\"https:\/\/www.monboladegrossesse.com\/boutique\/produit\/bola-celeste\/\"]}]},{\"@type\":\"ImageObject\",\"inLanguage\":\"fr-FR\",\"@id\":\"https:\/\/www.monboladegrossesse.com\/boutique\/produit\/bola-celeste\/#primaryimage\",\"url\":\"https:\/\/www.monboladegrossesse.com\/boutique\/wp-content\/uploads\/2019\/09\/bola-grossesse-celeste.jpg\",\"contentUrl\":\"https:\/\/www.monboladegrossesse.com\/boutique\/wp-content\/uploads\/2019\/09\/bola-grossesse-celeste.jpg\",\"width\":600,\"height\":600,\"caption\":\"Bola de grossesse C\u00e9leste\"},{\"@type\":\"BreadcrumbList\",\"@id\":\"https:\/\/www.monboladegrossesse.com\/boutique\/produit\/bola-celeste\/#breadcrumb\",\"itemListElement\":[{\"@type\":\"ListItem\",\"position\":1,\"name\":\"Accueil\",\"item\":\"https:\/\/www.monboladegrossesse.com\/boutique\/\"},{\"@type\":\"ListItem\",\"position\":2,\"name\":\"Shop\",\"item\":\"https:\/\/www.monboladegrossesse.com\/boutique\/shop\/\"},{\"@type\":\"ListItem\",\"position\":3,\"name\":\"Bola C\u00e9leste\"}]},{\"@type\":\"WebSite\",\"@id\":\"https:\/\/www.monboladegrossesse.com\/boutique\/#website\",\"url\":\"https:\/\/www.monboladegrossesse.com\/boutique\/\",\"name\":\"Boutique de bola de grossesse pour future maman\",\"description\":\"\",\"publisher\":{\"@id\":\"https:\/\/www.monboladegrossesse.com\/boutique\/#organization\"},\"potentialAction\":[{\"@type\":\"SearchAction\",\"target\":{\"@type\":\"EntryPoint\",\"urlTemplate\":\"https:\/\/www.monboladegrossesse.com\/boutique\/?s={search_term_string}\"},\"query-input\":{\"@type\":\"PropertyValueSpecification\",\"valueRequired\":true,\"valueName\":\"search_term_string\"}}],\"inLanguage\":\"fr-FR\"},{\"@type\":\"Organization\",\"@id\":\"https:\/\/www.monboladegrossesse.com\/boutique\/#organization\",\"name\":\"Boutique de bola de grossesse pour future maman\",\"url\":\"https:\/\/www.monboladegrossesse.com\/boutique\/\",\"logo\":{\"@type\":\"ImageObject\",\"inLanguage\":\"fr-FR\",\"@id\":\"https:\/\/www.monboladegrossesse.com\/boutique\/#\/schema\/logo\/image\/\",\"url\":\"https:\/\/www.monboladegrossesse.com\/boutique\/wp-content\/uploads\/2024\/06\/cropped-logo-bola-470X110.webp\",\"contentUrl\":\"https:\/\/www.monboladegrossesse.com\/boutique\/wp-content\/uploads\/2024\/06\/cropped-logo-bola-470X110.webp\",\"width\":470,\"height\":110,\"caption\":\"Boutique de bola de grossesse pour future maman\"},\"image\":{\"@id\":\"https:\/\/www.monboladegrossesse.com\/boutique\/#\/schema\/logo\/image\/\"},\"sameAs\":[\"https:\/\/www.facebook.com\/Bola-de-Grossesse-1360399817389794\/\",\"https:\/\/www.pinterest.fr\/monboladegrossesse\/\",\"https:\/\/www.youtube.com\/@Monboladegrossesse-x3f\",\"https:\/\/www.tiktok.com\/@bola.de.grossesse?lang=fr\"]}]}<\/script>\n<!-- \/ Yoast SEO plugin. -->","yoast_head_json":{"title":"Bola de grossesse avec breloque \u00e9toile inoxydable et sa m\u00e9daille grav\u00e9e","description":"Le bola C\u00e9leste est un bijou de grossesse simple et original proposant une grande breloque \u00e9toile en acier inoxydable, un pompon et une m\u00e9daille grav\u00e9e.","robots":{"index":"index","follow":"follow","max-snippet":"max-snippet:-1","max-image-preview":"max-image-preview:large","max-video-preview":"max-video-preview:-1"},"canonical":"https:\/\/www.monboladegrossesse.com\/boutique\/produit\/bola-celeste\/","og_locale":"fr_FR","og_type":"article","og_title":"Bola de grossesse avec breloque \u00e9toile inoxydable et sa m\u00e9daille grav\u00e9e","og_description":"Le bola C\u00e9leste est un bijou de grossesse simple et original proposant une grande breloque \u00e9toile en acier inoxydable, un pompon et une m\u00e9daille grav\u00e9e.","og_url":"https:\/\/www.monboladegrossesse.com\/boutique\/produit\/bola-celeste\/","og_site_name":"Boutique de bola de grossesse pour future maman","article_publisher":"https:\/\/www.facebook.com\/Bola-de-Grossesse-1360399817389794\/","article_modified_time":"2024-10-22T08:14:26+00:00","og_image":[{"width":600,"height":600,"url":"https:\/\/www.monboladegrossesse.com\/boutique\/wp-content\/uploads\/2019\/09\/bola-grossesse-celeste.jpg","type":"image\/jpeg"}],"twitter_card":"summary_large_image","twitter_misc":{"Dur\u00e9e de lecture estim\u00e9e":"3 minutes"},"schema":{"@context":"https:\/\/schema.org","@graph":[{"@type":"WebPage","@id":"https:\/\/www.monboladegrossesse.com\/boutique\/produit\/bola-celeste\/","url":"https:\/\/www.monboladegrossesse.com\/boutique\/produit\/bola-celeste\/","name":"Bola de grossesse avec breloque \u00e9toile inoxydable et sa m\u00e9daille grav\u00e9e","isPartOf":{"@id":"https:\/\/www.monboladegrossesse.com\/boutique\/#website"},"primaryImageOfPage":{"@id":"https:\/\/www.monboladegrossesse.com\/boutique\/produit\/bola-celeste\/#primaryimage"},"image":{"@id":"https:\/\/www.monboladegrossesse.com\/boutique\/produit\/bola-celeste\/#primaryimage"},"thumbnailUrl":"https:\/\/www.monboladegrossesse.com\/boutique\/wp-content\/uploads\/2019\/09\/bola-grossesse-celeste.jpg","datePublished":"2019-09-27T14:21:36+00:00","dateModified":"2024-10-22T08:14:26+00:00","description":"Le bola C\u00e9leste est un bijou de grossesse simple et original proposant une grande breloque \u00e9toile en acier inoxydable, un pompon et une m\u00e9daille grav\u00e9e.","breadcrumb":{"@id":"https:\/\/www.monboladegrossesse.com\/boutique\/produit\/bola-celeste\/#breadcrumb"},"inLanguage":"fr-FR","potentialAction":[{"@type":"ReadAction","target":["https:\/\/www.monboladegrossesse.com\/boutique\/produit\/bola-celeste\/"]}]},{"@type":"ImageObject","inLanguage":"fr-FR","@id":"https:\/\/www.monboladegrossesse.com\/boutique\/produit\/bola-celeste\/#primaryimage","url":"https:\/\/www.monboladegrossesse.com\/boutique\/wp-content\/uploads\/2019\/09\/bola-grossesse-celeste.jpg","contentUrl":"https:\/\/www.monboladegrossesse.com\/boutique\/wp-content\/uploads\/2019\/09\/bola-grossesse-celeste.jpg","width":600,"height":600,"caption":"Bola de grossesse C\u00e9leste"},{"@type":"BreadcrumbList","@id":"https:\/\/www.monboladegrossesse.com\/boutique\/produit\/bola-celeste\/#breadcrumb","itemListElement":[{"@type":"ListItem","position":1,"name":"Accueil","item":"https:\/\/www.monboladegrossesse.com\/boutique\/"},{"@type":"ListItem","position":2,"name":"Shop","item":"https:\/\/www.monboladegrossesse.com\/boutique\/shop\/"},{"@type":"ListItem","position":3,"name":"Bola C\u00e9leste"}]},{"@type":"WebSite","@id":"https:\/\/www.monboladegrossesse.com\/boutique\/#website","url":"https:\/\/www.monboladegrossesse.com\/boutique\/","name":"Boutique de bola de grossesse pour future maman","description":"","publisher":{"@id":"https:\/\/www.monboladegrossesse.com\/boutique\/#organization"},"potentialAction":[{"@type":"SearchAction","target":{"@type":"EntryPoint","urlTemplate":"https:\/\/www.monboladegrossesse.com\/boutique\/?s={search_term_string}"},"query-input":{"@type":"PropertyValueSpecification","valueRequired":true,"valueName":"search_term_string"}}],"inLanguage":"fr-FR"},{"@type":"Organization","@id":"https:\/\/www.monboladegrossesse.com\/boutique\/#organization","name":"Boutique de bola de grossesse pour future maman","url":"https:\/\/www.monboladegrossesse.com\/boutique\/","logo":{"@type":"ImageObject","inLanguage":"fr-FR","@id":"https:\/\/www.monboladegrossesse.com\/boutique\/#\/schema\/logo\/image\/","url":"https:\/\/www.monboladegrossesse.com\/boutique\/wp-content\/uploads\/2024\/06\/cropped-logo-bola-470X110.webp","contentUrl":"https:\/\/www.monboladegrossesse.com\/boutique\/wp-content\/uploads\/2024\/06\/cropped-logo-bola-470X110.webp","width":470,"height":110,"caption":"Boutique de bola de grossesse pour future maman"},"image":{"@id":"https:\/\/www.monboladegrossesse.com\/boutique\/#\/schema\/logo\/image\/"},"sameAs":["https:\/\/www.facebook.com\/Bola-de-Grossesse-1360399817389794\/","https:\/\/www.pinterest.fr\/monboladegrossesse\/","https:\/\/www.youtube.com\/@Monboladegrossesse-x3f","https:\/\/www.tiktok.com\/@bola.de.grossesse?lang=fr"]}]}},"wcpa_form_fields":{"wcpaData":{"product":{"product_price":14.82,"price_html":"<del aria-hidden=\"true\"><span class=\"woocommerce-Price-amount amount\"><bdi>24.70&nbsp;<span class=\"woocommerce-Price-currencySymbol\">&euro;<\/span><\/bdi><\/span><\/del> <span class=\"screen-reader-text\">Le prix initial \u00e9tait\u00a0: 24.70&nbsp;&euro;.<\/span><ins aria-hidden=\"true\"><span class=\"woocommerce-Price-amount amount\"><bdi>14.82&nbsp;<span class=\"woocommerce-Price-currencySymbol\">&euro;<\/span><\/bdi><\/span><\/ins><span class=\"screen-reader-text\">Le prix actuel est\u00a0: 14.82&nbsp;&euro;.<\/span>","original_product_price":24.7,"price_including_tax":14.82,"price_excluding_tax":14.82,"product_id":{"parent":4515,"variation":false},"is_variable":false,"stock_status":"instock","stock_quantity":7,"parent_sku":"","product_attributes":[],"custom_fields":[],"is_taxable":false,"product_name":"Bola C\u00e9leste","hasImage":false},"fields":{"sec_269d2217f05685":{"extra":{"key":"sec_269d2217f05685","section_id":"sec_269d2217f05685","name":"Default","status":1,"cl_rule":"show","enableCl":false,"relations":[],"toggle":true,"title_tag":"h3","show_title":false,"showPrice":"default","form_id":15,"form_rules":{"exclude_from_discount":false,"fee_label":"Fee","disp_hide_options_price":false,"disp_show_section_price":false,"disp_show_field_price":true,"layout_option":"standard","pric_use_as_fee":false,"process_fee_as":"woo_fee"},"layout_option":"standard"},"fields":[[{"type":"header","subtype":"h3","label":"Personnalisation du bola","elementId":"wcpa-header-60a4d2f310a96","cl_rule":"show","col":6,"relations":false,"active":true,"tooltip":"","gt_translate_keys":["label","tooltip"],"price_dependency":false,"cl_dependency":false,"value":""}],[{"type":"select","required":true,"elementId":"wcpa-select-60a4d2f310ab6","label":"Choix de la m\u00e9daille","description":"","desc_type":true,"priceOptions":"different_for_all","pricingType":"fixed","name":"select-60a4d2f310ace","cl_rule":"show","col":6,"values":[{"label":"M\u00e9daille en Alu","value":"option-1","price":"","pimage":"","pimage_id":"","pthumb":"","selected":true,"gt_translate_keys":["label"]},{"label":"M\u00e9daille en Argent 925","value":"option-2","price":"","pimage":"","pimage_id":"","pthumb":"","gt_translate_keys":["label"]}],"relations":false,"active":true,"tooltip":"Personnaliser votre bola avec la gravure d'une m\u00e9daille Alu ou Argent 925","gt_translate_keys":["label","description","tooltip"],"price_dependency":false,"cl_dependency":["wcpa-text-60a4d2f310ae4","wcpa-text-60a4d2f310b34"],"value":""}],[{"type":"image-group","required":true,"label":"Choix de la Police de gravure","elementId":"wcpa-image-group-1643361278120","inline":true,"priceOptions":"different_for_all","pricingType":"fixed","enable_popup":"no","name":"image-group-1643361278120","disp_type":"square","img_selection_type":"outline","other_text":"Other","cl_rule":"show","col":6,"values":[{"label":"Police Sara pour bola","price":"","image":"https:\/\/www.monboladegrossesse.com\/boutique\/wp-content\/uploads\/2022\/01\/274.jpg","image_id":"12048","thumb":"https:\/\/www.monboladegrossesse.com\/boutique\/wp-content\/uploads\/2022\/01\/274-150x55.jpg","value":"0","thumb_src":"https:\/\/www.monboladegrossesse.com\/boutique\/wp-content\/uploads\/2022\/01\/274.jpg","gt_translate_keys":["label"]},{"label":"Police Cl\u00e9a pour bola","price":"","image":"https:\/\/www.monboladegrossesse.com\/boutique\/wp-content\/uploads\/2022\/01\/277.jpg","image_id":"12049","thumb":"https:\/\/www.monboladegrossesse.com\/boutique\/wp-content\/uploads\/2022\/01\/277-150x55.jpg","value":"1","thumb_src":"https:\/\/www.monboladegrossesse.com\/boutique\/wp-content\/uploads\/2022\/01\/277.jpg","gt_translate_keys":["label"]},{"label":"Police C\u00e9line pour bola","price":"","image":"https:\/\/www.monboladegrossesse.com\/boutique\/wp-content\/uploads\/2022\/01\/celine.jpg","image_id":"12050","thumb":"https:\/\/www.monboladegrossesse.com\/boutique\/wp-content\/uploads\/2022\/01\/celine-150x55.jpg","selected":true,"value":"2","thumb_src":"https:\/\/www.monboladegrossesse.com\/boutique\/wp-content\/uploads\/2022\/01\/celine.jpg","gt_translate_keys":["label"]}],"relations":false,"active":true,"tooltip":"","layOut":"inline","disp_size_img":{"width":"","height":""},"gt_translate_keys":["label","tooltip"],"price_dependency":false,"cl_dependency":false,"value":""}],[{"type":"text","elementId":"wcpa-text-60a4d2f310ae4","label":"Gravure recto offerte sur m\u00e9daille Alu","description":"Vous pouvez graver jusqu'\u00e0 20 caract\u00e8res","pricingType":"fixed","price":"2.99","name":"text-60a4d2f310af8","subtype":"text","maxlength":"20","mapToCheckoutFieldParent":"billing","mapToCheckoutField":"billing_first_name","enableCl":true,"cl_rule":"show","cl_val":"option-1","col":6,"relations":[{"operator":false,"rules":[{"operator":false,"rules":{"cl_field":"wcpa-select-60a4d2f310ab6","cl_relation":"is","cl_val":"option-1"}}]}],"active":true,"tooltip":"","gt_translate_keys":["label","description","tooltip"],"price_dependency":false,"cl_dependency":["wcpa-text-60a4d2f310b0d"],"value":""}],[{"type":"text","elementId":"wcpa-text-60a4d2f310b0d","label":"M\u00e9daille en Alu gravure verso","description":"Vous pouvez graver jusqu'\u00e0 20 caract\u00e8res","enablePrice":true,"pricingType":"fixed","price":"1.99","name":"text-60a4d2f310b21","subtype":"text","maxlength":"20","mapToCheckoutFieldParent":"billing","mapToCheckoutField":"billing_first_name","enableCl":true,"cl_rule":"show","col":6,"relations":[{"operator":false,"rules":[{"operator":false,"rules":{"cl_field":"wcpa-text-60a4d2f310ae4","cl_relation":"is_not_empty","cl_val":false}}]}],"active":true,"tooltip":"","gt_translate_keys":["label","description","tooltip"],"price_dependency":false,"cl_dependency":false,"value":""}],[{"type":"text","elementId":"wcpa-text-60a4d2f310b34","label":"M\u00e9daille en Argent 925 gravure recto","enablePrice":true,"pricingType":"fixed","price":"7.99","name":"text-60a4d2f310b48","subtype":"text","maxlength":"20","mapToCheckoutFieldParent":"billing","mapToCheckoutField":"billing_first_name","enableCl":true,"cl_rule":"show","cl_val":"option-2","col":6,"relations":[{"operator":false,"rules":[{"operator":false,"rules":{"cl_field":"wcpa-select-60a4d2f310ab6","cl_relation":"is","cl_val":"option-2"}}]}],"active":true,"tooltip":"","gt_translate_keys":["label","tooltip"],"price_dependency":false,"cl_dependency":["wcpa-text-60a4d2f310b5c"],"value":""}],[{"type":"text","elementId":"wcpa-text-60a4d2f310b5c","label":"M\u00e9daille en Argent 925 gravure verso","description":"Vous pouvez graver jusqu'\u00e0 20 caract\u00e8res","enablePrice":true,"pricingType":"fixed","price":"1","name":"text-60a4d2f310b70","subtype":"text","maxlength":"20","mapToCheckoutFieldParent":"billing","mapToCheckoutField":"billing_first_name","enableCl":true,"cl_rule":"show","col":6,"relations":[{"operator":false,"rules":[{"operator":false,"rules":{"cl_field":"wcpa-text-60a4d2f310b34","cl_relation":"is_not_empty","cl_val":false}}]}],"active":true,"tooltip":"","gt_translate_keys":["label","description","tooltip"],"price_dependency":false,"cl_dependency":false,"value":""}],[{"type":"separator","elementId":"wcpa-separator-1621414663059","cl_rule":"show","col":6,"relations":false,"active":true,"tooltip":"","gt_translate_keys":["tooltip"],"price_dependency":false,"cl_dependency":false,"value":""}],[{"type":"header","subtype":"h3","label":"Choix du collier","elementId":"wcpa-header-1621414664890","cl_rule":"show","col":6,"relations":false,"active":true,"tooltip":"","gt_translate_keys":["label","tooltip"],"price_dependency":false,"cl_dependency":false,"value":""}],[{"type":"select","required":true,"elementId":"wcpa-select-1621414681528","label":"Choix entre Liberty et chaine inox.","description":"","desc_type":true,"enablePrice":true,"priceOptions":"different_for_all","pricingType":"fixed","name":"select-1621414681528","cl_rule":"show","col":6,"values":[{"label":"Je garde le cordon","value":"option-1","price":"","pimage":"","pimage_id":"","pthumb":"","selected":true,"gt_translate_keys":["label"]},{"label":"Je pr\u00e9f\u00e8re une chaine inox.","value":"option-2","price":"2.99","pimage":"","pimage_id":"","pthumb":"","gt_translate_keys":["label"]}],"relations":false,"price":0,"active":true,"tooltip":"Le Liberty est remplac\u00e9 par une chaine en acier inoxydable","gt_translate_keys":["label","description","tooltip"],"price_dependency":false,"cl_dependency":false,"value":""}]]}},"config":{"price_override":"","enable_recaptcha":false,"bind_quantity":false,"quantity_bind_formula":false,"disp_summ_show_option_price":true,"disp_summ_show_product_price":true,"disp_summ_show_total_price":true,"disp_summ_show_fee":false,"disp_summ_show_discount":false,"summary_title":"","options_total_label":"Prix des options","total_label":"Total","options_product_label":"Prix du bijou","fee_label":"Fee","discount_label":"Discount","has_price":true,"has_quantity_formula":false},"mc_unit":1,"tax_rate":1,"tax_rate_real":1,"discount":{"percentage":0,"fixed":0},"design":{"conf":{"LabelPosition":"above","DescPosition":"above","UploadField":"custom_1","QuantityFieldStyle":"default"},"css":{"LeftLabelWidth":"120px"}},"formulas":[],"lookuptables":[],"clones":false,"cartKey":false}},"_links":{"self":[{"href":"https:\/\/www.monboladegrossesse.com\/boutique\/wp-json\/wp\/v2\/product\/4515","targetHints":{"allow":["GET"]}}],"collection":[{"href":"https:\/\/www.monboladegrossesse.com\/boutique\/wp-json\/wp\/v2\/product"}],"about":[{"href":"https:\/\/www.monboladegrossesse.com\/boutique\/wp-json\/wp\/v2\/types\/product"}],"replies":[{"embeddable":true,"href":"https:\/\/www.monboladegrossesse.com\/boutique\/wp-json\/wp\/v2\/comments?post=4515"}],"wp:featuredmedia":[{"embeddable":true,"href":"https:\/\/www.monboladegrossesse.com\/boutique\/wp-json\/wp\/v2\/media\/4517"}],"wp:attachment":[{"href":"https:\/\/www.monboladegrossesse.com\/boutique\/wp-json\/wp\/v2\/media?parent=4515"}],"wp:term":[{"taxonomy":"product_brand","embeddable":true,"href":"https:\/\/www.monboladegrossesse.com\/boutique\/wp-json\/wp\/v2\/product_brand?post=4515"},{"taxonomy":"product_cat","embeddable":true,"href":"https:\/\/www.monboladegrossesse.com\/boutique\/wp-json\/wp\/v2\/product_cat?post=4515"},{"taxonomy":"product_tag","embeddable":true,"href":"https:\/\/www.monboladegrossesse.com\/boutique\/wp-json\/wp\/v2\/product_tag?post=4515"}],"curies":[{"name":"wp","href":"https:\/\/api.w.org\/{rel}","templated":true}]}}