{"id":377,"date":"2017-11-03T15:08:31","date_gmt":"2017-11-03T14:08:31","guid":{"rendered":"https:\/\/www.monboladegrossesse.com\/boutique\/?post_type=product&#038;p=377"},"modified":"2026-03-04T15:45:39","modified_gmt":"2026-03-04T14:45:39","slug":"bola-de-grossesse-oiseau","status":"publish","type":"product","link":"https:\/\/www.monboladegrossesse.com\/boutique\/produit\/bola-de-grossesse-oiseau\/","title":{"rendered":"Bola de grossesse \u00ab\u00a0Oiseau\u00a0\u00bb"},"content":{"rendered":"<p>Le mod\u00e8le de bola \u00ab\u00a0oiseau\u00a0\u00bb avec son design tr\u00e8s original et sa pierre semi-pr\u00e9cieuse Aigue-Marine, est un v\u00e9ritable bijou fantaisie pour future maman. Vous pouvez le porter avec toutes vos tenues de femme enceinte, il saura mettre en valeur votre ventre, tout en faisant b\u00e9n\u00e9ficier des bienfaits de sa pierre.<\/p>\n<h2>Une cage de bola au design fin &amp; \u00e9l\u00e9gant<\/h2>\n<p>La cage de votre bola reprend comme design celui d&rsquo;une cage \u00e0 oiseau en filigrane avec un petit oiseau dessin\u00e9 sur le devant. Elle mesure 3,8&#215;2,6 centim\u00e8tres. L\u00e9g\u00e8re, elle est en couleur argent clair et ressort ainsi parfaitement avec un top noir, en apportant une petite pointe de brillant \u00e0 vos tenues. Le collier du bijou de grossesse est en cordon su\u00e9dine, coloris argent brillant. Il mesure environ 100-110 centim\u00e8tres.<\/p>\n<p>Vous pouvez choisir notre option cha\u00eene en acier inoxydable si vous le souhaitez. Votre cage sera alors mont\u00e9e sur\u00a0une longueur de 110cm \u00a0de chaine an acier inoxydable. Un fermoir mousqueton et cha\u00eene de rallonge avec une jolie breloque en forme d&rsquo;\u00e9toile.<\/p>\n<p>N&rsquo;h\u00e9sitez pas \u00e0 nous contacter <a href=\"https:\/\/www.facebook.com\/bolacollierdegrossesse\/\">via notre Fan sur Facebook<\/a> pour toutes questions avant achat, nous vous r\u00e9pondrons dans les meilleurs d\u00e9lais. Vous pouvez aussi retrouver des avis de futures mamans ayant d\u00e9j\u00e0 achet\u00e9 l&rsquo;un de nos bolas de grossesse.<\/p>\n<h2>Une pierre semi-pr\u00e9cieuse \u00ab\u00a0Aigue-Marine\u00a0\u00bb<\/h2>\n<p>Le <a href=\"https:\/\/www.monboladegrossesse.com\/boutique\/\">bola de grossesse<\/a> oiseau contient une pierre semi-pr\u00e9cieuse aigue-marine. Cette pierre est notamment connue en lithoth\u00e9rapie pour symboliser l&rsquo;innocence, la jeunesse et la pers\u00e9v\u00e9rance. Elle permettrait par exemple lorsque la porte de mieux supporter le mal des transports, ou bien encore \u00a0d&rsquo;aider \u00e0 calmer les angoisses.<\/p>\n<blockquote><p>La pierre est plac\u00e9e dans la cage et vous accompagne ainsi tout au long de la journ\u00e9e.<\/p><\/blockquote>\n<h3>Tout savoir sur les bolas de grossesse<\/h3>\n<p>En achetant le bola fantaisie \u00ab\u00a0oiseau\u00a0\u00bb vous achetez peut-\u00eatre votre premier bijou de grossesse. Si vous n&rsquo;avez pas encore parcouru (tout) le web pour r\u00e9pondre \u00e0 vos questions relatives \u00e0 leurs origines, pour savoir comment le porter et quels sont ses bienfaits, vous pouvez consulter sur notre site <a href=\"https:\/\/www.monboladegrossesse.com\/bola-de-grossesse-questionsreponses\/\">notre s\u00e9rie de questions\/r\u00e9ponses sur les bolas.<\/a> Vous apprendrez par exemple qu&rsquo;il est g\u00e9n\u00e9ralement conseill\u00e9 de porter un bola \u00e0 partir de la 1\u00e7-20\u00e8me semaine de grossesse.<\/p>\n","protected":false},"excerpt":{"rendered":"<p>Le mod\u00e8le de bola \u00ab\u00a0oiseau\u00a0\u00bb avec son design tr\u00e8s original et sa pierre semi-pr\u00e9cieuse Aigue-Marine, est un v\u00e9ritable bijou fantaisie<\/p>\n","protected":false},"featured_media":378,"comment_status":"open","ping_status":"closed","template":"","meta":{"_acf_changed":false},"product_brand":[],"product_cat":[47],"product_tag":[21],"class_list":{"0":"post-377","1":"product","2":"type-product","3":"status-publish","4":"has-post-thumbnail","6":"product_cat-bola-a-19e","7":"product_tag-bola-oiseau","9":"first","10":"outofstock","11":"shipping-taxable","12":"purchasable","13":"product-type-simple"},"acf":[],"yoast_head":"<!-- This site is optimized with the Yoast SEO plugin v27.2 - https:\/\/yoast.com\/product\/yoast-seo-wordpress\/ -->\n<title>Bola de grossesse mod\u00e8le oiseau avec pierre semi-pr\u00e9cieuse<\/title>\n<meta name=\"description\" content=\"Le collier de grossesse &quot;Oiseau&quot; est un magnifique bijou pour future maman, avec son cordon su\u00e9dine et sa pierre semi-pr\u00e9cieuse aigue-marine.\" \/>\n<meta name=\"robots\" content=\"index, follow, max-snippet:-1, max-image-preview:large, max-video-preview:-1\" \/>\n<link rel=\"canonical\" href=\"https:\/\/www.monboladegrossesse.com\/boutique\/produit\/bola-de-grossesse-oiseau\/\" \/>\n<meta property=\"og:locale\" content=\"fr_FR\" \/>\n<meta property=\"og:type\" content=\"article\" \/>\n<meta property=\"og:title\" content=\"Bola de grossesse mod\u00e8le oiseau avec pierre semi-pr\u00e9cieuse\" \/>\n<meta property=\"og:description\" content=\"Le collier de grossesse &quot;Oiseau&quot; est un magnifique bijou pour future maman, avec son cordon su\u00e9dine et sa pierre semi-pr\u00e9cieuse aigue-marine.\" \/>\n<meta property=\"og:url\" content=\"https:\/\/www.monboladegrossesse.com\/boutique\/produit\/bola-de-grossesse-oiseau\/\" \/>\n<meta property=\"og:site_name\" content=\"Boutique de bola de grossesse pour future maman\" \/>\n<meta property=\"article:publisher\" content=\"https:\/\/www.facebook.com\/Bola-de-Grossesse-1360399817389794\/\" \/>\n<meta property=\"article:modified_time\" content=\"2026-03-04T14:45:39+00:00\" \/>\n<meta property=\"og:image\" content=\"https:\/\/www.monboladegrossesse.com\/boutique\/wp-content\/uploads\/2017\/11\/bola-oiseau.jpg\" \/>\n\t<meta property=\"og:image:width\" content=\"600\" \/>\n\t<meta property=\"og:image:height\" content=\"600\" \/>\n\t<meta property=\"og:image:type\" content=\"image\/jpeg\" \/>\n<meta name=\"twitter:card\" content=\"summary_large_image\" \/>\n<meta name=\"twitter:label1\" content=\"Dur\u00e9e de lecture estim\u00e9e\" \/>\n\t<meta name=\"twitter:data1\" content=\"2 minutes\" \/>\n<script type=\"application\/ld+json\" class=\"yoast-schema-graph\">{\"@context\":\"https:\/\/schema.org\",\"@graph\":[{\"@type\":\"WebPage\",\"@id\":\"https:\/\/www.monboladegrossesse.com\/boutique\/produit\/bola-de-grossesse-oiseau\/\",\"url\":\"https:\/\/www.monboladegrossesse.com\/boutique\/produit\/bola-de-grossesse-oiseau\/\",\"name\":\"Bola de grossesse mod\u00e8le oiseau avec pierre semi-pr\u00e9cieuse\",\"isPartOf\":{\"@id\":\"https:\/\/www.monboladegrossesse.com\/boutique\/#website\"},\"primaryImageOfPage\":{\"@id\":\"https:\/\/www.monboladegrossesse.com\/boutique\/produit\/bola-de-grossesse-oiseau\/#primaryimage\"},\"image\":{\"@id\":\"https:\/\/www.monboladegrossesse.com\/boutique\/produit\/bola-de-grossesse-oiseau\/#primaryimage\"},\"thumbnailUrl\":\"https:\/\/www.monboladegrossesse.com\/boutique\/wp-content\/uploads\/2017\/11\/bola-oiseau.jpg\",\"datePublished\":\"2017-11-03T14:08:31+00:00\",\"dateModified\":\"2026-03-04T14:45:39+00:00\",\"description\":\"Le collier de grossesse \\\"Oiseau\\\" est un magnifique bijou pour future maman, avec son cordon su\u00e9dine et sa pierre semi-pr\u00e9cieuse aigue-marine.\",\"breadcrumb\":{\"@id\":\"https:\/\/www.monboladegrossesse.com\/boutique\/produit\/bola-de-grossesse-oiseau\/#breadcrumb\"},\"inLanguage\":\"fr-FR\",\"potentialAction\":[{\"@type\":\"ReadAction\",\"target\":[\"https:\/\/www.monboladegrossesse.com\/boutique\/produit\/bola-de-grossesse-oiseau\/\"]}]},{\"@type\":\"ImageObject\",\"inLanguage\":\"fr-FR\",\"@id\":\"https:\/\/www.monboladegrossesse.com\/boutique\/produit\/bola-de-grossesse-oiseau\/#primaryimage\",\"url\":\"https:\/\/www.monboladegrossesse.com\/boutique\/wp-content\/uploads\/2017\/11\/bola-oiseau.jpg\",\"contentUrl\":\"https:\/\/www.monboladegrossesse.com\/boutique\/wp-content\/uploads\/2017\/11\/bola-oiseau.jpg\",\"width\":600,\"height\":600,\"caption\":\"bola de grossesse mod\u00e8le oiseau\"},{\"@type\":\"BreadcrumbList\",\"@id\":\"https:\/\/www.monboladegrossesse.com\/boutique\/produit\/bola-de-grossesse-oiseau\/#breadcrumb\",\"itemListElement\":[{\"@type\":\"ListItem\",\"position\":1,\"name\":\"Accueil\",\"item\":\"https:\/\/www.monboladegrossesse.com\/boutique\/\"},{\"@type\":\"ListItem\",\"position\":2,\"name\":\"Shop\",\"item\":\"https:\/\/www.monboladegrossesse.com\/boutique\/shop\/\"},{\"@type\":\"ListItem\",\"position\":3,\"name\":\"Bola de grossesse \u00ab\u00a0Oiseau\u00a0\u00bb\"}]},{\"@type\":\"WebSite\",\"@id\":\"https:\/\/www.monboladegrossesse.com\/boutique\/#website\",\"url\":\"https:\/\/www.monboladegrossesse.com\/boutique\/\",\"name\":\"Boutique de bola de grossesse pour future maman\",\"description\":\"\",\"publisher\":{\"@id\":\"https:\/\/www.monboladegrossesse.com\/boutique\/#organization\"},\"potentialAction\":[{\"@type\":\"SearchAction\",\"target\":{\"@type\":\"EntryPoint\",\"urlTemplate\":\"https:\/\/www.monboladegrossesse.com\/boutique\/?s={search_term_string}\"},\"query-input\":{\"@type\":\"PropertyValueSpecification\",\"valueRequired\":true,\"valueName\":\"search_term_string\"}}],\"inLanguage\":\"fr-FR\"},{\"@type\":\"Organization\",\"@id\":\"https:\/\/www.monboladegrossesse.com\/boutique\/#organization\",\"name\":\"Boutique de bola de grossesse pour future maman\",\"url\":\"https:\/\/www.monboladegrossesse.com\/boutique\/\",\"logo\":{\"@type\":\"ImageObject\",\"inLanguage\":\"fr-FR\",\"@id\":\"https:\/\/www.monboladegrossesse.com\/boutique\/#\/schema\/logo\/image\/\",\"url\":\"https:\/\/www.monboladegrossesse.com\/boutique\/wp-content\/uploads\/2024\/06\/cropped-logo-bola-470X110.webp\",\"contentUrl\":\"https:\/\/www.monboladegrossesse.com\/boutique\/wp-content\/uploads\/2024\/06\/cropped-logo-bola-470X110.webp\",\"width\":470,\"height\":110,\"caption\":\"Boutique de bola de grossesse pour future maman\"},\"image\":{\"@id\":\"https:\/\/www.monboladegrossesse.com\/boutique\/#\/schema\/logo\/image\/\"},\"sameAs\":[\"https:\/\/www.facebook.com\/Bola-de-Grossesse-1360399817389794\/\",\"https:\/\/www.pinterest.fr\/monboladegrossesse\/\",\"https:\/\/www.youtube.com\/@Monboladegrossesse-x3f\",\"https:\/\/www.tiktok.com\/@bola.de.grossesse?lang=fr\"]}]}<\/script>\n<!-- \/ Yoast SEO plugin. -->","yoast_head_json":{"title":"Bola de grossesse mod\u00e8le oiseau avec pierre semi-pr\u00e9cieuse","description":"Le collier de grossesse \"Oiseau\" est un magnifique bijou pour future maman, avec son cordon su\u00e9dine et sa pierre semi-pr\u00e9cieuse aigue-marine.","robots":{"index":"index","follow":"follow","max-snippet":"max-snippet:-1","max-image-preview":"max-image-preview:large","max-video-preview":"max-video-preview:-1"},"canonical":"https:\/\/www.monboladegrossesse.com\/boutique\/produit\/bola-de-grossesse-oiseau\/","og_locale":"fr_FR","og_type":"article","og_title":"Bola de grossesse mod\u00e8le oiseau avec pierre semi-pr\u00e9cieuse","og_description":"Le collier de grossesse \"Oiseau\" est un magnifique bijou pour future maman, avec son cordon su\u00e9dine et sa pierre semi-pr\u00e9cieuse aigue-marine.","og_url":"https:\/\/www.monboladegrossesse.com\/boutique\/produit\/bola-de-grossesse-oiseau\/","og_site_name":"Boutique de bola de grossesse pour future maman","article_publisher":"https:\/\/www.facebook.com\/Bola-de-Grossesse-1360399817389794\/","article_modified_time":"2026-03-04T14:45:39+00:00","og_image":[{"width":600,"height":600,"url":"https:\/\/www.monboladegrossesse.com\/boutique\/wp-content\/uploads\/2017\/11\/bola-oiseau.jpg","type":"image\/jpeg"}],"twitter_card":"summary_large_image","twitter_misc":{"Dur\u00e9e de lecture estim\u00e9e":"2 minutes"},"schema":{"@context":"https:\/\/schema.org","@graph":[{"@type":"WebPage","@id":"https:\/\/www.monboladegrossesse.com\/boutique\/produit\/bola-de-grossesse-oiseau\/","url":"https:\/\/www.monboladegrossesse.com\/boutique\/produit\/bola-de-grossesse-oiseau\/","name":"Bola de grossesse mod\u00e8le oiseau avec pierre semi-pr\u00e9cieuse","isPartOf":{"@id":"https:\/\/www.monboladegrossesse.com\/boutique\/#website"},"primaryImageOfPage":{"@id":"https:\/\/www.monboladegrossesse.com\/boutique\/produit\/bola-de-grossesse-oiseau\/#primaryimage"},"image":{"@id":"https:\/\/www.monboladegrossesse.com\/boutique\/produit\/bola-de-grossesse-oiseau\/#primaryimage"},"thumbnailUrl":"https:\/\/www.monboladegrossesse.com\/boutique\/wp-content\/uploads\/2017\/11\/bola-oiseau.jpg","datePublished":"2017-11-03T14:08:31+00:00","dateModified":"2026-03-04T14:45:39+00:00","description":"Le collier de grossesse \"Oiseau\" est un magnifique bijou pour future maman, avec son cordon su\u00e9dine et sa pierre semi-pr\u00e9cieuse aigue-marine.","breadcrumb":{"@id":"https:\/\/www.monboladegrossesse.com\/boutique\/produit\/bola-de-grossesse-oiseau\/#breadcrumb"},"inLanguage":"fr-FR","potentialAction":[{"@type":"ReadAction","target":["https:\/\/www.monboladegrossesse.com\/boutique\/produit\/bola-de-grossesse-oiseau\/"]}]},{"@type":"ImageObject","inLanguage":"fr-FR","@id":"https:\/\/www.monboladegrossesse.com\/boutique\/produit\/bola-de-grossesse-oiseau\/#primaryimage","url":"https:\/\/www.monboladegrossesse.com\/boutique\/wp-content\/uploads\/2017\/11\/bola-oiseau.jpg","contentUrl":"https:\/\/www.monboladegrossesse.com\/boutique\/wp-content\/uploads\/2017\/11\/bola-oiseau.jpg","width":600,"height":600,"caption":"bola de grossesse mod\u00e8le oiseau"},{"@type":"BreadcrumbList","@id":"https:\/\/www.monboladegrossesse.com\/boutique\/produit\/bola-de-grossesse-oiseau\/#breadcrumb","itemListElement":[{"@type":"ListItem","position":1,"name":"Accueil","item":"https:\/\/www.monboladegrossesse.com\/boutique\/"},{"@type":"ListItem","position":2,"name":"Shop","item":"https:\/\/www.monboladegrossesse.com\/boutique\/shop\/"},{"@type":"ListItem","position":3,"name":"Bola de grossesse \u00ab\u00a0Oiseau\u00a0\u00bb"}]},{"@type":"WebSite","@id":"https:\/\/www.monboladegrossesse.com\/boutique\/#website","url":"https:\/\/www.monboladegrossesse.com\/boutique\/","name":"Boutique de bola de grossesse pour future maman","description":"","publisher":{"@id":"https:\/\/www.monboladegrossesse.com\/boutique\/#organization"},"potentialAction":[{"@type":"SearchAction","target":{"@type":"EntryPoint","urlTemplate":"https:\/\/www.monboladegrossesse.com\/boutique\/?s={search_term_string}"},"query-input":{"@type":"PropertyValueSpecification","valueRequired":true,"valueName":"search_term_string"}}],"inLanguage":"fr-FR"},{"@type":"Organization","@id":"https:\/\/www.monboladegrossesse.com\/boutique\/#organization","name":"Boutique de bola de grossesse pour future maman","url":"https:\/\/www.monboladegrossesse.com\/boutique\/","logo":{"@type":"ImageObject","inLanguage":"fr-FR","@id":"https:\/\/www.monboladegrossesse.com\/boutique\/#\/schema\/logo\/image\/","url":"https:\/\/www.monboladegrossesse.com\/boutique\/wp-content\/uploads\/2024\/06\/cropped-logo-bola-470X110.webp","contentUrl":"https:\/\/www.monboladegrossesse.com\/boutique\/wp-content\/uploads\/2024\/06\/cropped-logo-bola-470X110.webp","width":470,"height":110,"caption":"Boutique de bola de grossesse pour future maman"},"image":{"@id":"https:\/\/www.monboladegrossesse.com\/boutique\/#\/schema\/logo\/image\/"},"sameAs":["https:\/\/www.facebook.com\/Bola-de-Grossesse-1360399817389794\/","https:\/\/www.pinterest.fr\/monboladegrossesse\/","https:\/\/www.youtube.com\/@Monboladegrossesse-x3f","https:\/\/www.tiktok.com\/@bola.de.grossesse?lang=fr"]}]}},"wcpa_form_fields":null,"_links":{"self":[{"href":"https:\/\/www.monboladegrossesse.com\/boutique\/wp-json\/wp\/v2\/product\/377","targetHints":{"allow":["GET"]}}],"collection":[{"href":"https:\/\/www.monboladegrossesse.com\/boutique\/wp-json\/wp\/v2\/product"}],"about":[{"href":"https:\/\/www.monboladegrossesse.com\/boutique\/wp-json\/wp\/v2\/types\/product"}],"replies":[{"embeddable":true,"href":"https:\/\/www.monboladegrossesse.com\/boutique\/wp-json\/wp\/v2\/comments?post=377"}],"wp:featuredmedia":[{"embeddable":true,"href":"https:\/\/www.monboladegrossesse.com\/boutique\/wp-json\/wp\/v2\/media\/378"}],"wp:attachment":[{"href":"https:\/\/www.monboladegrossesse.com\/boutique\/wp-json\/wp\/v2\/media?parent=377"}],"wp:term":[{"taxonomy":"product_brand","embeddable":true,"href":"https:\/\/www.monboladegrossesse.com\/boutique\/wp-json\/wp\/v2\/product_brand?post=377"},{"taxonomy":"product_cat","embeddable":true,"href":"https:\/\/www.monboladegrossesse.com\/boutique\/wp-json\/wp\/v2\/product_cat?post=377"},{"taxonomy":"product_tag","embeddable":true,"href":"https:\/\/www.monboladegrossesse.com\/boutique\/wp-json\/wp\/v2\/product_tag?post=377"}],"curies":[{"name":"wp","href":"https:\/\/api.w.org\/{rel}","templated":true}]}}