{"id":334,"date":"2017-10-13T14:23:35","date_gmt":"2017-10-13T12:23:35","guid":{"rendered":"https:\/\/www.monboladegrossesse.com\/boutique\/?post_type=product&#038;p=334"},"modified":"2024-07-22T12:04:41","modified_gmt":"2024-07-22T10:04:41","slug":"bracelet-jonc-acier-inoxydable","status":"publish","type":"product","link":"https:\/\/www.monboladegrossesse.com\/boutique\/produit\/bracelet-jonc-acier-inoxydable\/","title":{"rendered":"Bracelet Jonc en Acier Inoxydable"},"content":{"rendered":"<p>Bracelet Jonc en Acier Inoxydable, personnalis\u00e9 avec sa m\u00e9daille en acier inoxydable grav\u00e9e. Le Jonc a un diam\u00e8tre int\u00e9rieur de 63mm. Avec s fermeture originale et rapide, ce bracelet s&rsquo;adapte parfaitement \u00e0 votre poignet. Cette fermeture offre une mise en place rapide et ais\u00e9e de votre bracelet, sans l&rsquo;aide de personne !<\/p>\n<h2>Un bracelet jonc personnalis\u00e9 avec sa m\u00e9daille grav\u00e9e<\/h2>\n<p>Ce bracelet est vendu <strong>avec 1 m\u00e9daille grav\u00e9e en acier inoxydable<\/strong>. Nous pouvons graver sur la m\u00e9daille le message de votre choix jusqu&rsquo;\u00e0 20 caract\u00e8res par c\u00f4t\u00e9.<\/p>\n<p>L&rsquo;id\u00e9e est de graver des messages li\u00e9s \u00e0 la grossesse, par exemple \u00ab\u00a0Future Maman\u00a0\u00bb \u00ab\u00a0B\u00e9b\u00e9 Bonheur\u00a0\u00bb \u00ab\u00a09 mois de toi\u00a0\u00bb \u00ab\u00a0It&rsquo;s a Girl\u00a0\u00bb mais vous pouvez imaginer des messages diff\u00e9rents comme \u00ab\u00a0Amour Infini\u00a0\u00bb \u00ab\u00a0A+F= mini nous\u00a0\u00bb \u00ab\u00a0B\u00e9b\u00e9 d&rsquo;avril\u00a0\u00bb &#8230; A vous de d\u00e9cider !<\/p>\n<p>Ce bracelet convient aux poignets standards, c&rsquo;est \u00e0 dire de 16 \u00e0 18cm de tour. Votre bijou de grossesse est livr\u00e9 dans une pochette en organza. Ce bracelet jonc est sobre et \u00e9l\u00e9gant, vous pourrez le porter pendant toute votre grossesse, avec toutes vos tenues de future maman. Il sera \u00e9galement un magnifique souvenir \u00e0 continuer de porter apr\u00e8s l&rsquo;arriv\u00e9e de b\u00e9b\u00e9.<\/p>\n<h2>Choisissez la perle naturelle qui accompagne votre bracelet jonc<\/h2>\n<p>C&rsquo;est la nouveaut\u00e9 de cette version 2022 de notre bracelet jonc inoxydable. C&rsquo;est vous qui d\u00e9cidez quelle perle naturelle sera mont\u00e9e avec la m\u00e9daille grav\u00e9e et la breloque \u00ab\u00a0maman et son b\u00e9b\u00e9\u00a0\u00bb. Il vous suffit de choisir la perle gr\u00e2ce \u00e0 notre formulaire de personnalisation ci-dessus. 10 pierres naturelles vous sont propos\u00e9es.<\/p>\n<p><strong>Par d\u00e9faut votre bracelet est accompagn\u00e9 d&rsquo;une perle d&rsquo;Aigue Marine.<\/strong><\/p>\n<h2>Une breloque maman et son b\u00e9b\u00e9 en acier inoxydable<\/h2>\n<p>C&rsquo;est la deuxi\u00e8me nouveaut\u00e9 de notre bracelet. Une breloque, elle aussi en acier inoxydable, ayant pour dessin une maman portant dans ses bras son b\u00e9b\u00e9. Cette tr\u00e8s jolie breloque l\u00e9g\u00e8re et \u00e9l\u00e9gante accompagne parfaitement votre bijou. La breloque maman et son b\u00e9b\u00e9 est l\u00e9g\u00e8rement ajour\u00e9e et vous propose une forme de coeur sur sa base.<\/p>\n<h3>Un autre bijou personnalis\u00e9 \u00e0 porter : le bola de grossesse<\/h3>\n<p>Vous pouvez \u00e9galement choisir de porter avec vos tenues de maternit\u00e9 un bola de grossesse, que vous <a href=\"https:\/\/www.monboladegrossesse.com\/bola-de-grossesse-questionsreponses\/\">pouvez porter d\u00e8s la dix-neuvi\u00e8me semaine<\/a>. Il peut \u00eatre personnalis\u00e9 avec une m\u00e9daille grav\u00e9e tout comme ce jonc en acier inoxydable. Sur notre boutique vous aurez alors le choix entre plusieurs mod\u00e8les personnalisables offrant des cordons en biais Liberty ou en acier inoxydable. L&rsquo;occasion de porter un deuxi\u00e8me bijou pour future maman, lui aussi personnaliser avec le message de votre choix !<\/p>\n<h3>Pour une parure r\u00e9ussie : notre bola lithoth\u00e9rapie &amp; grossesse<\/h3>\n<p>Si vous souhaitez porter une parure de bijoux de grossesse personnalis\u00e9s vous pouvez porter avec ce bracelet jonc <a href=\"https:\/\/www.monboladegrossesse.com\/boutique\/produit\/bola-lithotherapie-grossesse\/\">notre bola de grossesse lithoth\u00e9rapie et grossesse. <\/a>Ce bola vous permet de choisir jusqu&rsquo;\u00e0 3 perles naturelles de lithoth\u00e9rapie pour b\u00e9n\u00e9ficier tout au long de votre grossesse des bienfaits des pierres naturelles.<\/p>\n","protected":false},"excerpt":{"rendered":"<p>Bracelet Jonc en Acier Inoxydable, personnalis\u00e9 avec sa m\u00e9daille en acier inoxydable grav\u00e9e. Le Jonc a un diam\u00e8tre int\u00e9rieur de<\/p>\n","protected":false},"featured_media":12407,"comment_status":"open","ping_status":"closed","template":"","meta":{"_acf_changed":false},"product_brand":[],"product_cat":[20],"product_tag":[],"class_list":{"0":"post-334","1":"product","2":"type-product","3":"status-publish","4":"has-post-thumbnail","6":"product_cat-bracelet","7":"wcpa_has_options","9":"first","10":"instock","11":"shipping-taxable","12":"purchasable","13":"product-type-simple"},"acf":[],"yoast_head":"<!-- This site is optimized with the Yoast SEO plugin v27.2 - https:\/\/yoast.com\/product\/yoast-seo-wordpress\/ -->\n<title>Bracelet Jonc en acier inoxydable \u00e0 personnaliser avec m\u00e9daille<\/title>\n<meta name=\"description\" content=\"Bracelet jonc personnalis\u00e9 en acier inoxydable pour future maman. Un bijou grav\u00e9 avec choix de la pierre naturelle et gravure d&#039;une m\u00e9daille\" \/>\n<meta name=\"robots\" content=\"index, follow, max-snippet:-1, max-image-preview:large, max-video-preview:-1\" \/>\n<link rel=\"canonical\" href=\"https:\/\/www.monboladegrossesse.com\/boutique\/produit\/bracelet-jonc-acier-inoxydable\/\" \/>\n<meta property=\"og:locale\" content=\"fr_FR\" \/>\n<meta property=\"og:type\" content=\"article\" \/>\n<meta property=\"og:title\" content=\"Bracelet Jonc en acier inoxydable \u00e0 personnaliser avec m\u00e9daille\" \/>\n<meta property=\"og:description\" content=\"Bracelet jonc personnalis\u00e9 en acier inoxydable pour future maman. Un bijou grav\u00e9 avec choix de la pierre naturelle et gravure d&#039;une m\u00e9daille\" \/>\n<meta property=\"og:url\" content=\"https:\/\/www.monboladegrossesse.com\/boutique\/produit\/bracelet-jonc-acier-inoxydable\/\" \/>\n<meta property=\"og:site_name\" content=\"Boutique de bola de grossesse pour future maman\" \/>\n<meta property=\"article:publisher\" content=\"https:\/\/www.facebook.com\/Bola-de-Grossesse-1360399817389794\/\" \/>\n<meta property=\"article:modified_time\" content=\"2024-07-22T10:04:41+00:00\" \/>\n<meta property=\"og:image\" content=\"https:\/\/www.monboladegrossesse.com\/boutique\/wp-content\/uploads\/2017\/10\/bijou-maman-et-son-bebe.jpg\" \/>\n\t<meta property=\"og:image:width\" content=\"900\" \/>\n\t<meta property=\"og:image:height\" content=\"900\" \/>\n\t<meta property=\"og:image:type\" content=\"image\/jpeg\" \/>\n<meta name=\"twitter:card\" content=\"summary_large_image\" \/>\n<meta name=\"twitter:label1\" content=\"Dur\u00e9e de lecture estim\u00e9e\" \/>\n\t<meta name=\"twitter:data1\" content=\"3 minutes\" \/>\n<script type=\"application\/ld+json\" class=\"yoast-schema-graph\">{\"@context\":\"https:\/\/schema.org\",\"@graph\":[{\"@type\":\"WebPage\",\"@id\":\"https:\/\/www.monboladegrossesse.com\/boutique\/produit\/bracelet-jonc-acier-inoxydable\/\",\"url\":\"https:\/\/www.monboladegrossesse.com\/boutique\/produit\/bracelet-jonc-acier-inoxydable\/\",\"name\":\"Bracelet Jonc en acier inoxydable \u00e0 personnaliser avec m\u00e9daille\",\"isPartOf\":{\"@id\":\"https:\/\/www.monboladegrossesse.com\/boutique\/#website\"},\"primaryImageOfPage\":{\"@id\":\"https:\/\/www.monboladegrossesse.com\/boutique\/produit\/bracelet-jonc-acier-inoxydable\/#primaryimage\"},\"image\":{\"@id\":\"https:\/\/www.monboladegrossesse.com\/boutique\/produit\/bracelet-jonc-acier-inoxydable\/#primaryimage\"},\"thumbnailUrl\":\"https:\/\/www.monboladegrossesse.com\/boutique\/wp-content\/uploads\/2017\/10\/bijou-maman-et-son-bebe.jpg\",\"datePublished\":\"2017-10-13T12:23:35+00:00\",\"dateModified\":\"2024-07-22T10:04:41+00:00\",\"description\":\"Bracelet jonc personnalis\u00e9 en acier inoxydable pour future maman. Un bijou grav\u00e9 avec choix de la pierre naturelle et gravure d'une m\u00e9daille\",\"breadcrumb\":{\"@id\":\"https:\/\/www.monboladegrossesse.com\/boutique\/produit\/bracelet-jonc-acier-inoxydable\/#breadcrumb\"},\"inLanguage\":\"fr-FR\",\"potentialAction\":[{\"@type\":\"ReadAction\",\"target\":[\"https:\/\/www.monboladegrossesse.com\/boutique\/produit\/bracelet-jonc-acier-inoxydable\/\"]}]},{\"@type\":\"ImageObject\",\"inLanguage\":\"fr-FR\",\"@id\":\"https:\/\/www.monboladegrossesse.com\/boutique\/produit\/bracelet-jonc-acier-inoxydable\/#primaryimage\",\"url\":\"https:\/\/www.monboladegrossesse.com\/boutique\/wp-content\/uploads\/2017\/10\/bijou-maman-et-son-bebe.jpg\",\"contentUrl\":\"https:\/\/www.monboladegrossesse.com\/boutique\/wp-content\/uploads\/2017\/10\/bijou-maman-et-son-bebe.jpg\",\"width\":900,\"height\":900,\"caption\":\"bijou maman et son b\u00e9b\u00e9 personnalis\u00e9\"},{\"@type\":\"BreadcrumbList\",\"@id\":\"https:\/\/www.monboladegrossesse.com\/boutique\/produit\/bracelet-jonc-acier-inoxydable\/#breadcrumb\",\"itemListElement\":[{\"@type\":\"ListItem\",\"position\":1,\"name\":\"Accueil\",\"item\":\"https:\/\/www.monboladegrossesse.com\/boutique\/\"},{\"@type\":\"ListItem\",\"position\":2,\"name\":\"Shop\",\"item\":\"https:\/\/www.monboladegrossesse.com\/boutique\/shop\/\"},{\"@type\":\"ListItem\",\"position\":3,\"name\":\"Bracelet Jonc en Acier Inoxydable\"}]},{\"@type\":\"WebSite\",\"@id\":\"https:\/\/www.monboladegrossesse.com\/boutique\/#website\",\"url\":\"https:\/\/www.monboladegrossesse.com\/boutique\/\",\"name\":\"Boutique de bola de grossesse pour future maman\",\"description\":\"\",\"publisher\":{\"@id\":\"https:\/\/www.monboladegrossesse.com\/boutique\/#organization\"},\"potentialAction\":[{\"@type\":\"SearchAction\",\"target\":{\"@type\":\"EntryPoint\",\"urlTemplate\":\"https:\/\/www.monboladegrossesse.com\/boutique\/?s={search_term_string}\"},\"query-input\":{\"@type\":\"PropertyValueSpecification\",\"valueRequired\":true,\"valueName\":\"search_term_string\"}}],\"inLanguage\":\"fr-FR\"},{\"@type\":\"Organization\",\"@id\":\"https:\/\/www.monboladegrossesse.com\/boutique\/#organization\",\"name\":\"Boutique de bola de grossesse pour future maman\",\"url\":\"https:\/\/www.monboladegrossesse.com\/boutique\/\",\"logo\":{\"@type\":\"ImageObject\",\"inLanguage\":\"fr-FR\",\"@id\":\"https:\/\/www.monboladegrossesse.com\/boutique\/#\/schema\/logo\/image\/\",\"url\":\"https:\/\/www.monboladegrossesse.com\/boutique\/wp-content\/uploads\/2024\/06\/cropped-logo-bola-470X110.webp\",\"contentUrl\":\"https:\/\/www.monboladegrossesse.com\/boutique\/wp-content\/uploads\/2024\/06\/cropped-logo-bola-470X110.webp\",\"width\":470,\"height\":110,\"caption\":\"Boutique de bola de grossesse pour future maman\"},\"image\":{\"@id\":\"https:\/\/www.monboladegrossesse.com\/boutique\/#\/schema\/logo\/image\/\"},\"sameAs\":[\"https:\/\/www.facebook.com\/Bola-de-Grossesse-1360399817389794\/\",\"https:\/\/www.pinterest.fr\/monboladegrossesse\/\",\"https:\/\/www.youtube.com\/@Monboladegrossesse-x3f\",\"https:\/\/www.tiktok.com\/@bola.de.grossesse?lang=fr\"]}]}<\/script>\n<!-- \/ Yoast SEO plugin. -->","yoast_head_json":{"title":"Bracelet Jonc en acier inoxydable \u00e0 personnaliser avec m\u00e9daille","description":"Bracelet jonc personnalis\u00e9 en acier inoxydable pour future maman. Un bijou grav\u00e9 avec choix de la pierre naturelle et gravure d'une m\u00e9daille","robots":{"index":"index","follow":"follow","max-snippet":"max-snippet:-1","max-image-preview":"max-image-preview:large","max-video-preview":"max-video-preview:-1"},"canonical":"https:\/\/www.monboladegrossesse.com\/boutique\/produit\/bracelet-jonc-acier-inoxydable\/","og_locale":"fr_FR","og_type":"article","og_title":"Bracelet Jonc en acier inoxydable \u00e0 personnaliser avec m\u00e9daille","og_description":"Bracelet jonc personnalis\u00e9 en acier inoxydable pour future maman. Un bijou grav\u00e9 avec choix de la pierre naturelle et gravure d'une m\u00e9daille","og_url":"https:\/\/www.monboladegrossesse.com\/boutique\/produit\/bracelet-jonc-acier-inoxydable\/","og_site_name":"Boutique de bola de grossesse pour future maman","article_publisher":"https:\/\/www.facebook.com\/Bola-de-Grossesse-1360399817389794\/","article_modified_time":"2024-07-22T10:04:41+00:00","og_image":[{"width":900,"height":900,"url":"https:\/\/www.monboladegrossesse.com\/boutique\/wp-content\/uploads\/2017\/10\/bijou-maman-et-son-bebe.jpg","type":"image\/jpeg"}],"twitter_card":"summary_large_image","twitter_misc":{"Dur\u00e9e de lecture estim\u00e9e":"3 minutes"},"schema":{"@context":"https:\/\/schema.org","@graph":[{"@type":"WebPage","@id":"https:\/\/www.monboladegrossesse.com\/boutique\/produit\/bracelet-jonc-acier-inoxydable\/","url":"https:\/\/www.monboladegrossesse.com\/boutique\/produit\/bracelet-jonc-acier-inoxydable\/","name":"Bracelet Jonc en acier inoxydable \u00e0 personnaliser avec m\u00e9daille","isPartOf":{"@id":"https:\/\/www.monboladegrossesse.com\/boutique\/#website"},"primaryImageOfPage":{"@id":"https:\/\/www.monboladegrossesse.com\/boutique\/produit\/bracelet-jonc-acier-inoxydable\/#primaryimage"},"image":{"@id":"https:\/\/www.monboladegrossesse.com\/boutique\/produit\/bracelet-jonc-acier-inoxydable\/#primaryimage"},"thumbnailUrl":"https:\/\/www.monboladegrossesse.com\/boutique\/wp-content\/uploads\/2017\/10\/bijou-maman-et-son-bebe.jpg","datePublished":"2017-10-13T12:23:35+00:00","dateModified":"2024-07-22T10:04:41+00:00","description":"Bracelet jonc personnalis\u00e9 en acier inoxydable pour future maman. Un bijou grav\u00e9 avec choix de la pierre naturelle et gravure d'une m\u00e9daille","breadcrumb":{"@id":"https:\/\/www.monboladegrossesse.com\/boutique\/produit\/bracelet-jonc-acier-inoxydable\/#breadcrumb"},"inLanguage":"fr-FR","potentialAction":[{"@type":"ReadAction","target":["https:\/\/www.monboladegrossesse.com\/boutique\/produit\/bracelet-jonc-acier-inoxydable\/"]}]},{"@type":"ImageObject","inLanguage":"fr-FR","@id":"https:\/\/www.monboladegrossesse.com\/boutique\/produit\/bracelet-jonc-acier-inoxydable\/#primaryimage","url":"https:\/\/www.monboladegrossesse.com\/boutique\/wp-content\/uploads\/2017\/10\/bijou-maman-et-son-bebe.jpg","contentUrl":"https:\/\/www.monboladegrossesse.com\/boutique\/wp-content\/uploads\/2017\/10\/bijou-maman-et-son-bebe.jpg","width":900,"height":900,"caption":"bijou maman et son b\u00e9b\u00e9 personnalis\u00e9"},{"@type":"BreadcrumbList","@id":"https:\/\/www.monboladegrossesse.com\/boutique\/produit\/bracelet-jonc-acier-inoxydable\/#breadcrumb","itemListElement":[{"@type":"ListItem","position":1,"name":"Accueil","item":"https:\/\/www.monboladegrossesse.com\/boutique\/"},{"@type":"ListItem","position":2,"name":"Shop","item":"https:\/\/www.monboladegrossesse.com\/boutique\/shop\/"},{"@type":"ListItem","position":3,"name":"Bracelet Jonc en Acier Inoxydable"}]},{"@type":"WebSite","@id":"https:\/\/www.monboladegrossesse.com\/boutique\/#website","url":"https:\/\/www.monboladegrossesse.com\/boutique\/","name":"Boutique de bola de grossesse pour future maman","description":"","publisher":{"@id":"https:\/\/www.monboladegrossesse.com\/boutique\/#organization"},"potentialAction":[{"@type":"SearchAction","target":{"@type":"EntryPoint","urlTemplate":"https:\/\/www.monboladegrossesse.com\/boutique\/?s={search_term_string}"},"query-input":{"@type":"PropertyValueSpecification","valueRequired":true,"valueName":"search_term_string"}}],"inLanguage":"fr-FR"},{"@type":"Organization","@id":"https:\/\/www.monboladegrossesse.com\/boutique\/#organization","name":"Boutique de bola de grossesse pour future maman","url":"https:\/\/www.monboladegrossesse.com\/boutique\/","logo":{"@type":"ImageObject","inLanguage":"fr-FR","@id":"https:\/\/www.monboladegrossesse.com\/boutique\/#\/schema\/logo\/image\/","url":"https:\/\/www.monboladegrossesse.com\/boutique\/wp-content\/uploads\/2024\/06\/cropped-logo-bola-470X110.webp","contentUrl":"https:\/\/www.monboladegrossesse.com\/boutique\/wp-content\/uploads\/2024\/06\/cropped-logo-bola-470X110.webp","width":470,"height":110,"caption":"Boutique de bola de grossesse pour future maman"},"image":{"@id":"https:\/\/www.monboladegrossesse.com\/boutique\/#\/schema\/logo\/image\/"},"sameAs":["https:\/\/www.facebook.com\/Bola-de-Grossesse-1360399817389794\/","https:\/\/www.pinterest.fr\/monboladegrossesse\/","https:\/\/www.youtube.com\/@Monboladegrossesse-x3f","https:\/\/www.tiktok.com\/@bola.de.grossesse?lang=fr"]}]}},"wcpa_form_fields":{"wcpaData":{"product":{"product_price":19.99,"price_html":"<span class=\"woocommerce-Price-amount amount\"><bdi>19.99&nbsp;<span class=\"woocommerce-Price-currencySymbol\">&euro;<\/span><\/bdi><\/span>","original_product_price":19.99,"price_including_tax":19.99,"price_excluding_tax":19.99,"product_id":{"parent":334,"variation":false},"is_variable":false,"stock_status":"instock","stock_quantity":16,"parent_sku":"","product_attributes":[],"custom_fields":[],"is_taxable":false,"product_name":"Bracelet Jonc en Acier Inoxydable","hasImage":false},"fields":{"sec_569ed16fbb63bb":{"extra":{"key":"sec_569ed16fbb63bb","section_id":"sec_569ed16fbb63bb","name":"Default","status":1,"cl_rule":"show","enableCl":false,"relations":[],"toggle":true,"title_tag":"h3","show_title":false,"showPrice":"default","form_id":10980,"form_rules":{"exclude_from_discount":false,"fee_label":"Fee","disp_hide_options_price":false,"disp_show_section_price":false,"disp_show_field_price":true,"layout_option":"standard","pric_use_as_fee":false,"process_fee_as":"woo_fee"},"layout_option":"standard"},"fields":[[{"type":"header","subtype":"h3","label":"Je personnalise mon bracelet Jonc","elementId":"wcpa-header-1621431723850","cl_rule":"show","col":6,"relations":false,"active":true,"tooltip":"","gt_translate_keys":["label","tooltip"],"price_dependency":false,"cl_dependency":false,"value":""}],[{"type":"text","required":true,"elementId":"wcpa-text-1621431742286","label":"M\u00e9daille inoxydable : gravure recto","pricingType":"fixed","name":"text-1621431742286","subtype":"text","minlength":"1","maxlength":"20","mapToCheckoutFieldParent":"billing","mapToCheckoutField":"billing_first_name","cl_rule":"show","col":6,"relations":false,"active":true,"tooltip":"","gt_translate_keys":["label","tooltip"],"price_dependency":false,"cl_dependency":["wcpa-text-1648729332014"],"value":""}],[{"type":"text","elementId":"wcpa-text-1648729332014","label":"M\u00e9daille inoxydable : gravure verso","enablePrice":true,"pricingType":"fixed","price":"1","name":"text-1648729332014","subtype":"text","minlength":"1","maxlength":"20","mapToCheckoutFieldParent":"billing","mapToCheckoutField":"billing_first_name","enableCl":true,"cl_rule":"show","col":6,"relations":[{"operator":false,"rules":[{"operator":false,"rules":{"cl_field":"wcpa-text-1621431742286","cl_relation":"is_not_empty","cl_val":false}}]}],"active":true,"tooltip":"","gt_translate_keys":["label","tooltip"],"price_dependency":false,"cl_dependency":false,"value":""}],[{"type":"select","elementId":"wcpa-select-1648729358882","label":"Choix de la perle naturelle","priceOptions":"different_for_all","pricingType":"fixed","enable_sumo":true,"name":"select-1648729358882","cl_rule":"show","col":6,"values":[{"label":"Cornaline","value":"option-1","price":"","pimage":"","pimage_id":"","pthumb":"","selected":true,"gt_translate_keys":["label"]},{"label":"Amazonite","value":"option-2","price":"","pimage":"","pimage_id":"","pthumb":"","gt_translate_keys":["label"]},{"label":"Am\u00e9thyste","value":"option-3","price":"","pimage":"","pimage_id":"","pthumb":"","gt_translate_keys":["label"]},{"label":"Sodalite","value":"","price":"","pimage":"","pimage_id":"","pthumb":"","gt_translate_keys":["label"]},{"label":"Quartz Rose","value":"","price":"","pimage":"","pimage_id":"","pthumb":"","gt_translate_keys":["label"]},{"label":"Aigue Marine","value":"","price":"","pimage":"","pimage_id":"","pthumb":"","gt_translate_keys":["label"]},{"label":"Lapis Lazulis","value":"","price":"","pimage":"","pimage_id":"","pthumb":"","gt_translate_keys":["label"]},{"label":"Oeil de Tigre","value":"","price":"","pimage":"","pimage_id":"","pthumb":"","gt_translate_keys":["label"]},{"label":"Pierre de Lune","value":"","price":"","pimage":"","pimage_id":"","pthumb":"","gt_translate_keys":["label"]},{"label":"Pierre de Soleil","value":"","price":"","pimage":"","pimage_id":"","pthumb":"","gt_translate_keys":["label"]}],"relations":false,"active":true,"tooltip":"","gt_translate_keys":["label","tooltip"],"price_dependency":false,"cl_dependency":false,"value":""}]]}},"config":{"price_override":"","enable_recaptcha":false,"bind_quantity":false,"quantity_bind_formula":false,"disp_summ_show_option_price":true,"disp_summ_show_product_price":true,"disp_summ_show_total_price":true,"disp_summ_show_fee":false,"disp_summ_show_discount":false,"summary_title":"","options_total_label":"Prix des options","total_label":"Total","options_product_label":"Prix du bijou","fee_label":"Fee","discount_label":"Discount","has_price":true,"has_quantity_formula":false},"mc_unit":1,"tax_rate":1,"tax_rate_real":1,"discount":{"percentage":0,"fixed":0},"design":{"conf":{"LabelPosition":"above","DescPosition":"above","UploadField":"custom_1","QuantityFieldStyle":"default"},"css":{"LeftLabelWidth":"120px"}},"formulas":[],"lookuptables":[],"clones":false,"cartKey":false}},"_links":{"self":[{"href":"https:\/\/www.monboladegrossesse.com\/boutique\/wp-json\/wp\/v2\/product\/334","targetHints":{"allow":["GET"]}}],"collection":[{"href":"https:\/\/www.monboladegrossesse.com\/boutique\/wp-json\/wp\/v2\/product"}],"about":[{"href":"https:\/\/www.monboladegrossesse.com\/boutique\/wp-json\/wp\/v2\/types\/product"}],"replies":[{"embeddable":true,"href":"https:\/\/www.monboladegrossesse.com\/boutique\/wp-json\/wp\/v2\/comments?post=334"}],"wp:featuredmedia":[{"embeddable":true,"href":"https:\/\/www.monboladegrossesse.com\/boutique\/wp-json\/wp\/v2\/media\/12407"}],"wp:attachment":[{"href":"https:\/\/www.monboladegrossesse.com\/boutique\/wp-json\/wp\/v2\/media?parent=334"}],"wp:term":[{"taxonomy":"product_brand","embeddable":true,"href":"https:\/\/www.monboladegrossesse.com\/boutique\/wp-json\/wp\/v2\/product_brand?post=334"},{"taxonomy":"product_cat","embeddable":true,"href":"https:\/\/www.monboladegrossesse.com\/boutique\/wp-json\/wp\/v2\/product_cat?post=334"},{"taxonomy":"product_tag","embeddable":true,"href":"https:\/\/www.monboladegrossesse.com\/boutique\/wp-json\/wp\/v2\/product_tag?post=334"}],"curies":[{"name":"wp","href":"https:\/\/api.w.org\/{rel}","templated":true}]}}