{"id":187,"date":"2017-08-08T16:30:24","date_gmt":"2017-08-08T14:30:24","guid":{"rendered":"https:\/\/www.monboladegrossesse.com\/boutique\/?post_type=product&#038;p=187"},"modified":"2024-07-22T14:16:07","modified_gmt":"2024-07-22T12:16:07","slug":"bola-de-grossesse-personnalise-lucy","status":"publish","type":"product","link":"https:\/\/www.monboladegrossesse.com\/boutique\/produit\/bola-de-grossesse-personnalise-lucy\/","title":{"rendered":"Bola de grossesse personnalis\u00e9 Lucy"},"content":{"rendered":"<h2>Bola de Grossesse fantaisie personnalis\u00e9 avec une m\u00e9daille grav\u00e9e, message de votre choix<\/h2>\n<p>Ce collier de grossesse pour future maman est original et surtout unique ! Longueur totale 110cm environ, fermeture avec un simple noeud \u00e0 l&rsquo;arri\u00e8re du cou.<\/p>\n<p>Cordon en Liberty Lucy Lord Bleu (<em>v\u00e9ritable cordon spaghetti de la marque Liberty of London<\/em>) , Pendentif \u00ab\u00a0bo\u00eete\u00a0\u00bb aux motifs d\u00e9licats, diam\u00e8tre 23mm, contenant une pierre naturelle et semi-pr\u00e9cieuse de Lapis Lazuli. Un petit grelot est accroch\u00e9 en haut du pendentif, pour bercer b\u00e9b\u00e9 d&rsquo;un doux son pendant les mouvements de sa maman. La cage du bola \u00ab\u00a0Lucy\u00a0\u00bb est fabriqu\u00e9e sans nickel.<\/p>\n<h2>Un bola personnalis\u00e9 avec sa m\u00e9daille grav\u00e9e<\/h2>\n<p>M\u00e9daille Grav\u00e9e en aluminium diam\u00e8tre 15mm, \u00e0 personnaliser plus bas dans le champ pr\u00e9vu \u00e0 cet effet. 20 caract\u00e8res maximum, gravure au recto uniquement. Gravure sur 1 \u00e0 3 lignes selon le texte.<br \/>\n<em><strong>Id\u00e9es de message :<\/strong><\/em> B\u00e9b\u00e9 \u00e0 Bord, 1+1=3, B\u00e9b\u00e9 d&rsquo;avril, B\u00e9b\u00e9 2018, Maman pour Juin, B\u00e9b\u00e9 d&rsquo;amour, 9 mois de toi, Baby Girl, Baby Boy&#8230;. Ou tout autre message que vous souhaitez !<\/p>\n<h2>Le bola contient une pierre semi-pr\u00e9cieuse de\u00a0<em>Lapis Lazuli<\/em><\/h2>\n<p><em>Le Lapis Lazuli est aussi appel\u00e9e \u00ab\u00a0pierre d&rsquo;azur\u00a0\u00bb. Elle est d&rsquo;une couleur bleue outremer merveilleuse, avec des petits \u00e9clats dor\u00e9s (gr\u00e2ce aux \u00e9clats de pyrite). C&rsquo;est une pierre d\u2019\u00e9quilibre et d\u2019apaisement. Elle \u00e9l\u00e8ve l\u2019\u00e2me et stabilise l\u2019esprit; elle apporte sagesse, confiance en soi et expression cr\u00e9atrice.<br \/>\n<\/em><\/p>\n<p>Ce bola de grossesse unique sera un tr\u00e9sor \u00e0 porter pendant vos doux mois de grossesse, et apr\u00e8s la naissance ce sera un magnifique souvenir pour la maman et le b\u00e9b\u00e9 ! Avec son cordon en Liberty Bleu et sa pierre de Lapis Lazuli d&rsquo;un bleu \u00ab\u00a0voie lact\u00e9e\u00a0\u00bb, c&rsquo;est un collier magnifique \u00e0 porter en toutes occasions, ou \u00e0 offrir \u00e0 une future maman.<\/p>\n<p><strong>NB :<\/strong> le d\u00e9lai de fabrication de votre <a href=\"https:\/\/www.monboladegrossesse.com\/\" target=\"_blank\" rel=\"noopener noreferrer\">bola de grossesse<\/a> est de 2 jours ouvr\u00e9s.<\/p>\n<p><span style=\"color: #ff0000;\">Optez pour une cha\u00eene en acier inoxydable<\/span><br \/>\nNous vous proposons de changer le collier de votre bola de grossesse par une cha\u00eene fine en acier inoxydable sans suppl\u00e9ment de prix ! La cha\u00eene fine est accompagn\u00e9e d&rsquo;un fermoir mousqueton (\u00e9galement en acier inoxydable) et d&rsquo;une cha\u00eene rallonge avec breloque \u00e9toile.<\/p>\n","protected":false},"excerpt":{"rendered":"<p>Bola de Grossesse fantaisie personnalis\u00e9 avec une m\u00e9daille grav\u00e9e, message de votre choix Ce collier de grossesse pour future maman<\/p>\n","protected":false},"featured_media":188,"comment_status":"open","ping_status":"closed","template":"","meta":{"_acf_changed":false},"product_brand":[],"product_cat":[47],"product_tag":[],"class_list":{"0":"post-187","1":"product","2":"type-product","3":"status-publish","4":"has-post-thumbnail","6":"product_cat-bola-a-19e","7":"wcpa_has_options","9":"first","10":"instock","11":"featured","12":"shipping-taxable","13":"purchasable","14":"product-type-simple"},"acf":[],"yoast_head":"<!-- This site is optimized with the Yoast SEO plugin v27.2 - https:\/\/yoast.com\/product\/yoast-seo-wordpress\/ -->\n<title>Bola de grossesse personnalis\u00e9 avec sa m\u00e9daille grav\u00e9e<\/title>\n<meta name=\"description\" content=\"Portez un bola de grossesse unique avec sa m\u00e9daille grav\u00e9e personnalis\u00e9e selon votre envie. Faites graver sur le bijou une date, des initiales, un message\" \/>\n<meta name=\"robots\" content=\"index, follow, max-snippet:-1, max-image-preview:large, max-video-preview:-1\" \/>\n<link rel=\"canonical\" href=\"https:\/\/www.monboladegrossesse.com\/boutique\/produit\/bola-de-grossesse-personnalise-lucy\/\" \/>\n<meta property=\"og:locale\" content=\"fr_FR\" \/>\n<meta property=\"og:type\" content=\"article\" \/>\n<meta property=\"og:title\" content=\"Bola de grossesse personnalis\u00e9 avec sa m\u00e9daille grav\u00e9e\" \/>\n<meta property=\"og:description\" content=\"Portez un bola de grossesse unique avec sa m\u00e9daille grav\u00e9e personnalis\u00e9e selon votre envie. Faites graver sur le bijou une date, des initiales, un message\" \/>\n<meta property=\"og:url\" content=\"https:\/\/www.monboladegrossesse.com\/boutique\/produit\/bola-de-grossesse-personnalise-lucy\/\" \/>\n<meta property=\"og:site_name\" content=\"Boutique de bola de grossesse pour future maman\" \/>\n<meta property=\"article:publisher\" content=\"https:\/\/www.facebook.com\/Bola-de-Grossesse-1360399817389794\/\" \/>\n<meta property=\"article:modified_time\" content=\"2024-07-22T12:16:07+00:00\" \/>\n<meta property=\"og:image\" content=\"https:\/\/www.monboladegrossesse.com\/boutique\/wp-content\/uploads\/2017\/08\/bola-grossesse-personnalise-medaille-gravee-3.jpg\" \/>\n\t<meta property=\"og:image:width\" content=\"600\" \/>\n\t<meta property=\"og:image:height\" content=\"600\" \/>\n\t<meta property=\"og:image:type\" content=\"image\/jpeg\" \/>\n<meta name=\"twitter:card\" content=\"summary_large_image\" \/>\n<meta name=\"twitter:label1\" content=\"Dur\u00e9e de lecture estim\u00e9e\" \/>\n\t<meta name=\"twitter:data1\" content=\"3 minutes\" \/>\n<script type=\"application\/ld+json\" class=\"yoast-schema-graph\">{\"@context\":\"https:\/\/schema.org\",\"@graph\":[{\"@type\":\"WebPage\",\"@id\":\"https:\/\/www.monboladegrossesse.com\/boutique\/produit\/bola-de-grossesse-personnalise-lucy\/\",\"url\":\"https:\/\/www.monboladegrossesse.com\/boutique\/produit\/bola-de-grossesse-personnalise-lucy\/\",\"name\":\"Bola de grossesse personnalis\u00e9 avec sa m\u00e9daille grav\u00e9e\",\"isPartOf\":{\"@id\":\"https:\/\/www.monboladegrossesse.com\/boutique\/#website\"},\"primaryImageOfPage\":{\"@id\":\"https:\/\/www.monboladegrossesse.com\/boutique\/produit\/bola-de-grossesse-personnalise-lucy\/#primaryimage\"},\"image\":{\"@id\":\"https:\/\/www.monboladegrossesse.com\/boutique\/produit\/bola-de-grossesse-personnalise-lucy\/#primaryimage\"},\"thumbnailUrl\":\"https:\/\/www.monboladegrossesse.com\/boutique\/wp-content\/uploads\/2017\/08\/bola-grossesse-personnalise-medaille-gravee-3.jpg\",\"datePublished\":\"2017-08-08T14:30:24+00:00\",\"dateModified\":\"2024-07-22T12:16:07+00:00\",\"description\":\"Portez un bola de grossesse unique avec sa m\u00e9daille grav\u00e9e personnalis\u00e9e selon votre envie. Faites graver sur le bijou une date, des initiales, un message\",\"breadcrumb\":{\"@id\":\"https:\/\/www.monboladegrossesse.com\/boutique\/produit\/bola-de-grossesse-personnalise-lucy\/#breadcrumb\"},\"inLanguage\":\"fr-FR\",\"potentialAction\":[{\"@type\":\"ReadAction\",\"target\":[\"https:\/\/www.monboladegrossesse.com\/boutique\/produit\/bola-de-grossesse-personnalise-lucy\/\"]}]},{\"@type\":\"ImageObject\",\"inLanguage\":\"fr-FR\",\"@id\":\"https:\/\/www.monboladegrossesse.com\/boutique\/produit\/bola-de-grossesse-personnalise-lucy\/#primaryimage\",\"url\":\"https:\/\/www.monboladegrossesse.com\/boutique\/wp-content\/uploads\/2017\/08\/bola-grossesse-personnalise-medaille-gravee-3.jpg\",\"contentUrl\":\"https:\/\/www.monboladegrossesse.com\/boutique\/wp-content\/uploads\/2017\/08\/bola-grossesse-personnalise-medaille-gravee-3.jpg\",\"width\":600,\"height\":600,\"caption\":\"bola personnalis\u00e9 pour femme enceinte\"},{\"@type\":\"BreadcrumbList\",\"@id\":\"https:\/\/www.monboladegrossesse.com\/boutique\/produit\/bola-de-grossesse-personnalise-lucy\/#breadcrumb\",\"itemListElement\":[{\"@type\":\"ListItem\",\"position\":1,\"name\":\"Accueil\",\"item\":\"https:\/\/www.monboladegrossesse.com\/boutique\/\"},{\"@type\":\"ListItem\",\"position\":2,\"name\":\"Shop\",\"item\":\"https:\/\/www.monboladegrossesse.com\/boutique\/shop\/\"},{\"@type\":\"ListItem\",\"position\":3,\"name\":\"Bola de grossesse personnalis\u00e9 Lucy\"}]},{\"@type\":\"WebSite\",\"@id\":\"https:\/\/www.monboladegrossesse.com\/boutique\/#website\",\"url\":\"https:\/\/www.monboladegrossesse.com\/boutique\/\",\"name\":\"Boutique de bola de grossesse pour future maman\",\"description\":\"\",\"publisher\":{\"@id\":\"https:\/\/www.monboladegrossesse.com\/boutique\/#organization\"},\"potentialAction\":[{\"@type\":\"SearchAction\",\"target\":{\"@type\":\"EntryPoint\",\"urlTemplate\":\"https:\/\/www.monboladegrossesse.com\/boutique\/?s={search_term_string}\"},\"query-input\":{\"@type\":\"PropertyValueSpecification\",\"valueRequired\":true,\"valueName\":\"search_term_string\"}}],\"inLanguage\":\"fr-FR\"},{\"@type\":\"Organization\",\"@id\":\"https:\/\/www.monboladegrossesse.com\/boutique\/#organization\",\"name\":\"Boutique de bola de grossesse pour future maman\",\"url\":\"https:\/\/www.monboladegrossesse.com\/boutique\/\",\"logo\":{\"@type\":\"ImageObject\",\"inLanguage\":\"fr-FR\",\"@id\":\"https:\/\/www.monboladegrossesse.com\/boutique\/#\/schema\/logo\/image\/\",\"url\":\"https:\/\/www.monboladegrossesse.com\/boutique\/wp-content\/uploads\/2024\/06\/cropped-logo-bola-470X110.webp\",\"contentUrl\":\"https:\/\/www.monboladegrossesse.com\/boutique\/wp-content\/uploads\/2024\/06\/cropped-logo-bola-470X110.webp\",\"width\":470,\"height\":110,\"caption\":\"Boutique de bola de grossesse pour future maman\"},\"image\":{\"@id\":\"https:\/\/www.monboladegrossesse.com\/boutique\/#\/schema\/logo\/image\/\"},\"sameAs\":[\"https:\/\/www.facebook.com\/Bola-de-Grossesse-1360399817389794\/\",\"https:\/\/www.pinterest.fr\/monboladegrossesse\/\",\"https:\/\/www.youtube.com\/@Monboladegrossesse-x3f\",\"https:\/\/www.tiktok.com\/@bola.de.grossesse?lang=fr\"]}]}<\/script>\n<!-- \/ Yoast SEO plugin. -->","yoast_head_json":{"title":"Bola de grossesse personnalis\u00e9 avec sa m\u00e9daille grav\u00e9e","description":"Portez un bola de grossesse unique avec sa m\u00e9daille grav\u00e9e personnalis\u00e9e selon votre envie. Faites graver sur le bijou une date, des initiales, un message","robots":{"index":"index","follow":"follow","max-snippet":"max-snippet:-1","max-image-preview":"max-image-preview:large","max-video-preview":"max-video-preview:-1"},"canonical":"https:\/\/www.monboladegrossesse.com\/boutique\/produit\/bola-de-grossesse-personnalise-lucy\/","og_locale":"fr_FR","og_type":"article","og_title":"Bola de grossesse personnalis\u00e9 avec sa m\u00e9daille grav\u00e9e","og_description":"Portez un bola de grossesse unique avec sa m\u00e9daille grav\u00e9e personnalis\u00e9e selon votre envie. Faites graver sur le bijou une date, des initiales, un message","og_url":"https:\/\/www.monboladegrossesse.com\/boutique\/produit\/bola-de-grossesse-personnalise-lucy\/","og_site_name":"Boutique de bola de grossesse pour future maman","article_publisher":"https:\/\/www.facebook.com\/Bola-de-Grossesse-1360399817389794\/","article_modified_time":"2024-07-22T12:16:07+00:00","og_image":[{"width":600,"height":600,"url":"https:\/\/www.monboladegrossesse.com\/boutique\/wp-content\/uploads\/2017\/08\/bola-grossesse-personnalise-medaille-gravee-3.jpg","type":"image\/jpeg"}],"twitter_card":"summary_large_image","twitter_misc":{"Dur\u00e9e de lecture estim\u00e9e":"3 minutes"},"schema":{"@context":"https:\/\/schema.org","@graph":[{"@type":"WebPage","@id":"https:\/\/www.monboladegrossesse.com\/boutique\/produit\/bola-de-grossesse-personnalise-lucy\/","url":"https:\/\/www.monboladegrossesse.com\/boutique\/produit\/bola-de-grossesse-personnalise-lucy\/","name":"Bola de grossesse personnalis\u00e9 avec sa m\u00e9daille grav\u00e9e","isPartOf":{"@id":"https:\/\/www.monboladegrossesse.com\/boutique\/#website"},"primaryImageOfPage":{"@id":"https:\/\/www.monboladegrossesse.com\/boutique\/produit\/bola-de-grossesse-personnalise-lucy\/#primaryimage"},"image":{"@id":"https:\/\/www.monboladegrossesse.com\/boutique\/produit\/bola-de-grossesse-personnalise-lucy\/#primaryimage"},"thumbnailUrl":"https:\/\/www.monboladegrossesse.com\/boutique\/wp-content\/uploads\/2017\/08\/bola-grossesse-personnalise-medaille-gravee-3.jpg","datePublished":"2017-08-08T14:30:24+00:00","dateModified":"2024-07-22T12:16:07+00:00","description":"Portez un bola de grossesse unique avec sa m\u00e9daille grav\u00e9e personnalis\u00e9e selon votre envie. Faites graver sur le bijou une date, des initiales, un message","breadcrumb":{"@id":"https:\/\/www.monboladegrossesse.com\/boutique\/produit\/bola-de-grossesse-personnalise-lucy\/#breadcrumb"},"inLanguage":"fr-FR","potentialAction":[{"@type":"ReadAction","target":["https:\/\/www.monboladegrossesse.com\/boutique\/produit\/bola-de-grossesse-personnalise-lucy\/"]}]},{"@type":"ImageObject","inLanguage":"fr-FR","@id":"https:\/\/www.monboladegrossesse.com\/boutique\/produit\/bola-de-grossesse-personnalise-lucy\/#primaryimage","url":"https:\/\/www.monboladegrossesse.com\/boutique\/wp-content\/uploads\/2017\/08\/bola-grossesse-personnalise-medaille-gravee-3.jpg","contentUrl":"https:\/\/www.monboladegrossesse.com\/boutique\/wp-content\/uploads\/2017\/08\/bola-grossesse-personnalise-medaille-gravee-3.jpg","width":600,"height":600,"caption":"bola personnalis\u00e9 pour femme enceinte"},{"@type":"BreadcrumbList","@id":"https:\/\/www.monboladegrossesse.com\/boutique\/produit\/bola-de-grossesse-personnalise-lucy\/#breadcrumb","itemListElement":[{"@type":"ListItem","position":1,"name":"Accueil","item":"https:\/\/www.monboladegrossesse.com\/boutique\/"},{"@type":"ListItem","position":2,"name":"Shop","item":"https:\/\/www.monboladegrossesse.com\/boutique\/shop\/"},{"@type":"ListItem","position":3,"name":"Bola de grossesse personnalis\u00e9 Lucy"}]},{"@type":"WebSite","@id":"https:\/\/www.monboladegrossesse.com\/boutique\/#website","url":"https:\/\/www.monboladegrossesse.com\/boutique\/","name":"Boutique de bola de grossesse pour future maman","description":"","publisher":{"@id":"https:\/\/www.monboladegrossesse.com\/boutique\/#organization"},"potentialAction":[{"@type":"SearchAction","target":{"@type":"EntryPoint","urlTemplate":"https:\/\/www.monboladegrossesse.com\/boutique\/?s={search_term_string}"},"query-input":{"@type":"PropertyValueSpecification","valueRequired":true,"valueName":"search_term_string"}}],"inLanguage":"fr-FR"},{"@type":"Organization","@id":"https:\/\/www.monboladegrossesse.com\/boutique\/#organization","name":"Boutique de bola de grossesse pour future maman","url":"https:\/\/www.monboladegrossesse.com\/boutique\/","logo":{"@type":"ImageObject","inLanguage":"fr-FR","@id":"https:\/\/www.monboladegrossesse.com\/boutique\/#\/schema\/logo\/image\/","url":"https:\/\/www.monboladegrossesse.com\/boutique\/wp-content\/uploads\/2024\/06\/cropped-logo-bola-470X110.webp","contentUrl":"https:\/\/www.monboladegrossesse.com\/boutique\/wp-content\/uploads\/2024\/06\/cropped-logo-bola-470X110.webp","width":470,"height":110,"caption":"Boutique de bola de grossesse pour future maman"},"image":{"@id":"https:\/\/www.monboladegrossesse.com\/boutique\/#\/schema\/logo\/image\/"},"sameAs":["https:\/\/www.facebook.com\/Bola-de-Grossesse-1360399817389794\/","https:\/\/www.pinterest.fr\/monboladegrossesse\/","https:\/\/www.youtube.com\/@Monboladegrossesse-x3f","https:\/\/www.tiktok.com\/@bola.de.grossesse?lang=fr"]}]}},"wcpa_form_fields":{"wcpaData":{"product":{"product_price":19,"price_html":"<span class=\"woocommerce-Price-amount amount\"><bdi>19.00&nbsp;<span class=\"woocommerce-Price-currencySymbol\">&euro;<\/span><\/bdi><\/span>","original_product_price":19,"price_including_tax":19,"price_excluding_tax":19,"product_id":{"parent":187,"variation":false},"is_variable":false,"stock_status":"instock","stock_quantity":5,"parent_sku":"","product_attributes":[],"custom_fields":[],"is_taxable":false,"product_name":"Bola de grossesse personnalis\u00e9 Lucy","hasImage":false},"fields":{"sec_969ecfcd0637a2":{"extra":{"key":"sec_969ecfcd0637a2","section_id":"sec_969ecfcd0637a2","name":"Default","status":1,"cl_rule":"show","enableCl":false,"relations":[],"toggle":true,"title_tag":"h3","show_title":false,"showPrice":"default","form_id":15,"form_rules":{"exclude_from_discount":false,"fee_label":"Fee","disp_hide_options_price":false,"disp_show_section_price":false,"disp_show_field_price":true,"layout_option":"standard","pric_use_as_fee":false,"process_fee_as":"woo_fee"},"layout_option":"standard"},"fields":[[{"type":"header","subtype":"h3","label":"Personnalisation du bola","elementId":"wcpa-header-60a4d2f310a96","cl_rule":"show","col":6,"relations":false,"active":true,"tooltip":"","gt_translate_keys":["label","tooltip"],"price_dependency":false,"cl_dependency":false,"value":""}],[{"type":"select","required":true,"elementId":"wcpa-select-60a4d2f310ab6","label":"Choix de la m\u00e9daille","description":"","desc_type":true,"priceOptions":"different_for_all","pricingType":"fixed","name":"select-60a4d2f310ace","cl_rule":"show","col":6,"values":[{"label":"M\u00e9daille en Alu","value":"option-1","price":"","pimage":"","pimage_id":"","pthumb":"","selected":true,"gt_translate_keys":["label"]},{"label":"M\u00e9daille en Argent 925","value":"option-2","price":"","pimage":"","pimage_id":"","pthumb":"","gt_translate_keys":["label"]}],"relations":false,"active":true,"tooltip":"Personnaliser votre bola avec la gravure d'une m\u00e9daille Alu ou Argent 925","gt_translate_keys":["label","description","tooltip"],"price_dependency":false,"cl_dependency":["wcpa-text-60a4d2f310ae4","wcpa-text-60a4d2f310b34"],"value":""}],[{"type":"image-group","required":true,"label":"Choix de la Police de gravure","elementId":"wcpa-image-group-1643361278120","inline":true,"priceOptions":"different_for_all","pricingType":"fixed","enable_popup":"no","name":"image-group-1643361278120","disp_type":"square","img_selection_type":"outline","other_text":"Other","cl_rule":"show","col":6,"values":[{"label":"Police Sara pour bola","price":"","image":"https:\/\/www.monboladegrossesse.com\/boutique\/wp-content\/uploads\/2022\/01\/274.jpg","image_id":"12048","thumb":"https:\/\/www.monboladegrossesse.com\/boutique\/wp-content\/uploads\/2022\/01\/274-150x55.jpg","value":"0","thumb_src":"https:\/\/www.monboladegrossesse.com\/boutique\/wp-content\/uploads\/2022\/01\/274.jpg","gt_translate_keys":["label"]},{"label":"Police Cl\u00e9a pour bola","price":"","image":"https:\/\/www.monboladegrossesse.com\/boutique\/wp-content\/uploads\/2022\/01\/277.jpg","image_id":"12049","thumb":"https:\/\/www.monboladegrossesse.com\/boutique\/wp-content\/uploads\/2022\/01\/277-150x55.jpg","value":"1","thumb_src":"https:\/\/www.monboladegrossesse.com\/boutique\/wp-content\/uploads\/2022\/01\/277.jpg","gt_translate_keys":["label"]},{"label":"Police C\u00e9line pour bola","price":"","image":"https:\/\/www.monboladegrossesse.com\/boutique\/wp-content\/uploads\/2022\/01\/celine.jpg","image_id":"12050","thumb":"https:\/\/www.monboladegrossesse.com\/boutique\/wp-content\/uploads\/2022\/01\/celine-150x55.jpg","selected":true,"value":"2","thumb_src":"https:\/\/www.monboladegrossesse.com\/boutique\/wp-content\/uploads\/2022\/01\/celine.jpg","gt_translate_keys":["label"]}],"relations":false,"active":true,"tooltip":"","layOut":"inline","disp_size_img":{"width":"","height":""},"gt_translate_keys":["label","tooltip"],"price_dependency":false,"cl_dependency":false,"value":""}],[{"type":"text","elementId":"wcpa-text-60a4d2f310ae4","label":"Gravure recto offerte sur m\u00e9daille Alu","description":"Vous pouvez graver jusqu'\u00e0 20 caract\u00e8res","pricingType":"fixed","price":"2.99","name":"text-60a4d2f310af8","subtype":"text","maxlength":"20","mapToCheckoutFieldParent":"billing","mapToCheckoutField":"billing_first_name","enableCl":true,"cl_rule":"show","cl_val":"option-1","col":6,"relations":[{"operator":false,"rules":[{"operator":false,"rules":{"cl_field":"wcpa-select-60a4d2f310ab6","cl_relation":"is","cl_val":"option-1"}}]}],"active":true,"tooltip":"","gt_translate_keys":["label","description","tooltip"],"price_dependency":false,"cl_dependency":["wcpa-text-60a4d2f310b0d"],"value":""}],[{"type":"text","elementId":"wcpa-text-60a4d2f310b0d","label":"M\u00e9daille en Alu gravure verso","description":"Vous pouvez graver jusqu'\u00e0 20 caract\u00e8res","enablePrice":true,"pricingType":"fixed","price":"1.99","name":"text-60a4d2f310b21","subtype":"text","maxlength":"20","mapToCheckoutFieldParent":"billing","mapToCheckoutField":"billing_first_name","enableCl":true,"cl_rule":"show","col":6,"relations":[{"operator":false,"rules":[{"operator":false,"rules":{"cl_field":"wcpa-text-60a4d2f310ae4","cl_relation":"is_not_empty","cl_val":false}}]}],"active":true,"tooltip":"","gt_translate_keys":["label","description","tooltip"],"price_dependency":false,"cl_dependency":false,"value":""}],[{"type":"text","elementId":"wcpa-text-60a4d2f310b34","label":"M\u00e9daille en Argent 925 gravure recto","enablePrice":true,"pricingType":"fixed","price":"7.99","name":"text-60a4d2f310b48","subtype":"text","maxlength":"20","mapToCheckoutFieldParent":"billing","mapToCheckoutField":"billing_first_name","enableCl":true,"cl_rule":"show","cl_val":"option-2","col":6,"relations":[{"operator":false,"rules":[{"operator":false,"rules":{"cl_field":"wcpa-select-60a4d2f310ab6","cl_relation":"is","cl_val":"option-2"}}]}],"active":true,"tooltip":"","gt_translate_keys":["label","tooltip"],"price_dependency":false,"cl_dependency":["wcpa-text-60a4d2f310b5c"],"value":""}],[{"type":"text","elementId":"wcpa-text-60a4d2f310b5c","label":"M\u00e9daille en Argent 925 gravure verso","description":"Vous pouvez graver jusqu'\u00e0 20 caract\u00e8res","enablePrice":true,"pricingType":"fixed","price":"1","name":"text-60a4d2f310b70","subtype":"text","maxlength":"20","mapToCheckoutFieldParent":"billing","mapToCheckoutField":"billing_first_name","enableCl":true,"cl_rule":"show","col":6,"relations":[{"operator":false,"rules":[{"operator":false,"rules":{"cl_field":"wcpa-text-60a4d2f310b34","cl_relation":"is_not_empty","cl_val":false}}]}],"active":true,"tooltip":"","gt_translate_keys":["label","description","tooltip"],"price_dependency":false,"cl_dependency":false,"value":""}],[{"type":"separator","elementId":"wcpa-separator-1621414663059","cl_rule":"show","col":6,"relations":false,"active":true,"tooltip":"","gt_translate_keys":["tooltip"],"price_dependency":false,"cl_dependency":false,"value":""}],[{"type":"header","subtype":"h3","label":"Choix du collier","elementId":"wcpa-header-1621414664890","cl_rule":"show","col":6,"relations":false,"active":true,"tooltip":"","gt_translate_keys":["label","tooltip"],"price_dependency":false,"cl_dependency":false,"value":""}],[{"type":"select","required":true,"elementId":"wcpa-select-1621414681528","label":"Choix entre Liberty et chaine inox.","description":"","desc_type":true,"enablePrice":true,"priceOptions":"different_for_all","pricingType":"fixed","name":"select-1621414681528","cl_rule":"show","col":6,"values":[{"label":"Je garde le cordon","value":"option-1","price":"","pimage":"","pimage_id":"","pthumb":"","selected":true,"gt_translate_keys":["label"]},{"label":"Je pr\u00e9f\u00e8re une chaine inox.","value":"option-2","price":"2.99","pimage":"","pimage_id":"","pthumb":"","gt_translate_keys":["label"]}],"relations":false,"price":0,"active":true,"tooltip":"Le Liberty est remplac\u00e9 par une chaine en acier inoxydable","gt_translate_keys":["label","description","tooltip"],"price_dependency":false,"cl_dependency":false,"value":""}]]}},"config":{"price_override":"","enable_recaptcha":false,"bind_quantity":false,"quantity_bind_formula":false,"disp_summ_show_option_price":true,"disp_summ_show_product_price":true,"disp_summ_show_total_price":true,"disp_summ_show_fee":false,"disp_summ_show_discount":false,"summary_title":"","options_total_label":"Prix des options","total_label":"Total","options_product_label":"Prix du bijou","fee_label":"Fee","discount_label":"Discount","has_price":true,"has_quantity_formula":false},"mc_unit":1,"tax_rate":1,"tax_rate_real":1,"discount":{"percentage":0,"fixed":0},"design":{"conf":{"LabelPosition":"above","DescPosition":"above","UploadField":"custom_1","QuantityFieldStyle":"default"},"css":{"LeftLabelWidth":"120px"}},"formulas":[],"lookuptables":[],"clones":false,"cartKey":false}},"_links":{"self":[{"href":"https:\/\/www.monboladegrossesse.com\/boutique\/wp-json\/wp\/v2\/product\/187","targetHints":{"allow":["GET"]}}],"collection":[{"href":"https:\/\/www.monboladegrossesse.com\/boutique\/wp-json\/wp\/v2\/product"}],"about":[{"href":"https:\/\/www.monboladegrossesse.com\/boutique\/wp-json\/wp\/v2\/types\/product"}],"replies":[{"embeddable":true,"href":"https:\/\/www.monboladegrossesse.com\/boutique\/wp-json\/wp\/v2\/comments?post=187"}],"wp:featuredmedia":[{"embeddable":true,"href":"https:\/\/www.monboladegrossesse.com\/boutique\/wp-json\/wp\/v2\/media\/188"}],"wp:attachment":[{"href":"https:\/\/www.monboladegrossesse.com\/boutique\/wp-json\/wp\/v2\/media?parent=187"}],"wp:term":[{"taxonomy":"product_brand","embeddable":true,"href":"https:\/\/www.monboladegrossesse.com\/boutique\/wp-json\/wp\/v2\/product_brand?post=187"},{"taxonomy":"product_cat","embeddable":true,"href":"https:\/\/www.monboladegrossesse.com\/boutique\/wp-json\/wp\/v2\/product_cat?post=187"},{"taxonomy":"product_tag","embeddable":true,"href":"https:\/\/www.monboladegrossesse.com\/boutique\/wp-json\/wp\/v2\/product_tag?post=187"}],"curies":[{"name":"wp","href":"https:\/\/api.w.org\/{rel}","templated":true}]}}