{"id":170,"date":"2017-08-19T20:04:39","date_gmt":"2017-08-19T18:04:39","guid":{"rendered":"https:\/\/www.monboladegrossesse.com\/boutique\/?post_type=product&#038;p=170"},"modified":"2026-03-04T15:46:05","modified_gmt":"2026-03-04T14:46:05","slug":"bola-galaxie","status":"publish","type":"product","link":"https:\/\/www.monboladegrossesse.com\/boutique\/produit\/bola-galaxie\/","title":{"rendered":"Bola Galaxie"},"content":{"rendered":"<h2>Bola ou sautoir de grossesse fantaisie couleur argent mod\u00e8le \u00ab\u00a0Galaxie\u00a0\u00bb<\/h2>\n<p>Montage sur cordon su\u00e9dine couleur Beige (aspect daim) longueur 100cm environ. Fermeture avec un simple noeud dans le cou (peut \u00eatre raccourci facilement en coupant le cordon et en r\u00e9alisant un nouveau noeud)<\/p>\n<h2>Le bola Galaxie et sa\u00a0pierre semi-pr\u00e9cieuse d&rsquo;Amazonite<\/h2>\n<p>Bola \u00ab\u00a0Cage\u00a0\u00bb couleur argent avec de nombreuses \u00e9toiles ! Pendentif diam\u00e8tre 22mm avec petit grelot , qui renferme une pierre semi-pr\u00e9cieuse d&rsquo;Amazonite. C&rsquo;est une pierre joyeuse qui aide \u00e0 reprendre contact avec son \u00e2me d\u2019enfant. <em>L&rsquo;amazonite favorise le l\u00e2cher prise, aide \u00e0 prendre les situations compliqu\u00e9es et la vie en g\u00e9n\u00e9ral avec l\u00e9g\u00e8ret\u00e9. L\u2019amazonite donne le yin : l&rsquo;affection et la douceur. Elle est conseill\u00e9e aux futures mamans qui sont trop yang (avec un c\u00f4t\u00e9 masculin, avec une vie professionnelle qui prend trop de place, peu \u00e0 l&rsquo;\u00e9coute d&rsquo;elle-m\u00eame ).<br \/>\n<\/em><\/p>\n<p>Le Bola Galaxie sera le parfait compagnon de grossesse pour les mamans stress\u00e9e, tr\u00e8s prise par leur travail et qui ont du mal \u00e0 d\u00e9connecter.\u00a0 Avec ses couleurs douces, de beige et de vert p\u00e2le, ce collier magique apportera douceur et joie \u00e0 vos 9 mois : )<\/p>\n<p>En raison de la naturalit\u00e9 des pertes semi-pr\u00e9cieuses, elles peuvent pr\u00e9senter des petites irr\u00e9gularit\u00e9s. De plus, le d\u00e9coupage ou le polissage peut aussi faire que chaque morceau de pierre varie en couleur et en taille.<\/p>\n<h3>Mieux connaitre votre bola de grossesse<\/h3>\n<p>Porter un bola ou un collier durant votre grossesse n&rsquo;est pas anodin. Ils apportent en effet \u00e0 votre b\u00e9b\u00e9 gr\u00e2ce au grelot un son apaisant. Mais c&rsquo;est aussi gr\u00e2ce \u00e0 la pierre semi-pr\u00e9cieuse pr\u00e9sente dans ces bijoux pour future maman, de <a href=\"https:\/\/www.monboladegrossesse.com\/lithotherapie-durant-grossesse-bienfaits\/\">nombreux bienfaits li\u00e9s \u00e0 la lithoth\u00e9rapie.<\/a> Sachez \u00e9galement que votre vola peut se porter d\u00e8s la 19\u00e8me semaine de grossesse. C&rsquo;est en effet \u00e0 partir de cette p\u00e9riode que votre b\u00e9b\u00e9 va reconnaitre le son \u00e9mit par le bijou que vous portez.<\/p>\n<p><span style=\"color: #ff0000;\"><strong><em>Changer le collier de votre bijou !<\/em><\/strong><\/span> Nous vous proposons d\u00e9sormais la possibilit\u00e9 de changer votre collier de bola. En effet, vous pouvez remplacer le collier initial en cordon su\u00e9dine couleur Beige du mod\u00e8le galaxie, par de la chaine fine en acier inoxydable, d\u2019une longueur de 110cm avec fermoir mousqueton et cha\u00eene de rallonge avec une breloque \u00e9toile.<\/p>\n<p>Il suffit de simplement cocher l\u2019option \u00ab\u00a0chaine en acier inoxydable\u00a0\u00bb (en haut de la page) et nous vous enverrons <i>le mod\u00e8le galaxie\u00a0<\/i>avec son collier en chaine. Vous pouvez consulter la galerie photos de cette page pour d\u00e9couvrir notre chaine en acier inoxydable.<\/p>\n","protected":false},"excerpt":{"rendered":"<p>Bola ou sautoir de grossesse fantaisie couleur argent mod\u00e8le \u00ab\u00a0Galaxie\u00a0\u00bb Montage sur cordon su\u00e9dine couleur Beige (aspect daim) longueur 100cm<\/p>\n","protected":false},"featured_media":171,"comment_status":"open","ping_status":"closed","template":"","meta":{"_acf_changed":false},"product_brand":[],"product_cat":[47],"product_tag":[],"class_list":{"0":"post-170","1":"product","2":"type-product","3":"status-publish","4":"has-post-thumbnail","6":"product_cat-bola-a-19e","8":"first","9":"instock","10":"shipping-taxable","11":"purchasable","12":"product-type-simple"},"acf":[],"yoast_head":"<!-- This site is optimized with the Yoast SEO plugin v27.2 - https:\/\/yoast.com\/product\/yoast-seo-wordpress\/ -->\n<title>Bola de grossesse fantaisie avec une pierre naturelle d&#039;Amazonite<\/title>\n<meta name=\"description\" content=\"Galaxie est un mod\u00e8le de vola de grossesse pas cher, renfermant une pierre semi-pr\u00e9cieuse d&#039;Amazonite. le collier est en su\u00e9dine couleur Beige (aspect daim)\" \/>\n<meta name=\"robots\" content=\"index, follow, max-snippet:-1, max-image-preview:large, max-video-preview:-1\" \/>\n<link rel=\"canonical\" href=\"https:\/\/www.monboladegrossesse.com\/boutique\/produit\/bola-galaxie\/\" \/>\n<meta property=\"og:locale\" content=\"fr_FR\" \/>\n<meta property=\"og:type\" content=\"article\" \/>\n<meta property=\"og:title\" content=\"Bola de grossesse fantaisie avec une pierre naturelle d&#039;Amazonite\" \/>\n<meta property=\"og:description\" content=\"Galaxie est un mod\u00e8le de vola de grossesse pas cher, renfermant une pierre semi-pr\u00e9cieuse d&#039;Amazonite. le collier est en su\u00e9dine couleur Beige (aspect daim)\" \/>\n<meta property=\"og:url\" content=\"https:\/\/www.monboladegrossesse.com\/boutique\/produit\/bola-galaxie\/\" \/>\n<meta property=\"og:site_name\" content=\"Boutique de bola de grossesse pour future maman\" \/>\n<meta property=\"article:publisher\" content=\"https:\/\/www.facebook.com\/Bola-de-Grossesse-1360399817389794\/\" \/>\n<meta property=\"article:modified_time\" content=\"2026-03-04T14:46:05+00:00\" \/>\n<meta property=\"og:image\" content=\"https:\/\/www.monboladegrossesse.com\/boutique\/wp-content\/uploads\/2017\/08\/bola-galaxie-grossesse-2.jpg\" \/>\n\t<meta property=\"og:image:width\" content=\"600\" \/>\n\t<meta property=\"og:image:height\" content=\"600\" \/>\n\t<meta property=\"og:image:type\" content=\"image\/jpeg\" \/>\n<meta name=\"twitter:card\" content=\"summary_large_image\" \/>\n<meta name=\"twitter:label1\" content=\"Dur\u00e9e de lecture estim\u00e9e\" \/>\n\t<meta name=\"twitter:data1\" content=\"3 minutes\" \/>\n<script type=\"application\/ld+json\" class=\"yoast-schema-graph\">{\"@context\":\"https:\/\/schema.org\",\"@graph\":[{\"@type\":\"WebPage\",\"@id\":\"https:\/\/www.monboladegrossesse.com\/boutique\/produit\/bola-galaxie\/\",\"url\":\"https:\/\/www.monboladegrossesse.com\/boutique\/produit\/bola-galaxie\/\",\"name\":\"Bola de grossesse fantaisie avec une pierre naturelle d'Amazonite\",\"isPartOf\":{\"@id\":\"https:\/\/www.monboladegrossesse.com\/boutique\/#website\"},\"primaryImageOfPage\":{\"@id\":\"https:\/\/www.monboladegrossesse.com\/boutique\/produit\/bola-galaxie\/#primaryimage\"},\"image\":{\"@id\":\"https:\/\/www.monboladegrossesse.com\/boutique\/produit\/bola-galaxie\/#primaryimage\"},\"thumbnailUrl\":\"https:\/\/www.monboladegrossesse.com\/boutique\/wp-content\/uploads\/2017\/08\/bola-galaxie-grossesse-2.jpg\",\"datePublished\":\"2017-08-19T18:04:39+00:00\",\"dateModified\":\"2026-03-04T14:46:05+00:00\",\"description\":\"Galaxie est un mod\u00e8le de vola de grossesse pas cher, renfermant une pierre semi-pr\u00e9cieuse d'Amazonite. le collier est en su\u00e9dine couleur Beige (aspect daim)\",\"breadcrumb\":{\"@id\":\"https:\/\/www.monboladegrossesse.com\/boutique\/produit\/bola-galaxie\/#breadcrumb\"},\"inLanguage\":\"fr-FR\",\"potentialAction\":[{\"@type\":\"ReadAction\",\"target\":[\"https:\/\/www.monboladegrossesse.com\/boutique\/produit\/bola-galaxie\/\"]}]},{\"@type\":\"ImageObject\",\"inLanguage\":\"fr-FR\",\"@id\":\"https:\/\/www.monboladegrossesse.com\/boutique\/produit\/bola-galaxie\/#primaryimage\",\"url\":\"https:\/\/www.monboladegrossesse.com\/boutique\/wp-content\/uploads\/2017\/08\/bola-galaxie-grossesse-2.jpg\",\"contentUrl\":\"https:\/\/www.monboladegrossesse.com\/boutique\/wp-content\/uploads\/2017\/08\/bola-galaxie-grossesse-2.jpg\",\"width\":600,\"height\":600,\"caption\":\"Bola Galaxie : bola pour femme enceinte\"},{\"@type\":\"BreadcrumbList\",\"@id\":\"https:\/\/www.monboladegrossesse.com\/boutique\/produit\/bola-galaxie\/#breadcrumb\",\"itemListElement\":[{\"@type\":\"ListItem\",\"position\":1,\"name\":\"Accueil\",\"item\":\"https:\/\/www.monboladegrossesse.com\/boutique\/\"},{\"@type\":\"ListItem\",\"position\":2,\"name\":\"Shop\",\"item\":\"https:\/\/www.monboladegrossesse.com\/boutique\/shop\/\"},{\"@type\":\"ListItem\",\"position\":3,\"name\":\"Bola Galaxie\"}]},{\"@type\":\"WebSite\",\"@id\":\"https:\/\/www.monboladegrossesse.com\/boutique\/#website\",\"url\":\"https:\/\/www.monboladegrossesse.com\/boutique\/\",\"name\":\"Boutique de bola de grossesse pour future maman\",\"description\":\"\",\"publisher\":{\"@id\":\"https:\/\/www.monboladegrossesse.com\/boutique\/#organization\"},\"potentialAction\":[{\"@type\":\"SearchAction\",\"target\":{\"@type\":\"EntryPoint\",\"urlTemplate\":\"https:\/\/www.monboladegrossesse.com\/boutique\/?s={search_term_string}\"},\"query-input\":{\"@type\":\"PropertyValueSpecification\",\"valueRequired\":true,\"valueName\":\"search_term_string\"}}],\"inLanguage\":\"fr-FR\"},{\"@type\":\"Organization\",\"@id\":\"https:\/\/www.monboladegrossesse.com\/boutique\/#organization\",\"name\":\"Boutique de bola de grossesse pour future maman\",\"url\":\"https:\/\/www.monboladegrossesse.com\/boutique\/\",\"logo\":{\"@type\":\"ImageObject\",\"inLanguage\":\"fr-FR\",\"@id\":\"https:\/\/www.monboladegrossesse.com\/boutique\/#\/schema\/logo\/image\/\",\"url\":\"https:\/\/www.monboladegrossesse.com\/boutique\/wp-content\/uploads\/2024\/06\/cropped-logo-bola-470X110.webp\",\"contentUrl\":\"https:\/\/www.monboladegrossesse.com\/boutique\/wp-content\/uploads\/2024\/06\/cropped-logo-bola-470X110.webp\",\"width\":470,\"height\":110,\"caption\":\"Boutique de bola de grossesse pour future maman\"},\"image\":{\"@id\":\"https:\/\/www.monboladegrossesse.com\/boutique\/#\/schema\/logo\/image\/\"},\"sameAs\":[\"https:\/\/www.facebook.com\/Bola-de-Grossesse-1360399817389794\/\",\"https:\/\/www.pinterest.fr\/monboladegrossesse\/\",\"https:\/\/www.youtube.com\/@Monboladegrossesse-x3f\",\"https:\/\/www.tiktok.com\/@bola.de.grossesse?lang=fr\"]}]}<\/script>\n<!-- \/ Yoast SEO plugin. -->","yoast_head_json":{"title":"Bola de grossesse fantaisie avec une pierre naturelle d'Amazonite","description":"Galaxie est un mod\u00e8le de vola de grossesse pas cher, renfermant une pierre semi-pr\u00e9cieuse d'Amazonite. le collier est en su\u00e9dine couleur Beige (aspect daim)","robots":{"index":"index","follow":"follow","max-snippet":"max-snippet:-1","max-image-preview":"max-image-preview:large","max-video-preview":"max-video-preview:-1"},"canonical":"https:\/\/www.monboladegrossesse.com\/boutique\/produit\/bola-galaxie\/","og_locale":"fr_FR","og_type":"article","og_title":"Bola de grossesse fantaisie avec une pierre naturelle d'Amazonite","og_description":"Galaxie est un mod\u00e8le de vola de grossesse pas cher, renfermant une pierre semi-pr\u00e9cieuse d'Amazonite. le collier est en su\u00e9dine couleur Beige (aspect daim)","og_url":"https:\/\/www.monboladegrossesse.com\/boutique\/produit\/bola-galaxie\/","og_site_name":"Boutique de bola de grossesse pour future maman","article_publisher":"https:\/\/www.facebook.com\/Bola-de-Grossesse-1360399817389794\/","article_modified_time":"2026-03-04T14:46:05+00:00","og_image":[{"width":600,"height":600,"url":"https:\/\/www.monboladegrossesse.com\/boutique\/wp-content\/uploads\/2017\/08\/bola-galaxie-grossesse-2.jpg","type":"image\/jpeg"}],"twitter_card":"summary_large_image","twitter_misc":{"Dur\u00e9e de lecture estim\u00e9e":"3 minutes"},"schema":{"@context":"https:\/\/schema.org","@graph":[{"@type":"WebPage","@id":"https:\/\/www.monboladegrossesse.com\/boutique\/produit\/bola-galaxie\/","url":"https:\/\/www.monboladegrossesse.com\/boutique\/produit\/bola-galaxie\/","name":"Bola de grossesse fantaisie avec une pierre naturelle d'Amazonite","isPartOf":{"@id":"https:\/\/www.monboladegrossesse.com\/boutique\/#website"},"primaryImageOfPage":{"@id":"https:\/\/www.monboladegrossesse.com\/boutique\/produit\/bola-galaxie\/#primaryimage"},"image":{"@id":"https:\/\/www.monboladegrossesse.com\/boutique\/produit\/bola-galaxie\/#primaryimage"},"thumbnailUrl":"https:\/\/www.monboladegrossesse.com\/boutique\/wp-content\/uploads\/2017\/08\/bola-galaxie-grossesse-2.jpg","datePublished":"2017-08-19T18:04:39+00:00","dateModified":"2026-03-04T14:46:05+00:00","description":"Galaxie est un mod\u00e8le de vola de grossesse pas cher, renfermant une pierre semi-pr\u00e9cieuse d'Amazonite. le collier est en su\u00e9dine couleur Beige (aspect daim)","breadcrumb":{"@id":"https:\/\/www.monboladegrossesse.com\/boutique\/produit\/bola-galaxie\/#breadcrumb"},"inLanguage":"fr-FR","potentialAction":[{"@type":"ReadAction","target":["https:\/\/www.monboladegrossesse.com\/boutique\/produit\/bola-galaxie\/"]}]},{"@type":"ImageObject","inLanguage":"fr-FR","@id":"https:\/\/www.monboladegrossesse.com\/boutique\/produit\/bola-galaxie\/#primaryimage","url":"https:\/\/www.monboladegrossesse.com\/boutique\/wp-content\/uploads\/2017\/08\/bola-galaxie-grossesse-2.jpg","contentUrl":"https:\/\/www.monboladegrossesse.com\/boutique\/wp-content\/uploads\/2017\/08\/bola-galaxie-grossesse-2.jpg","width":600,"height":600,"caption":"Bola Galaxie : bola pour femme enceinte"},{"@type":"BreadcrumbList","@id":"https:\/\/www.monboladegrossesse.com\/boutique\/produit\/bola-galaxie\/#breadcrumb","itemListElement":[{"@type":"ListItem","position":1,"name":"Accueil","item":"https:\/\/www.monboladegrossesse.com\/boutique\/"},{"@type":"ListItem","position":2,"name":"Shop","item":"https:\/\/www.monboladegrossesse.com\/boutique\/shop\/"},{"@type":"ListItem","position":3,"name":"Bola Galaxie"}]},{"@type":"WebSite","@id":"https:\/\/www.monboladegrossesse.com\/boutique\/#website","url":"https:\/\/www.monboladegrossesse.com\/boutique\/","name":"Boutique de bola de grossesse pour future maman","description":"","publisher":{"@id":"https:\/\/www.monboladegrossesse.com\/boutique\/#organization"},"potentialAction":[{"@type":"SearchAction","target":{"@type":"EntryPoint","urlTemplate":"https:\/\/www.monboladegrossesse.com\/boutique\/?s={search_term_string}"},"query-input":{"@type":"PropertyValueSpecification","valueRequired":true,"valueName":"search_term_string"}}],"inLanguage":"fr-FR"},{"@type":"Organization","@id":"https:\/\/www.monboladegrossesse.com\/boutique\/#organization","name":"Boutique de bola de grossesse pour future maman","url":"https:\/\/www.monboladegrossesse.com\/boutique\/","logo":{"@type":"ImageObject","inLanguage":"fr-FR","@id":"https:\/\/www.monboladegrossesse.com\/boutique\/#\/schema\/logo\/image\/","url":"https:\/\/www.monboladegrossesse.com\/boutique\/wp-content\/uploads\/2024\/06\/cropped-logo-bola-470X110.webp","contentUrl":"https:\/\/www.monboladegrossesse.com\/boutique\/wp-content\/uploads\/2024\/06\/cropped-logo-bola-470X110.webp","width":470,"height":110,"caption":"Boutique de bola de grossesse pour future maman"},"image":{"@id":"https:\/\/www.monboladegrossesse.com\/boutique\/#\/schema\/logo\/image\/"},"sameAs":["https:\/\/www.facebook.com\/Bola-de-Grossesse-1360399817389794\/","https:\/\/www.pinterest.fr\/monboladegrossesse\/","https:\/\/www.youtube.com\/@Monboladegrossesse-x3f","https:\/\/www.tiktok.com\/@bola.de.grossesse?lang=fr"]}]}},"wcpa_form_fields":null,"_links":{"self":[{"href":"https:\/\/www.monboladegrossesse.com\/boutique\/wp-json\/wp\/v2\/product\/170","targetHints":{"allow":["GET"]}}],"collection":[{"href":"https:\/\/www.monboladegrossesse.com\/boutique\/wp-json\/wp\/v2\/product"}],"about":[{"href":"https:\/\/www.monboladegrossesse.com\/boutique\/wp-json\/wp\/v2\/types\/product"}],"replies":[{"embeddable":true,"href":"https:\/\/www.monboladegrossesse.com\/boutique\/wp-json\/wp\/v2\/comments?post=170"}],"wp:featuredmedia":[{"embeddable":true,"href":"https:\/\/www.monboladegrossesse.com\/boutique\/wp-json\/wp\/v2\/media\/171"}],"wp:attachment":[{"href":"https:\/\/www.monboladegrossesse.com\/boutique\/wp-json\/wp\/v2\/media?parent=170"}],"wp:term":[{"taxonomy":"product_brand","embeddable":true,"href":"https:\/\/www.monboladegrossesse.com\/boutique\/wp-json\/wp\/v2\/product_brand?post=170"},{"taxonomy":"product_cat","embeddable":true,"href":"https:\/\/www.monboladegrossesse.com\/boutique\/wp-json\/wp\/v2\/product_cat?post=170"},{"taxonomy":"product_tag","embeddable":true,"href":"https:\/\/www.monboladegrossesse.com\/boutique\/wp-json\/wp\/v2\/product_tag?post=170"}],"curies":[{"name":"wp","href":"https:\/\/api.w.org\/{rel}","templated":true}]}}