{"id":15501,"date":"2025-12-09T14:56:27","date_gmt":"2025-12-09T13:56:27","guid":{"rendered":"https:\/\/www.monboladegrossesse.com\/boutique\/?post_type=product&#038;p=15501"},"modified":"2025-12-09T14:56:27","modified_gmt":"2025-12-09T13:56:27","slug":"kit-bola-de-grossesse-etoile-parme-diy","status":"publish","type":"product","link":"https:\/\/www.monboladegrossesse.com\/boutique\/produit\/kit-bola-de-grossesse-etoile-parme-diy\/","title":{"rendered":"Kit bola de grossesse \u00e9toile parme &#8211; DIY"},"content":{"rendered":"<p>Cr\u00e9ez un bola de grossesse unique avec notre kit \u00e9toile parme, pens\u00e9 pour accompagner en douceur votre maternit\u00e9. Ce kit DIY complet vous permet de personnaliser votre bijou musical en quelques gestes simples, sans comp\u00e9tences particuli\u00e8res requises.<\/p>\n<h2>Les appr\u00eats de votre kit DIY pour cr\u00e9er votre bola de grossesse<\/h2>\n<p>Votre kit contient tout le n\u00e9cessaire pour assembler un magnifique bola de grossesse :<\/p>\n<ul>\n<li>une cage pendentif \u00e9l\u00e9gante abritant une petite bille sonore de 10mm au tintement apaisant,<\/li>\n<li>un cordon su\u00e9dine plat argent\u00e9 de 120cm (largeur 2mm) pour un port confortable,<\/li>\n<li>un cordon coton \u00e9toil\u00e9 spaghetti couleur parme de 120cm pour une touche f\u00e9minine,<\/li>\n<li>un pompon coton assorti,<\/li>\n<li>une ravissante breloque \u00e9toile en acier inoxydable,<\/li>\n<li>une attache breloque<\/li>\n<li>et tous les anneaux n\u00e9cessaires au montage.<\/li>\n<\/ul>\n<h2>Pourquoi choisir ce kit bola DIY ?<\/h2>\n<p>La couleur parme \u00e9voque la douceur et la s\u00e9r\u00e9nit\u00e9, parfaite pour c\u00e9l\u00e9brer l&rsquo;attente de b\u00e9b\u00e9. L&rsquo;\u00e9toile symbolise le guide et la lumi\u00e8re qui accompagnera votre enfant. En cr\u00e9ant vous-m\u00eame votre bola, vous tissez un lien \u00e9motionnel fort avec ce bijou qui rythmera votre grossesse par son doux carillon. Id\u00e9al aussi comme cadeau original pour une future maman.<\/p>\n<p><strong>Montage facile en 15 minutes. Instructions &amp; vid\u00e9o tuto incluses.<\/strong><\/p>\n","protected":false},"excerpt":{"rendered":"<p>Cr\u00e9ez un bola de grossesse unique avec notre kit \u00e9toile parme, pens\u00e9 pour accompagner en douceur votre maternit\u00e9. Ce kit<\/p>\n","protected":false},"featured_media":15503,"comment_status":"open","ping_status":"closed","template":"","meta":{"_acf_changed":false},"product_brand":[],"product_cat":[79],"product_tag":[],"class_list":{"0":"post-15501","1":"product","2":"type-product","3":"status-publish","4":"has-post-thumbnail","6":"product_cat-kit-bola-de-grossesse-diy","7":"wcpa_has_options","9":"first","10":"instock","11":"shipping-taxable","12":"purchasable","13":"product-type-simple"},"acf":[],"yoast_head":"<!-- This site is optimized with the Yoast SEO plugin v27.2 - https:\/\/yoast.com\/product\/yoast-seo-wordpress\/ -->\n<title>Kit bola de grossesse \u00e9toile parme DIY<\/title>\n<meta name=\"description\" content=\"Kit DIY complet pour cr\u00e9er votre bola de grossesse \u00e9toile parme. Bijou musical personnalis\u00e9, montage facile. Id\u00e9al cadeau maternit\u00e9.\" \/>\n<meta name=\"robots\" content=\"index, follow, max-snippet:-1, max-image-preview:large, max-video-preview:-1\" \/>\n<link rel=\"canonical\" href=\"https:\/\/www.monboladegrossesse.com\/boutique\/produit\/kit-bola-de-grossesse-etoile-parme-diy\/\" \/>\n<meta property=\"og:locale\" content=\"fr_FR\" \/>\n<meta property=\"og:type\" content=\"article\" \/>\n<meta property=\"og:title\" content=\"Kit bola de grossesse \u00e9toile parme DIY\" \/>\n<meta property=\"og:description\" content=\"Kit DIY complet pour cr\u00e9er votre bola de grossesse \u00e9toile parme. Bijou musical personnalis\u00e9, montage facile. Id\u00e9al cadeau maternit\u00e9.\" \/>\n<meta property=\"og:url\" content=\"https:\/\/www.monboladegrossesse.com\/boutique\/produit\/kit-bola-de-grossesse-etoile-parme-diy\/\" \/>\n<meta property=\"og:site_name\" content=\"Boutique de bola de grossesse pour future maman\" \/>\n<meta property=\"article:publisher\" content=\"https:\/\/www.facebook.com\/Bola-de-Grossesse-1360399817389794\/\" \/>\n<meta property=\"og:image\" content=\"https:\/\/www.monboladegrossesse.com\/boutique\/wp-content\/uploads\/2025\/12\/kit-diy-bola-etoile-parme.webp\" \/>\n\t<meta property=\"og:image:width\" content=\"1500\" \/>\n\t<meta property=\"og:image:height\" content=\"1500\" \/>\n\t<meta property=\"og:image:type\" content=\"image\/webp\" \/>\n<meta name=\"twitter:card\" content=\"summary_large_image\" \/>\n<meta name=\"twitter:label1\" content=\"Dur\u00e9e de lecture estim\u00e9e\" \/>\n\t<meta name=\"twitter:data1\" content=\"2 minutes\" \/>\n<script type=\"application\/ld+json\" class=\"yoast-schema-graph\">{\"@context\":\"https:\/\/schema.org\",\"@graph\":[{\"@type\":\"WebPage\",\"@id\":\"https:\/\/www.monboladegrossesse.com\/boutique\/produit\/kit-bola-de-grossesse-etoile-parme-diy\/\",\"url\":\"https:\/\/www.monboladegrossesse.com\/boutique\/produit\/kit-bola-de-grossesse-etoile-parme-diy\/\",\"name\":\"Kit bola de grossesse \u00e9toile parme DIY\",\"isPartOf\":{\"@id\":\"https:\/\/www.monboladegrossesse.com\/boutique\/#website\"},\"primaryImageOfPage\":{\"@id\":\"https:\/\/www.monboladegrossesse.com\/boutique\/produit\/kit-bola-de-grossesse-etoile-parme-diy\/#primaryimage\"},\"image\":{\"@id\":\"https:\/\/www.monboladegrossesse.com\/boutique\/produit\/kit-bola-de-grossesse-etoile-parme-diy\/#primaryimage\"},\"thumbnailUrl\":\"https:\/\/www.monboladegrossesse.com\/boutique\/wp-content\/uploads\/2025\/12\/kit-diy-bola-etoile-parme.webp\",\"datePublished\":\"2025-12-09T13:56:27+00:00\",\"description\":\"Kit DIY complet pour cr\u00e9er votre bola de grossesse \u00e9toile parme. Bijou musical personnalis\u00e9, montage facile. Id\u00e9al cadeau maternit\u00e9.\",\"breadcrumb\":{\"@id\":\"https:\/\/www.monboladegrossesse.com\/boutique\/produit\/kit-bola-de-grossesse-etoile-parme-diy\/#breadcrumb\"},\"inLanguage\":\"fr-FR\",\"potentialAction\":[{\"@type\":\"ReadAction\",\"target\":[\"https:\/\/www.monboladegrossesse.com\/boutique\/produit\/kit-bola-de-grossesse-etoile-parme-diy\/\"]}]},{\"@type\":\"ImageObject\",\"inLanguage\":\"fr-FR\",\"@id\":\"https:\/\/www.monboladegrossesse.com\/boutique\/produit\/kit-bola-de-grossesse-etoile-parme-diy\/#primaryimage\",\"url\":\"https:\/\/www.monboladegrossesse.com\/boutique\/wp-content\/uploads\/2025\/12\/kit-diy-bola-etoile-parme.webp\",\"contentUrl\":\"https:\/\/www.monboladegrossesse.com\/boutique\/wp-content\/uploads\/2025\/12\/kit-diy-bola-etoile-parme.webp\",\"width\":1500,\"height\":1500,\"caption\":\"Kit bola de grossesse \u00e9toile parme - DIY\"},{\"@type\":\"BreadcrumbList\",\"@id\":\"https:\/\/www.monboladegrossesse.com\/boutique\/produit\/kit-bola-de-grossesse-etoile-parme-diy\/#breadcrumb\",\"itemListElement\":[{\"@type\":\"ListItem\",\"position\":1,\"name\":\"Accueil\",\"item\":\"https:\/\/www.monboladegrossesse.com\/boutique\/\"},{\"@type\":\"ListItem\",\"position\":2,\"name\":\"Shop\",\"item\":\"https:\/\/www.monboladegrossesse.com\/boutique\/shop\/\"},{\"@type\":\"ListItem\",\"position\":3,\"name\":\"Kit bola de grossesse \u00e9toile parme &#8211; DIY\"}]},{\"@type\":\"WebSite\",\"@id\":\"https:\/\/www.monboladegrossesse.com\/boutique\/#website\",\"url\":\"https:\/\/www.monboladegrossesse.com\/boutique\/\",\"name\":\"Boutique de bola de grossesse pour future maman\",\"description\":\"\",\"publisher\":{\"@id\":\"https:\/\/www.monboladegrossesse.com\/boutique\/#organization\"},\"potentialAction\":[{\"@type\":\"SearchAction\",\"target\":{\"@type\":\"EntryPoint\",\"urlTemplate\":\"https:\/\/www.monboladegrossesse.com\/boutique\/?s={search_term_string}\"},\"query-input\":{\"@type\":\"PropertyValueSpecification\",\"valueRequired\":true,\"valueName\":\"search_term_string\"}}],\"inLanguage\":\"fr-FR\"},{\"@type\":\"Organization\",\"@id\":\"https:\/\/www.monboladegrossesse.com\/boutique\/#organization\",\"name\":\"Boutique de bola de grossesse pour future maman\",\"url\":\"https:\/\/www.monboladegrossesse.com\/boutique\/\",\"logo\":{\"@type\":\"ImageObject\",\"inLanguage\":\"fr-FR\",\"@id\":\"https:\/\/www.monboladegrossesse.com\/boutique\/#\/schema\/logo\/image\/\",\"url\":\"https:\/\/www.monboladegrossesse.com\/boutique\/wp-content\/uploads\/2024\/06\/cropped-logo-bola-470X110.webp\",\"contentUrl\":\"https:\/\/www.monboladegrossesse.com\/boutique\/wp-content\/uploads\/2024\/06\/cropped-logo-bola-470X110.webp\",\"width\":470,\"height\":110,\"caption\":\"Boutique de bola de grossesse pour future maman\"},\"image\":{\"@id\":\"https:\/\/www.monboladegrossesse.com\/boutique\/#\/schema\/logo\/image\/\"},\"sameAs\":[\"https:\/\/www.facebook.com\/Bola-de-Grossesse-1360399817389794\/\",\"https:\/\/www.pinterest.fr\/monboladegrossesse\/\",\"https:\/\/www.youtube.com\/@Monboladegrossesse-x3f\",\"https:\/\/www.tiktok.com\/@bola.de.grossesse?lang=fr\"]}]}<\/script>\n<!-- \/ Yoast SEO plugin. -->","yoast_head_json":{"title":"Kit bola de grossesse \u00e9toile parme DIY","description":"Kit DIY complet pour cr\u00e9er votre bola de grossesse \u00e9toile parme. Bijou musical personnalis\u00e9, montage facile. Id\u00e9al cadeau maternit\u00e9.","robots":{"index":"index","follow":"follow","max-snippet":"max-snippet:-1","max-image-preview":"max-image-preview:large","max-video-preview":"max-video-preview:-1"},"canonical":"https:\/\/www.monboladegrossesse.com\/boutique\/produit\/kit-bola-de-grossesse-etoile-parme-diy\/","og_locale":"fr_FR","og_type":"article","og_title":"Kit bola de grossesse \u00e9toile parme DIY","og_description":"Kit DIY complet pour cr\u00e9er votre bola de grossesse \u00e9toile parme. Bijou musical personnalis\u00e9, montage facile. Id\u00e9al cadeau maternit\u00e9.","og_url":"https:\/\/www.monboladegrossesse.com\/boutique\/produit\/kit-bola-de-grossesse-etoile-parme-diy\/","og_site_name":"Boutique de bola de grossesse pour future maman","article_publisher":"https:\/\/www.facebook.com\/Bola-de-Grossesse-1360399817389794\/","og_image":[{"width":1500,"height":1500,"url":"https:\/\/www.monboladegrossesse.com\/boutique\/wp-content\/uploads\/2025\/12\/kit-diy-bola-etoile-parme.webp","type":"image\/webp"}],"twitter_card":"summary_large_image","twitter_misc":{"Dur\u00e9e de lecture estim\u00e9e":"2 minutes"},"schema":{"@context":"https:\/\/schema.org","@graph":[{"@type":"WebPage","@id":"https:\/\/www.monboladegrossesse.com\/boutique\/produit\/kit-bola-de-grossesse-etoile-parme-diy\/","url":"https:\/\/www.monboladegrossesse.com\/boutique\/produit\/kit-bola-de-grossesse-etoile-parme-diy\/","name":"Kit bola de grossesse \u00e9toile parme DIY","isPartOf":{"@id":"https:\/\/www.monboladegrossesse.com\/boutique\/#website"},"primaryImageOfPage":{"@id":"https:\/\/www.monboladegrossesse.com\/boutique\/produit\/kit-bola-de-grossesse-etoile-parme-diy\/#primaryimage"},"image":{"@id":"https:\/\/www.monboladegrossesse.com\/boutique\/produit\/kit-bola-de-grossesse-etoile-parme-diy\/#primaryimage"},"thumbnailUrl":"https:\/\/www.monboladegrossesse.com\/boutique\/wp-content\/uploads\/2025\/12\/kit-diy-bola-etoile-parme.webp","datePublished":"2025-12-09T13:56:27+00:00","description":"Kit DIY complet pour cr\u00e9er votre bola de grossesse \u00e9toile parme. Bijou musical personnalis\u00e9, montage facile. Id\u00e9al cadeau maternit\u00e9.","breadcrumb":{"@id":"https:\/\/www.monboladegrossesse.com\/boutique\/produit\/kit-bola-de-grossesse-etoile-parme-diy\/#breadcrumb"},"inLanguage":"fr-FR","potentialAction":[{"@type":"ReadAction","target":["https:\/\/www.monboladegrossesse.com\/boutique\/produit\/kit-bola-de-grossesse-etoile-parme-diy\/"]}]},{"@type":"ImageObject","inLanguage":"fr-FR","@id":"https:\/\/www.monboladegrossesse.com\/boutique\/produit\/kit-bola-de-grossesse-etoile-parme-diy\/#primaryimage","url":"https:\/\/www.monboladegrossesse.com\/boutique\/wp-content\/uploads\/2025\/12\/kit-diy-bola-etoile-parme.webp","contentUrl":"https:\/\/www.monboladegrossesse.com\/boutique\/wp-content\/uploads\/2025\/12\/kit-diy-bola-etoile-parme.webp","width":1500,"height":1500,"caption":"Kit bola de grossesse \u00e9toile parme - DIY"},{"@type":"BreadcrumbList","@id":"https:\/\/www.monboladegrossesse.com\/boutique\/produit\/kit-bola-de-grossesse-etoile-parme-diy\/#breadcrumb","itemListElement":[{"@type":"ListItem","position":1,"name":"Accueil","item":"https:\/\/www.monboladegrossesse.com\/boutique\/"},{"@type":"ListItem","position":2,"name":"Shop","item":"https:\/\/www.monboladegrossesse.com\/boutique\/shop\/"},{"@type":"ListItem","position":3,"name":"Kit bola de grossesse \u00e9toile parme &#8211; DIY"}]},{"@type":"WebSite","@id":"https:\/\/www.monboladegrossesse.com\/boutique\/#website","url":"https:\/\/www.monboladegrossesse.com\/boutique\/","name":"Boutique de bola de grossesse pour future maman","description":"","publisher":{"@id":"https:\/\/www.monboladegrossesse.com\/boutique\/#organization"},"potentialAction":[{"@type":"SearchAction","target":{"@type":"EntryPoint","urlTemplate":"https:\/\/www.monboladegrossesse.com\/boutique\/?s={search_term_string}"},"query-input":{"@type":"PropertyValueSpecification","valueRequired":true,"valueName":"search_term_string"}}],"inLanguage":"fr-FR"},{"@type":"Organization","@id":"https:\/\/www.monboladegrossesse.com\/boutique\/#organization","name":"Boutique de bola de grossesse pour future maman","url":"https:\/\/www.monboladegrossesse.com\/boutique\/","logo":{"@type":"ImageObject","inLanguage":"fr-FR","@id":"https:\/\/www.monboladegrossesse.com\/boutique\/#\/schema\/logo\/image\/","url":"https:\/\/www.monboladegrossesse.com\/boutique\/wp-content\/uploads\/2024\/06\/cropped-logo-bola-470X110.webp","contentUrl":"https:\/\/www.monboladegrossesse.com\/boutique\/wp-content\/uploads\/2024\/06\/cropped-logo-bola-470X110.webp","width":470,"height":110,"caption":"Boutique de bola de grossesse pour future maman"},"image":{"@id":"https:\/\/www.monboladegrossesse.com\/boutique\/#\/schema\/logo\/image\/"},"sameAs":["https:\/\/www.facebook.com\/Bola-de-Grossesse-1360399817389794\/","https:\/\/www.pinterest.fr\/monboladegrossesse\/","https:\/\/www.youtube.com\/@Monboladegrossesse-x3f","https:\/\/www.tiktok.com\/@bola.de.grossesse?lang=fr"]}]}},"wcpa_form_fields":{"wcpaData":{"product":{"product_price":12,"price_html":"<span class=\"woocommerce-Price-amount amount\"><bdi>12.00&nbsp;<span class=\"woocommerce-Price-currencySymbol\">&euro;<\/span><\/bdi><\/span>","original_product_price":12,"price_including_tax":12,"price_excluding_tax":12,"product_id":{"parent":15501,"variation":false},"is_variable":false,"stock_status":"instock","stock_quantity":9,"parent_sku":"","product_attributes":[],"custom_fields":[],"is_taxable":false,"product_name":"Kit bola de grossesse \u00e9toile parme - DIY","hasImage":false},"fields":{"sec_4693804687dd10":{"extra":{"key":"sec_4693804687dd10","section_id":"sec_4693804687dd10","name":"Default","status":1,"cl_rule":"show","enableCl":false,"relations":[],"toggle":true,"title_tag":"h3","show_title":false,"showPrice":"default","form_id":15502,"form_rules":{"exclude_from_discount":false,"fee_label":"Fee","disp_hide_options_price":false,"disp_show_section_price":false,"disp_show_field_price":true,"layout_option":"standard","pric_use_as_fee":false,"process_fee_as":"woo_fee"},"layout_option":"standard"},"fields":[[{"type":"text","elementId":"text_5693804687dd37","label":"Pr\u00e9nom de la future maman","description":"(pour personnaliser l'emballage du bola)","pricingType":"fixed","name":"text_5693804687dd37","subtype":"text","maxlength":"30","mapToCheckoutFieldParent":"billing","mapToCheckoutField":"billing_first_name","cl_rule":"show","col":6,"relations":false,"active":true,"tooltip":"","gt_translate_keys":["label","description","tooltip"],"price_dependency":false,"cl_dependency":false,"value":""}],[{"type":"select","required":true,"elementId":"select_9693804687dd42","label":"Avec ou sans m\u00e9daille","priceOptions":"different_for_all","pricingType":"fixed","name":"select_9693804687dd42","cl_rule":"show","col":6,"values":[{"label":"Sans m\u00e9daille","value":"option-1","price":"","pimage":"","pimage_id":"","pthumb":"","selected":true,"gt_translate_keys":["label"]},{"label":"Avec m\u00e9daille","value":"option-2","price":"","pimage":"","pimage_id":"","pthumb":"","gt_translate_keys":["label"]}],"relations":false,"active":true,"tooltip":"","gt_translate_keys":["label","tooltip"],"price_dependency":false,"cl_dependency":["select_1693804687dd4a","image-group_8693804687dd53","text_2693804687dd5a"],"value":""}],[{"type":"select","elementId":"select_1693804687dd4a","label":"Type de m\u00e9daille","enablePrice":true,"priceOptions":"different_for_all","pricingType":"fixed","name":"select_1693804687dd4a","enableCl":true,"cl_rule":"show","cl_val":"option-2","col":6,"values":[{"label":"1 m\u00e9daille acier inox","value":"option-1","price":"3","pimage":"","pimage_id":"","pthumb":"","selected":true,"gt_translate_keys":["label"]},{"label":"1 m\u00e9daille acier inox dor\u00e9e","value":"option-2","price":"4","pimage":"","pimage_id":"","pthumb":"","gt_translate_keys":["label"]},{"label":"1 m\u00e9daille acier inox Or Rose","value":"option-3","price":"4","pimage":"","pimage_id":"","pthumb":"","gt_translate_keys":["label"]},{"label":"1 m\u00e9daille Argent 925","value":"option-4","price":"9","pimage":"","pimage_id":"","pthumb":"","gt_translate_keys":["label"]}],"relations":[{"operator":false,"rules":[{"operator":false,"rules":{"cl_field":"select_9693804687dd42","cl_relation":"is","cl_val":"option-2"}}]}],"price":0,"active":true,"tooltip":"","isWeightTemplate":false,"error":false,"isTemplate":false,"min_quantity":"1","quantity_decimal":false,"quantity_step":"1","quantity_label":"Quantity","repeater_field_label":"{field_label}","repeater_bind":"","dropdown_type":"basic","gt_translate_keys":["label","tooltip","repeater_field_label","quantity_label"],"price_dependency":false,"cl_dependency":false,"value":""}],[{"type":"image-group","required":true,"label":"Police au choix","elementId":"image-group_8693804687dd53","inline":true,"priceOptions":"different_for_all","pricingType":"fixed","enable_popup":"no","name":"image-group_8693804687dd53","min_options":"0","max_options":"1","disp_type":"square","img_selection_type":"tick-shadow","other_text":"Other","enableCl":true,"cl_rule":"show","cl_val":"option-2","col":6,"values":[{"label":"Karine","price":"","image":"https:\/\/www.mapesteadoree.fr\/boutique\/wp-content\/uploads\/2022\/01\/278.jpg","image_id":"47356","thumb":"https:\/\/www.mapesteadoree.fr\/boutique\/wp-content\/uploads\/2022\/01\/278-150x55.jpg","value":"0","thumb_src":"https:\/\/www.mapesteadoree.fr\/boutique\/wp-content\/uploads\/2022\/01\/278.jpg","gt_translate_keys":["label"]},{"label":"Cl\u00e9a","price":"","image":"https:\/\/www.mapesteadoree.fr\/boutique\/wp-content\/uploads\/2022\/01\/277.jpg","image_id":"47355","thumb":"https:\/\/www.mapesteadoree.fr\/boutique\/wp-content\/uploads\/2022\/01\/277-150x55.jpg","value":"1","thumb_src":"https:\/\/www.mapesteadoree.fr\/boutique\/wp-content\/uploads\/2022\/01\/277.jpg","gt_translate_keys":["label"]},{"label":"Aroa","price":"","image":"https:\/\/www.mapesteadoree.fr\/boutique\/wp-content\/uploads\/2022\/01\/276.jpg","image_id":"47354","thumb":"https:\/\/www.mapesteadoree.fr\/boutique\/wp-content\/uploads\/2022\/01\/276-150x55.jpg","value":"2","thumb_src":"https:\/\/www.mapesteadoree.fr\/boutique\/wp-content\/uploads\/2022\/01\/276.jpg","gt_translate_keys":["label"]},{"label":"Leah","price":"","image":"https:\/\/www.mapesteadoree.fr\/boutique\/wp-content\/uploads\/2022\/01\/275.jpg","image_id":"47353","thumb":"https:\/\/www.mapesteadoree.fr\/boutique\/wp-content\/uploads\/2022\/01\/275-150x55.jpg","value":"3","thumb_src":"https:\/\/www.mapesteadoree.fr\/boutique\/wp-content\/uploads\/2022\/01\/275.jpg","gt_translate_keys":["label"]},{"label":"Sara","price":"","image":"https:\/\/www.mapesteadoree.fr\/boutique\/wp-content\/uploads\/2022\/01\/274.jpg","image_id":"47352","thumb":"https:\/\/www.mapesteadoree.fr\/boutique\/wp-content\/uploads\/2022\/01\/274-150x55.jpg","value":"4","thumb_src":"https:\/\/www.mapesteadoree.fr\/boutique\/wp-content\/uploads\/2022\/01\/274.jpg","gt_translate_keys":["label"]}],"relations":[{"operator":false,"rules":[{"operator":false,"rules":{"cl_field":"select_9693804687dd42","cl_relation":"is","cl_val":"option-2"}}]}],"active":true,"tooltip":"","layOut":"inline","disp_size_img":{"width":"","height":""},"gt_translate_keys":["label","tooltip"],"price_dependency":false,"cl_dependency":false,"value":""}],[{"type":"text","required":true,"elementId":"text_2693804687dd5a","label":"Texte \u00e0 graver au Recto","pricingType":"fixed","name":"text_2693804687dd5a","subtype":"text","minlength":"1","maxlength":"20","charleft":true,"mapToCheckoutFieldParent":"billing","mapToCheckoutField":"billing_first_name","enableCl":true,"cl_rule":"show","cl_val":"option-2","col":6,"relations":[{"operator":false,"rules":[{"operator":false,"rules":{"cl_field":"select_9693804687dd42","cl_relation":"is","cl_val":"option-2"}}]}],"active":true,"tooltip":"","gt_translate_keys":["label","tooltip"],"price_dependency":false,"cl_dependency":["text_10693804687dd60"],"value":""}],[{"type":"text","elementId":"text_10693804687dd60","label":"Texte \u00e0 graver au Verso","pricingType":"fixed","name":"text_10693804687dd60","subtype":"text","minlength":"1","maxlength":"20","charleft":true,"mapToCheckoutFieldParent":"billing","mapToCheckoutField":"billing_first_name","enableCl":true,"cl_rule":"show","col":6,"relations":[{"operator":false,"rules":[{"operator":false,"rules":{"cl_field":"text_2693804687dd5a","cl_relation":"is_not_empty","cl_val":false}}]}],"active":true,"tooltip":"","error":false,"gt_translate_keys":["label","tooltip"],"price_dependency":false,"cl_dependency":false,"value":""}]]}},"config":{"price_override":"","enable_recaptcha":false,"bind_quantity":false,"quantity_bind_formula":false,"disp_summ_show_option_price":true,"disp_summ_show_product_price":true,"disp_summ_show_total_price":true,"disp_summ_show_fee":false,"disp_summ_show_discount":false,"summary_title":"","options_total_label":"Prix des options","total_label":"Total","options_product_label":"Prix du bijou","fee_label":"Fee","discount_label":"Discount","has_price":true,"has_quantity_formula":false},"mc_unit":1,"tax_rate":1,"tax_rate_real":1,"discount":{"percentage":0,"fixed":0},"design":{"conf":{"LabelPosition":"above","DescPosition":"above","UploadField":"custom_1","QuantityFieldStyle":"default"},"css":{"LeftLabelWidth":"120px"}},"formulas":[],"lookuptables":[],"clones":false,"cartKey":false}},"_links":{"self":[{"href":"https:\/\/www.monboladegrossesse.com\/boutique\/wp-json\/wp\/v2\/product\/15501","targetHints":{"allow":["GET"]}}],"collection":[{"href":"https:\/\/www.monboladegrossesse.com\/boutique\/wp-json\/wp\/v2\/product"}],"about":[{"href":"https:\/\/www.monboladegrossesse.com\/boutique\/wp-json\/wp\/v2\/types\/product"}],"replies":[{"embeddable":true,"href":"https:\/\/www.monboladegrossesse.com\/boutique\/wp-json\/wp\/v2\/comments?post=15501"}],"wp:featuredmedia":[{"embeddable":true,"href":"https:\/\/www.monboladegrossesse.com\/boutique\/wp-json\/wp\/v2\/media\/15503"}],"wp:attachment":[{"href":"https:\/\/www.monboladegrossesse.com\/boutique\/wp-json\/wp\/v2\/media?parent=15501"}],"wp:term":[{"taxonomy":"product_brand","embeddable":true,"href":"https:\/\/www.monboladegrossesse.com\/boutique\/wp-json\/wp\/v2\/product_brand?post=15501"},{"taxonomy":"product_cat","embeddable":true,"href":"https:\/\/www.monboladegrossesse.com\/boutique\/wp-json\/wp\/v2\/product_cat?post=15501"},{"taxonomy":"product_tag","embeddable":true,"href":"https:\/\/www.monboladegrossesse.com\/boutique\/wp-json\/wp\/v2\/product_tag?post=15501"}],"curies":[{"name":"wp","href":"https:\/\/api.w.org\/{rel}","templated":true}]}}