{"id":154,"date":"2017-08-03T13:36:13","date_gmt":"2017-08-03T11:36:13","guid":{"rendered":"https:\/\/www.monboladegrossesse.com\/boutique\/?post_type=product&#038;p=154"},"modified":"2026-03-04T15:46:13","modified_gmt":"2026-03-04T14:46:13","slug":"bola-chat","status":"publish","type":"product","link":"https:\/\/www.monboladegrossesse.com\/boutique\/produit\/bola-chat\/","title":{"rendered":"Bola Chat"},"content":{"rendered":"<h2>Bola ou sautoir de grossesse fantaisie couleur argent \u00ab\u00a0Chat\u00a0\u00bb<\/h2>\n<p>Un bijou avec un montage sur cordon su\u00e9dine noir (aspect daim) longueur 100cm environ. \u00a0Fermeture avec un simple noeud dans le cou (peut \u00eatre raccourci facilement en coupant le cordon et en r\u00e9alisant un nouveau noeud).<\/p>\n<h2>Le bola chat et sa pierre semi-pr\u00e9cieuse de Quartz Rose<\/h2>\n<p>Bola \u00ab\u00a0Cage\u00a0\u00bb couleur argent chat, avec oreilles en r\u00e9sine noire. Cet adorable pendentif a un diam\u00e8tre de 25mm et une hauteur de 26mm, avec petit grelot accroch\u00e9 au dessus (\u00e9met un petit son). La Cage ou pendentif renferme une pierre semi-pr\u00e9cieuse de Quartz Rose, pierre connue en lithoth\u00e9rapie pour ses bienfaits pendant la grossesse . <em>Le quartz rose est une pierre attach\u00e9e au chakra du coeur, et elle symbolise l\u2019amour et la tendresse. Elle donne au c\u0153ur une grande douceur et instaure une paix int\u00e9rieure.<br \/>\n<\/em><\/p>\n<p>Coup de coeur pour ce bola original Chat, bien trop mignon ! Avec son cordon noir, ce collier ira avec toutes vos tenues pendant et apr\u00e8s votre grossesse. Il est aussi un magnifique cadeau \u00e0 faire, notamment pour toutes les futures mamans fans de chat, mais pas que :) Apr\u00e8s la naissance de votre b\u00e9b\u00e9, vous pourrez placer votre collier ou seulement la pierre dans la chambre de l&rsquo;enfant, car c&rsquo;est une pierre apaisante.<em><br \/>\n<\/em><\/p>\n<blockquote><p><em>En raison de la naturalit\u00e9 des\u00a0pertes semi-pr\u00e9cieuses, elles\u00a0peuvent\u00a0pr\u00e9senter\u00a0des petites irr\u00e9gularit\u00e9s.\u00a0De plus,\u00a0le d\u00e9coupage ou le polissage peut aussi faire que chaque morceau de pierre varie en couleur et en taille.<\/em><\/p><\/blockquote>\n<p>Connaissez-vous l&rsquo;origine des bolas de grossesse ? D\u00e9couvrez que les indon\u00e9siennes furent les premi\u00e8res \u00e0 les porter, mais \u00e9galement beaucoup d&rsquo;autres <a href=\"https:\/\/www.monboladegrossesse.com\/origine-et-utilite\/\" target=\"_blank\" rel=\"noopener noreferrer\">informations utiles et pratiques concernant les bolas<\/a> sur notre blog.<\/p>\n<p class=\"addon-name\"><span style=\"color: #ff0000;\"><strong><em>Nouveaut\u00e9 pour votre bijou !<\/em><\/strong> <\/span>Vous pouvez d\u00e9sormais changer votre collier de bola. En effet, vous avez la possibilit\u00e9 de remplacer le collier en\u00a0cordon su\u00e9dine noir (aspect daim) du mod\u00e8le Chat, par de la chaine fine en acier inoxydable, d\u2019une longueur de 110cm avec fermoir mousqueton et cha\u00eene de rallonge avec une breloque \u00e9toile. Il suffit de simplement cocher l\u2019option \u00ab\u00a0chaine en acier inoxydable\u00a0\u00bb (en haut de la page) et nous vous enverrons <em>votre bola de grossesse Chat<\/em>\u00a0avec son collier en chaine.<\/p>\n","protected":false},"excerpt":{"rendered":"<p>Bola ou sautoir de grossesse fantaisie couleur argent \u00ab\u00a0Chat\u00a0\u00bb Un bijou avec un montage sur cordon su\u00e9dine noir (aspect daim)<\/p>\n","protected":false},"featured_media":155,"comment_status":"open","ping_status":"closed","template":"","meta":{"_acf_changed":false},"product_brand":[],"product_cat":[47],"product_tag":[],"class_list":{"0":"post-154","1":"product","2":"type-product","3":"status-publish","4":"has-post-thumbnail","6":"product_cat-bola-a-19e","8":"first","9":"instock","10":"shipping-taxable","11":"purchasable","12":"product-type-simple"},"acf":[],"yoast_head":"<!-- This site is optimized with the Yoast SEO plugin v27.5 - https:\/\/yoast.com\/product\/yoast-seo-wordpress\/ -->\n<title>Bola de grossesse chat : un bijou fantaisie pour future maman<\/title>\n<meta name=\"description\" content=\"Le bola de grossesse chat, est un bijou pour femme enceinte. Il reprend la forme de la t\u00eate d&#039;un chat. Un bola original et fantaisie pas cher\" \/>\n<meta name=\"robots\" content=\"index, follow, max-snippet:-1, max-image-preview:large, max-video-preview:-1\" \/>\n<link rel=\"canonical\" href=\"https:\/\/www.monboladegrossesse.com\/boutique\/produit\/bola-chat\/\" \/>\n<meta property=\"og:locale\" content=\"fr_FR\" \/>\n<meta property=\"og:type\" content=\"article\" \/>\n<meta property=\"og:title\" content=\"Bola de grossesse chat : un bijou fantaisie pour future maman\" \/>\n<meta property=\"og:description\" content=\"Le bola de grossesse chat, est un bijou pour femme enceinte. Il reprend la forme de la t\u00eate d&#039;un chat. Un bola original et fantaisie pas cher\" \/>\n<meta property=\"og:url\" content=\"https:\/\/www.monboladegrossesse.com\/boutique\/produit\/bola-chat\/\" \/>\n<meta property=\"og:site_name\" content=\"Boutique de bola de grossesse pour future maman\" \/>\n<meta property=\"article:publisher\" content=\"https:\/\/www.facebook.com\/Bola-de-Grossesse-1360399817389794\/\" \/>\n<meta property=\"article:modified_time\" content=\"2026-03-04T14:46:13+00:00\" \/>\n<meta property=\"og:image\" content=\"https:\/\/www.monboladegrossesse.com\/boutique\/wp-content\/uploads\/2017\/08\/bola-grossesse-chat-3.jpg\" \/>\n\t<meta property=\"og:image:width\" content=\"600\" \/>\n\t<meta property=\"og:image:height\" content=\"600\" \/>\n\t<meta property=\"og:image:type\" content=\"image\/jpeg\" \/>\n<meta name=\"twitter:card\" content=\"summary_large_image\" \/>\n<meta name=\"twitter:label1\" content=\"Dur\u00e9e de lecture estim\u00e9e\" \/>\n\t<meta name=\"twitter:data1\" content=\"2 minutes\" \/>\n<script type=\"application\/ld+json\" class=\"yoast-schema-graph\">{\"@context\":\"https:\\\/\\\/schema.org\",\"@graph\":[{\"@type\":\"WebPage\",\"@id\":\"https:\\\/\\\/www.monboladegrossesse.com\\\/boutique\\\/produit\\\/bola-chat\\\/\",\"url\":\"https:\\\/\\\/www.monboladegrossesse.com\\\/boutique\\\/produit\\\/bola-chat\\\/\",\"name\":\"Bola de grossesse chat : un bijou fantaisie pour future maman\",\"isPartOf\":{\"@id\":\"https:\\\/\\\/www.monboladegrossesse.com\\\/boutique\\\/#website\"},\"primaryImageOfPage\":{\"@id\":\"https:\\\/\\\/www.monboladegrossesse.com\\\/boutique\\\/produit\\\/bola-chat\\\/#primaryimage\"},\"image\":{\"@id\":\"https:\\\/\\\/www.monboladegrossesse.com\\\/boutique\\\/produit\\\/bola-chat\\\/#primaryimage\"},\"thumbnailUrl\":\"https:\\\/\\\/www.monboladegrossesse.com\\\/boutique\\\/wp-content\\\/uploads\\\/2017\\\/08\\\/bola-grossesse-chat-3.jpg\",\"datePublished\":\"2017-08-03T11:36:13+00:00\",\"dateModified\":\"2026-03-04T14:46:13+00:00\",\"description\":\"Le bola de grossesse chat, est un bijou pour femme enceinte. Il reprend la forme de la t\u00eate d'un chat. Un bola original et fantaisie pas cher\",\"breadcrumb\":{\"@id\":\"https:\\\/\\\/www.monboladegrossesse.com\\\/boutique\\\/produit\\\/bola-chat\\\/#breadcrumb\"},\"inLanguage\":\"fr-FR\",\"potentialAction\":[{\"@type\":\"ReadAction\",\"target\":[\"https:\\\/\\\/www.monboladegrossesse.com\\\/boutique\\\/produit\\\/bola-chat\\\/\"]}]},{\"@type\":\"ImageObject\",\"inLanguage\":\"fr-FR\",\"@id\":\"https:\\\/\\\/www.monboladegrossesse.com\\\/boutique\\\/produit\\\/bola-chat\\\/#primaryimage\",\"url\":\"https:\\\/\\\/www.monboladegrossesse.com\\\/boutique\\\/wp-content\\\/uploads\\\/2017\\\/08\\\/bola-grossesse-chat-3.jpg\",\"contentUrl\":\"https:\\\/\\\/www.monboladegrossesse.com\\\/boutique\\\/wp-content\\\/uploads\\\/2017\\\/08\\\/bola-grossesse-chat-3.jpg\",\"width\":600,\"height\":600,\"caption\":\"bola de grossesse mod\u00e8le chat\"},{\"@type\":\"BreadcrumbList\",\"@id\":\"https:\\\/\\\/www.monboladegrossesse.com\\\/boutique\\\/produit\\\/bola-chat\\\/#breadcrumb\",\"itemListElement\":[{\"@type\":\"ListItem\",\"position\":1,\"name\":\"Accueil\",\"item\":\"https:\\\/\\\/www.monboladegrossesse.com\\\/boutique\\\/\"},{\"@type\":\"ListItem\",\"position\":2,\"name\":\"Shop\",\"item\":\"https:\\\/\\\/www.monboladegrossesse.com\\\/boutique\\\/shop\\\/\"},{\"@type\":\"ListItem\",\"position\":3,\"name\":\"Bola Chat\"}]},{\"@type\":\"WebSite\",\"@id\":\"https:\\\/\\\/www.monboladegrossesse.com\\\/boutique\\\/#website\",\"url\":\"https:\\\/\\\/www.monboladegrossesse.com\\\/boutique\\\/\",\"name\":\"Boutique de bola de grossesse pour future maman\",\"description\":\"\",\"publisher\":{\"@id\":\"https:\\\/\\\/www.monboladegrossesse.com\\\/boutique\\\/#organization\"},\"potentialAction\":[{\"@type\":\"SearchAction\",\"target\":{\"@type\":\"EntryPoint\",\"urlTemplate\":\"https:\\\/\\\/www.monboladegrossesse.com\\\/boutique\\\/?s={search_term_string}\"},\"query-input\":{\"@type\":\"PropertyValueSpecification\",\"valueRequired\":true,\"valueName\":\"search_term_string\"}}],\"inLanguage\":\"fr-FR\"},{\"@type\":\"Organization\",\"@id\":\"https:\\\/\\\/www.monboladegrossesse.com\\\/boutique\\\/#organization\",\"name\":\"Boutique de bola de grossesse pour future maman\",\"url\":\"https:\\\/\\\/www.monboladegrossesse.com\\\/boutique\\\/\",\"logo\":{\"@type\":\"ImageObject\",\"inLanguage\":\"fr-FR\",\"@id\":\"https:\\\/\\\/www.monboladegrossesse.com\\\/boutique\\\/#\\\/schema\\\/logo\\\/image\\\/\",\"url\":\"https:\\\/\\\/www.monboladegrossesse.com\\\/boutique\\\/wp-content\\\/uploads\\\/2024\\\/06\\\/cropped-logo-bola-470X110.webp\",\"contentUrl\":\"https:\\\/\\\/www.monboladegrossesse.com\\\/boutique\\\/wp-content\\\/uploads\\\/2024\\\/06\\\/cropped-logo-bola-470X110.webp\",\"width\":470,\"height\":110,\"caption\":\"Boutique de bola de grossesse pour future maman\"},\"image\":{\"@id\":\"https:\\\/\\\/www.monboladegrossesse.com\\\/boutique\\\/#\\\/schema\\\/logo\\\/image\\\/\"},\"sameAs\":[\"https:\\\/\\\/www.facebook.com\\\/Bola-de-Grossesse-1360399817389794\\\/\",\"https:\\\/\\\/www.pinterest.fr\\\/monboladegrossesse\\\/\",\"https:\\\/\\\/www.youtube.com\\\/@Monboladegrossesse-x3f\",\"https:\\\/\\\/www.tiktok.com\\\/@bola.de.grossesse?lang=fr\"]}]}<\/script>\n<!-- \/ Yoast SEO plugin. -->","yoast_head_json":{"title":"Bola de grossesse chat : un bijou fantaisie pour future maman","description":"Le bola de grossesse chat, est un bijou pour femme enceinte. Il reprend la forme de la t\u00eate d'un chat. Un bola original et fantaisie pas cher","robots":{"index":"index","follow":"follow","max-snippet":"max-snippet:-1","max-image-preview":"max-image-preview:large","max-video-preview":"max-video-preview:-1"},"canonical":"https:\/\/www.monboladegrossesse.com\/boutique\/produit\/bola-chat\/","og_locale":"fr_FR","og_type":"article","og_title":"Bola de grossesse chat : un bijou fantaisie pour future maman","og_description":"Le bola de grossesse chat, est un bijou pour femme enceinte. Il reprend la forme de la t\u00eate d'un chat. Un bola original et fantaisie pas cher","og_url":"https:\/\/www.monboladegrossesse.com\/boutique\/produit\/bola-chat\/","og_site_name":"Boutique de bola de grossesse pour future maman","article_publisher":"https:\/\/www.facebook.com\/Bola-de-Grossesse-1360399817389794\/","article_modified_time":"2026-03-04T14:46:13+00:00","og_image":[{"width":600,"height":600,"url":"https:\/\/www.monboladegrossesse.com\/boutique\/wp-content\/uploads\/2017\/08\/bola-grossesse-chat-3.jpg","type":"image\/jpeg"}],"twitter_card":"summary_large_image","twitter_misc":{"Dur\u00e9e de lecture estim\u00e9e":"2 minutes"},"schema":{"@context":"https:\/\/schema.org","@graph":[{"@type":"WebPage","@id":"https:\/\/www.monboladegrossesse.com\/boutique\/produit\/bola-chat\/","url":"https:\/\/www.monboladegrossesse.com\/boutique\/produit\/bola-chat\/","name":"Bola de grossesse chat : un bijou fantaisie pour future maman","isPartOf":{"@id":"https:\/\/www.monboladegrossesse.com\/boutique\/#website"},"primaryImageOfPage":{"@id":"https:\/\/www.monboladegrossesse.com\/boutique\/produit\/bola-chat\/#primaryimage"},"image":{"@id":"https:\/\/www.monboladegrossesse.com\/boutique\/produit\/bola-chat\/#primaryimage"},"thumbnailUrl":"https:\/\/www.monboladegrossesse.com\/boutique\/wp-content\/uploads\/2017\/08\/bola-grossesse-chat-3.jpg","datePublished":"2017-08-03T11:36:13+00:00","dateModified":"2026-03-04T14:46:13+00:00","description":"Le bola de grossesse chat, est un bijou pour femme enceinte. Il reprend la forme de la t\u00eate d'un chat. Un bola original et fantaisie pas cher","breadcrumb":{"@id":"https:\/\/www.monboladegrossesse.com\/boutique\/produit\/bola-chat\/#breadcrumb"},"inLanguage":"fr-FR","potentialAction":[{"@type":"ReadAction","target":["https:\/\/www.monboladegrossesse.com\/boutique\/produit\/bola-chat\/"]}]},{"@type":"ImageObject","inLanguage":"fr-FR","@id":"https:\/\/www.monboladegrossesse.com\/boutique\/produit\/bola-chat\/#primaryimage","url":"https:\/\/www.monboladegrossesse.com\/boutique\/wp-content\/uploads\/2017\/08\/bola-grossesse-chat-3.jpg","contentUrl":"https:\/\/www.monboladegrossesse.com\/boutique\/wp-content\/uploads\/2017\/08\/bola-grossesse-chat-3.jpg","width":600,"height":600,"caption":"bola de grossesse mod\u00e8le chat"},{"@type":"BreadcrumbList","@id":"https:\/\/www.monboladegrossesse.com\/boutique\/produit\/bola-chat\/#breadcrumb","itemListElement":[{"@type":"ListItem","position":1,"name":"Accueil","item":"https:\/\/www.monboladegrossesse.com\/boutique\/"},{"@type":"ListItem","position":2,"name":"Shop","item":"https:\/\/www.monboladegrossesse.com\/boutique\/shop\/"},{"@type":"ListItem","position":3,"name":"Bola Chat"}]},{"@type":"WebSite","@id":"https:\/\/www.monboladegrossesse.com\/boutique\/#website","url":"https:\/\/www.monboladegrossesse.com\/boutique\/","name":"Boutique de bola de grossesse pour future maman","description":"","publisher":{"@id":"https:\/\/www.monboladegrossesse.com\/boutique\/#organization"},"potentialAction":[{"@type":"SearchAction","target":{"@type":"EntryPoint","urlTemplate":"https:\/\/www.monboladegrossesse.com\/boutique\/?s={search_term_string}"},"query-input":{"@type":"PropertyValueSpecification","valueRequired":true,"valueName":"search_term_string"}}],"inLanguage":"fr-FR"},{"@type":"Organization","@id":"https:\/\/www.monboladegrossesse.com\/boutique\/#organization","name":"Boutique de bola de grossesse pour future maman","url":"https:\/\/www.monboladegrossesse.com\/boutique\/","logo":{"@type":"ImageObject","inLanguage":"fr-FR","@id":"https:\/\/www.monboladegrossesse.com\/boutique\/#\/schema\/logo\/image\/","url":"https:\/\/www.monboladegrossesse.com\/boutique\/wp-content\/uploads\/2024\/06\/cropped-logo-bola-470X110.webp","contentUrl":"https:\/\/www.monboladegrossesse.com\/boutique\/wp-content\/uploads\/2024\/06\/cropped-logo-bola-470X110.webp","width":470,"height":110,"caption":"Boutique de bola de grossesse pour future maman"},"image":{"@id":"https:\/\/www.monboladegrossesse.com\/boutique\/#\/schema\/logo\/image\/"},"sameAs":["https:\/\/www.facebook.com\/Bola-de-Grossesse-1360399817389794\/","https:\/\/www.pinterest.fr\/monboladegrossesse\/","https:\/\/www.youtube.com\/@Monboladegrossesse-x3f","https:\/\/www.tiktok.com\/@bola.de.grossesse?lang=fr"]}]}},"wcpa_form_fields":null,"_links":{"self":[{"href":"https:\/\/www.monboladegrossesse.com\/boutique\/wp-json\/wp\/v2\/product\/154","targetHints":{"allow":["GET"]}}],"collection":[{"href":"https:\/\/www.monboladegrossesse.com\/boutique\/wp-json\/wp\/v2\/product"}],"about":[{"href":"https:\/\/www.monboladegrossesse.com\/boutique\/wp-json\/wp\/v2\/types\/product"}],"replies":[{"embeddable":true,"href":"https:\/\/www.monboladegrossesse.com\/boutique\/wp-json\/wp\/v2\/comments?post=154"}],"wp:featuredmedia":[{"embeddable":true,"href":"https:\/\/www.monboladegrossesse.com\/boutique\/wp-json\/wp\/v2\/media\/155"}],"wp:attachment":[{"href":"https:\/\/www.monboladegrossesse.com\/boutique\/wp-json\/wp\/v2\/media?parent=154"}],"wp:term":[{"taxonomy":"product_brand","embeddable":true,"href":"https:\/\/www.monboladegrossesse.com\/boutique\/wp-json\/wp\/v2\/product_brand?post=154"},{"taxonomy":"product_cat","embeddable":true,"href":"https:\/\/www.monboladegrossesse.com\/boutique\/wp-json\/wp\/v2\/product_cat?post=154"},{"taxonomy":"product_tag","embeddable":true,"href":"https:\/\/www.monboladegrossesse.com\/boutique\/wp-json\/wp\/v2\/product_tag?post=154"}],"curies":[{"name":"wp","href":"https:\/\/api.w.org\/{rel}","templated":true}]}}