{"id":14585,"date":"2025-02-27T13:56:23","date_gmt":"2025-02-27T12:56:23","guid":{"rendered":"https:\/\/www.monboladegrossesse.com\/boutique\/?post_type=product&#038;p=14585"},"modified":"2025-02-27T21:27:59","modified_gmt":"2025-02-27T20:27:59","slug":"medaille-gravee","status":"publish","type":"product","link":"https:\/\/www.monboladegrossesse.com\/boutique\/produit\/medaille-gravee\/","title":{"rendered":"M\u00e9daille grav\u00e9e"},"content":{"rendered":"<h2>Ajoutez une touche personnelle \u00e0 votre bola de grossesse<\/h2>\n<p>Que vous souhaitiez personnaliser un bola de grossesse d\u00e9j\u00e0 achet\u00e9 ou cr\u00e9er un bijou unique, nous vous offrons la possibilit\u00e9 d&rsquo;ajouter une gravure sp\u00e9ciale. <strong>Pr\u00e9nom, date, ou message particulier, chaque d\u00e9tail compte pour rendre votre bijou encore plus significatif.<\/strong><\/p>\n<p>Vous avez le choix parmi trois types de m\u00e9dailles :<\/p>\n<ul>\n<li><strong>M\u00e9daille 15mm en acier inoxydable (argent\u00e9)<\/strong><\/li>\n<li><strong>M\u00e9daille 15mm en acier inoxydable dor\u00e9<\/strong><\/li>\n<li><strong>M\u00e9daille 15mm en argent 925<\/strong><\/li>\n<\/ul>\n<h2>Personnalisez votre bola avec une nouvelle m\u00e9daille grav\u00e9e<\/h2>\n<p>Si vous poss\u00e9dez d\u00e9j\u00e0 un bola et souhaitez ajouter une nouvelle m\u00e9daille, c&rsquo;est simple ! Que ce soit pour c\u00e9l\u00e9brer l&rsquo;arriv\u00e9e de votre b\u00e9b\u00e9 ou m\u00eame, pour toute autre occasion, vous pouvez choisir la m\u00e9daille, la police d\u2019\u00e9criture et la gravure (20 caract\u00e8res maximum sur chaque face).<\/p>\n<p>La m\u00e9daille personnalis\u00e9e est livr\u00e9e avec un anneau de jonction qui permet de l\u2019ajouter facilement \u00e0 votre <a href=\"https:\/\/www.monboladegrossesse.com\/\" target=\"_blank\" rel=\"noopener\">bola de grossesse<\/a>. Il vous suffit d\u2019ouvrir l&rsquo;anneau avec une pince plate, de le glisser et de le refermer. Un geste simple pour un bijou encore plus pr\u00e9cieux.<\/p>\n","protected":false},"excerpt":{"rendered":"<p>Ajoutez une touche personnelle \u00e0 votre bola de grossesse Que vous souhaitiez personnaliser un bola de grossesse d\u00e9j\u00e0 achet\u00e9 ou<\/p>\n","protected":false},"featured_media":14586,"comment_status":"open","ping_status":"closed","template":"","meta":{"_acf_changed":false},"product_brand":[],"product_cat":[20],"product_tag":[],"class_list":{"0":"post-14585","1":"product","2":"type-product","3":"status-publish","4":"has-post-thumbnail","6":"product_cat-bracelet","7":"wcpa_has_options","9":"first","10":"instock","11":"shipping-taxable","12":"purchasable","13":"product-type-simple"},"acf":[],"yoast_head":"<!-- This site is optimized with the Yoast SEO plugin v27.2 - https:\/\/yoast.com\/product\/yoast-seo-wordpress\/ -->\n<title>Acheter une m\u00e9daille grav\u00e9e pour votre bola de grossesse<\/title>\n<meta name=\"description\" content=\"Faites graver une m\u00e9daille suppl\u00e9mentaire pour votre bijou et bola de grossesse : une m\u00e9daille avec votre message personnalis\u00e9.\" \/>\n<meta name=\"robots\" content=\"index, follow, max-snippet:-1, max-image-preview:large, max-video-preview:-1\" \/>\n<link rel=\"canonical\" href=\"https:\/\/www.monboladegrossesse.com\/boutique\/produit\/medaille-gravee\/\" \/>\n<meta property=\"og:locale\" content=\"fr_FR\" \/>\n<meta property=\"og:type\" content=\"article\" \/>\n<meta property=\"og:title\" content=\"Acheter une m\u00e9daille grav\u00e9e pour votre bola de grossesse\" \/>\n<meta property=\"og:description\" content=\"Faites graver une m\u00e9daille suppl\u00e9mentaire pour votre bijou et bola de grossesse : une m\u00e9daille avec votre message personnalis\u00e9.\" \/>\n<meta property=\"og:url\" content=\"https:\/\/www.monboladegrossesse.com\/boutique\/produit\/medaille-gravee\/\" \/>\n<meta property=\"og:site_name\" content=\"Boutique de bola de grossesse pour future maman\" \/>\n<meta property=\"article:publisher\" content=\"https:\/\/www.facebook.com\/Bola-de-Grossesse-1360399817389794\/\" \/>\n<meta property=\"article:modified_time\" content=\"2025-02-27T20:27:59+00:00\" \/>\n<meta property=\"og:image\" content=\"https:\/\/www.monboladegrossesse.com\/boutique\/wp-content\/uploads\/2025\/02\/gravure-medaille-pour-bola.webp\" \/>\n\t<meta property=\"og:image:width\" content=\"1000\" \/>\n\t<meta property=\"og:image:height\" content=\"1000\" \/>\n\t<meta property=\"og:image:type\" content=\"image\/webp\" \/>\n<meta name=\"twitter:card\" content=\"summary_large_image\" \/>\n<meta name=\"twitter:label1\" content=\"Dur\u00e9e de lecture estim\u00e9e\" \/>\n\t<meta name=\"twitter:data1\" content=\"2 minutes\" \/>\n<script type=\"application\/ld+json\" class=\"yoast-schema-graph\">{\"@context\":\"https:\/\/schema.org\",\"@graph\":[{\"@type\":\"WebPage\",\"@id\":\"https:\/\/www.monboladegrossesse.com\/boutique\/produit\/medaille-gravee\/\",\"url\":\"https:\/\/www.monboladegrossesse.com\/boutique\/produit\/medaille-gravee\/\",\"name\":\"Acheter une m\u00e9daille grav\u00e9e pour votre bola de grossesse\",\"isPartOf\":{\"@id\":\"https:\/\/www.monboladegrossesse.com\/boutique\/#website\"},\"primaryImageOfPage\":{\"@id\":\"https:\/\/www.monboladegrossesse.com\/boutique\/produit\/medaille-gravee\/#primaryimage\"},\"image\":{\"@id\":\"https:\/\/www.monboladegrossesse.com\/boutique\/produit\/medaille-gravee\/#primaryimage\"},\"thumbnailUrl\":\"https:\/\/www.monboladegrossesse.com\/boutique\/wp-content\/uploads\/2025\/02\/gravure-medaille-pour-bola.webp\",\"datePublished\":\"2025-02-27T12:56:23+00:00\",\"dateModified\":\"2025-02-27T20:27:59+00:00\",\"description\":\"Faites graver une m\u00e9daille suppl\u00e9mentaire pour votre bijou et bola de grossesse : une m\u00e9daille avec votre message personnalis\u00e9.\",\"breadcrumb\":{\"@id\":\"https:\/\/www.monboladegrossesse.com\/boutique\/produit\/medaille-gravee\/#breadcrumb\"},\"inLanguage\":\"fr-FR\",\"potentialAction\":[{\"@type\":\"ReadAction\",\"target\":[\"https:\/\/www.monboladegrossesse.com\/boutique\/produit\/medaille-gravee\/\"]}]},{\"@type\":\"ImageObject\",\"inLanguage\":\"fr-FR\",\"@id\":\"https:\/\/www.monboladegrossesse.com\/boutique\/produit\/medaille-gravee\/#primaryimage\",\"url\":\"https:\/\/www.monboladegrossesse.com\/boutique\/wp-content\/uploads\/2025\/02\/gravure-medaille-pour-bola.webp\",\"contentUrl\":\"https:\/\/www.monboladegrossesse.com\/boutique\/wp-content\/uploads\/2025\/02\/gravure-medaille-pour-bola.webp\",\"width\":1000,\"height\":1000,\"caption\":\"faire graver une m\u00e9daille suppl\u00e9mentaire pour votre bola\"},{\"@type\":\"BreadcrumbList\",\"@id\":\"https:\/\/www.monboladegrossesse.com\/boutique\/produit\/medaille-gravee\/#breadcrumb\",\"itemListElement\":[{\"@type\":\"ListItem\",\"position\":1,\"name\":\"Accueil\",\"item\":\"https:\/\/www.monboladegrossesse.com\/boutique\/\"},{\"@type\":\"ListItem\",\"position\":2,\"name\":\"Shop\",\"item\":\"https:\/\/www.monboladegrossesse.com\/boutique\/shop\/\"},{\"@type\":\"ListItem\",\"position\":3,\"name\":\"M\u00e9daille grav\u00e9e\"}]},{\"@type\":\"WebSite\",\"@id\":\"https:\/\/www.monboladegrossesse.com\/boutique\/#website\",\"url\":\"https:\/\/www.monboladegrossesse.com\/boutique\/\",\"name\":\"Boutique de bola de grossesse pour future maman\",\"description\":\"\",\"publisher\":{\"@id\":\"https:\/\/www.monboladegrossesse.com\/boutique\/#organization\"},\"potentialAction\":[{\"@type\":\"SearchAction\",\"target\":{\"@type\":\"EntryPoint\",\"urlTemplate\":\"https:\/\/www.monboladegrossesse.com\/boutique\/?s={search_term_string}\"},\"query-input\":{\"@type\":\"PropertyValueSpecification\",\"valueRequired\":true,\"valueName\":\"search_term_string\"}}],\"inLanguage\":\"fr-FR\"},{\"@type\":\"Organization\",\"@id\":\"https:\/\/www.monboladegrossesse.com\/boutique\/#organization\",\"name\":\"Boutique de bola de grossesse pour future maman\",\"url\":\"https:\/\/www.monboladegrossesse.com\/boutique\/\",\"logo\":{\"@type\":\"ImageObject\",\"inLanguage\":\"fr-FR\",\"@id\":\"https:\/\/www.monboladegrossesse.com\/boutique\/#\/schema\/logo\/image\/\",\"url\":\"https:\/\/www.monboladegrossesse.com\/boutique\/wp-content\/uploads\/2024\/06\/cropped-logo-bola-470X110.webp\",\"contentUrl\":\"https:\/\/www.monboladegrossesse.com\/boutique\/wp-content\/uploads\/2024\/06\/cropped-logo-bola-470X110.webp\",\"width\":470,\"height\":110,\"caption\":\"Boutique de bola de grossesse pour future maman\"},\"image\":{\"@id\":\"https:\/\/www.monboladegrossesse.com\/boutique\/#\/schema\/logo\/image\/\"},\"sameAs\":[\"https:\/\/www.facebook.com\/Bola-de-Grossesse-1360399817389794\/\",\"https:\/\/www.pinterest.fr\/monboladegrossesse\/\",\"https:\/\/www.youtube.com\/@Monboladegrossesse-x3f\",\"https:\/\/www.tiktok.com\/@bola.de.grossesse?lang=fr\"]}]}<\/script>\n<!-- \/ Yoast SEO plugin. -->","yoast_head_json":{"title":"Acheter une m\u00e9daille grav\u00e9e pour votre bola de grossesse","description":"Faites graver une m\u00e9daille suppl\u00e9mentaire pour votre bijou et bola de grossesse : une m\u00e9daille avec votre message personnalis\u00e9.","robots":{"index":"index","follow":"follow","max-snippet":"max-snippet:-1","max-image-preview":"max-image-preview:large","max-video-preview":"max-video-preview:-1"},"canonical":"https:\/\/www.monboladegrossesse.com\/boutique\/produit\/medaille-gravee\/","og_locale":"fr_FR","og_type":"article","og_title":"Acheter une m\u00e9daille grav\u00e9e pour votre bola de grossesse","og_description":"Faites graver une m\u00e9daille suppl\u00e9mentaire pour votre bijou et bola de grossesse : une m\u00e9daille avec votre message personnalis\u00e9.","og_url":"https:\/\/www.monboladegrossesse.com\/boutique\/produit\/medaille-gravee\/","og_site_name":"Boutique de bola de grossesse pour future maman","article_publisher":"https:\/\/www.facebook.com\/Bola-de-Grossesse-1360399817389794\/","article_modified_time":"2025-02-27T20:27:59+00:00","og_image":[{"width":1000,"height":1000,"url":"https:\/\/www.monboladegrossesse.com\/boutique\/wp-content\/uploads\/2025\/02\/gravure-medaille-pour-bola.webp","type":"image\/webp"}],"twitter_card":"summary_large_image","twitter_misc":{"Dur\u00e9e de lecture estim\u00e9e":"2 minutes"},"schema":{"@context":"https:\/\/schema.org","@graph":[{"@type":"WebPage","@id":"https:\/\/www.monboladegrossesse.com\/boutique\/produit\/medaille-gravee\/","url":"https:\/\/www.monboladegrossesse.com\/boutique\/produit\/medaille-gravee\/","name":"Acheter une m\u00e9daille grav\u00e9e pour votre bola de grossesse","isPartOf":{"@id":"https:\/\/www.monboladegrossesse.com\/boutique\/#website"},"primaryImageOfPage":{"@id":"https:\/\/www.monboladegrossesse.com\/boutique\/produit\/medaille-gravee\/#primaryimage"},"image":{"@id":"https:\/\/www.monboladegrossesse.com\/boutique\/produit\/medaille-gravee\/#primaryimage"},"thumbnailUrl":"https:\/\/www.monboladegrossesse.com\/boutique\/wp-content\/uploads\/2025\/02\/gravure-medaille-pour-bola.webp","datePublished":"2025-02-27T12:56:23+00:00","dateModified":"2025-02-27T20:27:59+00:00","description":"Faites graver une m\u00e9daille suppl\u00e9mentaire pour votre bijou et bola de grossesse : une m\u00e9daille avec votre message personnalis\u00e9.","breadcrumb":{"@id":"https:\/\/www.monboladegrossesse.com\/boutique\/produit\/medaille-gravee\/#breadcrumb"},"inLanguage":"fr-FR","potentialAction":[{"@type":"ReadAction","target":["https:\/\/www.monboladegrossesse.com\/boutique\/produit\/medaille-gravee\/"]}]},{"@type":"ImageObject","inLanguage":"fr-FR","@id":"https:\/\/www.monboladegrossesse.com\/boutique\/produit\/medaille-gravee\/#primaryimage","url":"https:\/\/www.monboladegrossesse.com\/boutique\/wp-content\/uploads\/2025\/02\/gravure-medaille-pour-bola.webp","contentUrl":"https:\/\/www.monboladegrossesse.com\/boutique\/wp-content\/uploads\/2025\/02\/gravure-medaille-pour-bola.webp","width":1000,"height":1000,"caption":"faire graver une m\u00e9daille suppl\u00e9mentaire pour votre bola"},{"@type":"BreadcrumbList","@id":"https:\/\/www.monboladegrossesse.com\/boutique\/produit\/medaille-gravee\/#breadcrumb","itemListElement":[{"@type":"ListItem","position":1,"name":"Accueil","item":"https:\/\/www.monboladegrossesse.com\/boutique\/"},{"@type":"ListItem","position":2,"name":"Shop","item":"https:\/\/www.monboladegrossesse.com\/boutique\/shop\/"},{"@type":"ListItem","position":3,"name":"M\u00e9daille grav\u00e9e"}]},{"@type":"WebSite","@id":"https:\/\/www.monboladegrossesse.com\/boutique\/#website","url":"https:\/\/www.monboladegrossesse.com\/boutique\/","name":"Boutique de bola de grossesse pour future maman","description":"","publisher":{"@id":"https:\/\/www.monboladegrossesse.com\/boutique\/#organization"},"potentialAction":[{"@type":"SearchAction","target":{"@type":"EntryPoint","urlTemplate":"https:\/\/www.monboladegrossesse.com\/boutique\/?s={search_term_string}"},"query-input":{"@type":"PropertyValueSpecification","valueRequired":true,"valueName":"search_term_string"}}],"inLanguage":"fr-FR"},{"@type":"Organization","@id":"https:\/\/www.monboladegrossesse.com\/boutique\/#organization","name":"Boutique de bola de grossesse pour future maman","url":"https:\/\/www.monboladegrossesse.com\/boutique\/","logo":{"@type":"ImageObject","inLanguage":"fr-FR","@id":"https:\/\/www.monboladegrossesse.com\/boutique\/#\/schema\/logo\/image\/","url":"https:\/\/www.monboladegrossesse.com\/boutique\/wp-content\/uploads\/2024\/06\/cropped-logo-bola-470X110.webp","contentUrl":"https:\/\/www.monboladegrossesse.com\/boutique\/wp-content\/uploads\/2024\/06\/cropped-logo-bola-470X110.webp","width":470,"height":110,"caption":"Boutique de bola de grossesse pour future maman"},"image":{"@id":"https:\/\/www.monboladegrossesse.com\/boutique\/#\/schema\/logo\/image\/"},"sameAs":["https:\/\/www.facebook.com\/Bola-de-Grossesse-1360399817389794\/","https:\/\/www.pinterest.fr\/monboladegrossesse\/","https:\/\/www.youtube.com\/@Monboladegrossesse-x3f","https:\/\/www.tiktok.com\/@bola.de.grossesse?lang=fr"]}]}},"wcpa_form_fields":{"wcpaData":{"product":{"product_price":3.99,"price_html":"<span class=\"woocommerce-Price-amount amount\"><bdi>3.99&nbsp;<span class=\"woocommerce-Price-currencySymbol\">&euro;<\/span><\/bdi><\/span>","original_product_price":3.99,"price_including_tax":3.99,"price_excluding_tax":3.99,"product_id":{"parent":14585,"variation":false},"is_variable":false,"stock_status":"instock","stock_quantity":9,"parent_sku":"","product_attributes":[],"custom_fields":[],"is_taxable":false,"product_name":"M\u00e9daille grav\u00e9e","hasImage":false},"fields":{"sec_869ed48f550be5":{"extra":{"key":"sec_869ed48f550be5","section_id":"sec_869ed48f550be5","name":"Default","status":1,"cl_rule":"show","enableCl":false,"relations":[],"toggle":true,"title_tag":"h3","show_title":false,"showPrice":"default","form_id":14584,"form_rules":{"exclude_from_discount":false,"fee_label":"Fee","disp_hide_options_price":false,"disp_show_section_price":false,"disp_show_field_price":true,"layout_option":"standard","pric_use_as_fee":false,"process_fee_as":"woo_fee"},"layout_option":"standard"},"fields":[[{"type":"text","elementId":"wcpa-text-67c05ddb51832","label":"Pr\u00e9nom de la future maman","description":"(pour personnaliser l'emballage du bola)","pricingType":"fixed","name":"text-67c05ddb5183a","subtype":"text","maxlength":"30","mapToCheckoutFieldParent":"billing","mapToCheckoutField":"billing_first_name","cl_rule":"show","col":6,"relations":false,"active":true,"tooltip":"","gt_translate_keys":["label","description","tooltip"],"price_dependency":false,"cl_dependency":false,"value":""}],[{"type":"select","required":true,"elementId":"wcpa-select-67c05ddb5184b","label":"Avec ou sans m\u00e9daille","priceOptions":"different_for_all","pricingType":"fixed","name":"select-67c05ddb5184f","cl_rule":"show","col":6,"values":[{"label":"Sans m\u00e9daille","value":"option-1","price":"","pimage":"","pimage_id":"","pthumb":"","selected":true,"gt_translate_keys":["label"]},{"label":"Avec m\u00e9daille","value":"option-2","price":"","pimage":"","pimage_id":"","pthumb":"","gt_translate_keys":["label"]}],"relations":false,"active":true,"tooltip":"","gt_translate_keys":["label","tooltip"],"price_dependency":false,"cl_dependency":["wcpa-select-67c05ddb51853","wcpa-image-group-67c05ddb5185f","wcpa-text-67c05ddb51872"],"value":""}],[{"type":"select","elementId":"wcpa-select-67c05ddb51853","label":"Type de m\u00e9daille","enablePrice":true,"priceOptions":"different_for_all","pricingType":"fixed","name":"select-67c05ddb51857","enableCl":true,"cl_rule":"show","cl_val":"option-2","col":6,"values":[{"label":"1 m\u00e9daille acier inox","value":"option-1","price":"0","pimage":"","pimage_id":"","pthumb":"","selected":true,"gt_translate_keys":["label"]},{"label":"1 m\u00e9daille acier inox dor\u00e9e","value":"option-2","price":"0","pimage":"","pimage_id":"","pthumb":"","gt_translate_keys":["label"]},{"label":"1 m\u00e9daille acier inox Or Rose","value":"option-3","price":"0","pimage":"","pimage_id":"","pthumb":"","gt_translate_keys":["label"]},{"label":"1 m\u00e9daille Argent 925","value":"option-4","price":"6","pimage":"","pimage_id":"","pthumb":"","gt_translate_keys":["label"]}],"relations":[{"operator":false,"rules":[{"operator":false,"rules":{"cl_field":"wcpa-select-67c05ddb5184b","cl_relation":"is","cl_val":"option-2"}}]}],"price":0,"active":true,"tooltip":"","gt_translate_keys":["label","tooltip"],"price_dependency":false,"cl_dependency":false,"value":""}],[{"type":"image-group","required":true,"label":"Police au choix","elementId":"wcpa-image-group-67c05ddb5185f","inline":true,"priceOptions":"different_for_all","pricingType":"fixed","enable_popup":"no","name":"image-group-67c05ddb5186b","min_options":"0","max_options":"1","disp_type":"square","img_selection_type":"tick-shadow","other_text":"Other","enableCl":true,"cl_rule":"show","cl_val":"option-2","col":6,"values":[{"label":"Karine","price":"","image":"https:\/\/www.mapesteadoree.fr\/boutique\/wp-content\/uploads\/2022\/01\/278.jpg","image_id":"47356","thumb":"https:\/\/www.mapesteadoree.fr\/boutique\/wp-content\/uploads\/2022\/01\/278-150x55.jpg","value":"0","thumb_src":"https:\/\/www.mapesteadoree.fr\/boutique\/wp-content\/uploads\/2022\/01\/278.jpg","gt_translate_keys":["label"]},{"label":"Cl\u00e9a","price":"","image":"https:\/\/www.mapesteadoree.fr\/boutique\/wp-content\/uploads\/2022\/01\/277.jpg","image_id":"47355","thumb":"https:\/\/www.mapesteadoree.fr\/boutique\/wp-content\/uploads\/2022\/01\/277-150x55.jpg","value":"1","thumb_src":"https:\/\/www.mapesteadoree.fr\/boutique\/wp-content\/uploads\/2022\/01\/277.jpg","gt_translate_keys":["label"]},{"label":"Aroa","price":"","image":"https:\/\/www.mapesteadoree.fr\/boutique\/wp-content\/uploads\/2022\/01\/276.jpg","image_id":"47354","thumb":"https:\/\/www.mapesteadoree.fr\/boutique\/wp-content\/uploads\/2022\/01\/276-150x55.jpg","value":"2","thumb_src":"https:\/\/www.mapesteadoree.fr\/boutique\/wp-content\/uploads\/2022\/01\/276.jpg","gt_translate_keys":["label"]},{"label":"Leah","price":"","image":"https:\/\/www.mapesteadoree.fr\/boutique\/wp-content\/uploads\/2022\/01\/275.jpg","image_id":"47353","thumb":"https:\/\/www.mapesteadoree.fr\/boutique\/wp-content\/uploads\/2022\/01\/275-150x55.jpg","value":"3","thumb_src":"https:\/\/www.mapesteadoree.fr\/boutique\/wp-content\/uploads\/2022\/01\/275.jpg","gt_translate_keys":["label"]},{"label":"Sara","price":"","image":"https:\/\/www.mapesteadoree.fr\/boutique\/wp-content\/uploads\/2022\/01\/274.jpg","image_id":"47352","thumb":"https:\/\/www.mapesteadoree.fr\/boutique\/wp-content\/uploads\/2022\/01\/274-150x55.jpg","value":"4","thumb_src":"https:\/\/www.mapesteadoree.fr\/boutique\/wp-content\/uploads\/2022\/01\/274.jpg","gt_translate_keys":["label"]}],"relations":[{"operator":false,"rules":[{"operator":false,"rules":{"cl_field":"wcpa-select-67c05ddb5184b","cl_relation":"is","cl_val":"option-2"}}]}],"active":true,"tooltip":"","layOut":"inline","disp_size_img":{"width":"","height":""},"gt_translate_keys":["label","tooltip"],"price_dependency":false,"cl_dependency":false,"value":""}],[{"type":"text","required":true,"elementId":"wcpa-text-67c05ddb51872","label":"Texte \u00e0 graver au Recto","pricingType":"fixed","name":"text-67c05ddb51878","subtype":"text","minlength":"1","maxlength":"20","charleft":true,"mapToCheckoutFieldParent":"billing","mapToCheckoutField":"billing_first_name","enableCl":true,"cl_rule":"show","cl_val":"option-2","col":6,"relations":[{"operator":false,"rules":[{"operator":false,"rules":{"cl_field":"wcpa-select-67c05ddb5184b","cl_relation":"is","cl_val":"option-2"}}]}],"active":true,"tooltip":"","gt_translate_keys":["label","tooltip"],"price_dependency":false,"cl_dependency":["wcpa-text-67c05ddb5187d"],"value":""}],[{"type":"text","elementId":"wcpa-text-67c05ddb5187d","label":"Texte \u00e0 graver au Verso","pricingType":"fixed","name":"text-67c05ddb51883","subtype":"text","minlength":"1","maxlength":"20","charleft":true,"mapToCheckoutFieldParent":"billing","mapToCheckoutField":"billing_first_name","enableCl":true,"cl_rule":"show","col":6,"relations":[{"operator":false,"rules":[{"operator":false,"rules":{"cl_field":"wcpa-text-67c05ddb51872","cl_relation":"is_not_empty","cl_val":false}}]}],"active":true,"tooltip":"","gt_translate_keys":["label","tooltip"],"price_dependency":false,"cl_dependency":false,"value":""}]]}},"config":{"price_override":"","enable_recaptcha":false,"bind_quantity":false,"quantity_bind_formula":false,"disp_summ_show_option_price":true,"disp_summ_show_product_price":true,"disp_summ_show_total_price":true,"disp_summ_show_fee":false,"disp_summ_show_discount":false,"summary_title":"","options_total_label":"Prix des options","total_label":"Total","options_product_label":"Prix du bijou","fee_label":"Fee","discount_label":"Discount","has_price":true,"has_quantity_formula":false},"mc_unit":1,"tax_rate":1,"tax_rate_real":1,"discount":{"percentage":0,"fixed":0},"design":{"conf":{"LabelPosition":"above","DescPosition":"above","UploadField":"custom_1","QuantityFieldStyle":"default"},"css":{"LeftLabelWidth":"120px"}},"formulas":[],"lookuptables":[],"clones":false,"cartKey":false}},"_links":{"self":[{"href":"https:\/\/www.monboladegrossesse.com\/boutique\/wp-json\/wp\/v2\/product\/14585","targetHints":{"allow":["GET"]}}],"collection":[{"href":"https:\/\/www.monboladegrossesse.com\/boutique\/wp-json\/wp\/v2\/product"}],"about":[{"href":"https:\/\/www.monboladegrossesse.com\/boutique\/wp-json\/wp\/v2\/types\/product"}],"replies":[{"embeddable":true,"href":"https:\/\/www.monboladegrossesse.com\/boutique\/wp-json\/wp\/v2\/comments?post=14585"}],"wp:featuredmedia":[{"embeddable":true,"href":"https:\/\/www.monboladegrossesse.com\/boutique\/wp-json\/wp\/v2\/media\/14586"}],"wp:attachment":[{"href":"https:\/\/www.monboladegrossesse.com\/boutique\/wp-json\/wp\/v2\/media?parent=14585"}],"wp:term":[{"taxonomy":"product_brand","embeddable":true,"href":"https:\/\/www.monboladegrossesse.com\/boutique\/wp-json\/wp\/v2\/product_brand?post=14585"},{"taxonomy":"product_cat","embeddable":true,"href":"https:\/\/www.monboladegrossesse.com\/boutique\/wp-json\/wp\/v2\/product_cat?post=14585"},{"taxonomy":"product_tag","embeddable":true,"href":"https:\/\/www.monboladegrossesse.com\/boutique\/wp-json\/wp\/v2\/product_tag?post=14585"}],"curies":[{"name":"wp","href":"https:\/\/api.w.org\/{rel}","templated":true}]}}