{"id":13592,"date":"2024-05-02T16:14:43","date_gmt":"2024-05-02T14:14:43","guid":{"rendered":"https:\/\/www.monboladegrossesse.com\/boutique\/?post_type=product&#038;p=13592"},"modified":"2026-03-04T15:44:49","modified_gmt":"2026-03-04T14:44:49","slug":"bola-de-grossesse-aum-festival","status":"publish","type":"product","link":"https:\/\/www.monboladegrossesse.com\/boutique\/produit\/bola-de-grossesse-aum-festival\/","title":{"rendered":"Bola de grossesse Aum &#8211; festival"},"content":{"rendered":"<h2>Pendentif Aum avec perle de Quartz Rose<\/h2>\n<p>Ce mod\u00e8le de bola fantaisie marque son originalit\u00e9 dans le sigle Aum pr\u00e9sent sur le pendentif ajour\u00e9. Il permet d&rsquo;apercevoir la bille sonore qui le compose et le rend donc musical. Ce pendentif est accompagn\u00e9 d&rsquo;une perle naturelle de Quartz Rose. Elle apporte ainsi ses bienfaits en lithoth\u00e9rapie pour vous accompagner durant votre grossesse.<\/p>\n<h3>Les bienfaits du Quartz Rose pour les futures mamans<\/h3>\n<p>Le quartz rose est souvent appr\u00e9ci\u00e9 par les femmes enceintes pour ses vertus apaisantes et rassurantes. <strong>Cette pierre, associ\u00e9e \u00e0 l&rsquo;amour et \u00e0 la tendresse,<\/strong> est cens\u00e9e renforcer le lien \u00e9motionnel entre la m\u00e8re et son b\u00e9b\u00e9 \u00e0 na\u00eetre.<\/p>\n<p>Le quartz rose est \u00e9galement r\u00e9put\u00e9 pour favoriser l&rsquo;\u00e9quilibre apr\u00e8s l&rsquo;accouchement, aidant ainsi les nouvelles m\u00e8res \u00e0 se r\u00e9tablir physiquement et \u00e9motionnellement.<\/p>\n<h2>Un collier en sari recyl\u00e9 pour votre bola de grossesse<\/h2>\n<p>C&rsquo;est l&rsquo;autre originalit\u00e9 de ce bola de grossesse, son collier de 110cm en sari recycl\u00e9.<strong> Le sari recycl\u00e9 est un concept \u00e9cologique et durable.<\/strong> Il s&rsquo;agit de r\u00e9utiliser des saris anciens ou usag\u00e9s, souvent en soie ou en coton, pour cr\u00e9er de nouveaux v\u00eatements ou produits textiles.<\/p>\n<p>Cette pratique soutient non seulement le recyclage et r\u00e9duit les d\u00e9chets, mais elle permet \u00e9galement de conserver l&rsquo;artisanat traditionnel et de cr\u00e9er des pi\u00e8ces uniques<\/p>\n<h2>Une breloque en acier inoxydable Peace and Love<\/h2>\n<p>Pour terminer le montage de ce bola, vous trouverez <strong>une jolie petite breloque en acier inoxydable Peace &amp; Love.<\/strong> Parfaite pour compl\u00e9ter ce bijou de grossesse \u00e0 porter (aussi) si vous \u00eates une future maman qui aime les festival d&rsquo;\u00e9t\u00e9.<\/p>\n<h2>Une m\u00e9daille personnalis\u00e9e au choix : alu ou argent 925<\/h2>\n<p>Comme pour tous nos mod\u00e8les de <a href=\"https:\/\/www.monboladegrossesse.com\/boutique\/\">bolas de grossesse personnalis\u00e9s<\/a>, nous vous proposons la gravure d&rsquo;une m\u00e9daille personnalis\u00e9e. Nous pouvons graver jusqu&rsquo;\u00e0 20 caract\u00e8res par c\u00f4t\u00e9. M\u00eame si nous vous recommandons de limiter votre texte \u00e0 16 caract\u00e8res pour une bonne visibilit\u00e9.<\/p>\n<p>Et comme toujours vous avez le choix : m\u00e9daille en alu 16mm ou une m\u00e9daille en argent 925.<\/p>\n","protected":false},"excerpt":{"rendered":"<p>Pendentif Aum avec perle de Quartz Rose Ce mod\u00e8le de bola fantaisie marque son originalit\u00e9 dans le sigle Aum pr\u00e9sent<\/p>\n","protected":false},"featured_media":13593,"comment_status":"open","ping_status":"closed","template":"","meta":{"_acf_changed":false},"product_brand":[],"product_cat":[47],"product_tag":[],"class_list":{"0":"post-13592","1":"product","2":"type-product","3":"status-publish","4":"has-post-thumbnail","6":"product_cat-bola-a-19e","8":"first","9":"instock","10":"shipping-taxable","11":"purchasable","12":"product-type-simple"},"acf":[],"yoast_head":"<!-- This site is optimized with the Yoast SEO plugin v27.5 - https:\/\/yoast.com\/product\/yoast-seo-wordpress\/ -->\n<title>Bola de grossesse Aum - festival : un bola avec pierres naturelles<\/title>\n<meta name=\"description\" content=\"Un bola de grossesse pour future maman qui aime les festivals et la musique, le mod\u00e8le lithoth\u00e9rapie Aum-festival est personnalis\u00e9 et grav\u00e9 !\" \/>\n<meta name=\"robots\" content=\"index, follow, max-snippet:-1, max-image-preview:large, max-video-preview:-1\" \/>\n<link rel=\"canonical\" href=\"https:\/\/www.monboladegrossesse.com\/boutique\/produit\/bola-de-grossesse-aum-festival\/\" \/>\n<meta property=\"og:locale\" content=\"fr_FR\" \/>\n<meta property=\"og:type\" content=\"article\" \/>\n<meta property=\"og:title\" content=\"Bola de grossesse Aum - festival : un bola avec pierres naturelles\" \/>\n<meta property=\"og:description\" content=\"Un bola de grossesse pour future maman qui aime les festivals et la musique, le mod\u00e8le lithoth\u00e9rapie Aum-festival est personnalis\u00e9 et grav\u00e9 !\" \/>\n<meta property=\"og:url\" content=\"https:\/\/www.monboladegrossesse.com\/boutique\/produit\/bola-de-grossesse-aum-festival\/\" \/>\n<meta property=\"og:site_name\" content=\"Boutique de bola de grossesse pour future maman\" \/>\n<meta property=\"article:publisher\" content=\"https:\/\/www.facebook.com\/Bola-de-Grossesse-1360399817389794\/\" \/>\n<meta property=\"article:modified_time\" content=\"2026-03-04T14:44:49+00:00\" \/>\n<meta property=\"og:image\" content=\"https:\/\/www.monboladegrossesse.com\/boutique\/wp-content\/uploads\/2024\/05\/bola-grossesse-aum-festival.webp\" \/>\n\t<meta property=\"og:image:width\" content=\"1200\" \/>\n\t<meta property=\"og:image:height\" content=\"1200\" \/>\n\t<meta property=\"og:image:type\" content=\"image\/webp\" \/>\n<meta name=\"twitter:card\" content=\"summary_large_image\" \/>\n<meta name=\"twitter:label1\" content=\"Dur\u00e9e de lecture estim\u00e9e\" \/>\n\t<meta name=\"twitter:data1\" content=\"2 minutes\" \/>\n<script type=\"application\/ld+json\" class=\"yoast-schema-graph\">{\"@context\":\"https:\\\/\\\/schema.org\",\"@graph\":[{\"@type\":\"WebPage\",\"@id\":\"https:\\\/\\\/www.monboladegrossesse.com\\\/boutique\\\/produit\\\/bola-de-grossesse-aum-festival\\\/\",\"url\":\"https:\\\/\\\/www.monboladegrossesse.com\\\/boutique\\\/produit\\\/bola-de-grossesse-aum-festival\\\/\",\"name\":\"Bola de grossesse Aum - festival : un bola avec pierres naturelles\",\"isPartOf\":{\"@id\":\"https:\\\/\\\/www.monboladegrossesse.com\\\/boutique\\\/#website\"},\"primaryImageOfPage\":{\"@id\":\"https:\\\/\\\/www.monboladegrossesse.com\\\/boutique\\\/produit\\\/bola-de-grossesse-aum-festival\\\/#primaryimage\"},\"image\":{\"@id\":\"https:\\\/\\\/www.monboladegrossesse.com\\\/boutique\\\/produit\\\/bola-de-grossesse-aum-festival\\\/#primaryimage\"},\"thumbnailUrl\":\"https:\\\/\\\/www.monboladegrossesse.com\\\/boutique\\\/wp-content\\\/uploads\\\/2024\\\/05\\\/bola-grossesse-aum-festival.webp\",\"datePublished\":\"2024-05-02T14:14:43+00:00\",\"dateModified\":\"2026-03-04T14:44:49+00:00\",\"description\":\"Un bola de grossesse pour future maman qui aime les festivals et la musique, le mod\u00e8le lithoth\u00e9rapie Aum-festival est personnalis\u00e9 et grav\u00e9 !\",\"breadcrumb\":{\"@id\":\"https:\\\/\\\/www.monboladegrossesse.com\\\/boutique\\\/produit\\\/bola-de-grossesse-aum-festival\\\/#breadcrumb\"},\"inLanguage\":\"fr-FR\",\"potentialAction\":[{\"@type\":\"ReadAction\",\"target\":[\"https:\\\/\\\/www.monboladegrossesse.com\\\/boutique\\\/produit\\\/bola-de-grossesse-aum-festival\\\/\"]}]},{\"@type\":\"ImageObject\",\"inLanguage\":\"fr-FR\",\"@id\":\"https:\\\/\\\/www.monboladegrossesse.com\\\/boutique\\\/produit\\\/bola-de-grossesse-aum-festival\\\/#primaryimage\",\"url\":\"https:\\\/\\\/www.monboladegrossesse.com\\\/boutique\\\/wp-content\\\/uploads\\\/2024\\\/05\\\/bola-grossesse-aum-festival.webp\",\"contentUrl\":\"https:\\\/\\\/www.monboladegrossesse.com\\\/boutique\\\/wp-content\\\/uploads\\\/2024\\\/05\\\/bola-grossesse-aum-festival.webp\",\"width\":1200,\"height\":1200,\"caption\":\"Bola de grossesse Aum - festival\"},{\"@type\":\"BreadcrumbList\",\"@id\":\"https:\\\/\\\/www.monboladegrossesse.com\\\/boutique\\\/produit\\\/bola-de-grossesse-aum-festival\\\/#breadcrumb\",\"itemListElement\":[{\"@type\":\"ListItem\",\"position\":1,\"name\":\"Accueil\",\"item\":\"https:\\\/\\\/www.monboladegrossesse.com\\\/boutique\\\/\"},{\"@type\":\"ListItem\",\"position\":2,\"name\":\"Shop\",\"item\":\"https:\\\/\\\/www.monboladegrossesse.com\\\/boutique\\\/shop\\\/\"},{\"@type\":\"ListItem\",\"position\":3,\"name\":\"Bola de grossesse Aum &#8211; festival\"}]},{\"@type\":\"WebSite\",\"@id\":\"https:\\\/\\\/www.monboladegrossesse.com\\\/boutique\\\/#website\",\"url\":\"https:\\\/\\\/www.monboladegrossesse.com\\\/boutique\\\/\",\"name\":\"Boutique de bola de grossesse pour future maman\",\"description\":\"\",\"publisher\":{\"@id\":\"https:\\\/\\\/www.monboladegrossesse.com\\\/boutique\\\/#organization\"},\"potentialAction\":[{\"@type\":\"SearchAction\",\"target\":{\"@type\":\"EntryPoint\",\"urlTemplate\":\"https:\\\/\\\/www.monboladegrossesse.com\\\/boutique\\\/?s={search_term_string}\"},\"query-input\":{\"@type\":\"PropertyValueSpecification\",\"valueRequired\":true,\"valueName\":\"search_term_string\"}}],\"inLanguage\":\"fr-FR\"},{\"@type\":\"Organization\",\"@id\":\"https:\\\/\\\/www.monboladegrossesse.com\\\/boutique\\\/#organization\",\"name\":\"Boutique de bola de grossesse pour future maman\",\"url\":\"https:\\\/\\\/www.monboladegrossesse.com\\\/boutique\\\/\",\"logo\":{\"@type\":\"ImageObject\",\"inLanguage\":\"fr-FR\",\"@id\":\"https:\\\/\\\/www.monboladegrossesse.com\\\/boutique\\\/#\\\/schema\\\/logo\\\/image\\\/\",\"url\":\"https:\\\/\\\/www.monboladegrossesse.com\\\/boutique\\\/wp-content\\\/uploads\\\/2024\\\/06\\\/cropped-logo-bola-470X110.webp\",\"contentUrl\":\"https:\\\/\\\/www.monboladegrossesse.com\\\/boutique\\\/wp-content\\\/uploads\\\/2024\\\/06\\\/cropped-logo-bola-470X110.webp\",\"width\":470,\"height\":110,\"caption\":\"Boutique de bola de grossesse pour future maman\"},\"image\":{\"@id\":\"https:\\\/\\\/www.monboladegrossesse.com\\\/boutique\\\/#\\\/schema\\\/logo\\\/image\\\/\"},\"sameAs\":[\"https:\\\/\\\/www.facebook.com\\\/Bola-de-Grossesse-1360399817389794\\\/\",\"https:\\\/\\\/www.pinterest.fr\\\/monboladegrossesse\\\/\",\"https:\\\/\\\/www.youtube.com\\\/@Monboladegrossesse-x3f\",\"https:\\\/\\\/www.tiktok.com\\\/@bola.de.grossesse?lang=fr\"]}]}<\/script>\n<!-- \/ Yoast SEO plugin. -->","yoast_head_json":{"title":"Bola de grossesse Aum - festival : un bola avec pierres naturelles","description":"Un bola de grossesse pour future maman qui aime les festivals et la musique, le mod\u00e8le lithoth\u00e9rapie Aum-festival est personnalis\u00e9 et grav\u00e9 !","robots":{"index":"index","follow":"follow","max-snippet":"max-snippet:-1","max-image-preview":"max-image-preview:large","max-video-preview":"max-video-preview:-1"},"canonical":"https:\/\/www.monboladegrossesse.com\/boutique\/produit\/bola-de-grossesse-aum-festival\/","og_locale":"fr_FR","og_type":"article","og_title":"Bola de grossesse Aum - festival : un bola avec pierres naturelles","og_description":"Un bola de grossesse pour future maman qui aime les festivals et la musique, le mod\u00e8le lithoth\u00e9rapie Aum-festival est personnalis\u00e9 et grav\u00e9 !","og_url":"https:\/\/www.monboladegrossesse.com\/boutique\/produit\/bola-de-grossesse-aum-festival\/","og_site_name":"Boutique de bola de grossesse pour future maman","article_publisher":"https:\/\/www.facebook.com\/Bola-de-Grossesse-1360399817389794\/","article_modified_time":"2026-03-04T14:44:49+00:00","og_image":[{"width":1200,"height":1200,"url":"https:\/\/www.monboladegrossesse.com\/boutique\/wp-content\/uploads\/2024\/05\/bola-grossesse-aum-festival.webp","type":"image\/webp"}],"twitter_card":"summary_large_image","twitter_misc":{"Dur\u00e9e de lecture estim\u00e9e":"2 minutes"},"schema":{"@context":"https:\/\/schema.org","@graph":[{"@type":"WebPage","@id":"https:\/\/www.monboladegrossesse.com\/boutique\/produit\/bola-de-grossesse-aum-festival\/","url":"https:\/\/www.monboladegrossesse.com\/boutique\/produit\/bola-de-grossesse-aum-festival\/","name":"Bola de grossesse Aum - festival : un bola avec pierres naturelles","isPartOf":{"@id":"https:\/\/www.monboladegrossesse.com\/boutique\/#website"},"primaryImageOfPage":{"@id":"https:\/\/www.monboladegrossesse.com\/boutique\/produit\/bola-de-grossesse-aum-festival\/#primaryimage"},"image":{"@id":"https:\/\/www.monboladegrossesse.com\/boutique\/produit\/bola-de-grossesse-aum-festival\/#primaryimage"},"thumbnailUrl":"https:\/\/www.monboladegrossesse.com\/boutique\/wp-content\/uploads\/2024\/05\/bola-grossesse-aum-festival.webp","datePublished":"2024-05-02T14:14:43+00:00","dateModified":"2026-03-04T14:44:49+00:00","description":"Un bola de grossesse pour future maman qui aime les festivals et la musique, le mod\u00e8le lithoth\u00e9rapie Aum-festival est personnalis\u00e9 et grav\u00e9 !","breadcrumb":{"@id":"https:\/\/www.monboladegrossesse.com\/boutique\/produit\/bola-de-grossesse-aum-festival\/#breadcrumb"},"inLanguage":"fr-FR","potentialAction":[{"@type":"ReadAction","target":["https:\/\/www.monboladegrossesse.com\/boutique\/produit\/bola-de-grossesse-aum-festival\/"]}]},{"@type":"ImageObject","inLanguage":"fr-FR","@id":"https:\/\/www.monboladegrossesse.com\/boutique\/produit\/bola-de-grossesse-aum-festival\/#primaryimage","url":"https:\/\/www.monboladegrossesse.com\/boutique\/wp-content\/uploads\/2024\/05\/bola-grossesse-aum-festival.webp","contentUrl":"https:\/\/www.monboladegrossesse.com\/boutique\/wp-content\/uploads\/2024\/05\/bola-grossesse-aum-festival.webp","width":1200,"height":1200,"caption":"Bola de grossesse Aum - festival"},{"@type":"BreadcrumbList","@id":"https:\/\/www.monboladegrossesse.com\/boutique\/produit\/bola-de-grossesse-aum-festival\/#breadcrumb","itemListElement":[{"@type":"ListItem","position":1,"name":"Accueil","item":"https:\/\/www.monboladegrossesse.com\/boutique\/"},{"@type":"ListItem","position":2,"name":"Shop","item":"https:\/\/www.monboladegrossesse.com\/boutique\/shop\/"},{"@type":"ListItem","position":3,"name":"Bola de grossesse Aum &#8211; festival"}]},{"@type":"WebSite","@id":"https:\/\/www.monboladegrossesse.com\/boutique\/#website","url":"https:\/\/www.monboladegrossesse.com\/boutique\/","name":"Boutique de bola de grossesse pour future maman","description":"","publisher":{"@id":"https:\/\/www.monboladegrossesse.com\/boutique\/#organization"},"potentialAction":[{"@type":"SearchAction","target":{"@type":"EntryPoint","urlTemplate":"https:\/\/www.monboladegrossesse.com\/boutique\/?s={search_term_string}"},"query-input":{"@type":"PropertyValueSpecification","valueRequired":true,"valueName":"search_term_string"}}],"inLanguage":"fr-FR"},{"@type":"Organization","@id":"https:\/\/www.monboladegrossesse.com\/boutique\/#organization","name":"Boutique de bola de grossesse pour future maman","url":"https:\/\/www.monboladegrossesse.com\/boutique\/","logo":{"@type":"ImageObject","inLanguage":"fr-FR","@id":"https:\/\/www.monboladegrossesse.com\/boutique\/#\/schema\/logo\/image\/","url":"https:\/\/www.monboladegrossesse.com\/boutique\/wp-content\/uploads\/2024\/06\/cropped-logo-bola-470X110.webp","contentUrl":"https:\/\/www.monboladegrossesse.com\/boutique\/wp-content\/uploads\/2024\/06\/cropped-logo-bola-470X110.webp","width":470,"height":110,"caption":"Boutique de bola de grossesse pour future maman"},"image":{"@id":"https:\/\/www.monboladegrossesse.com\/boutique\/#\/schema\/logo\/image\/"},"sameAs":["https:\/\/www.facebook.com\/Bola-de-Grossesse-1360399817389794\/","https:\/\/www.pinterest.fr\/monboladegrossesse\/","https:\/\/www.youtube.com\/@Monboladegrossesse-x3f","https:\/\/www.tiktok.com\/@bola.de.grossesse?lang=fr"]}]}},"wcpa_form_fields":null,"_links":{"self":[{"href":"https:\/\/www.monboladegrossesse.com\/boutique\/wp-json\/wp\/v2\/product\/13592","targetHints":{"allow":["GET"]}}],"collection":[{"href":"https:\/\/www.monboladegrossesse.com\/boutique\/wp-json\/wp\/v2\/product"}],"about":[{"href":"https:\/\/www.monboladegrossesse.com\/boutique\/wp-json\/wp\/v2\/types\/product"}],"replies":[{"embeddable":true,"href":"https:\/\/www.monboladegrossesse.com\/boutique\/wp-json\/wp\/v2\/comments?post=13592"}],"wp:featuredmedia":[{"embeddable":true,"href":"https:\/\/www.monboladegrossesse.com\/boutique\/wp-json\/wp\/v2\/media\/13593"}],"wp:attachment":[{"href":"https:\/\/www.monboladegrossesse.com\/boutique\/wp-json\/wp\/v2\/media?parent=13592"}],"wp:term":[{"taxonomy":"product_brand","embeddable":true,"href":"https:\/\/www.monboladegrossesse.com\/boutique\/wp-json\/wp\/v2\/product_brand?post=13592"},{"taxonomy":"product_cat","embeddable":true,"href":"https:\/\/www.monboladegrossesse.com\/boutique\/wp-json\/wp\/v2\/product_cat?post=13592"},{"taxonomy":"product_tag","embeddable":true,"href":"https:\/\/www.monboladegrossesse.com\/boutique\/wp-json\/wp\/v2\/product_tag?post=13592"}],"curies":[{"name":"wp","href":"https:\/\/api.w.org\/{rel}","templated":true}]}}