{"id":1337,"date":"2018-09-18T14:48:16","date_gmt":"2018-09-18T12:48:16","guid":{"rendered":"https:\/\/www.monboladegrossesse.com\/boutique\/?post_type=product&#038;p=1337"},"modified":"2026-03-04T15:45:23","modified_gmt":"2026-03-04T14:45:23","slug":"bola-musical-flocon","status":"publish","type":"product","link":"https:\/\/www.monboladegrossesse.com\/boutique\/produit\/bola-musical-flocon\/","title":{"rendered":"Bola musical Flocon"},"content":{"rendered":"<p>Attention voici un bijou de grossesse porter durant toutes les saisons ! Et m\u00eame s&rsquo;il s&rsquo;agit de notre mod\u00e8le Flocon. \u00a0Ce bola musical avec sa cage en forme de flocon accompagne tous vos v\u00eatements de grossesse.<\/p>\n<h2>Un bola fantaisie \u00e0 porter tous les jours<\/h2>\n<p>Le pendentif est fabriqu\u00e9 en m\u00e9tal,<strong> sans plomb, sans nickel et sans cadmium.<\/strong>\u00a0Son design fait penser \u00e0 un flocon de neige. Il donne un aspect a\u00e9r\u00e9 \u00e0 votre bijou de grossesse. Il renferme une perle musicale, dont le son est entendu par b\u00e9b\u00e9.<\/p>\n<p>Le collier est quant \u00e0 lui en cordon su\u00e9dine couleur parme. Le bijou se compose \u00e9galement d&rsquo;une petite breloque en forme de baguette magique, toujours dans un esprit de f\u00eate, de magie.<\/p>\n<h2>Personnaliser le bola flocon<\/h2>\n<p>Nous vous proposons 2 fa\u00e7ons de personnaliser le bola flocon.<\/p>\n<p>Vous pouvez tout d&rsquo;abord choisir de changer le collier en su\u00e9dine par de la chaine en acier inoxydable. Pensez \u00e0 bien cocher la case lors de votre commande.<br \/>\nVous pouvez \u00e9galement choisir d&rsquo;ajouter une m\u00e9daille grav\u00e9e \u00e0 votre bola. Pour cela il vous suffit simplement de remplir le champ ad\u00e9quat ci-dessus. La gravure offre 20 caract\u00e8res. Il est possible de graver un coeur\u00a0\u2764.<\/p>\n<p>N&rsquo;h\u00e9sitez pas \u00e0 consulter nos autres mod\u00e8les de bolas, et notamment tous nos bolas de grossesse personnalis\u00e9s. Vendus 15,99\u20ac ils proposent des colliers en Liberty of London (100% coton). Et la possibilit\u00e9 d&rsquo;une gravure recto et verso de votre m\u00e9daille. Il s&rsquo;agit par exemple <a href=\"https:\/\/www.monboladegrossesse.com\/boutique\/produit\/bola-personnalise-victoire\/\">du bola personnalis\u00e9 Victoire.<\/a><\/p>\n<h3>Comment porter votre bola ?<\/h3>\n<p>Le bola flocon est vendu avec son collier en cordon su\u00e9dine ou en acier inoxydable.\u00a0Nous vous conseillons de bien porter votre bola au milieu de votre ventre de future maman, au niveau du nombril. Le collier et la longueur fournie correspondent \u00e0 cette attente. Retrouvez d&rsquo;autres conseils pour bien porter votre bola sur <a href=\"https:\/\/www.monboladegrossesse.com\/\">notre blog de grossesse.<\/a><\/p>\n","protected":false},"excerpt":{"rendered":"<p>Attention voici un bijou de grossesse porter durant toutes les saisons ! Et m\u00eame s&rsquo;il s&rsquo;agit de notre mod\u00e8le Flocon.<\/p>\n","protected":false},"featured_media":1338,"comment_status":"open","ping_status":"closed","template":"","meta":{"_acf_changed":false},"product_brand":[],"product_cat":[47],"product_tag":[],"class_list":{"0":"post-1337","1":"product","2":"type-product","3":"status-publish","4":"has-post-thumbnail","6":"product_cat-bola-a-19e","8":"first","9":"instock","10":"shipping-taxable","11":"purchasable","12":"product-type-simple"},"acf":[],"yoast_head":"<!-- This site is optimized with the Yoast SEO plugin v27.2 - https:\/\/yoast.com\/product\/yoast-seo-wordpress\/ -->\n<title>Bola de grossesse musical mod\u00e8le flocon pour future maman<\/title>\n<meta name=\"description\" content=\"Notre mod\u00e8le Flocon est un bola de grossesse musical pas cher (moins de 10\u20ac). Le collier du bijou est en cordon su\u00e9dine et est accompagn\u00e9 d&#039;une breloque.\" \/>\n<meta name=\"robots\" content=\"index, follow, max-snippet:-1, max-image-preview:large, max-video-preview:-1\" \/>\n<link rel=\"canonical\" href=\"https:\/\/www.monboladegrossesse.com\/boutique\/produit\/bola-musical-flocon\/\" \/>\n<meta property=\"og:locale\" content=\"fr_FR\" \/>\n<meta property=\"og:type\" content=\"article\" \/>\n<meta property=\"og:title\" content=\"Bola de grossesse musical mod\u00e8le flocon pour future maman\" \/>\n<meta property=\"og:description\" content=\"Notre mod\u00e8le Flocon est un bola de grossesse musical pas cher (moins de 10\u20ac). Le collier du bijou est en cordon su\u00e9dine et est accompagn\u00e9 d&#039;une breloque.\" \/>\n<meta property=\"og:url\" content=\"https:\/\/www.monboladegrossesse.com\/boutique\/produit\/bola-musical-flocon\/\" \/>\n<meta property=\"og:site_name\" content=\"Boutique de bola de grossesse pour future maman\" \/>\n<meta property=\"article:publisher\" content=\"https:\/\/www.facebook.com\/Bola-de-Grossesse-1360399817389794\/\" \/>\n<meta property=\"article:modified_time\" content=\"2026-03-04T14:45:23+00:00\" \/>\n<meta property=\"og:image\" content=\"https:\/\/www.monboladegrossesse.com\/boutique\/wp-content\/uploads\/2018\/09\/bola-de-grossesse-pas-cher.jpg\" \/>\n\t<meta property=\"og:image:width\" content=\"600\" \/>\n\t<meta property=\"og:image:height\" content=\"600\" \/>\n\t<meta property=\"og:image:type\" content=\"image\/jpeg\" \/>\n<meta name=\"twitter:card\" content=\"summary_large_image\" \/>\n<meta name=\"twitter:label1\" content=\"Dur\u00e9e de lecture estim\u00e9e\" \/>\n\t<meta name=\"twitter:data1\" content=\"2 minutes\" \/>\n<script type=\"application\/ld+json\" class=\"yoast-schema-graph\">{\"@context\":\"https:\/\/schema.org\",\"@graph\":[{\"@type\":\"WebPage\",\"@id\":\"https:\/\/www.monboladegrossesse.com\/boutique\/produit\/bola-musical-flocon\/\",\"url\":\"https:\/\/www.monboladegrossesse.com\/boutique\/produit\/bola-musical-flocon\/\",\"name\":\"Bola de grossesse musical mod\u00e8le flocon pour future maman\",\"isPartOf\":{\"@id\":\"https:\/\/www.monboladegrossesse.com\/boutique\/#website\"},\"primaryImageOfPage\":{\"@id\":\"https:\/\/www.monboladegrossesse.com\/boutique\/produit\/bola-musical-flocon\/#primaryimage\"},\"image\":{\"@id\":\"https:\/\/www.monboladegrossesse.com\/boutique\/produit\/bola-musical-flocon\/#primaryimage\"},\"thumbnailUrl\":\"https:\/\/www.monboladegrossesse.com\/boutique\/wp-content\/uploads\/2018\/09\/bola-de-grossesse-pas-cher.jpg\",\"datePublished\":\"2018-09-18T12:48:16+00:00\",\"dateModified\":\"2026-03-04T14:45:23+00:00\",\"description\":\"Notre mod\u00e8le Flocon est un bola de grossesse musical pas cher (moins de 10\u20ac). Le collier du bijou est en cordon su\u00e9dine et est accompagn\u00e9 d'une breloque.\",\"breadcrumb\":{\"@id\":\"https:\/\/www.monboladegrossesse.com\/boutique\/produit\/bola-musical-flocon\/#breadcrumb\"},\"inLanguage\":\"fr-FR\",\"potentialAction\":[{\"@type\":\"ReadAction\",\"target\":[\"https:\/\/www.monboladegrossesse.com\/boutique\/produit\/bola-musical-flocon\/\"]}]},{\"@type\":\"ImageObject\",\"inLanguage\":\"fr-FR\",\"@id\":\"https:\/\/www.monboladegrossesse.com\/boutique\/produit\/bola-musical-flocon\/#primaryimage\",\"url\":\"https:\/\/www.monboladegrossesse.com\/boutique\/wp-content\/uploads\/2018\/09\/bola-de-grossesse-pas-cher.jpg\",\"contentUrl\":\"https:\/\/www.monboladegrossesse.com\/boutique\/wp-content\/uploads\/2018\/09\/bola-de-grossesse-pas-cher.jpg\",\"width\":600,\"height\":600,\"caption\":\"bola grossesse\"},{\"@type\":\"BreadcrumbList\",\"@id\":\"https:\/\/www.monboladegrossesse.com\/boutique\/produit\/bola-musical-flocon\/#breadcrumb\",\"itemListElement\":[{\"@type\":\"ListItem\",\"position\":1,\"name\":\"Accueil\",\"item\":\"https:\/\/www.monboladegrossesse.com\/boutique\/\"},{\"@type\":\"ListItem\",\"position\":2,\"name\":\"Shop\",\"item\":\"https:\/\/www.monboladegrossesse.com\/boutique\/shop\/\"},{\"@type\":\"ListItem\",\"position\":3,\"name\":\"Bola musical Flocon\"}]},{\"@type\":\"WebSite\",\"@id\":\"https:\/\/www.monboladegrossesse.com\/boutique\/#website\",\"url\":\"https:\/\/www.monboladegrossesse.com\/boutique\/\",\"name\":\"Boutique de bola de grossesse pour future maman\",\"description\":\"\",\"publisher\":{\"@id\":\"https:\/\/www.monboladegrossesse.com\/boutique\/#organization\"},\"potentialAction\":[{\"@type\":\"SearchAction\",\"target\":{\"@type\":\"EntryPoint\",\"urlTemplate\":\"https:\/\/www.monboladegrossesse.com\/boutique\/?s={search_term_string}\"},\"query-input\":{\"@type\":\"PropertyValueSpecification\",\"valueRequired\":true,\"valueName\":\"search_term_string\"}}],\"inLanguage\":\"fr-FR\"},{\"@type\":\"Organization\",\"@id\":\"https:\/\/www.monboladegrossesse.com\/boutique\/#organization\",\"name\":\"Boutique de bola de grossesse pour future maman\",\"url\":\"https:\/\/www.monboladegrossesse.com\/boutique\/\",\"logo\":{\"@type\":\"ImageObject\",\"inLanguage\":\"fr-FR\",\"@id\":\"https:\/\/www.monboladegrossesse.com\/boutique\/#\/schema\/logo\/image\/\",\"url\":\"https:\/\/www.monboladegrossesse.com\/boutique\/wp-content\/uploads\/2024\/06\/cropped-logo-bola-470X110.webp\",\"contentUrl\":\"https:\/\/www.monboladegrossesse.com\/boutique\/wp-content\/uploads\/2024\/06\/cropped-logo-bola-470X110.webp\",\"width\":470,\"height\":110,\"caption\":\"Boutique de bola de grossesse pour future maman\"},\"image\":{\"@id\":\"https:\/\/www.monboladegrossesse.com\/boutique\/#\/schema\/logo\/image\/\"},\"sameAs\":[\"https:\/\/www.facebook.com\/Bola-de-Grossesse-1360399817389794\/\",\"https:\/\/www.pinterest.fr\/monboladegrossesse\/\",\"https:\/\/www.youtube.com\/@Monboladegrossesse-x3f\",\"https:\/\/www.tiktok.com\/@bola.de.grossesse?lang=fr\"]}]}<\/script>\n<!-- \/ Yoast SEO plugin. -->","yoast_head_json":{"title":"Bola de grossesse musical mod\u00e8le flocon pour future maman","description":"Notre mod\u00e8le Flocon est un bola de grossesse musical pas cher (moins de 10\u20ac). Le collier du bijou est en cordon su\u00e9dine et est accompagn\u00e9 d'une breloque.","robots":{"index":"index","follow":"follow","max-snippet":"max-snippet:-1","max-image-preview":"max-image-preview:large","max-video-preview":"max-video-preview:-1"},"canonical":"https:\/\/www.monboladegrossesse.com\/boutique\/produit\/bola-musical-flocon\/","og_locale":"fr_FR","og_type":"article","og_title":"Bola de grossesse musical mod\u00e8le flocon pour future maman","og_description":"Notre mod\u00e8le Flocon est un bola de grossesse musical pas cher (moins de 10\u20ac). Le collier du bijou est en cordon su\u00e9dine et est accompagn\u00e9 d'une breloque.","og_url":"https:\/\/www.monboladegrossesse.com\/boutique\/produit\/bola-musical-flocon\/","og_site_name":"Boutique de bola de grossesse pour future maman","article_publisher":"https:\/\/www.facebook.com\/Bola-de-Grossesse-1360399817389794\/","article_modified_time":"2026-03-04T14:45:23+00:00","og_image":[{"width":600,"height":600,"url":"https:\/\/www.monboladegrossesse.com\/boutique\/wp-content\/uploads\/2018\/09\/bola-de-grossesse-pas-cher.jpg","type":"image\/jpeg"}],"twitter_card":"summary_large_image","twitter_misc":{"Dur\u00e9e de lecture estim\u00e9e":"2 minutes"},"schema":{"@context":"https:\/\/schema.org","@graph":[{"@type":"WebPage","@id":"https:\/\/www.monboladegrossesse.com\/boutique\/produit\/bola-musical-flocon\/","url":"https:\/\/www.monboladegrossesse.com\/boutique\/produit\/bola-musical-flocon\/","name":"Bola de grossesse musical mod\u00e8le flocon pour future maman","isPartOf":{"@id":"https:\/\/www.monboladegrossesse.com\/boutique\/#website"},"primaryImageOfPage":{"@id":"https:\/\/www.monboladegrossesse.com\/boutique\/produit\/bola-musical-flocon\/#primaryimage"},"image":{"@id":"https:\/\/www.monboladegrossesse.com\/boutique\/produit\/bola-musical-flocon\/#primaryimage"},"thumbnailUrl":"https:\/\/www.monboladegrossesse.com\/boutique\/wp-content\/uploads\/2018\/09\/bola-de-grossesse-pas-cher.jpg","datePublished":"2018-09-18T12:48:16+00:00","dateModified":"2026-03-04T14:45:23+00:00","description":"Notre mod\u00e8le Flocon est un bola de grossesse musical pas cher (moins de 10\u20ac). Le collier du bijou est en cordon su\u00e9dine et est accompagn\u00e9 d'une breloque.","breadcrumb":{"@id":"https:\/\/www.monboladegrossesse.com\/boutique\/produit\/bola-musical-flocon\/#breadcrumb"},"inLanguage":"fr-FR","potentialAction":[{"@type":"ReadAction","target":["https:\/\/www.monboladegrossesse.com\/boutique\/produit\/bola-musical-flocon\/"]}]},{"@type":"ImageObject","inLanguage":"fr-FR","@id":"https:\/\/www.monboladegrossesse.com\/boutique\/produit\/bola-musical-flocon\/#primaryimage","url":"https:\/\/www.monboladegrossesse.com\/boutique\/wp-content\/uploads\/2018\/09\/bola-de-grossesse-pas-cher.jpg","contentUrl":"https:\/\/www.monboladegrossesse.com\/boutique\/wp-content\/uploads\/2018\/09\/bola-de-grossesse-pas-cher.jpg","width":600,"height":600,"caption":"bola grossesse"},{"@type":"BreadcrumbList","@id":"https:\/\/www.monboladegrossesse.com\/boutique\/produit\/bola-musical-flocon\/#breadcrumb","itemListElement":[{"@type":"ListItem","position":1,"name":"Accueil","item":"https:\/\/www.monboladegrossesse.com\/boutique\/"},{"@type":"ListItem","position":2,"name":"Shop","item":"https:\/\/www.monboladegrossesse.com\/boutique\/shop\/"},{"@type":"ListItem","position":3,"name":"Bola musical Flocon"}]},{"@type":"WebSite","@id":"https:\/\/www.monboladegrossesse.com\/boutique\/#website","url":"https:\/\/www.monboladegrossesse.com\/boutique\/","name":"Boutique de bola de grossesse pour future maman","description":"","publisher":{"@id":"https:\/\/www.monboladegrossesse.com\/boutique\/#organization"},"potentialAction":[{"@type":"SearchAction","target":{"@type":"EntryPoint","urlTemplate":"https:\/\/www.monboladegrossesse.com\/boutique\/?s={search_term_string}"},"query-input":{"@type":"PropertyValueSpecification","valueRequired":true,"valueName":"search_term_string"}}],"inLanguage":"fr-FR"},{"@type":"Organization","@id":"https:\/\/www.monboladegrossesse.com\/boutique\/#organization","name":"Boutique de bola de grossesse pour future maman","url":"https:\/\/www.monboladegrossesse.com\/boutique\/","logo":{"@type":"ImageObject","inLanguage":"fr-FR","@id":"https:\/\/www.monboladegrossesse.com\/boutique\/#\/schema\/logo\/image\/","url":"https:\/\/www.monboladegrossesse.com\/boutique\/wp-content\/uploads\/2024\/06\/cropped-logo-bola-470X110.webp","contentUrl":"https:\/\/www.monboladegrossesse.com\/boutique\/wp-content\/uploads\/2024\/06\/cropped-logo-bola-470X110.webp","width":470,"height":110,"caption":"Boutique de bola de grossesse pour future maman"},"image":{"@id":"https:\/\/www.monboladegrossesse.com\/boutique\/#\/schema\/logo\/image\/"},"sameAs":["https:\/\/www.facebook.com\/Bola-de-Grossesse-1360399817389794\/","https:\/\/www.pinterest.fr\/monboladegrossesse\/","https:\/\/www.youtube.com\/@Monboladegrossesse-x3f","https:\/\/www.tiktok.com\/@bola.de.grossesse?lang=fr"]}]}},"wcpa_form_fields":null,"_links":{"self":[{"href":"https:\/\/www.monboladegrossesse.com\/boutique\/wp-json\/wp\/v2\/product\/1337","targetHints":{"allow":["GET"]}}],"collection":[{"href":"https:\/\/www.monboladegrossesse.com\/boutique\/wp-json\/wp\/v2\/product"}],"about":[{"href":"https:\/\/www.monboladegrossesse.com\/boutique\/wp-json\/wp\/v2\/types\/product"}],"replies":[{"embeddable":true,"href":"https:\/\/www.monboladegrossesse.com\/boutique\/wp-json\/wp\/v2\/comments?post=1337"}],"wp:featuredmedia":[{"embeddable":true,"href":"https:\/\/www.monboladegrossesse.com\/boutique\/wp-json\/wp\/v2\/media\/1338"}],"wp:attachment":[{"href":"https:\/\/www.monboladegrossesse.com\/boutique\/wp-json\/wp\/v2\/media?parent=1337"}],"wp:term":[{"taxonomy":"product_brand","embeddable":true,"href":"https:\/\/www.monboladegrossesse.com\/boutique\/wp-json\/wp\/v2\/product_brand?post=1337"},{"taxonomy":"product_cat","embeddable":true,"href":"https:\/\/www.monboladegrossesse.com\/boutique\/wp-json\/wp\/v2\/product_cat?post=1337"},{"taxonomy":"product_tag","embeddable":true,"href":"https:\/\/www.monboladegrossesse.com\/boutique\/wp-json\/wp\/v2\/product_tag?post=1337"}],"curies":[{"name":"wp","href":"https:\/\/api.w.org\/{rel}","templated":true}]}}