{"id":13075,"date":"2022-12-13T14:10:59","date_gmt":"2022-12-13T13:10:59","guid":{"rendered":"https:\/\/www.monboladegrossesse.com\/boutique\/?post_type=product&#038;p=13075"},"modified":"2024-07-21T18:15:17","modified_gmt":"2024-07-21T16:15:17","slug":"bola-plaque-argent-mains-de-bebe-et-oeil-de-tigre","status":"publish","type":"product","link":"https:\/\/www.monboladegrossesse.com\/boutique\/produit\/bola-plaque-argent-mains-de-bebe-et-oeil-de-tigre\/","title":{"rendered":"Bola plaqu\u00e9 argent : mains de b\u00e9b\u00e9 et oeil de Tigre"},"content":{"rendered":"<p>Bola de grossesse personnalis\u00e9 mont\u00e9 sur <strong>une chaine en acier inoxydable<\/strong>, le mod\u00e8le petites mains de b\u00e9b\u00e9 est accompagn\u00e9 d&rsquo;une pierre naturelle d&rsquo;oeil de tigre. Une m\u00e9daille en argent 925 est incluse dans le prix pour que vous puissiez faire graver votre message.<\/p>\n<h2>Porter un bola de grossesse personnalis\u00e9 avec sa m\u00e9daille grav\u00e9e<\/h2>\n<p>Pour personnaliser votre bola plaqu\u00e9 argent, vous pouvez <strong>faire graver une m\u00e9daille en argent 925<\/strong>. Nous pouvons graver jusqu&rsquo;\u00e0 20 caract\u00e8res par c\u00f4t\u00e9. Ces 20 caract\u00e8res peuvent comprendre un emoji, comme par exemple :\u00a0<b>\u2764\ufe0f, \u267e\ufe0f, \ud83d\udc76&#8230;<\/b><\/p>\n<h3>Des id\u00e9es de messages \u00e0 graver pour votre bola de grossesse<\/h3>\n<p>Voici 10 id\u00e9es originales que vous faire graver sur votre m\u00e9daille personnalis\u00e9e \u00a0:<\/p>\n<ol>\n<li>\u00ab\u00a0Mon tr\u00e9sor\u00a0<b>\u2764\ufe0f\u00a0<\/b>\u00ab\u00a0<\/li>\n<li>\u00ab\u00a0Un amour infini\u00a0\u00bb<\/li>\n<li>\u00ab\u00a0Future maman\u00a0\u00bb<\/li>\n<li>\u00ab\u00a0Avec toi mon <b>\u2764\ufe0f<\/b>\u00ab\u00a0<\/li>\n<li>\u00ab\u00a0Tu es ma joie\u00a0\u00bb<\/li>\n<li>\u00ab\u00a0Joyeuse arriv\u00e9e\u00a0\u00bb<\/li>\n<li>\u00ab\u00a0Une \u00e9toile brillante\u00a0\u00bb<\/li>\n<li>\u00ab\u00a0Ma plus grande fiert\u00e9\u00a0\u00bb<\/li>\n<li>\u00ab\u00a0Un cadeau unique\u00a0\u00bb<\/li>\n<li>\u00ab\u00a0Je t&rsquo;aime d\u00e9j\u00e0\u00a0\u00bb<\/li>\n<\/ol>\n<h2>Une pierre naturelle d&rsquo;oeil de tigre pour un montage original de votre bola<\/h2>\n<p>Pour vous apporter toutes les vertus lithoth\u00e9rapie de la pierre naturelle d&rsquo;oeil de tigre, nous avons pens\u00e9 \u00e0 un montage original ou la pierre d&rsquo;oeil de tigre est un \u00e9l\u00e9ment incontournable du bijou de grossesse.<\/p>\n<p>L\u2019oeil de tigre est une pierre semi-pr\u00e9cieuse tr\u00e8s appr\u00e9ci\u00e9e en lithoth\u00e9rapie car elle poss\u00e8de beaucoup d\u2019avantages, notamment <strong>sur le plan mental et physique.<\/strong> Elle est connue pour ses propri\u00e9t\u00e9s \u00e9nergisantes, protectrices et apaisantes.<\/p>\n<p>La pierre naturelle oeil de tigre offre un sentiment de s\u00e9curit\u00e9 et d&rsquo;amour qui permet de se sentir en paix avec soi-m\u00eame pendant la grossesse.<\/p>\n<h3>4 perles de tourmaline noire sur le collier de votre bola<\/h3>\n<p>Sur le collier de votre bola de grossesse vous trouverez 4 perles de tourmaline noire. Ces pierres naturelles de tourmaline noire en lithoth\u00e9rapie, sont connues<strong> pour leurs propri\u00e9t\u00e9s curatives et protectrices.<\/strong> Elles peuvent aider \u00e0 \u00e9quilibrer les chakras, \u00e0 dissiper la n\u00e9gativit\u00e9 et \u00e0 purifier l&rsquo;aura. La tourmaline noire est souvent utilis\u00e9e pour absorber l&rsquo;\u00e9nergie n\u00e9gative et la transmuter en une force positive, ce qui <strong>aide \u00e0 soulager le stress, la d\u00e9pression et les troubles anxieux. <\/strong><\/p>\n<p>Elle offre \u00e9galement des avantages physiques tels que le soulagement des maux de t\u00eate, des douleurs articulaires et musculaires, ainsi qu\u2019une am\u00e9lioration de l\u2019immunit\u00e9.<\/p>\n","protected":false},"excerpt":{"rendered":"<p>Bola de grossesse personnalis\u00e9 mont\u00e9 sur une chaine en acier inoxydable, le mod\u00e8le petites mains de b\u00e9b\u00e9 est accompagn\u00e9 d&rsquo;une<\/p>\n","protected":false},"featured_media":13077,"comment_status":"open","ping_status":"closed","template":"","meta":{"_acf_changed":false},"product_brand":[],"product_cat":[48],"product_tag":[],"class_list":{"0":"post-13075","1":"product","2":"type-product","3":"status-publish","4":"has-post-thumbnail","6":"product_cat-bola-a-29e","7":"wcpa_has_options","9":"first","10":"instock","11":"shipping-taxable","12":"purchasable","13":"product-type-simple"},"acf":[],"yoast_head":"<!-- This site is optimized with the Yoast SEO plugin v27.2 - https:\/\/yoast.com\/product\/yoast-seo-wordpress\/ -->\n<title>Bola plaqu\u00e9 argent : mains de b\u00e9b\u00e9 et oeil de Tigre<\/title>\n<meta name=\"description\" content=\"Bola de grossesse personnalis\u00e9 en plaqu\u00e9 argent avec des petites mains de b\u00e9b\u00e9 et une pierre oeil de tigre pour ses vertus de lithoth\u00e9rapie.\" \/>\n<meta name=\"robots\" content=\"index, follow, max-snippet:-1, max-image-preview:large, max-video-preview:-1\" \/>\n<link rel=\"canonical\" href=\"https:\/\/www.monboladegrossesse.com\/boutique\/produit\/bola-plaque-argent-mains-de-bebe-et-oeil-de-tigre\/\" \/>\n<meta property=\"og:locale\" content=\"fr_FR\" \/>\n<meta property=\"og:type\" content=\"article\" \/>\n<meta property=\"og:title\" content=\"Bola plaqu\u00e9 argent : mains de b\u00e9b\u00e9 et oeil de Tigre\" \/>\n<meta property=\"og:description\" content=\"Bola de grossesse personnalis\u00e9 en plaqu\u00e9 argent avec des petites mains de b\u00e9b\u00e9 et une pierre oeil de tigre pour ses vertus de lithoth\u00e9rapie.\" \/>\n<meta property=\"og:url\" content=\"https:\/\/www.monboladegrossesse.com\/boutique\/produit\/bola-plaque-argent-mains-de-bebe-et-oeil-de-tigre\/\" \/>\n<meta property=\"og:site_name\" content=\"Boutique de bola de grossesse pour future maman\" \/>\n<meta property=\"article:publisher\" content=\"https:\/\/www.facebook.com\/Bola-de-Grossesse-1360399817389794\/\" \/>\n<meta property=\"article:modified_time\" content=\"2024-07-21T16:15:17+00:00\" \/>\n<meta property=\"og:image\" content=\"https:\/\/www.monboladegrossesse.com\/boutique\/wp-content\/uploads\/2022\/12\/bola-grossesse-oeil-tigre.jpg\" \/>\n\t<meta property=\"og:image:width\" content=\"1000\" \/>\n\t<meta property=\"og:image:height\" content=\"1000\" \/>\n\t<meta property=\"og:image:type\" content=\"image\/jpeg\" \/>\n<meta name=\"twitter:card\" content=\"summary_large_image\" \/>\n<meta name=\"twitter:label1\" content=\"Dur\u00e9e de lecture estim\u00e9e\" \/>\n\t<meta name=\"twitter:data1\" content=\"3 minutes\" \/>\n<script type=\"application\/ld+json\" class=\"yoast-schema-graph\">{\"@context\":\"https:\/\/schema.org\",\"@graph\":[{\"@type\":\"WebPage\",\"@id\":\"https:\/\/www.monboladegrossesse.com\/boutique\/produit\/bola-plaque-argent-mains-de-bebe-et-oeil-de-tigre\/\",\"url\":\"https:\/\/www.monboladegrossesse.com\/boutique\/produit\/bola-plaque-argent-mains-de-bebe-et-oeil-de-tigre\/\",\"name\":\"Bola plaqu\u00e9 argent : mains de b\u00e9b\u00e9 et oeil de Tigre\",\"isPartOf\":{\"@id\":\"https:\/\/www.monboladegrossesse.com\/boutique\/#website\"},\"primaryImageOfPage\":{\"@id\":\"https:\/\/www.monboladegrossesse.com\/boutique\/produit\/bola-plaque-argent-mains-de-bebe-et-oeil-de-tigre\/#primaryimage\"},\"image\":{\"@id\":\"https:\/\/www.monboladegrossesse.com\/boutique\/produit\/bola-plaque-argent-mains-de-bebe-et-oeil-de-tigre\/#primaryimage\"},\"thumbnailUrl\":\"https:\/\/www.monboladegrossesse.com\/boutique\/wp-content\/uploads\/2022\/12\/bola-grossesse-oeil-tigre.jpg\",\"datePublished\":\"2022-12-13T13:10:59+00:00\",\"dateModified\":\"2024-07-21T16:15:17+00:00\",\"description\":\"Bola de grossesse personnalis\u00e9 en plaqu\u00e9 argent avec des petites mains de b\u00e9b\u00e9 et une pierre oeil de tigre pour ses vertus de lithoth\u00e9rapie.\",\"breadcrumb\":{\"@id\":\"https:\/\/www.monboladegrossesse.com\/boutique\/produit\/bola-plaque-argent-mains-de-bebe-et-oeil-de-tigre\/#breadcrumb\"},\"inLanguage\":\"fr-FR\",\"potentialAction\":[{\"@type\":\"ReadAction\",\"target\":[\"https:\/\/www.monboladegrossesse.com\/boutique\/produit\/bola-plaque-argent-mains-de-bebe-et-oeil-de-tigre\/\"]}]},{\"@type\":\"ImageObject\",\"inLanguage\":\"fr-FR\",\"@id\":\"https:\/\/www.monboladegrossesse.com\/boutique\/produit\/bola-plaque-argent-mains-de-bebe-et-oeil-de-tigre\/#primaryimage\",\"url\":\"https:\/\/www.monboladegrossesse.com\/boutique\/wp-content\/uploads\/2022\/12\/bola-grossesse-oeil-tigre.jpg\",\"contentUrl\":\"https:\/\/www.monboladegrossesse.com\/boutique\/wp-content\/uploads\/2022\/12\/bola-grossesse-oeil-tigre.jpg\",\"width\":1000,\"height\":1000,\"caption\":\"bola plaqu\u00e9 argent petites mains de b\u00e9b\u00e9 avec pierre odile e tigre\"},{\"@type\":\"BreadcrumbList\",\"@id\":\"https:\/\/www.monboladegrossesse.com\/boutique\/produit\/bola-plaque-argent-mains-de-bebe-et-oeil-de-tigre\/#breadcrumb\",\"itemListElement\":[{\"@type\":\"ListItem\",\"position\":1,\"name\":\"Accueil\",\"item\":\"https:\/\/www.monboladegrossesse.com\/boutique\/\"},{\"@type\":\"ListItem\",\"position\":2,\"name\":\"Shop\",\"item\":\"https:\/\/www.monboladegrossesse.com\/boutique\/shop\/\"},{\"@type\":\"ListItem\",\"position\":3,\"name\":\"Bola plaqu\u00e9 argent : mains de b\u00e9b\u00e9 et oeil de Tigre\"}]},{\"@type\":\"WebSite\",\"@id\":\"https:\/\/www.monboladegrossesse.com\/boutique\/#website\",\"url\":\"https:\/\/www.monboladegrossesse.com\/boutique\/\",\"name\":\"Boutique de bola de grossesse pour future maman\",\"description\":\"\",\"publisher\":{\"@id\":\"https:\/\/www.monboladegrossesse.com\/boutique\/#organization\"},\"potentialAction\":[{\"@type\":\"SearchAction\",\"target\":{\"@type\":\"EntryPoint\",\"urlTemplate\":\"https:\/\/www.monboladegrossesse.com\/boutique\/?s={search_term_string}\"},\"query-input\":{\"@type\":\"PropertyValueSpecification\",\"valueRequired\":true,\"valueName\":\"search_term_string\"}}],\"inLanguage\":\"fr-FR\"},{\"@type\":\"Organization\",\"@id\":\"https:\/\/www.monboladegrossesse.com\/boutique\/#organization\",\"name\":\"Boutique de bola de grossesse pour future maman\",\"url\":\"https:\/\/www.monboladegrossesse.com\/boutique\/\",\"logo\":{\"@type\":\"ImageObject\",\"inLanguage\":\"fr-FR\",\"@id\":\"https:\/\/www.monboladegrossesse.com\/boutique\/#\/schema\/logo\/image\/\",\"url\":\"https:\/\/www.monboladegrossesse.com\/boutique\/wp-content\/uploads\/2024\/06\/cropped-logo-bola-470X110.webp\",\"contentUrl\":\"https:\/\/www.monboladegrossesse.com\/boutique\/wp-content\/uploads\/2024\/06\/cropped-logo-bola-470X110.webp\",\"width\":470,\"height\":110,\"caption\":\"Boutique de bola de grossesse pour future maman\"},\"image\":{\"@id\":\"https:\/\/www.monboladegrossesse.com\/boutique\/#\/schema\/logo\/image\/\"},\"sameAs\":[\"https:\/\/www.facebook.com\/Bola-de-Grossesse-1360399817389794\/\",\"https:\/\/www.pinterest.fr\/monboladegrossesse\/\",\"https:\/\/www.youtube.com\/@Monboladegrossesse-x3f\",\"https:\/\/www.tiktok.com\/@bola.de.grossesse?lang=fr\"]}]}<\/script>\n<!-- \/ Yoast SEO plugin. -->","yoast_head_json":{"title":"Bola plaqu\u00e9 argent : mains de b\u00e9b\u00e9 et oeil de Tigre","description":"Bola de grossesse personnalis\u00e9 en plaqu\u00e9 argent avec des petites mains de b\u00e9b\u00e9 et une pierre oeil de tigre pour ses vertus de lithoth\u00e9rapie.","robots":{"index":"index","follow":"follow","max-snippet":"max-snippet:-1","max-image-preview":"max-image-preview:large","max-video-preview":"max-video-preview:-1"},"canonical":"https:\/\/www.monboladegrossesse.com\/boutique\/produit\/bola-plaque-argent-mains-de-bebe-et-oeil-de-tigre\/","og_locale":"fr_FR","og_type":"article","og_title":"Bola plaqu\u00e9 argent : mains de b\u00e9b\u00e9 et oeil de Tigre","og_description":"Bola de grossesse personnalis\u00e9 en plaqu\u00e9 argent avec des petites mains de b\u00e9b\u00e9 et une pierre oeil de tigre pour ses vertus de lithoth\u00e9rapie.","og_url":"https:\/\/www.monboladegrossesse.com\/boutique\/produit\/bola-plaque-argent-mains-de-bebe-et-oeil-de-tigre\/","og_site_name":"Boutique de bola de grossesse pour future maman","article_publisher":"https:\/\/www.facebook.com\/Bola-de-Grossesse-1360399817389794\/","article_modified_time":"2024-07-21T16:15:17+00:00","og_image":[{"width":1000,"height":1000,"url":"https:\/\/www.monboladegrossesse.com\/boutique\/wp-content\/uploads\/2022\/12\/bola-grossesse-oeil-tigre.jpg","type":"image\/jpeg"}],"twitter_card":"summary_large_image","twitter_misc":{"Dur\u00e9e de lecture estim\u00e9e":"3 minutes"},"schema":{"@context":"https:\/\/schema.org","@graph":[{"@type":"WebPage","@id":"https:\/\/www.monboladegrossesse.com\/boutique\/produit\/bola-plaque-argent-mains-de-bebe-et-oeil-de-tigre\/","url":"https:\/\/www.monboladegrossesse.com\/boutique\/produit\/bola-plaque-argent-mains-de-bebe-et-oeil-de-tigre\/","name":"Bola plaqu\u00e9 argent : mains de b\u00e9b\u00e9 et oeil de Tigre","isPartOf":{"@id":"https:\/\/www.monboladegrossesse.com\/boutique\/#website"},"primaryImageOfPage":{"@id":"https:\/\/www.monboladegrossesse.com\/boutique\/produit\/bola-plaque-argent-mains-de-bebe-et-oeil-de-tigre\/#primaryimage"},"image":{"@id":"https:\/\/www.monboladegrossesse.com\/boutique\/produit\/bola-plaque-argent-mains-de-bebe-et-oeil-de-tigre\/#primaryimage"},"thumbnailUrl":"https:\/\/www.monboladegrossesse.com\/boutique\/wp-content\/uploads\/2022\/12\/bola-grossesse-oeil-tigre.jpg","datePublished":"2022-12-13T13:10:59+00:00","dateModified":"2024-07-21T16:15:17+00:00","description":"Bola de grossesse personnalis\u00e9 en plaqu\u00e9 argent avec des petites mains de b\u00e9b\u00e9 et une pierre oeil de tigre pour ses vertus de lithoth\u00e9rapie.","breadcrumb":{"@id":"https:\/\/www.monboladegrossesse.com\/boutique\/produit\/bola-plaque-argent-mains-de-bebe-et-oeil-de-tigre\/#breadcrumb"},"inLanguage":"fr-FR","potentialAction":[{"@type":"ReadAction","target":["https:\/\/www.monboladegrossesse.com\/boutique\/produit\/bola-plaque-argent-mains-de-bebe-et-oeil-de-tigre\/"]}]},{"@type":"ImageObject","inLanguage":"fr-FR","@id":"https:\/\/www.monboladegrossesse.com\/boutique\/produit\/bola-plaque-argent-mains-de-bebe-et-oeil-de-tigre\/#primaryimage","url":"https:\/\/www.monboladegrossesse.com\/boutique\/wp-content\/uploads\/2022\/12\/bola-grossesse-oeil-tigre.jpg","contentUrl":"https:\/\/www.monboladegrossesse.com\/boutique\/wp-content\/uploads\/2022\/12\/bola-grossesse-oeil-tigre.jpg","width":1000,"height":1000,"caption":"bola plaqu\u00e9 argent petites mains de b\u00e9b\u00e9 avec pierre odile e tigre"},{"@type":"BreadcrumbList","@id":"https:\/\/www.monboladegrossesse.com\/boutique\/produit\/bola-plaque-argent-mains-de-bebe-et-oeil-de-tigre\/#breadcrumb","itemListElement":[{"@type":"ListItem","position":1,"name":"Accueil","item":"https:\/\/www.monboladegrossesse.com\/boutique\/"},{"@type":"ListItem","position":2,"name":"Shop","item":"https:\/\/www.monboladegrossesse.com\/boutique\/shop\/"},{"@type":"ListItem","position":3,"name":"Bola plaqu\u00e9 argent : mains de b\u00e9b\u00e9 et oeil de Tigre"}]},{"@type":"WebSite","@id":"https:\/\/www.monboladegrossesse.com\/boutique\/#website","url":"https:\/\/www.monboladegrossesse.com\/boutique\/","name":"Boutique de bola de grossesse pour future maman","description":"","publisher":{"@id":"https:\/\/www.monboladegrossesse.com\/boutique\/#organization"},"potentialAction":[{"@type":"SearchAction","target":{"@type":"EntryPoint","urlTemplate":"https:\/\/www.monboladegrossesse.com\/boutique\/?s={search_term_string}"},"query-input":{"@type":"PropertyValueSpecification","valueRequired":true,"valueName":"search_term_string"}}],"inLanguage":"fr-FR"},{"@type":"Organization","@id":"https:\/\/www.monboladegrossesse.com\/boutique\/#organization","name":"Boutique de bola de grossesse pour future maman","url":"https:\/\/www.monboladegrossesse.com\/boutique\/","logo":{"@type":"ImageObject","inLanguage":"fr-FR","@id":"https:\/\/www.monboladegrossesse.com\/boutique\/#\/schema\/logo\/image\/","url":"https:\/\/www.monboladegrossesse.com\/boutique\/wp-content\/uploads\/2024\/06\/cropped-logo-bola-470X110.webp","contentUrl":"https:\/\/www.monboladegrossesse.com\/boutique\/wp-content\/uploads\/2024\/06\/cropped-logo-bola-470X110.webp","width":470,"height":110,"caption":"Boutique de bola de grossesse pour future maman"},"image":{"@id":"https:\/\/www.monboladegrossesse.com\/boutique\/#\/schema\/logo\/image\/"},"sameAs":["https:\/\/www.facebook.com\/Bola-de-Grossesse-1360399817389794\/","https:\/\/www.pinterest.fr\/monboladegrossesse\/","https:\/\/www.youtube.com\/@Monboladegrossesse-x3f","https:\/\/www.tiktok.com\/@bola.de.grossesse?lang=fr"]}]}},"wcpa_form_fields":{"wcpaData":{"product":{"product_price":29,"price_html":"<span class=\"woocommerce-Price-amount amount\"><bdi>29.00&nbsp;<span class=\"woocommerce-Price-currencySymbol\">&euro;<\/span><\/bdi><\/span>","original_product_price":29,"price_including_tax":29,"price_excluding_tax":29,"product_id":{"parent":13075,"variation":false},"is_variable":false,"stock_status":"instock","stock_quantity":3,"parent_sku":"","product_attributes":[],"custom_fields":[],"is_taxable":false,"product_name":"Bola plaqu\u00e9 argent : mains de b\u00e9b\u00e9 et oeil de Tigre","hasImage":false},"fields":{"sec_869ed283472d62":{"extra":{"key":"sec_869ed283472d62","section_id":"sec_869ed283472d62","name":"Default","status":1,"cl_rule":"show","enableCl":false,"relations":[],"toggle":true,"title_tag":"h3","show_title":false,"showPrice":"default","form_id":10,"form_rules":{"exclude_from_discount":false,"fee_label":"Fee","disp_hide_options_price":false,"disp_show_section_price":false,"disp_show_field_price":true,"layout_option":"standard","pric_use_as_fee":false,"process_fee_as":"woo_fee"},"layout_option":"standard"},"fields":[[{"type":"header","subtype":"h3","label":"Personnalisation du bola","elementId":"wcpa-header-1621340842769","cl_rule":"show","col":6,"relations":false,"active":true,"tooltip":"","gt_translate_keys":["label","tooltip"],"price_dependency":false,"cl_dependency":false,"value":""}],[{"type":"text","required":true,"elementId":"wcpa-text-1621342245275","label":"M\u00e9daille en Argent 925 : gravure du recto","description":"","desc_type":true,"pricingType":"fixed","price":"1","name":"text-1621342245275","subtype":"text","maxlength":"20","enableCl":true,"cl_rule":"hide","col":6,"relations":[{"operator":false,"rules":[]}],"active":true,"tooltip":"Gravure offerte. Gravez jusqu'\u00e0 20 caract\u00e8res !","gt_translate_keys":["label","description","tooltip"],"price_dependency":false,"cl_dependency":["wcpa-text-1621341281860"],"value":""}],[{"type":"text","elementId":"wcpa-text-1621341281860","label":"M\u00e9daille en Argent 925 gravure verso","description":"Vous pouvez graver jusqu'\u00e0 20 caract\u00e8res","enablePrice":true,"pricingType":"fixed","price":"1","name":"text-1621341281860","subtype":"text","maxlength":"20","enableCl":true,"cl_rule":"show","col":6,"relations":[{"operator":false,"rules":[{"operator":false,"rules":{"cl_field":"wcpa-text-1621342245275","cl_relation":"is_not_empty","cl_val":false}}]}],"active":true,"tooltip":"","gt_translate_keys":["label","description","tooltip"],"price_dependency":false,"cl_dependency":false,"value":""}]]}},"config":{"price_override":"","enable_recaptcha":false,"bind_quantity":false,"quantity_bind_formula":false,"disp_summ_show_option_price":true,"disp_summ_show_product_price":true,"disp_summ_show_total_price":true,"disp_summ_show_fee":false,"disp_summ_show_discount":false,"summary_title":"","options_total_label":"Prix des options","total_label":"Total","options_product_label":"Prix du bijou","fee_label":"Fee","discount_label":"Discount","has_price":true,"has_quantity_formula":false},"mc_unit":1,"tax_rate":1,"tax_rate_real":1,"discount":{"percentage":0,"fixed":0},"design":{"conf":{"LabelPosition":"above","DescPosition":"above","UploadField":"custom_1","QuantityFieldStyle":"default"},"css":{"LeftLabelWidth":"120px"}},"formulas":[],"lookuptables":[],"clones":false,"cartKey":false}},"_links":{"self":[{"href":"https:\/\/www.monboladegrossesse.com\/boutique\/wp-json\/wp\/v2\/product\/13075","targetHints":{"allow":["GET"]}}],"collection":[{"href":"https:\/\/www.monboladegrossesse.com\/boutique\/wp-json\/wp\/v2\/product"}],"about":[{"href":"https:\/\/www.monboladegrossesse.com\/boutique\/wp-json\/wp\/v2\/types\/product"}],"replies":[{"embeddable":true,"href":"https:\/\/www.monboladegrossesse.com\/boutique\/wp-json\/wp\/v2\/comments?post=13075"}],"wp:featuredmedia":[{"embeddable":true,"href":"https:\/\/www.monboladegrossesse.com\/boutique\/wp-json\/wp\/v2\/media\/13077"}],"wp:attachment":[{"href":"https:\/\/www.monboladegrossesse.com\/boutique\/wp-json\/wp\/v2\/media?parent=13075"}],"wp:term":[{"taxonomy":"product_brand","embeddable":true,"href":"https:\/\/www.monboladegrossesse.com\/boutique\/wp-json\/wp\/v2\/product_brand?post=13075"},{"taxonomy":"product_cat","embeddable":true,"href":"https:\/\/www.monboladegrossesse.com\/boutique\/wp-json\/wp\/v2\/product_cat?post=13075"},{"taxonomy":"product_tag","embeddable":true,"href":"https:\/\/www.monboladegrossesse.com\/boutique\/wp-json\/wp\/v2\/product_tag?post=13075"}],"curies":[{"name":"wp","href":"https:\/\/api.w.org\/{rel}","templated":true}]}}