{"id":12718,"date":"2022-06-13T11:19:18","date_gmt":"2022-06-13T09:19:18","guid":{"rendered":"https:\/\/www.monboladegrossesse.com\/boutique\/?post_type=product&#038;p=12718"},"modified":"2025-07-10T14:59:57","modified_gmt":"2025-07-10T12:59:57","slug":"bracelet-bola-noir-avec-pierres-naturelles","status":"publish","type":"product","link":"https:\/\/www.monboladegrossesse.com\/boutique\/produit\/bracelet-bola-noir-avec-pierres-naturelles\/","title":{"rendered":"Bracelet bola Noir avec pierres naturelles"},"content":{"rendered":"<p>Notre bracelet bola avec ses pierres naturelles, vous permettre porter un bijou pour future maman original et qui peut \u00eatre personnalis\u00e9. Le bracelet vous apporte les bienfaits de la lithoth\u00e9rapie tout en permettant un joli rappel de votre bola de grossesse.<\/p>\n<h2>Un bracelet bola avec son pendentif en plaqu\u00e9 argent<\/h2>\n<p>Avec son pendentif en plaqu\u00e9 argent 16mm, le bracelet bola fait magnifiquement r\u00e9f\u00e9rence au bola de grossesse port\u00e9 par les futures mamans. Ce bracelet bola \u00e9met comme un bola traditionnel, un discret et joli tintement \u00e0 chacun des mouvements de votre poignet. Sa qualit\u00e9 en plaqu\u00e9 argent vous offre un r\u00e9el conforme lorsque vous le portez.<\/p>\n<h2>Lithoth\u00e9rapie du bracelet : pierre de tourmaline noire et am\u00e9thyste<\/h2>\n<p>Comme sur de tr\u00e8s <a href=\"https:\/\/www.monboladegrossesse.com\/boutique\/\">nombreux mod\u00e8les de bola de grossesse<\/a>, nous avons imagin\u00e9 pour votre bracelet bola le mariage de deux pierres naturelles parfaitement destin\u00e9es aux futures mamans : la tourmaline noire et l&rsquo;am\u00e9thyste. Chacune de ces pierres vous apporte ses bienfaits, connues en lithoth\u00e9rapie.<\/p>\n<p>Il s&rsquo;agit par exemple de vous aider \u00e0 mieux g\u00e9rer les \u00e9nergies n\u00e9gatives pour la tourmaline noire. Mais aussi gr\u00e2ce \u00e0 la pr\u00e9sence d&rsquo;Am\u00e9thyste de b\u00e9n\u00e9ficier d&rsquo;une protection g\u00e9n\u00e9rale.<\/p>\n<h2>Gravure d&rsquo;une m\u00e9daille en argent 925 pour personnaliser votre bracelet<\/h2>\n<p>Envie de porter un bracelet personnalis\u00e9 ? Gr\u00e2ce \u00e0 la gravure sur une m\u00e9daille ronde 16mm du texte de votre choix, vous ajouter une touche personnelle \u00e0 votre bijou. Vous avez le choix entre une m\u00e9daille en aluminium ou <strong>une m\u00e9daille en argent 925.<\/strong> Sur chaque c\u00f4t\u00e9 de votre m\u00e9daille nous pouvons graver jusqu&rsquo;\u00e0 20 caract\u00e8res.<\/p>\n<p>Parmi ces vingt caract\u00e8res vous pouvez ins\u00e9rer un \u00e9moji comme un coeur ou le signe infini.<\/p>\n<h2>Un bracelet avec son grand pompon coton noir<\/h2>\n<p>Pour compl\u00e9ter votre bracelet, en plus du pendentif bola, des pierres naturelles, nous avons pens\u00e9 \u00e0 un grand pompon noir. Il donne du relief \u00e0 votre bijou et permet de varier les mat\u00e9riaux, pour donner plus de complexit\u00e9 \u00e0 votre bracelet bola.<\/p>\n<p>&nbsp;<\/p>\n","protected":false},"excerpt":{"rendered":"<p>Notre bracelet bola avec ses pierres naturelles, vous permettre porter un bijou pour future maman original et qui peut \u00eatre<\/p>\n","protected":false},"featured_media":12720,"comment_status":"open","ping_status":"closed","template":"","meta":{"_acf_changed":false},"product_brand":[],"product_cat":[20],"product_tag":[],"class_list":{"0":"post-12718","1":"product","2":"type-product","3":"status-publish","4":"has-post-thumbnail","6":"product_cat-bracelet","7":"wcpa_has_options","9":"first","10":"instock","11":"sale","12":"featured","13":"shipping-taxable","14":"purchasable","15":"product-type-simple"},"acf":[],"yoast_head":"<!-- This site is optimized with the Yoast SEO plugin v27.2 - https:\/\/yoast.com\/product\/yoast-seo-wordpress\/ -->\n<title>Bracelet bola avec son pendentif plaqu\u00e9 argent et pierres naturelles<\/title>\n<meta name=\"description\" content=\"Le bracelet bola est un bracelet personnalis\u00e9 pour future maman avec un petit bola plaqu\u00e9 argent et les vertus de la lithoth\u00e9rapie.\" \/>\n<meta name=\"robots\" content=\"index, follow, max-snippet:-1, max-image-preview:large, max-video-preview:-1\" \/>\n<link rel=\"canonical\" href=\"https:\/\/www.monboladegrossesse.com\/boutique\/produit\/bracelet-bola-noir-avec-pierres-naturelles\/\" \/>\n<meta property=\"og:locale\" content=\"fr_FR\" \/>\n<meta property=\"og:type\" content=\"article\" \/>\n<meta property=\"og:title\" content=\"Bracelet bola avec son pendentif plaqu\u00e9 argent et pierres naturelles\" \/>\n<meta property=\"og:description\" content=\"Le bracelet bola est un bracelet personnalis\u00e9 pour future maman avec un petit bola plaqu\u00e9 argent et les vertus de la lithoth\u00e9rapie.\" \/>\n<meta property=\"og:url\" content=\"https:\/\/www.monboladegrossesse.com\/boutique\/produit\/bracelet-bola-noir-avec-pierres-naturelles\/\" \/>\n<meta property=\"og:site_name\" content=\"Boutique de bola de grossesse pour future maman\" \/>\n<meta property=\"article:publisher\" content=\"https:\/\/www.facebook.com\/Bola-de-Grossesse-1360399817389794\/\" \/>\n<meta property=\"article:modified_time\" content=\"2025-07-10T12:59:57+00:00\" \/>\n<meta property=\"og:image\" content=\"https:\/\/www.monboladegrossesse.com\/boutique\/wp-content\/uploads\/2022\/06\/bracelet-bola-lithotherapie.jpg\" \/>\n\t<meta property=\"og:image:width\" content=\"900\" \/>\n\t<meta property=\"og:image:height\" content=\"900\" \/>\n\t<meta property=\"og:image:type\" content=\"image\/jpeg\" \/>\n<meta name=\"twitter:card\" content=\"summary_large_image\" \/>\n<meta name=\"twitter:label1\" content=\"Dur\u00e9e de lecture estim\u00e9e\" \/>\n\t<meta name=\"twitter:data1\" content=\"2 minutes\" \/>\n<script type=\"application\/ld+json\" class=\"yoast-schema-graph\">{\"@context\":\"https:\/\/schema.org\",\"@graph\":[{\"@type\":\"WebPage\",\"@id\":\"https:\/\/www.monboladegrossesse.com\/boutique\/produit\/bracelet-bola-noir-avec-pierres-naturelles\/\",\"url\":\"https:\/\/www.monboladegrossesse.com\/boutique\/produit\/bracelet-bola-noir-avec-pierres-naturelles\/\",\"name\":\"Bracelet bola avec son pendentif plaqu\u00e9 argent et pierres naturelles\",\"isPartOf\":{\"@id\":\"https:\/\/www.monboladegrossesse.com\/boutique\/#website\"},\"primaryImageOfPage\":{\"@id\":\"https:\/\/www.monboladegrossesse.com\/boutique\/produit\/bracelet-bola-noir-avec-pierres-naturelles\/#primaryimage\"},\"image\":{\"@id\":\"https:\/\/www.monboladegrossesse.com\/boutique\/produit\/bracelet-bola-noir-avec-pierres-naturelles\/#primaryimage\"},\"thumbnailUrl\":\"https:\/\/www.monboladegrossesse.com\/boutique\/wp-content\/uploads\/2022\/06\/bracelet-bola-lithotherapie.jpg\",\"datePublished\":\"2022-06-13T09:19:18+00:00\",\"dateModified\":\"2025-07-10T12:59:57+00:00\",\"description\":\"Le bracelet bola est un bracelet personnalis\u00e9 pour future maman avec un petit bola plaqu\u00e9 argent et les vertus de la lithoth\u00e9rapie.\",\"breadcrumb\":{\"@id\":\"https:\/\/www.monboladegrossesse.com\/boutique\/produit\/bracelet-bola-noir-avec-pierres-naturelles\/#breadcrumb\"},\"inLanguage\":\"fr-FR\",\"potentialAction\":[{\"@type\":\"ReadAction\",\"target\":[\"https:\/\/www.monboladegrossesse.com\/boutique\/produit\/bracelet-bola-noir-avec-pierres-naturelles\/\"]}]},{\"@type\":\"ImageObject\",\"inLanguage\":\"fr-FR\",\"@id\":\"https:\/\/www.monboladegrossesse.com\/boutique\/produit\/bracelet-bola-noir-avec-pierres-naturelles\/#primaryimage\",\"url\":\"https:\/\/www.monboladegrossesse.com\/boutique\/wp-content\/uploads\/2022\/06\/bracelet-bola-lithotherapie.jpg\",\"contentUrl\":\"https:\/\/www.monboladegrossesse.com\/boutique\/wp-content\/uploads\/2022\/06\/bracelet-bola-lithotherapie.jpg\",\"width\":900,\"height\":900,\"caption\":\"bracelet bola et lithoth\u00e9rapie\"},{\"@type\":\"BreadcrumbList\",\"@id\":\"https:\/\/www.monboladegrossesse.com\/boutique\/produit\/bracelet-bola-noir-avec-pierres-naturelles\/#breadcrumb\",\"itemListElement\":[{\"@type\":\"ListItem\",\"position\":1,\"name\":\"Accueil\",\"item\":\"https:\/\/www.monboladegrossesse.com\/boutique\/\"},{\"@type\":\"ListItem\",\"position\":2,\"name\":\"Shop\",\"item\":\"https:\/\/www.monboladegrossesse.com\/boutique\/shop\/\"},{\"@type\":\"ListItem\",\"position\":3,\"name\":\"Bracelet bola Noir avec pierres naturelles\"}]},{\"@type\":\"WebSite\",\"@id\":\"https:\/\/www.monboladegrossesse.com\/boutique\/#website\",\"url\":\"https:\/\/www.monboladegrossesse.com\/boutique\/\",\"name\":\"Boutique de bola de grossesse pour future maman\",\"description\":\"\",\"publisher\":{\"@id\":\"https:\/\/www.monboladegrossesse.com\/boutique\/#organization\"},\"potentialAction\":[{\"@type\":\"SearchAction\",\"target\":{\"@type\":\"EntryPoint\",\"urlTemplate\":\"https:\/\/www.monboladegrossesse.com\/boutique\/?s={search_term_string}\"},\"query-input\":{\"@type\":\"PropertyValueSpecification\",\"valueRequired\":true,\"valueName\":\"search_term_string\"}}],\"inLanguage\":\"fr-FR\"},{\"@type\":\"Organization\",\"@id\":\"https:\/\/www.monboladegrossesse.com\/boutique\/#organization\",\"name\":\"Boutique de bola de grossesse pour future maman\",\"url\":\"https:\/\/www.monboladegrossesse.com\/boutique\/\",\"logo\":{\"@type\":\"ImageObject\",\"inLanguage\":\"fr-FR\",\"@id\":\"https:\/\/www.monboladegrossesse.com\/boutique\/#\/schema\/logo\/image\/\",\"url\":\"https:\/\/www.monboladegrossesse.com\/boutique\/wp-content\/uploads\/2024\/06\/cropped-logo-bola-470X110.webp\",\"contentUrl\":\"https:\/\/www.monboladegrossesse.com\/boutique\/wp-content\/uploads\/2024\/06\/cropped-logo-bola-470X110.webp\",\"width\":470,\"height\":110,\"caption\":\"Boutique de bola de grossesse pour future maman\"},\"image\":{\"@id\":\"https:\/\/www.monboladegrossesse.com\/boutique\/#\/schema\/logo\/image\/\"},\"sameAs\":[\"https:\/\/www.facebook.com\/Bola-de-Grossesse-1360399817389794\/\",\"https:\/\/www.pinterest.fr\/monboladegrossesse\/\",\"https:\/\/www.youtube.com\/@Monboladegrossesse-x3f\",\"https:\/\/www.tiktok.com\/@bola.de.grossesse?lang=fr\"]}]}<\/script>\n<!-- \/ Yoast SEO plugin. -->","yoast_head_json":{"title":"Bracelet bola avec son pendentif plaqu\u00e9 argent et pierres naturelles","description":"Le bracelet bola est un bracelet personnalis\u00e9 pour future maman avec un petit bola plaqu\u00e9 argent et les vertus de la lithoth\u00e9rapie.","robots":{"index":"index","follow":"follow","max-snippet":"max-snippet:-1","max-image-preview":"max-image-preview:large","max-video-preview":"max-video-preview:-1"},"canonical":"https:\/\/www.monboladegrossesse.com\/boutique\/produit\/bracelet-bola-noir-avec-pierres-naturelles\/","og_locale":"fr_FR","og_type":"article","og_title":"Bracelet bola avec son pendentif plaqu\u00e9 argent et pierres naturelles","og_description":"Le bracelet bola est un bracelet personnalis\u00e9 pour future maman avec un petit bola plaqu\u00e9 argent et les vertus de la lithoth\u00e9rapie.","og_url":"https:\/\/www.monboladegrossesse.com\/boutique\/produit\/bracelet-bola-noir-avec-pierres-naturelles\/","og_site_name":"Boutique de bola de grossesse pour future maman","article_publisher":"https:\/\/www.facebook.com\/Bola-de-Grossesse-1360399817389794\/","article_modified_time":"2025-07-10T12:59:57+00:00","og_image":[{"width":900,"height":900,"url":"https:\/\/www.monboladegrossesse.com\/boutique\/wp-content\/uploads\/2022\/06\/bracelet-bola-lithotherapie.jpg","type":"image\/jpeg"}],"twitter_card":"summary_large_image","twitter_misc":{"Dur\u00e9e de lecture estim\u00e9e":"2 minutes"},"schema":{"@context":"https:\/\/schema.org","@graph":[{"@type":"WebPage","@id":"https:\/\/www.monboladegrossesse.com\/boutique\/produit\/bracelet-bola-noir-avec-pierres-naturelles\/","url":"https:\/\/www.monboladegrossesse.com\/boutique\/produit\/bracelet-bola-noir-avec-pierres-naturelles\/","name":"Bracelet bola avec son pendentif plaqu\u00e9 argent et pierres naturelles","isPartOf":{"@id":"https:\/\/www.monboladegrossesse.com\/boutique\/#website"},"primaryImageOfPage":{"@id":"https:\/\/www.monboladegrossesse.com\/boutique\/produit\/bracelet-bola-noir-avec-pierres-naturelles\/#primaryimage"},"image":{"@id":"https:\/\/www.monboladegrossesse.com\/boutique\/produit\/bracelet-bola-noir-avec-pierres-naturelles\/#primaryimage"},"thumbnailUrl":"https:\/\/www.monboladegrossesse.com\/boutique\/wp-content\/uploads\/2022\/06\/bracelet-bola-lithotherapie.jpg","datePublished":"2022-06-13T09:19:18+00:00","dateModified":"2025-07-10T12:59:57+00:00","description":"Le bracelet bola est un bracelet personnalis\u00e9 pour future maman avec un petit bola plaqu\u00e9 argent et les vertus de la lithoth\u00e9rapie.","breadcrumb":{"@id":"https:\/\/www.monboladegrossesse.com\/boutique\/produit\/bracelet-bola-noir-avec-pierres-naturelles\/#breadcrumb"},"inLanguage":"fr-FR","potentialAction":[{"@type":"ReadAction","target":["https:\/\/www.monboladegrossesse.com\/boutique\/produit\/bracelet-bola-noir-avec-pierres-naturelles\/"]}]},{"@type":"ImageObject","inLanguage":"fr-FR","@id":"https:\/\/www.monboladegrossesse.com\/boutique\/produit\/bracelet-bola-noir-avec-pierres-naturelles\/#primaryimage","url":"https:\/\/www.monboladegrossesse.com\/boutique\/wp-content\/uploads\/2022\/06\/bracelet-bola-lithotherapie.jpg","contentUrl":"https:\/\/www.monboladegrossesse.com\/boutique\/wp-content\/uploads\/2022\/06\/bracelet-bola-lithotherapie.jpg","width":900,"height":900,"caption":"bracelet bola et lithoth\u00e9rapie"},{"@type":"BreadcrumbList","@id":"https:\/\/www.monboladegrossesse.com\/boutique\/produit\/bracelet-bola-noir-avec-pierres-naturelles\/#breadcrumb","itemListElement":[{"@type":"ListItem","position":1,"name":"Accueil","item":"https:\/\/www.monboladegrossesse.com\/boutique\/"},{"@type":"ListItem","position":2,"name":"Shop","item":"https:\/\/www.monboladegrossesse.com\/boutique\/shop\/"},{"@type":"ListItem","position":3,"name":"Bracelet bola Noir avec pierres naturelles"}]},{"@type":"WebSite","@id":"https:\/\/www.monboladegrossesse.com\/boutique\/#website","url":"https:\/\/www.monboladegrossesse.com\/boutique\/","name":"Boutique de bola de grossesse pour future maman","description":"","publisher":{"@id":"https:\/\/www.monboladegrossesse.com\/boutique\/#organization"},"potentialAction":[{"@type":"SearchAction","target":{"@type":"EntryPoint","urlTemplate":"https:\/\/www.monboladegrossesse.com\/boutique\/?s={search_term_string}"},"query-input":{"@type":"PropertyValueSpecification","valueRequired":true,"valueName":"search_term_string"}}],"inLanguage":"fr-FR"},{"@type":"Organization","@id":"https:\/\/www.monboladegrossesse.com\/boutique\/#organization","name":"Boutique de bola de grossesse pour future maman","url":"https:\/\/www.monboladegrossesse.com\/boutique\/","logo":{"@type":"ImageObject","inLanguage":"fr-FR","@id":"https:\/\/www.monboladegrossesse.com\/boutique\/#\/schema\/logo\/image\/","url":"https:\/\/www.monboladegrossesse.com\/boutique\/wp-content\/uploads\/2024\/06\/cropped-logo-bola-470X110.webp","contentUrl":"https:\/\/www.monboladegrossesse.com\/boutique\/wp-content\/uploads\/2024\/06\/cropped-logo-bola-470X110.webp","width":470,"height":110,"caption":"Boutique de bola de grossesse pour future maman"},"image":{"@id":"https:\/\/www.monboladegrossesse.com\/boutique\/#\/schema\/logo\/image\/"},"sameAs":["https:\/\/www.facebook.com\/Bola-de-Grossesse-1360399817389794\/","https:\/\/www.pinterest.fr\/monboladegrossesse\/","https:\/\/www.youtube.com\/@Monboladegrossesse-x3f","https:\/\/www.tiktok.com\/@bola.de.grossesse?lang=fr"]}]}},"wcpa_form_fields":{"wcpaData":{"product":{"product_price":14.9,"price_html":"<del aria-hidden=\"true\"><span class=\"woocommerce-Price-amount amount\"><bdi>19.90&nbsp;<span class=\"woocommerce-Price-currencySymbol\">&euro;<\/span><\/bdi><\/span><\/del> <span class=\"screen-reader-text\">Le prix initial \u00e9tait\u00a0: 19.90&nbsp;&euro;.<\/span><ins aria-hidden=\"true\"><span class=\"woocommerce-Price-amount amount\"><bdi>14.90&nbsp;<span class=\"woocommerce-Price-currencySymbol\">&euro;<\/span><\/bdi><\/span><\/ins><span class=\"screen-reader-text\">Le prix actuel est\u00a0: 14.90&nbsp;&euro;.<\/span>","original_product_price":19.9,"price_including_tax":14.9,"price_excluding_tax":14.9,"product_id":{"parent":12718,"variation":false},"is_variable":false,"stock_status":"instock","stock_quantity":6,"parent_sku":"","product_attributes":[],"custom_fields":[],"is_taxable":false,"product_name":"Bracelet bola Noir avec pierres naturelles","hasImage":false},"fields":{"sec_069ed7ad2455c9":{"extra":{"key":"sec_069ed7ad2455c9","section_id":"sec_069ed7ad2455c9","name":"Default","status":1,"cl_rule":"show","enableCl":false,"relations":[],"toggle":true,"title_tag":"h3","show_title":false,"showPrice":"default","form_id":10977,"form_rules":{"exclude_from_discount":false,"fee_label":"Fee","disp_hide_options_price":false,"disp_show_section_price":false,"disp_show_field_price":true,"layout_option":"standard","pric_use_as_fee":false,"process_fee_as":"woo_fee"},"layout_option":"standard"},"fields":[[{"type":"header","subtype":"h3","label":"Personnalisation du bracelet","elementId":"wcpa-header-60a504188bce9","cl_rule":"show","col":6,"relations":false,"active":true,"tooltip":"","gt_translate_keys":["label","tooltip"],"price_dependency":false,"cl_dependency":false,"value":""}],[{"type":"select","elementId":"wcpa-select-60a504188bd0c","label":"Bracelet avec ou sans m\u00e9daille","description":"","desc_type":true,"priceOptions":"different_for_all","pricingType":"fixed","name":"select-60a504188bd28","cl_rule":"show","col":6,"values":[{"label":"Sans m\u00e9daille","value":"","price":"","pimage":"","pimage_id":"","pthumb":"","selected":true,"gt_translate_keys":["label"]},{"label":"M\u00e9daille en Alu","value":"option-1","price":"","pimage":"","pimage_id":"","pthumb":"","gt_translate_keys":["label"]},{"label":"M\u00e9daille en Argent 925","value":"option-2","price":"","pimage":"","pimage_id":"","pthumb":"","gt_translate_keys":["label"]}],"relations":false,"active":true,"tooltip":"Personnaliser votre bola avec la gravure d'une m\u00e9daille Alu ou Argent 925","gt_translate_keys":["label","description","tooltip"],"price_dependency":false,"cl_dependency":["wcpa-text-60a504188bd40","wcpa-text-60a504188bd9b"],"value":""}],[{"type":"text","elementId":"wcpa-text-60a504188bd40","label":"M\u00e9daille en Alu gravure recto","description":"Vous pouvez graver jusqu'\u00e0 20 caract\u00e8res","enablePrice":true,"pricingType":"fixed","price":"2.99","name":"text-60a504188bd57","subtype":"text","maxlength":"20","mapToCheckoutFieldParent":"billing","mapToCheckoutField":"billing_first_name","enableCl":true,"cl_rule":"show","cl_val":"option-1","col":6,"relations":[{"operator":false,"rules":[{"operator":false,"rules":{"cl_field":"wcpa-select-60a504188bd0c","cl_relation":"is","cl_val":"option-1"}}]}],"active":true,"tooltip":"","gt_translate_keys":["label","description","tooltip"],"price_dependency":false,"cl_dependency":["wcpa-text-60a504188bd6e"],"value":""}],[{"type":"text","elementId":"wcpa-text-60a504188bd6e","label":"M\u00e9daille en Alu gravure recto","description":"Vous pouvez graver jusqu'\u00e0 20 caract\u00e8res","enablePrice":true,"pricingType":"fixed","price":"1","name":"text-60a504188bd84","subtype":"text","maxlength":"20","mapToCheckoutFieldParent":"billing","mapToCheckoutField":"billing_first_name","enableCl":true,"cl_rule":"show","col":6,"relations":[{"operator":false,"rules":[{"operator":false,"rules":{"cl_field":"wcpa-text-60a504188bd40","cl_relation":"is_not_empty","cl_val":false}}]}],"active":true,"tooltip":"","gt_translate_keys":["label","description","tooltip"],"price_dependency":false,"cl_dependency":false,"value":""}],[{"type":"text","elementId":"wcpa-text-60a504188bd9b","label":"M\u00e9daille en Argent 925 gravure recto","enablePrice":true,"pricingType":"fixed","price":"7.99","name":"text-60a504188bdb0","subtype":"text","maxlength":"20","mapToCheckoutFieldParent":"billing","mapToCheckoutField":"billing_first_name","enableCl":true,"cl_rule":"show","cl_val":"option-2","col":6,"relations":[{"operator":false,"rules":[{"operator":false,"rules":{"cl_field":"wcpa-select-60a504188bd0c","cl_relation":"is","cl_val":"option-2"}}]}],"active":true,"tooltip":"","gt_translate_keys":["label","tooltip"],"price_dependency":false,"cl_dependency":["wcpa-text-60a504188bdc7"],"value":""}],[{"type":"text","elementId":"wcpa-text-60a504188bdc7","label":"M\u00e9daille en Argent 925 gravure verso","description":"Vous pouvez graver jusqu'\u00e0 20 caract\u00e8res","enablePrice":true,"pricingType":"fixed","price":"1","name":"text-60a504188bddd","subtype":"text","maxlength":"20","mapToCheckoutFieldParent":"billing","mapToCheckoutField":"billing_first_name","enableCl":true,"cl_rule":"show","col":6,"relations":[{"operator":false,"rules":[{"operator":false,"rules":{"cl_field":"wcpa-text-60a504188bd9b","cl_relation":"is_not_empty","cl_val":false}}]}],"active":true,"tooltip":"","gt_translate_keys":["label","description","tooltip"],"price_dependency":false,"cl_dependency":false,"value":""}]]}},"config":{"price_override":"","enable_recaptcha":false,"bind_quantity":false,"quantity_bind_formula":false,"disp_summ_show_option_price":true,"disp_summ_show_product_price":true,"disp_summ_show_total_price":true,"disp_summ_show_fee":false,"disp_summ_show_discount":false,"summary_title":"","options_total_label":"Prix des options","total_label":"Total","options_product_label":"Prix du bijou","fee_label":"Fee","discount_label":"Discount","has_price":true,"has_quantity_formula":false},"mc_unit":1,"tax_rate":1,"tax_rate_real":1,"discount":{"percentage":0,"fixed":0},"design":{"conf":{"LabelPosition":"above","DescPosition":"above","UploadField":"custom_1","QuantityFieldStyle":"default"},"css":{"LeftLabelWidth":"120px"}},"formulas":[],"lookuptables":[],"clones":false,"cartKey":false}},"_links":{"self":[{"href":"https:\/\/www.monboladegrossesse.com\/boutique\/wp-json\/wp\/v2\/product\/12718","targetHints":{"allow":["GET"]}}],"collection":[{"href":"https:\/\/www.monboladegrossesse.com\/boutique\/wp-json\/wp\/v2\/product"}],"about":[{"href":"https:\/\/www.monboladegrossesse.com\/boutique\/wp-json\/wp\/v2\/types\/product"}],"replies":[{"embeddable":true,"href":"https:\/\/www.monboladegrossesse.com\/boutique\/wp-json\/wp\/v2\/comments?post=12718"}],"wp:featuredmedia":[{"embeddable":true,"href":"https:\/\/www.monboladegrossesse.com\/boutique\/wp-json\/wp\/v2\/media\/12720"}],"wp:attachment":[{"href":"https:\/\/www.monboladegrossesse.com\/boutique\/wp-json\/wp\/v2\/media?parent=12718"}],"wp:term":[{"taxonomy":"product_brand","embeddable":true,"href":"https:\/\/www.monboladegrossesse.com\/boutique\/wp-json\/wp\/v2\/product_brand?post=12718"},{"taxonomy":"product_cat","embeddable":true,"href":"https:\/\/www.monboladegrossesse.com\/boutique\/wp-json\/wp\/v2\/product_cat?post=12718"},{"taxonomy":"product_tag","embeddable":true,"href":"https:\/\/www.monboladegrossesse.com\/boutique\/wp-json\/wp\/v2\/product_tag?post=12718"}],"curies":[{"name":"wp","href":"https:\/\/api.w.org\/{rel}","templated":true}]}}