{"id":12270,"date":"2022-03-10T11:32:00","date_gmt":"2022-03-10T10:32:00","guid":{"rendered":"https:\/\/www.monboladegrossesse.com\/boutique\/?post_type=product&#038;p=12270"},"modified":"2024-07-21T18:17:34","modified_gmt":"2024-07-21T16:17:34","slug":"bola-mama-plaque-or","status":"publish","type":"product","link":"https:\/\/www.monboladegrossesse.com\/boutique\/produit\/bola-mama-plaque-or\/","title":{"rendered":"Bola Mama plaqu\u00e9 or"},"content":{"rendered":"<p>D\u00e8s le d\u00e9bute votre grossesse, nous vous proposons de porter le bola de grossesse Mama en plaqu\u00e9 Or avec sa breloque \u00ab\u00a0<em>mama<\/em>\u00a0\u00bb (maman) \u00e9galement en plaqu\u00e9 or. Le collier du bola est de la marque Liberty of London fabriqu\u00e9 en 100% coton.<\/p>\n<p>Un cadeau \u00e0 souffrir ou \u00e0 offrir \u00e0 une future maman. Le bola de grossesse plaqu\u00e9 or sera mettre en valeur votre babybump et se mariera avec de nombreux v\u00eatements de femme enceinte.<\/p>\n<h2>Pendentif de bola de grossesse en plaqu\u00e9 or<\/h2>\n<p>Le collier de votre bijou est de la marque londonienne Liberty of London. Une perle musicale est pr\u00e9sent dans votre pendentif de 20mm de diam\u00e8tre. Elle permet de faire entendre \u00e0 votre b\u00e9b\u00e9 un petit tintement \u00e0 chacuns de vos mouvements.<\/p>\n<p>La c\u00e9l\u00e8bre marque fond\u00e9e en 1875, vous permet de porter un bola de grossesse avec un collier du 100% coton. Il vous assure un vrai confort tout au long de la journ\u00e9e lorsque vous potez votre bijou de femme enceinte. La longueur du collier est de 120 centim\u00e8tres.<\/p>\n<h2>Une breloque <em>mama<\/em> en plaqu\u00e9 or<\/h2>\n<p>Pour accompagner le pendentif musical du bola, fabriqu\u00e9 en plaqu\u00e9 or, nous vous proposons une tr\u00e8s jolie petite breloque \u00ab\u00a0mama\u00a0\u00bb (maman). Elle aussi fabriqu\u00e9e en plaqu\u00e9 or, elle permet de mettre parfaitement en valeur votre d\u00e9but de grossesse. C&rsquo;est aussi une magnifique fa\u00e7on d&rsquo;annoncer votre d\u00e9but de grossesse de fa\u00e7on d\u00e9licate et originale. Et de cr\u00e9er un lien entre vous et votre b\u00e9b\u00e9.<\/p>\n<h2>Une m\u00e9daille personnalis\u00e9e en plaqu\u00e9 or<\/h2>\n<p>Pour personnaliser parfaitement votre bola de grossesse, vous pouvez choisir de <strong>faire graver le message de votre choix sur une m\u00e9daille demi-lune en plaqu\u00e9 or.<\/strong> Nous pouvons graver jusqu&rsquo;\u00e0 12 caract\u00e8res par c\u00f4t\u00e9. Pour la gravure de votre m\u00e9daille nous vous propose trois polices d&rsquo;\u00e9critures diff\u00e9rentes.<\/p>\n<h2>Un bola lithoth\u00e9rapie avec sa perle de lune<\/h2>\n<p>La lithoth\u00e9rapie permet de b\u00e9n\u00e9ficier de certains bienfaits des pierres naturelles. <strong>Nous vous proposons sur de nombreux bijoux des perles et pierres naturelles<\/strong>. Sur le mod\u00e8le Mama (maman), c&rsquo;est une pierre de lune qui est pr\u00e9sente sur le montage de votre bola de grossesse.<\/p>\n<p>Connue comme la pierre de la f\u00e9minit\u00e9 elle vous aide \u00e0 l\u00e2cher prise. Elle convient parfaitement \u00e0 une femme enceinte et sa couleur blanche, l\u00e9g\u00e8rement laiteuse, ajoute \u00e0 votre bijou une touche de couleur suppl\u00e9mentaire au bola.<\/p>\n<p>Vous pouvez accompagner votre bijou de grossesse avec un joli bracelet. Comme notre bijou, <a href=\"https:\/\/www.monboladegrossesse.com\/boutique\/produit\/bracelet-lithotherapie-grossesse\/\">simplement appel\u00e9 lithoth\u00e9rapie et grossesse.<\/a> Ce bracelet se porte jusqu&rsquo;\u00e0 la naissance de votre b\u00e9b\u00e9. Il peut \u00eatre personnalis\u00e9 avec la gravure d&rsquo;une m\u00e9daille. Vous trouverez d&rsquo;ailleurs de nombreux bijoux personnalis\u00e9s sur la boutique :)<\/p>\n<h3>La livraison de votre bola de grossesse plaqu\u00e9 or<\/h3>\n<p>Pour la livraison de votre bola, nous vous proposons sur notre boutique de bolas de grossesse, la lettre suivie, mais \u00e9galement une livraison en Colissimo. Enfin, sachez que lorsque vous commandez un bola de grossesse il est mont\u00e9 \u00e0 la main de fa\u00e7on artisanale. C&rsquo;est pour cela que pour la fabrication de votre bola il faut compter 2 jours ouvr\u00e9s.<\/p>\n","protected":false},"excerpt":{"rendered":"<p>D\u00e8s le d\u00e9bute votre grossesse, nous vous proposons de porter le bola de grossesse Mama en plaqu\u00e9 Or avec sa<\/p>\n","protected":false},"featured_media":12271,"comment_status":"open","ping_status":"closed","template":"","meta":{"_acf_changed":false},"product_brand":[],"product_cat":[48],"product_tag":[],"class_list":{"0":"post-12270","1":"product","2":"type-product","3":"status-publish","4":"has-post-thumbnail","6":"product_cat-bola-a-29e","7":"wcpa_has_options","9":"first","10":"instock","11":"shipping-taxable","12":"purchasable","13":"product-type-simple"},"acf":[],"yoast_head":"<!-- This site is optimized with the Yoast SEO plugin v27.5 - https:\/\/yoast.com\/product\/yoast-seo-wordpress\/ -->\n<title>Bola de grossesse plaqu\u00e9 or Mama avec sa perle de Lune<\/title>\n<meta name=\"description\" content=\"Bola de grossesse mod\u00e8le Mama en plaqu\u00e9 or avec sa breloque Mama plaqu\u00e9 or et sa perle de lune et se bienfaits de lithoth\u00e9rapie.\" \/>\n<meta name=\"robots\" content=\"index, follow, max-snippet:-1, max-image-preview:large, max-video-preview:-1\" \/>\n<link rel=\"canonical\" href=\"https:\/\/www.monboladegrossesse.com\/boutique\/produit\/bola-mama-plaque-or\/\" \/>\n<meta property=\"og:locale\" content=\"fr_FR\" \/>\n<meta property=\"og:type\" content=\"article\" \/>\n<meta property=\"og:title\" content=\"Bola de grossesse plaqu\u00e9 or Mama avec sa perle de Lune\" \/>\n<meta property=\"og:description\" content=\"Bola de grossesse mod\u00e8le Mama en plaqu\u00e9 or avec sa breloque Mama plaqu\u00e9 or et sa perle de lune et se bienfaits de lithoth\u00e9rapie.\" \/>\n<meta property=\"og:url\" content=\"https:\/\/www.monboladegrossesse.com\/boutique\/produit\/bola-mama-plaque-or\/\" \/>\n<meta property=\"og:site_name\" content=\"Boutique de bola de grossesse pour future maman\" \/>\n<meta property=\"article:publisher\" content=\"https:\/\/www.facebook.com\/Bola-de-Grossesse-1360399817389794\/\" \/>\n<meta property=\"article:modified_time\" content=\"2024-07-21T16:17:34+00:00\" \/>\n<meta property=\"og:image\" content=\"https:\/\/www.monboladegrossesse.com\/boutique\/wp-content\/uploads\/2022\/03\/bola-grossesse-plaque-or.jpg\" \/>\n\t<meta property=\"og:image:width\" content=\"900\" \/>\n\t<meta property=\"og:image:height\" content=\"900\" \/>\n\t<meta property=\"og:image:type\" content=\"image\/jpeg\" \/>\n<meta name=\"twitter:card\" content=\"summary_large_image\" \/>\n<meta name=\"twitter:label1\" content=\"Dur\u00e9e de lecture estim\u00e9e\" \/>\n\t<meta name=\"twitter:data1\" content=\"3 minutes\" \/>\n<script type=\"application\/ld+json\" class=\"yoast-schema-graph\">{\"@context\":\"https:\\\/\\\/schema.org\",\"@graph\":[{\"@type\":\"WebPage\",\"@id\":\"https:\\\/\\\/www.monboladegrossesse.com\\\/boutique\\\/produit\\\/bola-mama-plaque-or\\\/\",\"url\":\"https:\\\/\\\/www.monboladegrossesse.com\\\/boutique\\\/produit\\\/bola-mama-plaque-or\\\/\",\"name\":\"Bola de grossesse plaqu\u00e9 or Mama avec sa perle de Lune\",\"isPartOf\":{\"@id\":\"https:\\\/\\\/www.monboladegrossesse.com\\\/boutique\\\/#website\"},\"primaryImageOfPage\":{\"@id\":\"https:\\\/\\\/www.monboladegrossesse.com\\\/boutique\\\/produit\\\/bola-mama-plaque-or\\\/#primaryimage\"},\"image\":{\"@id\":\"https:\\\/\\\/www.monboladegrossesse.com\\\/boutique\\\/produit\\\/bola-mama-plaque-or\\\/#primaryimage\"},\"thumbnailUrl\":\"https:\\\/\\\/www.monboladegrossesse.com\\\/boutique\\\/wp-content\\\/uploads\\\/2022\\\/03\\\/bola-grossesse-plaque-or.jpg\",\"datePublished\":\"2022-03-10T10:32:00+00:00\",\"dateModified\":\"2024-07-21T16:17:34+00:00\",\"description\":\"Bola de grossesse mod\u00e8le Mama en plaqu\u00e9 or avec sa breloque Mama plaqu\u00e9 or et sa perle de lune et se bienfaits de lithoth\u00e9rapie.\",\"breadcrumb\":{\"@id\":\"https:\\\/\\\/www.monboladegrossesse.com\\\/boutique\\\/produit\\\/bola-mama-plaque-or\\\/#breadcrumb\"},\"inLanguage\":\"fr-FR\",\"potentialAction\":[{\"@type\":\"ReadAction\",\"target\":[\"https:\\\/\\\/www.monboladegrossesse.com\\\/boutique\\\/produit\\\/bola-mama-plaque-or\\\/\"]}]},{\"@type\":\"ImageObject\",\"inLanguage\":\"fr-FR\",\"@id\":\"https:\\\/\\\/www.monboladegrossesse.com\\\/boutique\\\/produit\\\/bola-mama-plaque-or\\\/#primaryimage\",\"url\":\"https:\\\/\\\/www.monboladegrossesse.com\\\/boutique\\\/wp-content\\\/uploads\\\/2022\\\/03\\\/bola-grossesse-plaque-or.jpg\",\"contentUrl\":\"https:\\\/\\\/www.monboladegrossesse.com\\\/boutique\\\/wp-content\\\/uploads\\\/2022\\\/03\\\/bola-grossesse-plaque-or.jpg\",\"width\":900,\"height\":900,\"caption\":\"bola de grossesse plaqu\u00e9 or mama\"},{\"@type\":\"BreadcrumbList\",\"@id\":\"https:\\\/\\\/www.monboladegrossesse.com\\\/boutique\\\/produit\\\/bola-mama-plaque-or\\\/#breadcrumb\",\"itemListElement\":[{\"@type\":\"ListItem\",\"position\":1,\"name\":\"Accueil\",\"item\":\"https:\\\/\\\/www.monboladegrossesse.com\\\/boutique\\\/\"},{\"@type\":\"ListItem\",\"position\":2,\"name\":\"Shop\",\"item\":\"https:\\\/\\\/www.monboladegrossesse.com\\\/boutique\\\/shop\\\/\"},{\"@type\":\"ListItem\",\"position\":3,\"name\":\"Bola Mama plaqu\u00e9 or\"}]},{\"@type\":\"WebSite\",\"@id\":\"https:\\\/\\\/www.monboladegrossesse.com\\\/boutique\\\/#website\",\"url\":\"https:\\\/\\\/www.monboladegrossesse.com\\\/boutique\\\/\",\"name\":\"Boutique de bola de grossesse pour future maman\",\"description\":\"\",\"publisher\":{\"@id\":\"https:\\\/\\\/www.monboladegrossesse.com\\\/boutique\\\/#organization\"},\"potentialAction\":[{\"@type\":\"SearchAction\",\"target\":{\"@type\":\"EntryPoint\",\"urlTemplate\":\"https:\\\/\\\/www.monboladegrossesse.com\\\/boutique\\\/?s={search_term_string}\"},\"query-input\":{\"@type\":\"PropertyValueSpecification\",\"valueRequired\":true,\"valueName\":\"search_term_string\"}}],\"inLanguage\":\"fr-FR\"},{\"@type\":\"Organization\",\"@id\":\"https:\\\/\\\/www.monboladegrossesse.com\\\/boutique\\\/#organization\",\"name\":\"Boutique de bola de grossesse pour future maman\",\"url\":\"https:\\\/\\\/www.monboladegrossesse.com\\\/boutique\\\/\",\"logo\":{\"@type\":\"ImageObject\",\"inLanguage\":\"fr-FR\",\"@id\":\"https:\\\/\\\/www.monboladegrossesse.com\\\/boutique\\\/#\\\/schema\\\/logo\\\/image\\\/\",\"url\":\"https:\\\/\\\/www.monboladegrossesse.com\\\/boutique\\\/wp-content\\\/uploads\\\/2024\\\/06\\\/cropped-logo-bola-470X110.webp\",\"contentUrl\":\"https:\\\/\\\/www.monboladegrossesse.com\\\/boutique\\\/wp-content\\\/uploads\\\/2024\\\/06\\\/cropped-logo-bola-470X110.webp\",\"width\":470,\"height\":110,\"caption\":\"Boutique de bola de grossesse pour future maman\"},\"image\":{\"@id\":\"https:\\\/\\\/www.monboladegrossesse.com\\\/boutique\\\/#\\\/schema\\\/logo\\\/image\\\/\"},\"sameAs\":[\"https:\\\/\\\/www.facebook.com\\\/Bola-de-Grossesse-1360399817389794\\\/\",\"https:\\\/\\\/www.pinterest.fr\\\/monboladegrossesse\\\/\",\"https:\\\/\\\/www.youtube.com\\\/@Monboladegrossesse-x3f\",\"https:\\\/\\\/www.tiktok.com\\\/@bola.de.grossesse?lang=fr\"]}]}<\/script>\n<!-- \/ Yoast SEO plugin. -->","yoast_head_json":{"title":"Bola de grossesse plaqu\u00e9 or Mama avec sa perle de Lune","description":"Bola de grossesse mod\u00e8le Mama en plaqu\u00e9 or avec sa breloque Mama plaqu\u00e9 or et sa perle de lune et se bienfaits de lithoth\u00e9rapie.","robots":{"index":"index","follow":"follow","max-snippet":"max-snippet:-1","max-image-preview":"max-image-preview:large","max-video-preview":"max-video-preview:-1"},"canonical":"https:\/\/www.monboladegrossesse.com\/boutique\/produit\/bola-mama-plaque-or\/","og_locale":"fr_FR","og_type":"article","og_title":"Bola de grossesse plaqu\u00e9 or Mama avec sa perle de Lune","og_description":"Bola de grossesse mod\u00e8le Mama en plaqu\u00e9 or avec sa breloque Mama plaqu\u00e9 or et sa perle de lune et se bienfaits de lithoth\u00e9rapie.","og_url":"https:\/\/www.monboladegrossesse.com\/boutique\/produit\/bola-mama-plaque-or\/","og_site_name":"Boutique de bola de grossesse pour future maman","article_publisher":"https:\/\/www.facebook.com\/Bola-de-Grossesse-1360399817389794\/","article_modified_time":"2024-07-21T16:17:34+00:00","og_image":[{"width":900,"height":900,"url":"https:\/\/www.monboladegrossesse.com\/boutique\/wp-content\/uploads\/2022\/03\/bola-grossesse-plaque-or.jpg","type":"image\/jpeg"}],"twitter_card":"summary_large_image","twitter_misc":{"Dur\u00e9e de lecture estim\u00e9e":"3 minutes"},"schema":{"@context":"https:\/\/schema.org","@graph":[{"@type":"WebPage","@id":"https:\/\/www.monboladegrossesse.com\/boutique\/produit\/bola-mama-plaque-or\/","url":"https:\/\/www.monboladegrossesse.com\/boutique\/produit\/bola-mama-plaque-or\/","name":"Bola de grossesse plaqu\u00e9 or Mama avec sa perle de Lune","isPartOf":{"@id":"https:\/\/www.monboladegrossesse.com\/boutique\/#website"},"primaryImageOfPage":{"@id":"https:\/\/www.monboladegrossesse.com\/boutique\/produit\/bola-mama-plaque-or\/#primaryimage"},"image":{"@id":"https:\/\/www.monboladegrossesse.com\/boutique\/produit\/bola-mama-plaque-or\/#primaryimage"},"thumbnailUrl":"https:\/\/www.monboladegrossesse.com\/boutique\/wp-content\/uploads\/2022\/03\/bola-grossesse-plaque-or.jpg","datePublished":"2022-03-10T10:32:00+00:00","dateModified":"2024-07-21T16:17:34+00:00","description":"Bola de grossesse mod\u00e8le Mama en plaqu\u00e9 or avec sa breloque Mama plaqu\u00e9 or et sa perle de lune et se bienfaits de lithoth\u00e9rapie.","breadcrumb":{"@id":"https:\/\/www.monboladegrossesse.com\/boutique\/produit\/bola-mama-plaque-or\/#breadcrumb"},"inLanguage":"fr-FR","potentialAction":[{"@type":"ReadAction","target":["https:\/\/www.monboladegrossesse.com\/boutique\/produit\/bola-mama-plaque-or\/"]}]},{"@type":"ImageObject","inLanguage":"fr-FR","@id":"https:\/\/www.monboladegrossesse.com\/boutique\/produit\/bola-mama-plaque-or\/#primaryimage","url":"https:\/\/www.monboladegrossesse.com\/boutique\/wp-content\/uploads\/2022\/03\/bola-grossesse-plaque-or.jpg","contentUrl":"https:\/\/www.monboladegrossesse.com\/boutique\/wp-content\/uploads\/2022\/03\/bola-grossesse-plaque-or.jpg","width":900,"height":900,"caption":"bola de grossesse plaqu\u00e9 or mama"},{"@type":"BreadcrumbList","@id":"https:\/\/www.monboladegrossesse.com\/boutique\/produit\/bola-mama-plaque-or\/#breadcrumb","itemListElement":[{"@type":"ListItem","position":1,"name":"Accueil","item":"https:\/\/www.monboladegrossesse.com\/boutique\/"},{"@type":"ListItem","position":2,"name":"Shop","item":"https:\/\/www.monboladegrossesse.com\/boutique\/shop\/"},{"@type":"ListItem","position":3,"name":"Bola Mama plaqu\u00e9 or"}]},{"@type":"WebSite","@id":"https:\/\/www.monboladegrossesse.com\/boutique\/#website","url":"https:\/\/www.monboladegrossesse.com\/boutique\/","name":"Boutique de bola de grossesse pour future maman","description":"","publisher":{"@id":"https:\/\/www.monboladegrossesse.com\/boutique\/#organization"},"potentialAction":[{"@type":"SearchAction","target":{"@type":"EntryPoint","urlTemplate":"https:\/\/www.monboladegrossesse.com\/boutique\/?s={search_term_string}"},"query-input":{"@type":"PropertyValueSpecification","valueRequired":true,"valueName":"search_term_string"}}],"inLanguage":"fr-FR"},{"@type":"Organization","@id":"https:\/\/www.monboladegrossesse.com\/boutique\/#organization","name":"Boutique de bola de grossesse pour future maman","url":"https:\/\/www.monboladegrossesse.com\/boutique\/","logo":{"@type":"ImageObject","inLanguage":"fr-FR","@id":"https:\/\/www.monboladegrossesse.com\/boutique\/#\/schema\/logo\/image\/","url":"https:\/\/www.monboladegrossesse.com\/boutique\/wp-content\/uploads\/2024\/06\/cropped-logo-bola-470X110.webp","contentUrl":"https:\/\/www.monboladegrossesse.com\/boutique\/wp-content\/uploads\/2024\/06\/cropped-logo-bola-470X110.webp","width":470,"height":110,"caption":"Boutique de bola de grossesse pour future maman"},"image":{"@id":"https:\/\/www.monboladegrossesse.com\/boutique\/#\/schema\/logo\/image\/"},"sameAs":["https:\/\/www.facebook.com\/Bola-de-Grossesse-1360399817389794\/","https:\/\/www.pinterest.fr\/monboladegrossesse\/","https:\/\/www.youtube.com\/@Monboladegrossesse-x3f","https:\/\/www.tiktok.com\/@bola.de.grossesse?lang=fr"]}]}},"wcpa_form_fields":{"wcpaData":{"product":{"product_price":29,"price_html":"<span class=\"woocommerce-Price-amount amount\"><bdi>29.00&nbsp;<span class=\"woocommerce-Price-currencySymbol\">&euro;<\/span><\/bdi><\/span>","original_product_price":29,"price_including_tax":29,"price_excluding_tax":29,"product_id":{"parent":12270,"variation":false},"is_variable":false,"stock_status":"instock","stock_quantity":8,"parent_sku":"","product_attributes":[],"custom_fields":[],"is_taxable":false,"product_name":"Bola Mama plaqu\u00e9 or","hasImage":false},"fields":{"sec_66a010a0675bf3":{"extra":{"key":"sec_66a010a0675bf3","section_id":"sec_66a010a0675bf3","name":"Default","status":1,"cl_rule":"show","enableCl":false,"relations":[],"toggle":true,"title_tag":"h3","show_title":false,"showPrice":"default","form_id":12419,"form_rules":{"exclude_from_discount":false,"fee_label":"Fee","disp_hide_options_price":false,"disp_show_section_price":false,"disp_show_field_price":true,"layout_option":"standard","pric_use_as_fee":false,"process_fee_as":"woo_fee"},"layout_option":"standard"},"fields":[[{"type":"header","subtype":"h3","label":"Personnalisation du bola","elementId":"wcpa-header-6246f7813299f","cl_rule":"show","col":6,"relations":false,"active":true,"tooltip":"","gt_translate_keys":["label","tooltip"],"price_dependency":false,"cl_dependency":false,"value":""}],[{"type":"text","elementId":"wcpa-text-6246f781329be","label":"M\u00e9daille en plaqu\u00e9 or : gravure du recto","description":"","desc_type":true,"enablePrice":true,"pricingType":"fixed","price":"9.99","name":"text-6246f781329d6","subtype":"text","minlength":"1","maxlength":"12","mapToCheckoutFieldParent":"billing","mapToCheckoutField":"billing_first_name","enableCl":true,"cl_rule":"hide","col":6,"relations":[{"operator":false,"rules":[]}],"active":true,"tooltip":"Gravez jusqu'\u00e0 12 caract\u00e8res","gt_translate_keys":["label","description","tooltip"],"price_dependency":false,"cl_dependency":["wcpa-text-6246f781329ee"],"value":""}],[{"type":"text","elementId":"wcpa-text-6246f781329ee","label":"M\u00e9daille en plaqu\u00e9 or : gravure verso","description":"Vous pouvez graver jusqu'\u00e0 12 caract\u00e8res","enablePrice":true,"pricingType":"fixed","price":"1","name":"text-6246f78132a04","subtype":"text","minlength":"1","maxlength":"12","mapToCheckoutFieldParent":"billing","mapToCheckoutField":"billing_first_name","enableCl":true,"cl_rule":"show","col":6,"relations":[{"operator":false,"rules":[{"operator":false,"rules":{"cl_field":"wcpa-text-6246f781329be","cl_relation":"is_not_empty","cl_val":false}}]}],"active":true,"tooltip":"","gt_translate_keys":["label","description","tooltip"],"price_dependency":false,"cl_dependency":false,"value":""}],[{"type":"image-group","label":"Choix de la police","elementId":"wcpa-image-group-1648818237998","inline":true,"priceOptions":"different_for_all","pricingType":"fixed","enable_popup":"no","name":"image-group-1648818237997","min_options":"1","max_options":"1","disp_type":"square","img_selection_type":"tick-shadow","other_text":"Other","cl_rule":"show","col":6,"values":[{"label":"Police Cl\u00e9a","price":"","image":"https:\/\/www.monboladegrossesse.com\/boutique\/wp-content\/uploads\/2022\/01\/277.jpg","image_id":"12049","thumb":"https:\/\/www.monboladegrossesse.com\/boutique\/wp-content\/uploads\/2022\/01\/277-150x55.jpg","value":"0","thumb_src":"https:\/\/www.monboladegrossesse.com\/boutique\/wp-content\/uploads\/2022\/01\/277.jpg","gt_translate_keys":["label"]},{"label":"Police Sara","price":"","image":"https:\/\/www.monboladegrossesse.com\/boutique\/wp-content\/uploads\/2022\/01\/274.jpg","image_id":"12048","thumb":"https:\/\/www.monboladegrossesse.com\/boutique\/wp-content\/uploads\/2022\/01\/274-150x55.jpg","value":"1","thumb_src":"https:\/\/www.monboladegrossesse.com\/boutique\/wp-content\/uploads\/2022\/01\/274.jpg","gt_translate_keys":["label"]},{"label":"Police C\u00e9line","price":"","image":"https:\/\/www.monboladegrossesse.com\/boutique\/wp-content\/uploads\/2022\/01\/celine.jpg","image_id":"12050","thumb":"https:\/\/www.monboladegrossesse.com\/boutique\/wp-content\/uploads\/2022\/01\/celine-150x55.jpg","value":"2","thumb_src":"https:\/\/www.monboladegrossesse.com\/boutique\/wp-content\/uploads\/2022\/01\/celine.jpg","gt_translate_keys":["label"]}],"relations":false,"active":true,"tooltip":"","layOut":"inline","disp_size_img":{"width":"","height":""},"gt_translate_keys":["label","tooltip"],"price_dependency":false,"cl_dependency":false,"value":""}]]}},"config":{"price_override":"","enable_recaptcha":false,"bind_quantity":false,"quantity_bind_formula":false,"disp_summ_show_option_price":true,"disp_summ_show_product_price":true,"disp_summ_show_total_price":true,"disp_summ_show_fee":false,"disp_summ_show_discount":false,"summary_title":"","options_total_label":"Prix des options","total_label":"Total","options_product_label":"Prix du bijou","fee_label":"Fee","discount_label":"Discount","has_price":true,"has_quantity_formula":false},"mc_unit":1,"tax_rate":1,"tax_rate_real":1,"discount":{"percentage":0,"fixed":0},"design":{"conf":{"LabelPosition":"above","DescPosition":"above","UploadField":"custom_1","QuantityFieldStyle":"default"},"css":{"LeftLabelWidth":"120px"}},"formulas":[],"lookuptables":[],"clones":false,"cartKey":false}},"_links":{"self":[{"href":"https:\/\/www.monboladegrossesse.com\/boutique\/wp-json\/wp\/v2\/product\/12270","targetHints":{"allow":["GET"]}}],"collection":[{"href":"https:\/\/www.monboladegrossesse.com\/boutique\/wp-json\/wp\/v2\/product"}],"about":[{"href":"https:\/\/www.monboladegrossesse.com\/boutique\/wp-json\/wp\/v2\/types\/product"}],"replies":[{"embeddable":true,"href":"https:\/\/www.monboladegrossesse.com\/boutique\/wp-json\/wp\/v2\/comments?post=12270"}],"wp:featuredmedia":[{"embeddable":true,"href":"https:\/\/www.monboladegrossesse.com\/boutique\/wp-json\/wp\/v2\/media\/12271"}],"wp:attachment":[{"href":"https:\/\/www.monboladegrossesse.com\/boutique\/wp-json\/wp\/v2\/media?parent=12270"}],"wp:term":[{"taxonomy":"product_brand","embeddable":true,"href":"https:\/\/www.monboladegrossesse.com\/boutique\/wp-json\/wp\/v2\/product_brand?post=12270"},{"taxonomy":"product_cat","embeddable":true,"href":"https:\/\/www.monboladegrossesse.com\/boutique\/wp-json\/wp\/v2\/product_cat?post=12270"},{"taxonomy":"product_tag","embeddable":true,"href":"https:\/\/www.monboladegrossesse.com\/boutique\/wp-json\/wp\/v2\/product_tag?post=12270"}],"curies":[{"name":"wp","href":"https:\/\/api.w.org\/{rel}","templated":true}]}}