{"id":11188,"date":"2021-06-30T14:35:09","date_gmt":"2021-06-30T12:35:09","guid":{"rendered":"https:\/\/www.monboladegrossesse.com\/boutique\/?post_type=product&#038;p=11188"},"modified":"2025-05-26T10:03:59","modified_gmt":"2025-05-26T08:03:59","slug":"bola-maelie","status":"publish","type":"product","link":"https:\/\/www.monboladegrossesse.com\/boutique\/produit\/bola-maelie\/","title":{"rendered":"Bola Ma\u00e9lie"},"content":{"rendered":"<p>Le bola de grossesse personnalis\u00e9 Ma\u00e9lie vous permet de porter un bijou unique avec la gravure de votre message manuscrit ou de votre dessin sur une m\u00e9daille en argent 925.<\/p>\n<h2>Faites graver un mot manuscrit ou un dessin<\/h2>\n<p>Vraie originalit\u00e9 de votre bola de grossesse : <strong>nous gravons votre message ou votre dessin sur la m\u00e9daille.\u00a0<\/strong>Vous pouvez ainsi nous envoyer une photo d&rsquo;un message manuscrit pour graver une m\u00e9daille unique. Vous portez un bijou sur-mesure que personne d&rsquo;autre ne poss\u00e8de.<\/p>\n<p>S&rsquo;il s&rsquo;agit d&rsquo;une seconde grossesse par exemple, vous pouvez nous envoyer un fichier jpeg d&rsquo;un dessin d&rsquo;enfant. Du futur grand fr\u00e8re ou de la future grande soeur.<\/p>\n<p><strong><em>Voici les modalit\u00e9s pour nous envoyer le bon fichier \u00e0 graver :<\/em><\/strong><\/p>\n<ul>\n<li>Pensez \u00e0 utiliser une feuille blanche pour l&rsquo;\u00e9criture de votre message \/ de votre dessin. Pour le trait un feutre noir fera parfaitement l&rsquo;affaire.<\/li>\n<li>Lorsque vous prenez en photo votre dessin\/texte privil\u00e9giez une feuille bien \u00e9clair\u00e9e.<\/li>\n<li>Nous ne pouvons graver que les traits du dessin. Merci donc de nous envoyer pr\u00e9f\u00e9rablement un dessin non colori\u00e9.<\/li>\n<li>Nous ne pouvons pas graver une photo :)<\/li>\n<li>Enfin n&rsquo;oubliez pas que nous gravons sur une m\u00e9daille argent 15mm. Avec trop de d\u00e9tails votre dessin\/message sera moins visible.<\/li>\n<\/ul>\n<p>Enfin vous pouvez faire graver au verso un second message. Avec cette fois-ci une seule limite de 20 caract\u00e8res pour une meilleure visibilit\u00e9.<\/p>\n<h2>Un pendentif plaqu\u00e9 argent avec son collier inoxydable<\/h2>\n<p>Pour votre bola Ma\u00e9lie nous vous proposons un pendentif en plaqu\u00e9 argent sur un collier en acier inoxydable. Avec la m\u00e9daille en argent 925, votre bola pour future maman vous offre une qualit\u00e9 premium pour \u00eatre port\u00e9 tout au long de votre grossesse.<\/p>\n<p>Votre bijou de femme enceinte avec son design \u00e9pur\u00e9 mettra parfaitement en valeur votre ventre de future maman.<\/p>\n","protected":false},"excerpt":{"rendered":"<p>Le bola de grossesse personnalis\u00e9 Ma\u00e9lie vous permet de porter un bijou unique avec la gravure de votre message manuscrit<\/p>\n","protected":false},"featured_media":11189,"comment_status":"open","ping_status":"closed","template":"","meta":{"_acf_changed":false},"product_brand":[],"product_cat":[48],"product_tag":[],"class_list":{"0":"post-11188","1":"product","2":"type-product","3":"status-publish","4":"has-post-thumbnail","6":"product_cat-bola-a-29e","7":"wcpa_has_options","9":"first","10":"instock","11":"shipping-taxable","12":"purchasable","13":"product-type-simple"},"acf":[],"yoast_head":"<!-- This site is optimized with the Yoast SEO plugin v27.2 - https:\/\/yoast.com\/product\/yoast-seo-wordpress\/ -->\n<title>Bola de grossesse Ma\u00e9lie avec sa gravure unique et personnalis\u00e9<\/title>\n<meta name=\"description\" content=\"Bola de grossesse original et 100% unique ou vous pouvez faire graver un dessin d&#039;enfant ou un mot manuscrit sur votre m\u00e9daille en argent.\" \/>\n<meta name=\"robots\" content=\"index, follow, max-snippet:-1, max-image-preview:large, max-video-preview:-1\" \/>\n<link rel=\"canonical\" href=\"https:\/\/www.monboladegrossesse.com\/boutique\/produit\/bola-maelie\/\" \/>\n<meta property=\"og:locale\" content=\"fr_FR\" \/>\n<meta property=\"og:type\" content=\"article\" \/>\n<meta property=\"og:title\" content=\"Bola de grossesse Ma\u00e9lie avec sa gravure unique et personnalis\u00e9\" \/>\n<meta property=\"og:description\" content=\"Bola de grossesse original et 100% unique ou vous pouvez faire graver un dessin d&#039;enfant ou un mot manuscrit sur votre m\u00e9daille en argent.\" \/>\n<meta property=\"og:url\" content=\"https:\/\/www.monboladegrossesse.com\/boutique\/produit\/bola-maelie\/\" \/>\n<meta property=\"og:site_name\" content=\"Boutique de bola de grossesse pour future maman\" \/>\n<meta property=\"article:publisher\" content=\"https:\/\/www.facebook.com\/Bola-de-Grossesse-1360399817389794\/\" \/>\n<meta property=\"article:modified_time\" content=\"2025-05-26T08:03:59+00:00\" \/>\n<meta property=\"og:image\" content=\"https:\/\/www.monboladegrossesse.com\/boutique\/wp-content\/uploads\/2021\/06\/bola-gravure-unique-maman.jpg\" \/>\n\t<meta property=\"og:image:width\" content=\"900\" \/>\n\t<meta property=\"og:image:height\" content=\"900\" \/>\n\t<meta property=\"og:image:type\" content=\"image\/jpeg\" \/>\n<meta name=\"twitter:card\" content=\"summary_large_image\" \/>\n<meta name=\"twitter:label1\" content=\"Dur\u00e9e de lecture estim\u00e9e\" \/>\n\t<meta name=\"twitter:data1\" content=\"2 minutes\" \/>\n<script type=\"application\/ld+json\" class=\"yoast-schema-graph\">{\"@context\":\"https:\/\/schema.org\",\"@graph\":[{\"@type\":\"WebPage\",\"@id\":\"https:\/\/www.monboladegrossesse.com\/boutique\/produit\/bola-maelie\/\",\"url\":\"https:\/\/www.monboladegrossesse.com\/boutique\/produit\/bola-maelie\/\",\"name\":\"Bola de grossesse Ma\u00e9lie avec sa gravure unique et personnalis\u00e9\",\"isPartOf\":{\"@id\":\"https:\/\/www.monboladegrossesse.com\/boutique\/#website\"},\"primaryImageOfPage\":{\"@id\":\"https:\/\/www.monboladegrossesse.com\/boutique\/produit\/bola-maelie\/#primaryimage\"},\"image\":{\"@id\":\"https:\/\/www.monboladegrossesse.com\/boutique\/produit\/bola-maelie\/#primaryimage\"},\"thumbnailUrl\":\"https:\/\/www.monboladegrossesse.com\/boutique\/wp-content\/uploads\/2021\/06\/bola-gravure-unique-maman.jpg\",\"datePublished\":\"2021-06-30T12:35:09+00:00\",\"dateModified\":\"2025-05-26T08:03:59+00:00\",\"description\":\"Bola de grossesse original et 100% unique ou vous pouvez faire graver un dessin d'enfant ou un mot manuscrit sur votre m\u00e9daille en argent.\",\"breadcrumb\":{\"@id\":\"https:\/\/www.monboladegrossesse.com\/boutique\/produit\/bola-maelie\/#breadcrumb\"},\"inLanguage\":\"fr-FR\",\"potentialAction\":[{\"@type\":\"ReadAction\",\"target\":[\"https:\/\/www.monboladegrossesse.com\/boutique\/produit\/bola-maelie\/\"]}]},{\"@type\":\"ImageObject\",\"inLanguage\":\"fr-FR\",\"@id\":\"https:\/\/www.monboladegrossesse.com\/boutique\/produit\/bola-maelie\/#primaryimage\",\"url\":\"https:\/\/www.monboladegrossesse.com\/boutique\/wp-content\/uploads\/2021\/06\/bola-gravure-unique-maman.jpg\",\"contentUrl\":\"https:\/\/www.monboladegrossesse.com\/boutique\/wp-content\/uploads\/2021\/06\/bola-gravure-unique-maman.jpg\",\"width\":900,\"height\":900,\"caption\":\"Bola de grossesse avec gravure personnalis\u00e9e\"},{\"@type\":\"BreadcrumbList\",\"@id\":\"https:\/\/www.monboladegrossesse.com\/boutique\/produit\/bola-maelie\/#breadcrumb\",\"itemListElement\":[{\"@type\":\"ListItem\",\"position\":1,\"name\":\"Accueil\",\"item\":\"https:\/\/www.monboladegrossesse.com\/boutique\/\"},{\"@type\":\"ListItem\",\"position\":2,\"name\":\"Shop\",\"item\":\"https:\/\/www.monboladegrossesse.com\/boutique\/shop\/\"},{\"@type\":\"ListItem\",\"position\":3,\"name\":\"Bola Ma\u00e9lie\"}]},{\"@type\":\"WebSite\",\"@id\":\"https:\/\/www.monboladegrossesse.com\/boutique\/#website\",\"url\":\"https:\/\/www.monboladegrossesse.com\/boutique\/\",\"name\":\"Boutique de bola de grossesse pour future maman\",\"description\":\"\",\"publisher\":{\"@id\":\"https:\/\/www.monboladegrossesse.com\/boutique\/#organization\"},\"potentialAction\":[{\"@type\":\"SearchAction\",\"target\":{\"@type\":\"EntryPoint\",\"urlTemplate\":\"https:\/\/www.monboladegrossesse.com\/boutique\/?s={search_term_string}\"},\"query-input\":{\"@type\":\"PropertyValueSpecification\",\"valueRequired\":true,\"valueName\":\"search_term_string\"}}],\"inLanguage\":\"fr-FR\"},{\"@type\":\"Organization\",\"@id\":\"https:\/\/www.monboladegrossesse.com\/boutique\/#organization\",\"name\":\"Boutique de bola de grossesse pour future maman\",\"url\":\"https:\/\/www.monboladegrossesse.com\/boutique\/\",\"logo\":{\"@type\":\"ImageObject\",\"inLanguage\":\"fr-FR\",\"@id\":\"https:\/\/www.monboladegrossesse.com\/boutique\/#\/schema\/logo\/image\/\",\"url\":\"https:\/\/www.monboladegrossesse.com\/boutique\/wp-content\/uploads\/2024\/06\/cropped-logo-bola-470X110.webp\",\"contentUrl\":\"https:\/\/www.monboladegrossesse.com\/boutique\/wp-content\/uploads\/2024\/06\/cropped-logo-bola-470X110.webp\",\"width\":470,\"height\":110,\"caption\":\"Boutique de bola de grossesse pour future maman\"},\"image\":{\"@id\":\"https:\/\/www.monboladegrossesse.com\/boutique\/#\/schema\/logo\/image\/\"},\"sameAs\":[\"https:\/\/www.facebook.com\/Bola-de-Grossesse-1360399817389794\/\",\"https:\/\/www.pinterest.fr\/monboladegrossesse\/\",\"https:\/\/www.youtube.com\/@Monboladegrossesse-x3f\",\"https:\/\/www.tiktok.com\/@bola.de.grossesse?lang=fr\"]}]}<\/script>\n<!-- \/ Yoast SEO plugin. -->","yoast_head_json":{"title":"Bola de grossesse Ma\u00e9lie avec sa gravure unique et personnalis\u00e9","description":"Bola de grossesse original et 100% unique ou vous pouvez faire graver un dessin d'enfant ou un mot manuscrit sur votre m\u00e9daille en argent.","robots":{"index":"index","follow":"follow","max-snippet":"max-snippet:-1","max-image-preview":"max-image-preview:large","max-video-preview":"max-video-preview:-1"},"canonical":"https:\/\/www.monboladegrossesse.com\/boutique\/produit\/bola-maelie\/","og_locale":"fr_FR","og_type":"article","og_title":"Bola de grossesse Ma\u00e9lie avec sa gravure unique et personnalis\u00e9","og_description":"Bola de grossesse original et 100% unique ou vous pouvez faire graver un dessin d'enfant ou un mot manuscrit sur votre m\u00e9daille en argent.","og_url":"https:\/\/www.monboladegrossesse.com\/boutique\/produit\/bola-maelie\/","og_site_name":"Boutique de bola de grossesse pour future maman","article_publisher":"https:\/\/www.facebook.com\/Bola-de-Grossesse-1360399817389794\/","article_modified_time":"2025-05-26T08:03:59+00:00","og_image":[{"width":900,"height":900,"url":"https:\/\/www.monboladegrossesse.com\/boutique\/wp-content\/uploads\/2021\/06\/bola-gravure-unique-maman.jpg","type":"image\/jpeg"}],"twitter_card":"summary_large_image","twitter_misc":{"Dur\u00e9e de lecture estim\u00e9e":"2 minutes"},"schema":{"@context":"https:\/\/schema.org","@graph":[{"@type":"WebPage","@id":"https:\/\/www.monboladegrossesse.com\/boutique\/produit\/bola-maelie\/","url":"https:\/\/www.monboladegrossesse.com\/boutique\/produit\/bola-maelie\/","name":"Bola de grossesse Ma\u00e9lie avec sa gravure unique et personnalis\u00e9","isPartOf":{"@id":"https:\/\/www.monboladegrossesse.com\/boutique\/#website"},"primaryImageOfPage":{"@id":"https:\/\/www.monboladegrossesse.com\/boutique\/produit\/bola-maelie\/#primaryimage"},"image":{"@id":"https:\/\/www.monboladegrossesse.com\/boutique\/produit\/bola-maelie\/#primaryimage"},"thumbnailUrl":"https:\/\/www.monboladegrossesse.com\/boutique\/wp-content\/uploads\/2021\/06\/bola-gravure-unique-maman.jpg","datePublished":"2021-06-30T12:35:09+00:00","dateModified":"2025-05-26T08:03:59+00:00","description":"Bola de grossesse original et 100% unique ou vous pouvez faire graver un dessin d'enfant ou un mot manuscrit sur votre m\u00e9daille en argent.","breadcrumb":{"@id":"https:\/\/www.monboladegrossesse.com\/boutique\/produit\/bola-maelie\/#breadcrumb"},"inLanguage":"fr-FR","potentialAction":[{"@type":"ReadAction","target":["https:\/\/www.monboladegrossesse.com\/boutique\/produit\/bola-maelie\/"]}]},{"@type":"ImageObject","inLanguage":"fr-FR","@id":"https:\/\/www.monboladegrossesse.com\/boutique\/produit\/bola-maelie\/#primaryimage","url":"https:\/\/www.monboladegrossesse.com\/boutique\/wp-content\/uploads\/2021\/06\/bola-gravure-unique-maman.jpg","contentUrl":"https:\/\/www.monboladegrossesse.com\/boutique\/wp-content\/uploads\/2021\/06\/bola-gravure-unique-maman.jpg","width":900,"height":900,"caption":"Bola de grossesse avec gravure personnalis\u00e9e"},{"@type":"BreadcrumbList","@id":"https:\/\/www.monboladegrossesse.com\/boutique\/produit\/bola-maelie\/#breadcrumb","itemListElement":[{"@type":"ListItem","position":1,"name":"Accueil","item":"https:\/\/www.monboladegrossesse.com\/boutique\/"},{"@type":"ListItem","position":2,"name":"Shop","item":"https:\/\/www.monboladegrossesse.com\/boutique\/shop\/"},{"@type":"ListItem","position":3,"name":"Bola Ma\u00e9lie"}]},{"@type":"WebSite","@id":"https:\/\/www.monboladegrossesse.com\/boutique\/#website","url":"https:\/\/www.monboladegrossesse.com\/boutique\/","name":"Boutique de bola de grossesse pour future maman","description":"","publisher":{"@id":"https:\/\/www.monboladegrossesse.com\/boutique\/#organization"},"potentialAction":[{"@type":"SearchAction","target":{"@type":"EntryPoint","urlTemplate":"https:\/\/www.monboladegrossesse.com\/boutique\/?s={search_term_string}"},"query-input":{"@type":"PropertyValueSpecification","valueRequired":true,"valueName":"search_term_string"}}],"inLanguage":"fr-FR"},{"@type":"Organization","@id":"https:\/\/www.monboladegrossesse.com\/boutique\/#organization","name":"Boutique de bola de grossesse pour future maman","url":"https:\/\/www.monboladegrossesse.com\/boutique\/","logo":{"@type":"ImageObject","inLanguage":"fr-FR","@id":"https:\/\/www.monboladegrossesse.com\/boutique\/#\/schema\/logo\/image\/","url":"https:\/\/www.monboladegrossesse.com\/boutique\/wp-content\/uploads\/2024\/06\/cropped-logo-bola-470X110.webp","contentUrl":"https:\/\/www.monboladegrossesse.com\/boutique\/wp-content\/uploads\/2024\/06\/cropped-logo-bola-470X110.webp","width":470,"height":110,"caption":"Boutique de bola de grossesse pour future maman"},"image":{"@id":"https:\/\/www.monboladegrossesse.com\/boutique\/#\/schema\/logo\/image\/"},"sameAs":["https:\/\/www.facebook.com\/Bola-de-Grossesse-1360399817389794\/","https:\/\/www.pinterest.fr\/monboladegrossesse\/","https:\/\/www.youtube.com\/@Monboladegrossesse-x3f","https:\/\/www.tiktok.com\/@bola.de.grossesse?lang=fr"]}]}},"wcpa_form_fields":{"wcpaData":{"product":{"product_price":29,"price_html":"<span class=\"woocommerce-Price-amount amount\"><bdi>29.00&nbsp;<span class=\"woocommerce-Price-currencySymbol\">&euro;<\/span><\/bdi><\/span>","original_product_price":29,"price_including_tax":29,"price_excluding_tax":29,"product_id":{"parent":11188,"variation":false},"is_variable":false,"stock_status":"instock","stock_quantity":3,"parent_sku":"","product_attributes":[],"custom_fields":[],"is_taxable":false,"product_name":"Bola Ma\u00e9lie","hasImage":false},"fields":{"sec_669e16b51decd3":{"extra":{"key":"sec_669e16b51decd3","section_id":"sec_669e16b51decd3","name":"Default","status":1,"cl_rule":"show","enableCl":false,"relations":[],"toggle":true,"title_tag":"h3","show_title":false,"showPrice":"default","form_id":11195,"form_rules":{"exclude_from_discount":false,"fee_label":"Fee","disp_hide_options_price":false,"disp_show_section_price":false,"disp_show_field_price":true,"layout_option":"standard","pric_use_as_fee":false,"process_fee_as":"woo_fee"},"layout_option":"standard"},"fields":[[{"type":"header","subtype":"h2","label":"Je personnalise ma m\u00e9daille","elementId":"wcpa-header-1625056259049","cl_rule":"show","col":6,"relations":false,"active":true,"tooltip":"","gt_translate_keys":["label","tooltip"],"price_dependency":false,"cl_dependency":false,"value":""}],[{"type":"file","elementId":"wcpa-file-1625056287501","label":"J'envoie mon dessin\/texte \u00e0 graver","description":"","desc_type":true,"pricingType":"fixed","ajax_upload":true,"uploadsize":"5","name":"file-1625056287501","exts_supported":["jpg","jpeg","png","gif","HEIF"],"cl_rule":"show","col":6,"relations":false,"active":true,"tooltip":"Utilisez ce champ pour nous envoyer votre personnalisation","upload_type":"ajax","allowedFileTypes":".jpg,.jpeg,.png,.gif,.HEIF","gt_translate_keys":["label","description","tooltip"],"price_dependency":false,"cl_dependency":["wcpa-text-1625056419051"],"value":""}],[{"type":"text","elementId":"wcpa-text-1625056419051","label":"La gravure verso de ma m\u00e9daille","enablePrice":true,"pricingType":"fixed","price":"1","name":"text-1625056419051","subtype":"text","enableCl":true,"cl_rule":"show","col":6,"relations":[{"operator":false,"rules":[{"operator":false,"rules":{"cl_field":"wcpa-file-1625056287501","cl_relation":"is_not_empty","cl_val":false}}]}],"active":true,"tooltip":"","gt_translate_keys":["label","tooltip"],"price_dependency":false,"cl_dependency":false,"value":""}]]}},"config":{"price_override":"","enable_recaptcha":false,"bind_quantity":false,"quantity_bind_formula":false,"disp_summ_show_option_price":true,"disp_summ_show_product_price":true,"disp_summ_show_total_price":true,"disp_summ_show_fee":false,"disp_summ_show_discount":false,"summary_title":"","options_total_label":"Prix des options","total_label":"Total","options_product_label":"Prix du bijou","fee_label":"Fee","discount_label":"Discount","has_price":true,"has_quantity_formula":false},"mc_unit":1,"tax_rate":1,"tax_rate_real":1,"discount":{"percentage":0,"fixed":0},"design":{"conf":{"LabelPosition":"above","DescPosition":"above","UploadField":"custom_1","QuantityFieldStyle":"default"},"css":{"LeftLabelWidth":"120px"}},"formulas":[],"lookuptables":[],"clones":false,"cartKey":false}},"_links":{"self":[{"href":"https:\/\/www.monboladegrossesse.com\/boutique\/wp-json\/wp\/v2\/product\/11188","targetHints":{"allow":["GET"]}}],"collection":[{"href":"https:\/\/www.monboladegrossesse.com\/boutique\/wp-json\/wp\/v2\/product"}],"about":[{"href":"https:\/\/www.monboladegrossesse.com\/boutique\/wp-json\/wp\/v2\/types\/product"}],"replies":[{"embeddable":true,"href":"https:\/\/www.monboladegrossesse.com\/boutique\/wp-json\/wp\/v2\/comments?post=11188"}],"wp:featuredmedia":[{"embeddable":true,"href":"https:\/\/www.monboladegrossesse.com\/boutique\/wp-json\/wp\/v2\/media\/11189"}],"wp:attachment":[{"href":"https:\/\/www.monboladegrossesse.com\/boutique\/wp-json\/wp\/v2\/media?parent=11188"}],"wp:term":[{"taxonomy":"product_brand","embeddable":true,"href":"https:\/\/www.monboladegrossesse.com\/boutique\/wp-json\/wp\/v2\/product_brand?post=11188"},{"taxonomy":"product_cat","embeddable":true,"href":"https:\/\/www.monboladegrossesse.com\/boutique\/wp-json\/wp\/v2\/product_cat?post=11188"},{"taxonomy":"product_tag","embeddable":true,"href":"https:\/\/www.monboladegrossesse.com\/boutique\/wp-json\/wp\/v2\/product_tag?post=11188"}],"curies":[{"name":"wp","href":"https:\/\/api.w.org\/{rel}","templated":true}]}}