{"id":11106,"date":"2021-06-16T14:54:55","date_gmt":"2021-06-16T12:54:55","guid":{"rendered":"https:\/\/www.monboladegrossesse.com\/boutique\/?post_type=product&#038;p=11106"},"modified":"2025-11-06T15:48:40","modified_gmt":"2025-11-06T14:48:40","slug":"bola-de-grossesse-mon-bebe","status":"publish","type":"product","link":"https:\/\/www.monboladegrossesse.com\/boutique\/produit\/bola-de-grossesse-mon-bebe\/","title":{"rendered":"Bola de grossesse Mon b\u00e9b\u00e9"},"content":{"rendered":"<p>Bola de grossesse original associant acier inoxydable et m\u00e9daille grav\u00e9e, le mod\u00e8le Mon B\u00e9b\u00e9 met particuli\u00e8rement en valeur la future maman.<\/p>\n<h2>Un bola personnalis\u00e9 avec la gravure de votre choix<\/h2>\n<p>Lors de l&rsquo;ajout de la gravure, vous avez le choix entre une m\u00e9daille en aluminium (comprise dans le prix) ou de faire grav\u00e9e votre message sur une m\u00e9daille en argent 925. Quelque soit votre choix, la personnalisation permet de graver 20 caract\u00e8res par c\u00f4t\u00e9. Dans ces vingt caract\u00e8res vous pouvez ins\u00e9rer un emoji. De pr\u00e9f\u00e9rence en d\u00e9but ou fin de message pour qu&rsquo;il soit bien visible.<\/p>\n<h3>Une pierre naturelle d&rsquo;Am\u00e9thyste pour votre bijou de grossesse<\/h3>\n<p>Pr\u00e9sente sur le collier du bola \u00ab\u00a0Mon b\u00e9b\u00e9\u00a0\u00bb, la pierre naturelle d&rsquo;Am\u00e9thyste vous apporte ses bienfaits li\u00e9s \u00e0 la lithoth\u00e9rapie. Cette pierre de couleur violette (due \u00e0 des traces de fer), est principalement connue pour \u00eatre une pierre de protection. Elle apporte calme,. Elle chasse les id\u00e9es noires.<\/p>\n<p>Si vous ne connaissez pas la lithoth\u00e9rapie, <a href=\"https:\/\/www.monboladegrossesse.com\/lithotherapie-durant-grossesse-bienfaits\/\" target=\"_blank\" rel=\"noopener\">nous abordons ses bienfaits sur notre blog<\/a>.<\/p>\n<p>Nous proposons en effet sur de nombreux mod\u00e8les de bola de grossesse avec des pierres naturelles. Vous pouvez ainsi avec <a href=\"https:\/\/www.monboladegrossesse.com\/boutique\/produit\/bola-amandine-amazonite\/\">notre bola grav\u00e9 \u00ab\u00a0Amandine\u00a0\u00bb<\/a> b\u00e9n\u00e9ficier des vertus de la pierre d&rsquo;amazonite. C&rsquo;est une pierre apaisante qui \u00e9quilibre les \u00e9motions, et aide au bonheur.<\/p>\n<h2>Breloque maman et son b\u00e9b\u00e9 en acier inoxydable<\/h2>\n<p>Element incontournable du bijou mon b\u00e9b\u00e9, la tr\u00e8s jolie breloque repr\u00e9sentant une maman portant son b\u00e9b\u00e9. Fabriqu\u00e9e en acier inoxydable elle apporte une touche particuli\u00e8re de tendresse \u00e0 <a href=\"https:\/\/www.monboladegrossesse.com\">votre bola de grossesse<\/a>. Id\u00e9alement plac\u00e9e sur le montage du collier \u00a0au dessus de la poitrine pour un effet \u00e0 la fois discret et original.<\/p>\n<p>Le pendentif ajour\u00e9 avec ses arabesques et ses coeurs, met quant \u00e0 lui parfaitement en valeur votre ventre de future maman\/ la bille sonore pr\u00e9sente, offre pour sa part un joli tintement tout au long de vos mouvements.<\/p>\n<h3>Le collier de votre bijou est \u00e9galement en acier inoxydable<\/h3>\n<p>Tout comme la breloque maman et son b\u00e9b\u00e9, le collier de votre bola est en acier inoxydable. Ce mat\u00e9riau vous offre robustesse, l\u00e9g\u00e8ret\u00e9 et \u00e9l\u00e9gance pour garder votre bijou tout au long de votre grossesse.<\/p>\n","protected":false},"excerpt":{"rendered":"<p>Bola de grossesse original associant acier inoxydable et m\u00e9daille grav\u00e9e, le mod\u00e8le Mon B\u00e9b\u00e9 met particuli\u00e8rement en valeur la future<\/p>\n","protected":false},"featured_media":11107,"comment_status":"open","ping_status":"closed","template":"","meta":{"_acf_changed":false},"product_brand":[],"product_cat":[47],"product_tag":[],"class_list":{"0":"post-11106","1":"product","2":"type-product","3":"status-publish","4":"has-post-thumbnail","6":"product_cat-bola-a-19e","7":"wcpa_has_options","9":"first","10":"instock","11":"sale","12":"shipping-taxable","13":"purchasable","14":"product-type-simple"},"acf":[],"yoast_head":"<!-- This site is optimized with the Yoast SEO plugin v27.2 - https:\/\/yoast.com\/product\/yoast-seo-wordpress\/ -->\n<title>Mon b\u00e9b\u00e9 : bola de grossesse personnalis\u00e9 avec m\u00e9daille grav\u00e9e<\/title>\n<meta name=\"description\" content=\"Bijou de grossesse personnalis\u00e9, le bola Mon b\u00e9b\u00e9 vous offre une m\u00e9daille grav\u00e9e sur un collier inoxydable et une breloque maman et b\u00e9b\u00e9.\" \/>\n<meta name=\"robots\" content=\"index, follow, max-snippet:-1, max-image-preview:large, max-video-preview:-1\" \/>\n<link rel=\"canonical\" href=\"https:\/\/www.monboladegrossesse.com\/boutique\/produit\/bola-de-grossesse-mon-bebe\/\" \/>\n<meta property=\"og:locale\" content=\"fr_FR\" \/>\n<meta property=\"og:type\" content=\"article\" \/>\n<meta property=\"og:title\" content=\"Mon b\u00e9b\u00e9 : bola de grossesse personnalis\u00e9 avec m\u00e9daille grav\u00e9e\" \/>\n<meta property=\"og:description\" content=\"Bijou de grossesse personnalis\u00e9, le bola Mon b\u00e9b\u00e9 vous offre une m\u00e9daille grav\u00e9e sur un collier inoxydable et une breloque maman et b\u00e9b\u00e9.\" \/>\n<meta property=\"og:url\" content=\"https:\/\/www.monboladegrossesse.com\/boutique\/produit\/bola-de-grossesse-mon-bebe\/\" \/>\n<meta property=\"og:site_name\" content=\"Boutique de bola de grossesse pour future maman\" \/>\n<meta property=\"article:publisher\" content=\"https:\/\/www.facebook.com\/Bola-de-Grossesse-1360399817389794\/\" \/>\n<meta property=\"article:modified_time\" content=\"2025-11-06T14:48:40+00:00\" \/>\n<meta property=\"og:image\" content=\"https:\/\/www.monboladegrossesse.com\/boutique\/wp-content\/uploads\/2021\/06\/bola-de-grossesse-mon-bebe.jpg\" \/>\n\t<meta property=\"og:image:width\" content=\"900\" \/>\n\t<meta property=\"og:image:height\" content=\"900\" \/>\n\t<meta property=\"og:image:type\" content=\"image\/jpeg\" \/>\n<meta name=\"twitter:card\" content=\"summary_large_image\" \/>\n<meta name=\"twitter:label1\" content=\"Dur\u00e9e de lecture estim\u00e9e\" \/>\n\t<meta name=\"twitter:data1\" content=\"3 minutes\" \/>\n<script type=\"application\/ld+json\" class=\"yoast-schema-graph\">{\"@context\":\"https:\/\/schema.org\",\"@graph\":[{\"@type\":\"WebPage\",\"@id\":\"https:\/\/www.monboladegrossesse.com\/boutique\/produit\/bola-de-grossesse-mon-bebe\/\",\"url\":\"https:\/\/www.monboladegrossesse.com\/boutique\/produit\/bola-de-grossesse-mon-bebe\/\",\"name\":\"Mon b\u00e9b\u00e9 : bola de grossesse personnalis\u00e9 avec m\u00e9daille grav\u00e9e\",\"isPartOf\":{\"@id\":\"https:\/\/www.monboladegrossesse.com\/boutique\/#website\"},\"primaryImageOfPage\":{\"@id\":\"https:\/\/www.monboladegrossesse.com\/boutique\/produit\/bola-de-grossesse-mon-bebe\/#primaryimage\"},\"image\":{\"@id\":\"https:\/\/www.monboladegrossesse.com\/boutique\/produit\/bola-de-grossesse-mon-bebe\/#primaryimage\"},\"thumbnailUrl\":\"https:\/\/www.monboladegrossesse.com\/boutique\/wp-content\/uploads\/2021\/06\/bola-de-grossesse-mon-bebe.jpg\",\"datePublished\":\"2021-06-16T12:54:55+00:00\",\"dateModified\":\"2025-11-06T14:48:40+00:00\",\"description\":\"Bijou de grossesse personnalis\u00e9, le bola Mon b\u00e9b\u00e9 vous offre une m\u00e9daille grav\u00e9e sur un collier inoxydable et une breloque maman et b\u00e9b\u00e9.\",\"breadcrumb\":{\"@id\":\"https:\/\/www.monboladegrossesse.com\/boutique\/produit\/bola-de-grossesse-mon-bebe\/#breadcrumb\"},\"inLanguage\":\"fr-FR\",\"potentialAction\":[{\"@type\":\"ReadAction\",\"target\":[\"https:\/\/www.monboladegrossesse.com\/boutique\/produit\/bola-de-grossesse-mon-bebe\/\"]}]},{\"@type\":\"ImageObject\",\"inLanguage\":\"fr-FR\",\"@id\":\"https:\/\/www.monboladegrossesse.com\/boutique\/produit\/bola-de-grossesse-mon-bebe\/#primaryimage\",\"url\":\"https:\/\/www.monboladegrossesse.com\/boutique\/wp-content\/uploads\/2021\/06\/bola-de-grossesse-mon-bebe.jpg\",\"contentUrl\":\"https:\/\/www.monboladegrossesse.com\/boutique\/wp-content\/uploads\/2021\/06\/bola-de-grossesse-mon-bebe.jpg\",\"width\":900,\"height\":900,\"caption\":\"bola de grossesse mon b\u00e9b\u00e9 pour future maman\"},{\"@type\":\"BreadcrumbList\",\"@id\":\"https:\/\/www.monboladegrossesse.com\/boutique\/produit\/bola-de-grossesse-mon-bebe\/#breadcrumb\",\"itemListElement\":[{\"@type\":\"ListItem\",\"position\":1,\"name\":\"Accueil\",\"item\":\"https:\/\/www.monboladegrossesse.com\/boutique\/\"},{\"@type\":\"ListItem\",\"position\":2,\"name\":\"Shop\",\"item\":\"https:\/\/www.monboladegrossesse.com\/boutique\/shop\/\"},{\"@type\":\"ListItem\",\"position\":3,\"name\":\"Bola de grossesse Mon b\u00e9b\u00e9\"}]},{\"@type\":\"WebSite\",\"@id\":\"https:\/\/www.monboladegrossesse.com\/boutique\/#website\",\"url\":\"https:\/\/www.monboladegrossesse.com\/boutique\/\",\"name\":\"Boutique de bola de grossesse pour future maman\",\"description\":\"\",\"publisher\":{\"@id\":\"https:\/\/www.monboladegrossesse.com\/boutique\/#organization\"},\"potentialAction\":[{\"@type\":\"SearchAction\",\"target\":{\"@type\":\"EntryPoint\",\"urlTemplate\":\"https:\/\/www.monboladegrossesse.com\/boutique\/?s={search_term_string}\"},\"query-input\":{\"@type\":\"PropertyValueSpecification\",\"valueRequired\":true,\"valueName\":\"search_term_string\"}}],\"inLanguage\":\"fr-FR\"},{\"@type\":\"Organization\",\"@id\":\"https:\/\/www.monboladegrossesse.com\/boutique\/#organization\",\"name\":\"Boutique de bola de grossesse pour future maman\",\"url\":\"https:\/\/www.monboladegrossesse.com\/boutique\/\",\"logo\":{\"@type\":\"ImageObject\",\"inLanguage\":\"fr-FR\",\"@id\":\"https:\/\/www.monboladegrossesse.com\/boutique\/#\/schema\/logo\/image\/\",\"url\":\"https:\/\/www.monboladegrossesse.com\/boutique\/wp-content\/uploads\/2024\/06\/cropped-logo-bola-470X110.webp\",\"contentUrl\":\"https:\/\/www.monboladegrossesse.com\/boutique\/wp-content\/uploads\/2024\/06\/cropped-logo-bola-470X110.webp\",\"width\":470,\"height\":110,\"caption\":\"Boutique de bola de grossesse pour future maman\"},\"image\":{\"@id\":\"https:\/\/www.monboladegrossesse.com\/boutique\/#\/schema\/logo\/image\/\"},\"sameAs\":[\"https:\/\/www.facebook.com\/Bola-de-Grossesse-1360399817389794\/\",\"https:\/\/www.pinterest.fr\/monboladegrossesse\/\",\"https:\/\/www.youtube.com\/@Monboladegrossesse-x3f\",\"https:\/\/www.tiktok.com\/@bola.de.grossesse?lang=fr\"]}]}<\/script>\n<!-- \/ Yoast SEO plugin. -->","yoast_head_json":{"title":"Mon b\u00e9b\u00e9 : bola de grossesse personnalis\u00e9 avec m\u00e9daille grav\u00e9e","description":"Bijou de grossesse personnalis\u00e9, le bola Mon b\u00e9b\u00e9 vous offre une m\u00e9daille grav\u00e9e sur un collier inoxydable et une breloque maman et b\u00e9b\u00e9.","robots":{"index":"index","follow":"follow","max-snippet":"max-snippet:-1","max-image-preview":"max-image-preview:large","max-video-preview":"max-video-preview:-1"},"canonical":"https:\/\/www.monboladegrossesse.com\/boutique\/produit\/bola-de-grossesse-mon-bebe\/","og_locale":"fr_FR","og_type":"article","og_title":"Mon b\u00e9b\u00e9 : bola de grossesse personnalis\u00e9 avec m\u00e9daille grav\u00e9e","og_description":"Bijou de grossesse personnalis\u00e9, le bola Mon b\u00e9b\u00e9 vous offre une m\u00e9daille grav\u00e9e sur un collier inoxydable et une breloque maman et b\u00e9b\u00e9.","og_url":"https:\/\/www.monboladegrossesse.com\/boutique\/produit\/bola-de-grossesse-mon-bebe\/","og_site_name":"Boutique de bola de grossesse pour future maman","article_publisher":"https:\/\/www.facebook.com\/Bola-de-Grossesse-1360399817389794\/","article_modified_time":"2025-11-06T14:48:40+00:00","og_image":[{"width":900,"height":900,"url":"https:\/\/www.monboladegrossesse.com\/boutique\/wp-content\/uploads\/2021\/06\/bola-de-grossesse-mon-bebe.jpg","type":"image\/jpeg"}],"twitter_card":"summary_large_image","twitter_misc":{"Dur\u00e9e de lecture estim\u00e9e":"3 minutes"},"schema":{"@context":"https:\/\/schema.org","@graph":[{"@type":"WebPage","@id":"https:\/\/www.monboladegrossesse.com\/boutique\/produit\/bola-de-grossesse-mon-bebe\/","url":"https:\/\/www.monboladegrossesse.com\/boutique\/produit\/bola-de-grossesse-mon-bebe\/","name":"Mon b\u00e9b\u00e9 : bola de grossesse personnalis\u00e9 avec m\u00e9daille grav\u00e9e","isPartOf":{"@id":"https:\/\/www.monboladegrossesse.com\/boutique\/#website"},"primaryImageOfPage":{"@id":"https:\/\/www.monboladegrossesse.com\/boutique\/produit\/bola-de-grossesse-mon-bebe\/#primaryimage"},"image":{"@id":"https:\/\/www.monboladegrossesse.com\/boutique\/produit\/bola-de-grossesse-mon-bebe\/#primaryimage"},"thumbnailUrl":"https:\/\/www.monboladegrossesse.com\/boutique\/wp-content\/uploads\/2021\/06\/bola-de-grossesse-mon-bebe.jpg","datePublished":"2021-06-16T12:54:55+00:00","dateModified":"2025-11-06T14:48:40+00:00","description":"Bijou de grossesse personnalis\u00e9, le bola Mon b\u00e9b\u00e9 vous offre une m\u00e9daille grav\u00e9e sur un collier inoxydable et une breloque maman et b\u00e9b\u00e9.","breadcrumb":{"@id":"https:\/\/www.monboladegrossesse.com\/boutique\/produit\/bola-de-grossesse-mon-bebe\/#breadcrumb"},"inLanguage":"fr-FR","potentialAction":[{"@type":"ReadAction","target":["https:\/\/www.monboladegrossesse.com\/boutique\/produit\/bola-de-grossesse-mon-bebe\/"]}]},{"@type":"ImageObject","inLanguage":"fr-FR","@id":"https:\/\/www.monboladegrossesse.com\/boutique\/produit\/bola-de-grossesse-mon-bebe\/#primaryimage","url":"https:\/\/www.monboladegrossesse.com\/boutique\/wp-content\/uploads\/2021\/06\/bola-de-grossesse-mon-bebe.jpg","contentUrl":"https:\/\/www.monboladegrossesse.com\/boutique\/wp-content\/uploads\/2021\/06\/bola-de-grossesse-mon-bebe.jpg","width":900,"height":900,"caption":"bola de grossesse mon b\u00e9b\u00e9 pour future maman"},{"@type":"BreadcrumbList","@id":"https:\/\/www.monboladegrossesse.com\/boutique\/produit\/bola-de-grossesse-mon-bebe\/#breadcrumb","itemListElement":[{"@type":"ListItem","position":1,"name":"Accueil","item":"https:\/\/www.monboladegrossesse.com\/boutique\/"},{"@type":"ListItem","position":2,"name":"Shop","item":"https:\/\/www.monboladegrossesse.com\/boutique\/shop\/"},{"@type":"ListItem","position":3,"name":"Bola de grossesse Mon b\u00e9b\u00e9"}]},{"@type":"WebSite","@id":"https:\/\/www.monboladegrossesse.com\/boutique\/#website","url":"https:\/\/www.monboladegrossesse.com\/boutique\/","name":"Boutique de bola de grossesse pour future maman","description":"","publisher":{"@id":"https:\/\/www.monboladegrossesse.com\/boutique\/#organization"},"potentialAction":[{"@type":"SearchAction","target":{"@type":"EntryPoint","urlTemplate":"https:\/\/www.monboladegrossesse.com\/boutique\/?s={search_term_string}"},"query-input":{"@type":"PropertyValueSpecification","valueRequired":true,"valueName":"search_term_string"}}],"inLanguage":"fr-FR"},{"@type":"Organization","@id":"https:\/\/www.monboladegrossesse.com\/boutique\/#organization","name":"Boutique de bola de grossesse pour future maman","url":"https:\/\/www.monboladegrossesse.com\/boutique\/","logo":{"@type":"ImageObject","inLanguage":"fr-FR","@id":"https:\/\/www.monboladegrossesse.com\/boutique\/#\/schema\/logo\/image\/","url":"https:\/\/www.monboladegrossesse.com\/boutique\/wp-content\/uploads\/2024\/06\/cropped-logo-bola-470X110.webp","contentUrl":"https:\/\/www.monboladegrossesse.com\/boutique\/wp-content\/uploads\/2024\/06\/cropped-logo-bola-470X110.webp","width":470,"height":110,"caption":"Boutique de bola de grossesse pour future maman"},"image":{"@id":"https:\/\/www.monboladegrossesse.com\/boutique\/#\/schema\/logo\/image\/"},"sameAs":["https:\/\/www.facebook.com\/Bola-de-Grossesse-1360399817389794\/","https:\/\/www.pinterest.fr\/monboladegrossesse\/","https:\/\/www.youtube.com\/@Monboladegrossesse-x3f","https:\/\/www.tiktok.com\/@bola.de.grossesse?lang=fr"]}]}},"wcpa_form_fields":{"wcpaData":{"product":{"product_price":14.82,"price_html":"<del aria-hidden=\"true\"><span class=\"woocommerce-Price-amount amount\"><bdi>24.70&nbsp;<span class=\"woocommerce-Price-currencySymbol\">&euro;<\/span><\/bdi><\/span><\/del> <span class=\"screen-reader-text\">Le prix initial \u00e9tait\u00a0: 24.70&nbsp;&euro;.<\/span><ins aria-hidden=\"true\"><span class=\"woocommerce-Price-amount amount\"><bdi>14.82&nbsp;<span class=\"woocommerce-Price-currencySymbol\">&euro;<\/span><\/bdi><\/span><\/ins><span class=\"screen-reader-text\">Le prix actuel est\u00a0: 14.82&nbsp;&euro;.<\/span>","original_product_price":24.7,"price_including_tax":14.82,"price_excluding_tax":14.82,"product_id":{"parent":11106,"variation":false},"is_variable":false,"stock_status":"instock","stock_quantity":8,"parent_sku":"","product_attributes":[],"custom_fields":[],"is_taxable":false,"product_name":"Bola de grossesse Mon b\u00e9b\u00e9","hasImage":false},"fields":{"sec_469d12eaa21cdd":{"extra":{"key":"sec_469d12eaa21cdd","section_id":"sec_469d12eaa21cdd","name":"Default","status":1,"cl_rule":"show","enableCl":false,"relations":[],"toggle":true,"title_tag":"h3","show_title":false,"showPrice":"default","form_id":14,"form_rules":{"exclude_from_discount":false,"fee_label":"Fee","disp_hide_options_price":false,"disp_show_section_price":false,"disp_show_field_price":true,"layout_option":"standard","pric_use_as_fee":false,"process_fee_as":"woo_fee"},"layout_option":"standard"},"fields":[[{"type":"header","subtype":"h3","label":"Personnalisation du bola","elementId":"wcpa-header-60a4d23ae5d58","cl_rule":"show","col":6,"relations":false,"active":true,"tooltip":"","gt_translate_keys":["label","tooltip"],"price_dependency":false,"cl_dependency":false,"value":""}],[{"type":"select","required":true,"elementId":"wcpa-select-60a4d23ae5d76","label":"Choix de la m\u00e9daille","description":"","desc_type":true,"priceOptions":"different_for_all","pricingType":"fixed","name":"select-60a4d23ae5d8d","cl_rule":"show","col":6,"values":[{"label":"M\u00e9daille en Alu","value":"option-1","price":"","pimage":"","pimage_id":"","pthumb":"","selected":true,"gt_translate_keys":["label"]},{"label":"M\u00e9daille en Argent 925","value":"option-2","price":"","pimage":"","pimage_id":"","pthumb":"","gt_translate_keys":["label"]}],"relations":false,"active":true,"tooltip":"Personnaliser votre bola avec la gravure d'une m\u00e9daille Alu ou Argent 925","gt_translate_keys":["label","description","tooltip"],"price_dependency":false,"cl_dependency":["wcpa-text-60a4d23ae5da1","wcpa-text-60a4d23ae5ded"],"value":""}],[{"type":"image-group","required":true,"label":"Choix de la Police de gravure","elementId":"wcpa-image-group-1643361366965","inline":true,"priceOptions":"different_for_all","pricingType":"fixed","enable_popup":"no","name":"image-group-1643361366965","disp_type":"square","img_selection_type":"tick-shadow","other_text":"Other","cl_rule":"show","col":6,"values":[{"label":"Police C\u00e9line pour bola","price":"","image":"https:\/\/www.monboladegrossesse.com\/boutique\/wp-content\/uploads\/2022\/01\/celine.jpg","image_id":"12050","thumb":"https:\/\/www.monboladegrossesse.com\/boutique\/wp-content\/uploads\/2022\/01\/celine-150x55.jpg","value":"0","thumb_src":"https:\/\/www.monboladegrossesse.com\/boutique\/wp-content\/uploads\/2022\/01\/celine.jpg","gt_translate_keys":["label"]},{"label":"Police Cl\u00e9a pour bola","price":"","image":"https:\/\/www.monboladegrossesse.com\/boutique\/wp-content\/uploads\/2022\/01\/277.jpg","image_id":"12049","thumb":"https:\/\/www.monboladegrossesse.com\/boutique\/wp-content\/uploads\/2022\/01\/277-150x55.jpg","value":"1","thumb_src":"https:\/\/www.monboladegrossesse.com\/boutique\/wp-content\/uploads\/2022\/01\/277.jpg","gt_translate_keys":["label"]},{"label":"Police Sara pour bola","price":"","image":"https:\/\/www.monboladegrossesse.com\/boutique\/wp-content\/uploads\/2022\/01\/274.jpg","image_id":"12048","thumb":"https:\/\/www.monboladegrossesse.com\/boutique\/wp-content\/uploads\/2022\/01\/274-150x55.jpg","value":"2","thumb_src":"https:\/\/www.monboladegrossesse.com\/boutique\/wp-content\/uploads\/2022\/01\/274.jpg","gt_translate_keys":["label"]}],"relations":false,"active":true,"tooltip":"","layOut":"inline","disp_size_img":{"width":"","height":""},"gt_translate_keys":["label","tooltip"],"price_dependency":false,"cl_dependency":false,"value":""}],[{"type":"text","elementId":"wcpa-text-60a4d23ae5da1","label":"Gravure recto offerte sur m\u00e9daille Alu","description":"Vous pouvez graver jusqu'\u00e0 20 caract\u00e8res","pricingType":"fixed","price":"2.99","name":"text-60a4d23ae5db4","subtype":"text","maxlength":"20","mapToCheckoutFieldParent":"billing","mapToCheckoutField":"billing_first_name","enableCl":true,"cl_rule":"show","cl_val":"option-1","col":6,"relations":[{"operator":false,"rules":[{"operator":false,"rules":{"cl_field":"wcpa-select-60a4d23ae5d76","cl_relation":"is","cl_val":"option-1"}}]}],"active":true,"tooltip":"","gt_translate_keys":["label","description","tooltip"],"price_dependency":false,"cl_dependency":["wcpa-text-60a4d23ae5dc8"],"value":""}],[{"type":"text","elementId":"wcpa-text-60a4d23ae5dc8","label":"M\u00e9daille en Alu gravure verso","description":"Vous pouvez graver jusqu'\u00e0 20 caract\u00e8res","enablePrice":true,"pricingType":"fixed","price":"1","name":"text-60a4d23ae5ddb","subtype":"text","maxlength":"20","mapToCheckoutFieldParent":"billing","mapToCheckoutField":"billing_first_name","enableCl":true,"cl_rule":"show","col":6,"relations":[{"operator":false,"rules":[{"operator":false,"rules":{"cl_field":"wcpa-text-60a4d23ae5da1","cl_relation":"is_not_empty","cl_val":false}}]}],"active":true,"tooltip":"","gt_translate_keys":["label","description","tooltip"],"price_dependency":false,"cl_dependency":false,"value":""}],[{"type":"text","elementId":"wcpa-text-60a4d23ae5ded","label":"M\u00e9daille en Argent 925 gravure recto","enablePrice":true,"pricingType":"fixed","price":"7.99","name":"text-60a4d23ae5e00","subtype":"text","maxlength":"20","mapToCheckoutFieldParent":"billing","mapToCheckoutField":"billing_first_name","enableCl":true,"cl_rule":"show","cl_val":"option-2","col":6,"relations":[{"operator":false,"rules":[{"operator":false,"rules":{"cl_field":"wcpa-select-60a4d23ae5d76","cl_relation":"is","cl_val":"option-2"}}]}],"active":true,"tooltip":"","gt_translate_keys":["label","tooltip"],"price_dependency":false,"cl_dependency":["wcpa-text-60a4d23ae5e13"],"value":""}],[{"type":"text","elementId":"wcpa-text-60a4d23ae5e13","label":"M\u00e9daille en Argent 925 gravure verso","description":"Vous pouvez graver jusqu'\u00e0 20 caract\u00e8res","enablePrice":true,"pricingType":"fixed","price":"1","name":"text-60a4d23ae5e25","subtype":"text","maxlength":"20","mapToCheckoutFieldParent":"billing","mapToCheckoutField":"billing_first_name","enableCl":true,"cl_rule":"show","col":6,"relations":[{"operator":false,"rules":[{"operator":false,"rules":{"cl_field":"wcpa-text-60a4d23ae5ded","cl_relation":"is_not_empty","cl_val":false}}]}],"active":true,"tooltip":"","gt_translate_keys":["label","description","tooltip"],"price_dependency":false,"cl_dependency":false,"value":""}]]}},"config":{"price_override":"","enable_recaptcha":false,"bind_quantity":false,"quantity_bind_formula":false,"disp_summ_show_option_price":true,"disp_summ_show_product_price":true,"disp_summ_show_total_price":true,"disp_summ_show_fee":false,"disp_summ_show_discount":false,"summary_title":"","options_total_label":"Prix des options","total_label":"Total","options_product_label":"Prix du bijou","fee_label":"Fee","discount_label":"Discount","has_price":true,"has_quantity_formula":false},"mc_unit":1,"tax_rate":1,"tax_rate_real":1,"discount":{"percentage":0,"fixed":0},"design":{"conf":{"LabelPosition":"above","DescPosition":"above","UploadField":"custom_1","QuantityFieldStyle":"default"},"css":{"LeftLabelWidth":"120px"}},"formulas":[],"lookuptables":[],"clones":false,"cartKey":false}},"_links":{"self":[{"href":"https:\/\/www.monboladegrossesse.com\/boutique\/wp-json\/wp\/v2\/product\/11106","targetHints":{"allow":["GET"]}}],"collection":[{"href":"https:\/\/www.monboladegrossesse.com\/boutique\/wp-json\/wp\/v2\/product"}],"about":[{"href":"https:\/\/www.monboladegrossesse.com\/boutique\/wp-json\/wp\/v2\/types\/product"}],"replies":[{"embeddable":true,"href":"https:\/\/www.monboladegrossesse.com\/boutique\/wp-json\/wp\/v2\/comments?post=11106"}],"wp:featuredmedia":[{"embeddable":true,"href":"https:\/\/www.monboladegrossesse.com\/boutique\/wp-json\/wp\/v2\/media\/11107"}],"wp:attachment":[{"href":"https:\/\/www.monboladegrossesse.com\/boutique\/wp-json\/wp\/v2\/media?parent=11106"}],"wp:term":[{"taxonomy":"product_brand","embeddable":true,"href":"https:\/\/www.monboladegrossesse.com\/boutique\/wp-json\/wp\/v2\/product_brand?post=11106"},{"taxonomy":"product_cat","embeddable":true,"href":"https:\/\/www.monboladegrossesse.com\/boutique\/wp-json\/wp\/v2\/product_cat?post=11106"},{"taxonomy":"product_tag","embeddable":true,"href":"https:\/\/www.monboladegrossesse.com\/boutique\/wp-json\/wp\/v2\/product_tag?post=11106"}],"curies":[{"name":"wp","href":"https:\/\/api.w.org\/{rel}","templated":true}]}}