{"id":11029,"date":"2021-06-01T11:38:56","date_gmt":"2021-06-01T09:38:56","guid":{"rendered":"https:\/\/www.monboladegrossesse.com\/boutique\/?post_type=product&#038;p=11029"},"modified":"2024-07-21T18:18:42","modified_gmt":"2024-07-21T16:18:42","slug":"bracelet-bola-en-agate-blanche","status":"publish","type":"product","link":"https:\/\/www.monboladegrossesse.com\/boutique\/produit\/bracelet-bola-en-agate-blanche\/","title":{"rendered":"Bracelet Bola en agate blanche"},"content":{"rendered":"<p>Bracelet bola personnalis\u00e9 qui peut \u00eatre port\u00e9 durant votre grossesse. Il associe pierres naturelles (lithoth\u00e9rapie) et gravure d&rsquo;une m\u00e9daille personnalis\u00e9e.<\/p>\n<h2>Votre bracelet avec ses\u00a0perles d\u2019agate blanche<\/h2>\n<p>Ce bracelet pour future maman, se compose de perles naturelles d&rsquo;Agathe blanche (6mm de diam\u00e8tre). En lithoth\u00e9rapie, ces perles sont principalement connues pour :<\/p>\n<ul>\n<li>favoriser la s\u00e9curit\u00e9 \u00e9motionnelle et l&rsquo;\u00e9nergie<\/li>\n<li>agir comme une barri\u00e8re protectrice en renfor\u00e7ant l&rsquo;aura<\/li>\n<\/ul>\n<h2>Votre bijou avec son pompon coton et sa perle musicale noire<\/h2>\n<p>En plus des pierres naturelles d&rsquo;Agathe blanche, le bracelet bola se compose d&rsquo;un petit pendentif renfermant une perle sonore noire de 12mm. Elle \u00e9met un petit tintement au contact de votre bras, votre poignet lorsque vous portez votre bijou. Le montage comporte \u00e9galement un petit pompon en coton de couleur jaune citron.<\/p>\n<h2>Une gravure personnalis\u00e9e pour votre bracelet bola<\/h2>\n<p>Lors de l&rsquo;achat de votre bracelet bola, nous vous proposons de le personnaliser. Pour cela vous avez le choix entre une m\u00e9daille en Aluminium ou une m\u00e9daille en argent 925. Quelque soit le type de m\u00e9daille choisi, votre gravure peut comporter 20 caract\u00e8res par c\u00f4t\u00e9. Il est \u00e9galement possible d&rsquo;ajouter dans votre texte un emoji de type : \u2764\ufe0f, \ud83c\udf7c.<br \/>\n<strong>Les + d&rsquo;une m\u00e9daille argent 925 ?\u00a0<\/strong>Vous pouvez la garder et la r\u00e9utiliser apr\u00e8s la naissance de votre b\u00e9b\u00e9. En l&rsquo;accrochant \u00e0 un autre bijou pour le personnaliser.<\/p>\n","protected":false},"excerpt":{"rendered":"<p>Bracelet bola personnalis\u00e9 qui peut \u00eatre port\u00e9 durant votre grossesse. Il associe pierres naturelles (lithoth\u00e9rapie) et gravure d&rsquo;une m\u00e9daille personnalis\u00e9e.<\/p>\n","protected":false},"featured_media":11030,"comment_status":"open","ping_status":"closed","template":"","meta":{"_acf_changed":false},"product_brand":[],"product_cat":[20],"product_tag":[],"class_list":{"0":"post-11029","1":"product","2":"type-product","3":"status-publish","4":"has-post-thumbnail","6":"product_cat-bracelet","7":"wcpa_has_options","9":"first","10":"instock","11":"shipping-taxable","12":"purchasable","13":"product-type-simple"},"acf":[],"yoast_head":"<!-- This site is optimized with the Yoast SEO plugin v27.5 - https:\/\/yoast.com\/product\/yoast-seo-wordpress\/ -->\n<title>Bracelet bola de grossesse pour future maman en agathe blanche<\/title>\n<meta name=\"description\" content=\"Bracelet bola en pierres d&#039;Agathe blanche, avec sa perle musicale noire. Un bijou lithoth\u00e9rapie personnalis\u00e9 \u00e0 porter durant votre grossesse.\" \/>\n<meta name=\"robots\" content=\"index, follow, max-snippet:-1, max-image-preview:large, max-video-preview:-1\" \/>\n<link rel=\"canonical\" href=\"https:\/\/www.monboladegrossesse.com\/boutique\/produit\/bracelet-bola-en-agate-blanche\/\" \/>\n<meta property=\"og:locale\" content=\"fr_FR\" \/>\n<meta property=\"og:type\" content=\"article\" \/>\n<meta property=\"og:title\" content=\"Bracelet bola de grossesse pour future maman en agathe blanche\" \/>\n<meta property=\"og:description\" content=\"Bracelet bola en pierres d&#039;Agathe blanche, avec sa perle musicale noire. Un bijou lithoth\u00e9rapie personnalis\u00e9 \u00e0 porter durant votre grossesse.\" \/>\n<meta property=\"og:url\" content=\"https:\/\/www.monboladegrossesse.com\/boutique\/produit\/bracelet-bola-en-agate-blanche\/\" \/>\n<meta property=\"og:site_name\" content=\"Boutique de bola de grossesse pour future maman\" \/>\n<meta property=\"article:publisher\" content=\"https:\/\/www.facebook.com\/Bola-de-Grossesse-1360399817389794\/\" \/>\n<meta property=\"article:modified_time\" content=\"2024-07-21T16:18:42+00:00\" \/>\n<meta property=\"og:image\" content=\"https:\/\/www.monboladegrossesse.com\/boutique\/wp-content\/uploads\/2021\/06\/bracelet-pierre-naturelle-grossesse.jpg\" \/>\n\t<meta property=\"og:image:width\" content=\"900\" \/>\n\t<meta property=\"og:image:height\" content=\"900\" \/>\n\t<meta property=\"og:image:type\" content=\"image\/jpeg\" \/>\n<meta name=\"twitter:card\" content=\"summary_large_image\" \/>\n<meta name=\"twitter:label1\" content=\"Dur\u00e9e de lecture estim\u00e9e\" \/>\n\t<meta name=\"twitter:data1\" content=\"2 minutes\" \/>\n<script type=\"application\/ld+json\" class=\"yoast-schema-graph\">{\"@context\":\"https:\\\/\\\/schema.org\",\"@graph\":[{\"@type\":\"WebPage\",\"@id\":\"https:\\\/\\\/www.monboladegrossesse.com\\\/boutique\\\/produit\\\/bracelet-bola-en-agate-blanche\\\/\",\"url\":\"https:\\\/\\\/www.monboladegrossesse.com\\\/boutique\\\/produit\\\/bracelet-bola-en-agate-blanche\\\/\",\"name\":\"Bracelet bola de grossesse pour future maman en agathe blanche\",\"isPartOf\":{\"@id\":\"https:\\\/\\\/www.monboladegrossesse.com\\\/boutique\\\/#website\"},\"primaryImageOfPage\":{\"@id\":\"https:\\\/\\\/www.monboladegrossesse.com\\\/boutique\\\/produit\\\/bracelet-bola-en-agate-blanche\\\/#primaryimage\"},\"image\":{\"@id\":\"https:\\\/\\\/www.monboladegrossesse.com\\\/boutique\\\/produit\\\/bracelet-bola-en-agate-blanche\\\/#primaryimage\"},\"thumbnailUrl\":\"https:\\\/\\\/www.monboladegrossesse.com\\\/boutique\\\/wp-content\\\/uploads\\\/2021\\\/06\\\/bracelet-pierre-naturelle-grossesse.jpg\",\"datePublished\":\"2021-06-01T09:38:56+00:00\",\"dateModified\":\"2024-07-21T16:18:42+00:00\",\"description\":\"Bracelet bola en pierres d'Agathe blanche, avec sa perle musicale noire. Un bijou lithoth\u00e9rapie personnalis\u00e9 \u00e0 porter durant votre grossesse.\",\"breadcrumb\":{\"@id\":\"https:\\\/\\\/www.monboladegrossesse.com\\\/boutique\\\/produit\\\/bracelet-bola-en-agate-blanche\\\/#breadcrumb\"},\"inLanguage\":\"fr-FR\",\"potentialAction\":[{\"@type\":\"ReadAction\",\"target\":[\"https:\\\/\\\/www.monboladegrossesse.com\\\/boutique\\\/produit\\\/bracelet-bola-en-agate-blanche\\\/\"]}]},{\"@type\":\"ImageObject\",\"inLanguage\":\"fr-FR\",\"@id\":\"https:\\\/\\\/www.monboladegrossesse.com\\\/boutique\\\/produit\\\/bracelet-bola-en-agate-blanche\\\/#primaryimage\",\"url\":\"https:\\\/\\\/www.monboladegrossesse.com\\\/boutique\\\/wp-content\\\/uploads\\\/2021\\\/06\\\/bracelet-pierre-naturelle-grossesse.jpg\",\"contentUrl\":\"https:\\\/\\\/www.monboladegrossesse.com\\\/boutique\\\/wp-content\\\/uploads\\\/2021\\\/06\\\/bracelet-pierre-naturelle-grossesse.jpg\",\"width\":900,\"height\":900,\"caption\":\"Bracelet bola en pierres naturelles\"},{\"@type\":\"BreadcrumbList\",\"@id\":\"https:\\\/\\\/www.monboladegrossesse.com\\\/boutique\\\/produit\\\/bracelet-bola-en-agate-blanche\\\/#breadcrumb\",\"itemListElement\":[{\"@type\":\"ListItem\",\"position\":1,\"name\":\"Accueil\",\"item\":\"https:\\\/\\\/www.monboladegrossesse.com\\\/boutique\\\/\"},{\"@type\":\"ListItem\",\"position\":2,\"name\":\"Shop\",\"item\":\"https:\\\/\\\/www.monboladegrossesse.com\\\/boutique\\\/shop\\\/\"},{\"@type\":\"ListItem\",\"position\":3,\"name\":\"Bracelet Bola en agate blanche\"}]},{\"@type\":\"WebSite\",\"@id\":\"https:\\\/\\\/www.monboladegrossesse.com\\\/boutique\\\/#website\",\"url\":\"https:\\\/\\\/www.monboladegrossesse.com\\\/boutique\\\/\",\"name\":\"Boutique de bola de grossesse pour future maman\",\"description\":\"\",\"publisher\":{\"@id\":\"https:\\\/\\\/www.monboladegrossesse.com\\\/boutique\\\/#organization\"},\"potentialAction\":[{\"@type\":\"SearchAction\",\"target\":{\"@type\":\"EntryPoint\",\"urlTemplate\":\"https:\\\/\\\/www.monboladegrossesse.com\\\/boutique\\\/?s={search_term_string}\"},\"query-input\":{\"@type\":\"PropertyValueSpecification\",\"valueRequired\":true,\"valueName\":\"search_term_string\"}}],\"inLanguage\":\"fr-FR\"},{\"@type\":\"Organization\",\"@id\":\"https:\\\/\\\/www.monboladegrossesse.com\\\/boutique\\\/#organization\",\"name\":\"Boutique de bola de grossesse pour future maman\",\"url\":\"https:\\\/\\\/www.monboladegrossesse.com\\\/boutique\\\/\",\"logo\":{\"@type\":\"ImageObject\",\"inLanguage\":\"fr-FR\",\"@id\":\"https:\\\/\\\/www.monboladegrossesse.com\\\/boutique\\\/#\\\/schema\\\/logo\\\/image\\\/\",\"url\":\"https:\\\/\\\/www.monboladegrossesse.com\\\/boutique\\\/wp-content\\\/uploads\\\/2024\\\/06\\\/cropped-logo-bola-470X110.webp\",\"contentUrl\":\"https:\\\/\\\/www.monboladegrossesse.com\\\/boutique\\\/wp-content\\\/uploads\\\/2024\\\/06\\\/cropped-logo-bola-470X110.webp\",\"width\":470,\"height\":110,\"caption\":\"Boutique de bola de grossesse pour future maman\"},\"image\":{\"@id\":\"https:\\\/\\\/www.monboladegrossesse.com\\\/boutique\\\/#\\\/schema\\\/logo\\\/image\\\/\"},\"sameAs\":[\"https:\\\/\\\/www.facebook.com\\\/Bola-de-Grossesse-1360399817389794\\\/\",\"https:\\\/\\\/www.pinterest.fr\\\/monboladegrossesse\\\/\",\"https:\\\/\\\/www.youtube.com\\\/@Monboladegrossesse-x3f\",\"https:\\\/\\\/www.tiktok.com\\\/@bola.de.grossesse?lang=fr\"]}]}<\/script>\n<!-- \/ Yoast SEO plugin. -->","yoast_head_json":{"title":"Bracelet bola de grossesse pour future maman en agathe blanche","description":"Bracelet bola en pierres d'Agathe blanche, avec sa perle musicale noire. Un bijou lithoth\u00e9rapie personnalis\u00e9 \u00e0 porter durant votre grossesse.","robots":{"index":"index","follow":"follow","max-snippet":"max-snippet:-1","max-image-preview":"max-image-preview:large","max-video-preview":"max-video-preview:-1"},"canonical":"https:\/\/www.monboladegrossesse.com\/boutique\/produit\/bracelet-bola-en-agate-blanche\/","og_locale":"fr_FR","og_type":"article","og_title":"Bracelet bola de grossesse pour future maman en agathe blanche","og_description":"Bracelet bola en pierres d'Agathe blanche, avec sa perle musicale noire. Un bijou lithoth\u00e9rapie personnalis\u00e9 \u00e0 porter durant votre grossesse.","og_url":"https:\/\/www.monboladegrossesse.com\/boutique\/produit\/bracelet-bola-en-agate-blanche\/","og_site_name":"Boutique de bola de grossesse pour future maman","article_publisher":"https:\/\/www.facebook.com\/Bola-de-Grossesse-1360399817389794\/","article_modified_time":"2024-07-21T16:18:42+00:00","og_image":[{"width":900,"height":900,"url":"https:\/\/www.monboladegrossesse.com\/boutique\/wp-content\/uploads\/2021\/06\/bracelet-pierre-naturelle-grossesse.jpg","type":"image\/jpeg"}],"twitter_card":"summary_large_image","twitter_misc":{"Dur\u00e9e de lecture estim\u00e9e":"2 minutes"},"schema":{"@context":"https:\/\/schema.org","@graph":[{"@type":"WebPage","@id":"https:\/\/www.monboladegrossesse.com\/boutique\/produit\/bracelet-bola-en-agate-blanche\/","url":"https:\/\/www.monboladegrossesse.com\/boutique\/produit\/bracelet-bola-en-agate-blanche\/","name":"Bracelet bola de grossesse pour future maman en agathe blanche","isPartOf":{"@id":"https:\/\/www.monboladegrossesse.com\/boutique\/#website"},"primaryImageOfPage":{"@id":"https:\/\/www.monboladegrossesse.com\/boutique\/produit\/bracelet-bola-en-agate-blanche\/#primaryimage"},"image":{"@id":"https:\/\/www.monboladegrossesse.com\/boutique\/produit\/bracelet-bola-en-agate-blanche\/#primaryimage"},"thumbnailUrl":"https:\/\/www.monboladegrossesse.com\/boutique\/wp-content\/uploads\/2021\/06\/bracelet-pierre-naturelle-grossesse.jpg","datePublished":"2021-06-01T09:38:56+00:00","dateModified":"2024-07-21T16:18:42+00:00","description":"Bracelet bola en pierres d'Agathe blanche, avec sa perle musicale noire. Un bijou lithoth\u00e9rapie personnalis\u00e9 \u00e0 porter durant votre grossesse.","breadcrumb":{"@id":"https:\/\/www.monboladegrossesse.com\/boutique\/produit\/bracelet-bola-en-agate-blanche\/#breadcrumb"},"inLanguage":"fr-FR","potentialAction":[{"@type":"ReadAction","target":["https:\/\/www.monboladegrossesse.com\/boutique\/produit\/bracelet-bola-en-agate-blanche\/"]}]},{"@type":"ImageObject","inLanguage":"fr-FR","@id":"https:\/\/www.monboladegrossesse.com\/boutique\/produit\/bracelet-bola-en-agate-blanche\/#primaryimage","url":"https:\/\/www.monboladegrossesse.com\/boutique\/wp-content\/uploads\/2021\/06\/bracelet-pierre-naturelle-grossesse.jpg","contentUrl":"https:\/\/www.monboladegrossesse.com\/boutique\/wp-content\/uploads\/2021\/06\/bracelet-pierre-naturelle-grossesse.jpg","width":900,"height":900,"caption":"Bracelet bola en pierres naturelles"},{"@type":"BreadcrumbList","@id":"https:\/\/www.monboladegrossesse.com\/boutique\/produit\/bracelet-bola-en-agate-blanche\/#breadcrumb","itemListElement":[{"@type":"ListItem","position":1,"name":"Accueil","item":"https:\/\/www.monboladegrossesse.com\/boutique\/"},{"@type":"ListItem","position":2,"name":"Shop","item":"https:\/\/www.monboladegrossesse.com\/boutique\/shop\/"},{"@type":"ListItem","position":3,"name":"Bracelet Bola en agate blanche"}]},{"@type":"WebSite","@id":"https:\/\/www.monboladegrossesse.com\/boutique\/#website","url":"https:\/\/www.monboladegrossesse.com\/boutique\/","name":"Boutique de bola de grossesse pour future maman","description":"","publisher":{"@id":"https:\/\/www.monboladegrossesse.com\/boutique\/#organization"},"potentialAction":[{"@type":"SearchAction","target":{"@type":"EntryPoint","urlTemplate":"https:\/\/www.monboladegrossesse.com\/boutique\/?s={search_term_string}"},"query-input":{"@type":"PropertyValueSpecification","valueRequired":true,"valueName":"search_term_string"}}],"inLanguage":"fr-FR"},{"@type":"Organization","@id":"https:\/\/www.monboladegrossesse.com\/boutique\/#organization","name":"Boutique de bola de grossesse pour future maman","url":"https:\/\/www.monboladegrossesse.com\/boutique\/","logo":{"@type":"ImageObject","inLanguage":"fr-FR","@id":"https:\/\/www.monboladegrossesse.com\/boutique\/#\/schema\/logo\/image\/","url":"https:\/\/www.monboladegrossesse.com\/boutique\/wp-content\/uploads\/2024\/06\/cropped-logo-bola-470X110.webp","contentUrl":"https:\/\/www.monboladegrossesse.com\/boutique\/wp-content\/uploads\/2024\/06\/cropped-logo-bola-470X110.webp","width":470,"height":110,"caption":"Boutique de bola de grossesse pour future maman"},"image":{"@id":"https:\/\/www.monboladegrossesse.com\/boutique\/#\/schema\/logo\/image\/"},"sameAs":["https:\/\/www.facebook.com\/Bola-de-Grossesse-1360399817389794\/","https:\/\/www.pinterest.fr\/monboladegrossesse\/","https:\/\/www.youtube.com\/@Monboladegrossesse-x3f","https:\/\/www.tiktok.com\/@bola.de.grossesse?lang=fr"]}]}},"wcpa_form_fields":{"wcpaData":{"product":{"product_price":13.99,"price_html":"<span class=\"woocommerce-Price-amount amount\"><bdi>13.99&nbsp;<span class=\"woocommerce-Price-currencySymbol\">&euro;<\/span><\/bdi><\/span>","original_product_price":13.99,"price_including_tax":13.99,"price_excluding_tax":13.99,"product_id":{"parent":11029,"variation":false},"is_variable":false,"stock_status":"instock","stock_quantity":4,"parent_sku":"","product_attributes":[],"custom_fields":[],"is_taxable":false,"product_name":"Bracelet Bola en agate blanche","hasImage":false},"fields":{"sec_66a0108588cb96":{"extra":{"key":"sec_66a0108588cb96","section_id":"sec_66a0108588cb96","name":"Default","status":1,"cl_rule":"show","enableCl":false,"relations":[],"toggle":true,"title_tag":"h3","show_title":false,"showPrice":"default","form_id":10977,"form_rules":{"exclude_from_discount":false,"fee_label":"Fee","disp_hide_options_price":false,"disp_show_section_price":false,"disp_show_field_price":true,"layout_option":"standard","pric_use_as_fee":false,"process_fee_as":"woo_fee"},"layout_option":"standard"},"fields":[[{"type":"header","subtype":"h3","label":"Personnalisation du bracelet","elementId":"wcpa-header-60a504188bce9","cl_rule":"show","col":6,"relations":false,"active":true,"tooltip":"","gt_translate_keys":["label","tooltip"],"price_dependency":false,"cl_dependency":false,"value":""}],[{"type":"select","elementId":"wcpa-select-60a504188bd0c","label":"Bracelet avec ou sans m\u00e9daille","description":"","desc_type":true,"priceOptions":"different_for_all","pricingType":"fixed","name":"select-60a504188bd28","cl_rule":"show","col":6,"values":[{"label":"Sans m\u00e9daille","value":"","price":"","pimage":"","pimage_id":"","pthumb":"","selected":true,"gt_translate_keys":["label"]},{"label":"M\u00e9daille en Alu","value":"option-1","price":"","pimage":"","pimage_id":"","pthumb":"","gt_translate_keys":["label"]},{"label":"M\u00e9daille en Argent 925","value":"option-2","price":"","pimage":"","pimage_id":"","pthumb":"","gt_translate_keys":["label"]}],"relations":false,"active":true,"tooltip":"Personnaliser votre bola avec la gravure d'une m\u00e9daille Alu ou Argent 925","gt_translate_keys":["label","description","tooltip"],"price_dependency":false,"cl_dependency":["wcpa-text-60a504188bd40","wcpa-text-60a504188bd9b"],"value":""}],[{"type":"text","elementId":"wcpa-text-60a504188bd40","label":"M\u00e9daille en Alu gravure recto","description":"Vous pouvez graver jusqu'\u00e0 20 caract\u00e8res","enablePrice":true,"pricingType":"fixed","price":"2.99","name":"text-60a504188bd57","subtype":"text","maxlength":"20","mapToCheckoutFieldParent":"billing","mapToCheckoutField":"billing_first_name","enableCl":true,"cl_rule":"show","cl_val":"option-1","col":6,"relations":[{"operator":false,"rules":[{"operator":false,"rules":{"cl_field":"wcpa-select-60a504188bd0c","cl_relation":"is","cl_val":"option-1"}}]}],"active":true,"tooltip":"","gt_translate_keys":["label","description","tooltip"],"price_dependency":false,"cl_dependency":["wcpa-text-60a504188bd6e"],"value":""}],[{"type":"text","elementId":"wcpa-text-60a504188bd6e","label":"M\u00e9daille en Alu gravure recto","description":"Vous pouvez graver jusqu'\u00e0 20 caract\u00e8res","enablePrice":true,"pricingType":"fixed","price":"1","name":"text-60a504188bd84","subtype":"text","maxlength":"20","mapToCheckoutFieldParent":"billing","mapToCheckoutField":"billing_first_name","enableCl":true,"cl_rule":"show","col":6,"relations":[{"operator":false,"rules":[{"operator":false,"rules":{"cl_field":"wcpa-text-60a504188bd40","cl_relation":"is_not_empty","cl_val":false}}]}],"active":true,"tooltip":"","gt_translate_keys":["label","description","tooltip"],"price_dependency":false,"cl_dependency":false,"value":""}],[{"type":"text","elementId":"wcpa-text-60a504188bd9b","label":"M\u00e9daille en Argent 925 gravure recto","enablePrice":true,"pricingType":"fixed","price":"7.99","name":"text-60a504188bdb0","subtype":"text","maxlength":"20","mapToCheckoutFieldParent":"billing","mapToCheckoutField":"billing_first_name","enableCl":true,"cl_rule":"show","cl_val":"option-2","col":6,"relations":[{"operator":false,"rules":[{"operator":false,"rules":{"cl_field":"wcpa-select-60a504188bd0c","cl_relation":"is","cl_val":"option-2"}}]}],"active":true,"tooltip":"","gt_translate_keys":["label","tooltip"],"price_dependency":false,"cl_dependency":["wcpa-text-60a504188bdc7"],"value":""}],[{"type":"text","elementId":"wcpa-text-60a504188bdc7","label":"M\u00e9daille en Argent 925 gravure verso","description":"Vous pouvez graver jusqu'\u00e0 20 caract\u00e8res","enablePrice":true,"pricingType":"fixed","price":"1","name":"text-60a504188bddd","subtype":"text","maxlength":"20","mapToCheckoutFieldParent":"billing","mapToCheckoutField":"billing_first_name","enableCl":true,"cl_rule":"show","col":6,"relations":[{"operator":false,"rules":[{"operator":false,"rules":{"cl_field":"wcpa-text-60a504188bd9b","cl_relation":"is_not_empty","cl_val":false}}]}],"active":true,"tooltip":"","gt_translate_keys":["label","description","tooltip"],"price_dependency":false,"cl_dependency":false,"value":""}]]}},"config":{"price_override":"","enable_recaptcha":false,"bind_quantity":false,"quantity_bind_formula":false,"disp_summ_show_option_price":true,"disp_summ_show_product_price":true,"disp_summ_show_total_price":true,"disp_summ_show_fee":false,"disp_summ_show_discount":false,"summary_title":"","options_total_label":"Prix des options","total_label":"Total","options_product_label":"Prix du bijou","fee_label":"Fee","discount_label":"Discount","has_price":true,"has_quantity_formula":false},"mc_unit":1,"tax_rate":1,"tax_rate_real":1,"discount":{"percentage":0,"fixed":0},"design":{"conf":{"LabelPosition":"above","DescPosition":"above","UploadField":"custom_1","QuantityFieldStyle":"default"},"css":{"LeftLabelWidth":"120px"}},"formulas":[],"lookuptables":[],"clones":false,"cartKey":false}},"_links":{"self":[{"href":"https:\/\/www.monboladegrossesse.com\/boutique\/wp-json\/wp\/v2\/product\/11029","targetHints":{"allow":["GET"]}}],"collection":[{"href":"https:\/\/www.monboladegrossesse.com\/boutique\/wp-json\/wp\/v2\/product"}],"about":[{"href":"https:\/\/www.monboladegrossesse.com\/boutique\/wp-json\/wp\/v2\/types\/product"}],"replies":[{"embeddable":true,"href":"https:\/\/www.monboladegrossesse.com\/boutique\/wp-json\/wp\/v2\/comments?post=11029"}],"wp:featuredmedia":[{"embeddable":true,"href":"https:\/\/www.monboladegrossesse.com\/boutique\/wp-json\/wp\/v2\/media\/11030"}],"wp:attachment":[{"href":"https:\/\/www.monboladegrossesse.com\/boutique\/wp-json\/wp\/v2\/media?parent=11029"}],"wp:term":[{"taxonomy":"product_brand","embeddable":true,"href":"https:\/\/www.monboladegrossesse.com\/boutique\/wp-json\/wp\/v2\/product_brand?post=11029"},{"taxonomy":"product_cat","embeddable":true,"href":"https:\/\/www.monboladegrossesse.com\/boutique\/wp-json\/wp\/v2\/product_cat?post=11029"},{"taxonomy":"product_tag","embeddable":true,"href":"https:\/\/www.monboladegrossesse.com\/boutique\/wp-json\/wp\/v2\/product_tag?post=11029"}],"curies":[{"name":"wp","href":"https:\/\/api.w.org\/{rel}","templated":true}]}}