{"id":10812,"date":"2021-05-21T11:56:32","date_gmt":"2021-05-21T09:56:32","guid":{"rendered":"https:\/\/www.monboladegrossesse.com\/boutique\/?post_type=product&#038;p=10812"},"modified":"2025-06-11T16:32:54","modified_gmt":"2025-06-11T14:32:54","slug":"bracelet-lithotherapie-grossesse","status":"publish","type":"product","link":"https:\/\/www.monboladegrossesse.com\/boutique\/produit\/bracelet-lithotherapie-grossesse\/","title":{"rendered":"Bracelet lithoth\u00e9rapie grossesse"},"content":{"rendered":"<p>Bracelet de grossesse associant trois pierres naturelles, ce bracelet lithoth\u00e9rapie vous accompagne jusqu&rsquo;\u00e0 la naissance de votre b\u00e9b\u00e9. Un bijou \u00e0 personnaliser avec une gravure et avec le choix de votre tour de poignet, pour une cr\u00e9ation unique.<\/p>\n<h2>Quelles pierres naturelles composent mon bracelet ?<\/h2>\n<p>Sur votre bracelet lithoth\u00e9rapie grossesse, vous pouvez retrouver les pierres naturelles suivantes :<\/p>\n<ul>\n<li>quartz rose<\/li>\n<li>pierre de lune<\/li>\n<li>et pierre de soleil<\/li>\n<\/ul>\n<p>Le bracelet est \u00e9galement compos\u00e9 de perles en bois (8mm de diam\u00e8tre), ains que d&rsquo;un pompon coton caf\u00e9.<\/p>\n<p>En portant ces pierres, vous b\u00e9n\u00e9ficiez des vertus des pierres naturelles. Comme par exemple pour le Quartz Rose l&rsquo;amour maternel, mais aussi des vertus apaisantes. <strong>Vous cr\u00e9ez ainsi un lien tout particulier avec votre b\u00e9b\u00e9.<\/strong><\/p>\n<p>Avec la pierre de Lune il s&rsquo;agit de la bienveillance et de la s\u00e9r\u00e9nit\u00e9 qui vous accompagnent. Elle est une parfaite accompagnatrice pour un foyer heureux. N&rsquo;h\u00e9sitez pas \u00e0 consulter <a href=\"https:\/\/www.monboladegrossesse.com\/lithotherapie-durant-grossesse-bienfaits\/\">notre article consacr\u00e9 \u00e0 la lithoth\u00e9rapie et la grossesse<\/a> pour en savoir plus sur les pierres naturelles.<\/p>\n<h2>Je fais graver une m\u00e9daille pour personnaliser mon bracelet<\/h2>\n<p>Pour porter un bracelet de lithoth\u00e9rapie unique durant votre grossesse vous pouvez faire graver une m\u00e9daille personnalis\u00e9e. Vous avez le choix entre deux types de m\u00e9dailles : soit un m\u00e9daille en Aluminium soit une m\u00e9daille en argent 925.<br \/>\nChaque m\u00e9daille peut accueillir jusqu&rsquo;\u00e0 20 caract\u00e8res par c\u00f4t\u00e9.<\/p>\n<p>Avec <strong>une m\u00e9daille personnalis\u00e9 en argent 925<\/strong> vous avez la possibilit\u00e9 de r\u00e9-utiliser la m\u00e9daille avec la naissance de votre b\u00e9b\u00e9. Elle peut \u00eatre remont\u00e9e sur un autre bijou. Ou encore \u00eatre simplement gard\u00e9e comme un souvenir de votre grossesse. Sachez \u00e9galement que vous pouvez choisir cette gravure argent <a href=\"https:\/\/www.monboladegrossesse.com\/boutique\/\">sur tous nos bijoux : \u00a0bolas de grossesse et bracelets.<\/a><\/p>\n","protected":false},"excerpt":{"rendered":"<p>Bracelet de grossesse associant trois pierres naturelles, ce bracelet lithoth\u00e9rapie vous accompagne jusqu&rsquo;\u00e0 la naissance de votre b\u00e9b\u00e9. Un bijou<\/p>\n","protected":false},"featured_media":10988,"comment_status":"open","ping_status":"closed","template":"","meta":{"_acf_changed":false},"product_brand":[],"product_cat":[20],"product_tag":[],"class_list":{"0":"post-10812","1":"product","2":"type-product","3":"status-publish","4":"has-post-thumbnail","6":"product_cat-bracelet","7":"wcpa_has_options","9":"first","10":"instock","11":"shipping-taxable","12":"purchasable","13":"product-type-simple"},"acf":[],"yoast_head":"<!-- This site is optimized with the Yoast SEO plugin v27.2 - https:\/\/yoast.com\/product\/yoast-seo-wordpress\/ -->\n<title>Bracelet en pierres naturelles \u00e0 porter durant votre grossesse<\/title>\n<meta name=\"description\" content=\"Notre bracelet lithoth\u00e9rapie en pierres naturelles \u00e0 porter tout au long de votre grossesse. Un bijou pour femme enceinte personnalis\u00e9.\" \/>\n<meta name=\"robots\" content=\"index, follow, max-snippet:-1, max-image-preview:large, max-video-preview:-1\" \/>\n<link rel=\"canonical\" href=\"https:\/\/www.monboladegrossesse.com\/boutique\/produit\/bracelet-lithotherapie-grossesse\/\" \/>\n<meta property=\"og:locale\" content=\"fr_FR\" \/>\n<meta property=\"og:type\" content=\"article\" \/>\n<meta property=\"og:title\" content=\"Bracelet en pierres naturelles \u00e0 porter durant votre grossesse\" \/>\n<meta property=\"og:description\" content=\"Notre bracelet lithoth\u00e9rapie en pierres naturelles \u00e0 porter tout au long de votre grossesse. Un bijou pour femme enceinte personnalis\u00e9.\" \/>\n<meta property=\"og:url\" content=\"https:\/\/www.monboladegrossesse.com\/boutique\/produit\/bracelet-lithotherapie-grossesse\/\" \/>\n<meta property=\"og:site_name\" content=\"Boutique de bola de grossesse pour future maman\" \/>\n<meta property=\"article:publisher\" content=\"https:\/\/www.facebook.com\/Bola-de-Grossesse-1360399817389794\/\" \/>\n<meta property=\"article:modified_time\" content=\"2025-06-11T14:32:54+00:00\" \/>\n<meta property=\"og:image\" content=\"https:\/\/www.monboladegrossesse.com\/boutique\/wp-content\/uploads\/2021\/04\/bracelet-grossesse-lithotherapie.jpg\" \/>\n\t<meta property=\"og:image:width\" content=\"900\" \/>\n\t<meta property=\"og:image:height\" content=\"900\" \/>\n\t<meta property=\"og:image:type\" content=\"image\/jpeg\" \/>\n<meta name=\"twitter:card\" content=\"summary_large_image\" \/>\n<meta name=\"twitter:label1\" content=\"Dur\u00e9e de lecture estim\u00e9e\" \/>\n\t<meta name=\"twitter:data1\" content=\"2 minutes\" \/>\n<script type=\"application\/ld+json\" class=\"yoast-schema-graph\">{\"@context\":\"https:\/\/schema.org\",\"@graph\":[{\"@type\":\"WebPage\",\"@id\":\"https:\/\/www.monboladegrossesse.com\/boutique\/produit\/bracelet-lithotherapie-grossesse\/\",\"url\":\"https:\/\/www.monboladegrossesse.com\/boutique\/produit\/bracelet-lithotherapie-grossesse\/\",\"name\":\"Bracelet en pierres naturelles \u00e0 porter durant votre grossesse\",\"isPartOf\":{\"@id\":\"https:\/\/www.monboladegrossesse.com\/boutique\/#website\"},\"primaryImageOfPage\":{\"@id\":\"https:\/\/www.monboladegrossesse.com\/boutique\/produit\/bracelet-lithotherapie-grossesse\/#primaryimage\"},\"image\":{\"@id\":\"https:\/\/www.monboladegrossesse.com\/boutique\/produit\/bracelet-lithotherapie-grossesse\/#primaryimage\"},\"thumbnailUrl\":\"https:\/\/www.monboladegrossesse.com\/boutique\/wp-content\/uploads\/2021\/04\/bracelet-grossesse-lithotherapie.jpg\",\"datePublished\":\"2021-05-21T09:56:32+00:00\",\"dateModified\":\"2025-06-11T14:32:54+00:00\",\"description\":\"Notre bracelet lithoth\u00e9rapie en pierres naturelles \u00e0 porter tout au long de votre grossesse. Un bijou pour femme enceinte personnalis\u00e9.\",\"breadcrumb\":{\"@id\":\"https:\/\/www.monboladegrossesse.com\/boutique\/produit\/bracelet-lithotherapie-grossesse\/#breadcrumb\"},\"inLanguage\":\"fr-FR\",\"potentialAction\":[{\"@type\":\"ReadAction\",\"target\":[\"https:\/\/www.monboladegrossesse.com\/boutique\/produit\/bracelet-lithotherapie-grossesse\/\"]}]},{\"@type\":\"ImageObject\",\"inLanguage\":\"fr-FR\",\"@id\":\"https:\/\/www.monboladegrossesse.com\/boutique\/produit\/bracelet-lithotherapie-grossesse\/#primaryimage\",\"url\":\"https:\/\/www.monboladegrossesse.com\/boutique\/wp-content\/uploads\/2021\/04\/bracelet-grossesse-lithotherapie.jpg\",\"contentUrl\":\"https:\/\/www.monboladegrossesse.com\/boutique\/wp-content\/uploads\/2021\/04\/bracelet-grossesse-lithotherapie.jpg\",\"width\":900,\"height\":900,\"caption\":\"Un bracelet en pierres naturelles pour femme enceinte\"},{\"@type\":\"BreadcrumbList\",\"@id\":\"https:\/\/www.monboladegrossesse.com\/boutique\/produit\/bracelet-lithotherapie-grossesse\/#breadcrumb\",\"itemListElement\":[{\"@type\":\"ListItem\",\"position\":1,\"name\":\"Accueil\",\"item\":\"https:\/\/www.monboladegrossesse.com\/boutique\/\"},{\"@type\":\"ListItem\",\"position\":2,\"name\":\"Shop\",\"item\":\"https:\/\/www.monboladegrossesse.com\/boutique\/shop\/\"},{\"@type\":\"ListItem\",\"position\":3,\"name\":\"Bracelet lithoth\u00e9rapie grossesse\"}]},{\"@type\":\"WebSite\",\"@id\":\"https:\/\/www.monboladegrossesse.com\/boutique\/#website\",\"url\":\"https:\/\/www.monboladegrossesse.com\/boutique\/\",\"name\":\"Boutique de bola de grossesse pour future maman\",\"description\":\"\",\"publisher\":{\"@id\":\"https:\/\/www.monboladegrossesse.com\/boutique\/#organization\"},\"potentialAction\":[{\"@type\":\"SearchAction\",\"target\":{\"@type\":\"EntryPoint\",\"urlTemplate\":\"https:\/\/www.monboladegrossesse.com\/boutique\/?s={search_term_string}\"},\"query-input\":{\"@type\":\"PropertyValueSpecification\",\"valueRequired\":true,\"valueName\":\"search_term_string\"}}],\"inLanguage\":\"fr-FR\"},{\"@type\":\"Organization\",\"@id\":\"https:\/\/www.monboladegrossesse.com\/boutique\/#organization\",\"name\":\"Boutique de bola de grossesse pour future maman\",\"url\":\"https:\/\/www.monboladegrossesse.com\/boutique\/\",\"logo\":{\"@type\":\"ImageObject\",\"inLanguage\":\"fr-FR\",\"@id\":\"https:\/\/www.monboladegrossesse.com\/boutique\/#\/schema\/logo\/image\/\",\"url\":\"https:\/\/www.monboladegrossesse.com\/boutique\/wp-content\/uploads\/2024\/06\/cropped-logo-bola-470X110.webp\",\"contentUrl\":\"https:\/\/www.monboladegrossesse.com\/boutique\/wp-content\/uploads\/2024\/06\/cropped-logo-bola-470X110.webp\",\"width\":470,\"height\":110,\"caption\":\"Boutique de bola de grossesse pour future maman\"},\"image\":{\"@id\":\"https:\/\/www.monboladegrossesse.com\/boutique\/#\/schema\/logo\/image\/\"},\"sameAs\":[\"https:\/\/www.facebook.com\/Bola-de-Grossesse-1360399817389794\/\",\"https:\/\/www.pinterest.fr\/monboladegrossesse\/\",\"https:\/\/www.youtube.com\/@Monboladegrossesse-x3f\",\"https:\/\/www.tiktok.com\/@bola.de.grossesse?lang=fr\"]}]}<\/script>\n<!-- \/ Yoast SEO plugin. -->","yoast_head_json":{"title":"Bracelet en pierres naturelles \u00e0 porter durant votre grossesse","description":"Notre bracelet lithoth\u00e9rapie en pierres naturelles \u00e0 porter tout au long de votre grossesse. Un bijou pour femme enceinte personnalis\u00e9.","robots":{"index":"index","follow":"follow","max-snippet":"max-snippet:-1","max-image-preview":"max-image-preview:large","max-video-preview":"max-video-preview:-1"},"canonical":"https:\/\/www.monboladegrossesse.com\/boutique\/produit\/bracelet-lithotherapie-grossesse\/","og_locale":"fr_FR","og_type":"article","og_title":"Bracelet en pierres naturelles \u00e0 porter durant votre grossesse","og_description":"Notre bracelet lithoth\u00e9rapie en pierres naturelles \u00e0 porter tout au long de votre grossesse. Un bijou pour femme enceinte personnalis\u00e9.","og_url":"https:\/\/www.monboladegrossesse.com\/boutique\/produit\/bracelet-lithotherapie-grossesse\/","og_site_name":"Boutique de bola de grossesse pour future maman","article_publisher":"https:\/\/www.facebook.com\/Bola-de-Grossesse-1360399817389794\/","article_modified_time":"2025-06-11T14:32:54+00:00","og_image":[{"width":900,"height":900,"url":"https:\/\/www.monboladegrossesse.com\/boutique\/wp-content\/uploads\/2021\/04\/bracelet-grossesse-lithotherapie.jpg","type":"image\/jpeg"}],"twitter_card":"summary_large_image","twitter_misc":{"Dur\u00e9e de lecture estim\u00e9e":"2 minutes"},"schema":{"@context":"https:\/\/schema.org","@graph":[{"@type":"WebPage","@id":"https:\/\/www.monboladegrossesse.com\/boutique\/produit\/bracelet-lithotherapie-grossesse\/","url":"https:\/\/www.monboladegrossesse.com\/boutique\/produit\/bracelet-lithotherapie-grossesse\/","name":"Bracelet en pierres naturelles \u00e0 porter durant votre grossesse","isPartOf":{"@id":"https:\/\/www.monboladegrossesse.com\/boutique\/#website"},"primaryImageOfPage":{"@id":"https:\/\/www.monboladegrossesse.com\/boutique\/produit\/bracelet-lithotherapie-grossesse\/#primaryimage"},"image":{"@id":"https:\/\/www.monboladegrossesse.com\/boutique\/produit\/bracelet-lithotherapie-grossesse\/#primaryimage"},"thumbnailUrl":"https:\/\/www.monboladegrossesse.com\/boutique\/wp-content\/uploads\/2021\/04\/bracelet-grossesse-lithotherapie.jpg","datePublished":"2021-05-21T09:56:32+00:00","dateModified":"2025-06-11T14:32:54+00:00","description":"Notre bracelet lithoth\u00e9rapie en pierres naturelles \u00e0 porter tout au long de votre grossesse. Un bijou pour femme enceinte personnalis\u00e9.","breadcrumb":{"@id":"https:\/\/www.monboladegrossesse.com\/boutique\/produit\/bracelet-lithotherapie-grossesse\/#breadcrumb"},"inLanguage":"fr-FR","potentialAction":[{"@type":"ReadAction","target":["https:\/\/www.monboladegrossesse.com\/boutique\/produit\/bracelet-lithotherapie-grossesse\/"]}]},{"@type":"ImageObject","inLanguage":"fr-FR","@id":"https:\/\/www.monboladegrossesse.com\/boutique\/produit\/bracelet-lithotherapie-grossesse\/#primaryimage","url":"https:\/\/www.monboladegrossesse.com\/boutique\/wp-content\/uploads\/2021\/04\/bracelet-grossesse-lithotherapie.jpg","contentUrl":"https:\/\/www.monboladegrossesse.com\/boutique\/wp-content\/uploads\/2021\/04\/bracelet-grossesse-lithotherapie.jpg","width":900,"height":900,"caption":"Un bracelet en pierres naturelles pour femme enceinte"},{"@type":"BreadcrumbList","@id":"https:\/\/www.monboladegrossesse.com\/boutique\/produit\/bracelet-lithotherapie-grossesse\/#breadcrumb","itemListElement":[{"@type":"ListItem","position":1,"name":"Accueil","item":"https:\/\/www.monboladegrossesse.com\/boutique\/"},{"@type":"ListItem","position":2,"name":"Shop","item":"https:\/\/www.monboladegrossesse.com\/boutique\/shop\/"},{"@type":"ListItem","position":3,"name":"Bracelet lithoth\u00e9rapie grossesse"}]},{"@type":"WebSite","@id":"https:\/\/www.monboladegrossesse.com\/boutique\/#website","url":"https:\/\/www.monboladegrossesse.com\/boutique\/","name":"Boutique de bola de grossesse pour future maman","description":"","publisher":{"@id":"https:\/\/www.monboladegrossesse.com\/boutique\/#organization"},"potentialAction":[{"@type":"SearchAction","target":{"@type":"EntryPoint","urlTemplate":"https:\/\/www.monboladegrossesse.com\/boutique\/?s={search_term_string}"},"query-input":{"@type":"PropertyValueSpecification","valueRequired":true,"valueName":"search_term_string"}}],"inLanguage":"fr-FR"},{"@type":"Organization","@id":"https:\/\/www.monboladegrossesse.com\/boutique\/#organization","name":"Boutique de bola de grossesse pour future maman","url":"https:\/\/www.monboladegrossesse.com\/boutique\/","logo":{"@type":"ImageObject","inLanguage":"fr-FR","@id":"https:\/\/www.monboladegrossesse.com\/boutique\/#\/schema\/logo\/image\/","url":"https:\/\/www.monboladegrossesse.com\/boutique\/wp-content\/uploads\/2024\/06\/cropped-logo-bola-470X110.webp","contentUrl":"https:\/\/www.monboladegrossesse.com\/boutique\/wp-content\/uploads\/2024\/06\/cropped-logo-bola-470X110.webp","width":470,"height":110,"caption":"Boutique de bola de grossesse pour future maman"},"image":{"@id":"https:\/\/www.monboladegrossesse.com\/boutique\/#\/schema\/logo\/image\/"},"sameAs":["https:\/\/www.facebook.com\/Bola-de-Grossesse-1360399817389794\/","https:\/\/www.pinterest.fr\/monboladegrossesse\/","https:\/\/www.youtube.com\/@Monboladegrossesse-x3f","https:\/\/www.tiktok.com\/@bola.de.grossesse?lang=fr"]}]}},"wcpa_form_fields":{"wcpaData":{"product":{"product_price":13.99,"price_html":"<span class=\"woocommerce-Price-amount amount\"><bdi>13.99&nbsp;<span class=\"woocommerce-Price-currencySymbol\">&euro;<\/span><\/bdi><\/span>","original_product_price":13.99,"price_including_tax":13.99,"price_excluding_tax":13.99,"product_id":{"parent":10812,"variation":false},"is_variable":false,"stock_status":"instock","stock_quantity":5,"parent_sku":"","product_attributes":[],"custom_fields":[],"is_taxable":false,"product_name":"Bracelet lithoth\u00e9rapie grossesse","hasImage":false},"fields":{"sec_068c94e7cb2eef":{"extra":{"key":"sec_068c94e7cb2eef","section_id":"sec_068c94e7cb2eef","name":"Default","status":1,"cl_rule":"show","enableCl":false,"relations":[],"toggle":true,"title_tag":"h3","show_title":false,"showPrice":"default","repeater_section_field_label":"{field_label}","repeater_section_label":"{section_name}","repeater_bind":"","form_id":10978,"form_rules":{"exclude_from_discount":false,"fee_label":"Fee","disp_hide_options_price":false,"disp_show_section_price":false,"disp_show_field_price":true,"layout_option":"standard","pric_use_as_fee":false,"process_fee_as":"woo_fee"},"layout_option":"standard"},"fields":[[{"type":"header","subtype":"h3","label":"Personnalisation du bracelet","elementId":"wcpa-header-60a504aad0ff7","cl_rule":"show","col":6,"relations":false,"active":true,"tooltip":"","gt_translate_keys":["label","tooltip"],"price_dependency":false,"cl_dependency":false,"value":""}],[{"type":"select","elementId":"wcpa-select-60a504aad1014","label":"Bracelet avec ou sans m\u00e9daille","description":"","desc_type":true,"priceOptions":"different_for_all","pricingType":"fixed","name":"select-60a504aad102b","cl_rule":"show","col":6,"values":[{"label":"Sans m\u00e9daille","value":"option-1","price":"","pimage":"","pimage_id":"","pthumb":"","selected":true,"tempId":"aco_231","gt_translate_keys":["label"]},{"label":"M\u00e9daille acier inoxydable","value":"option-2","price":"","pimage":"","pimage_id":"","pthumb":"","tempId":"aco_232","gt_translate_keys":["label"]},{"label":"M\u00e9daille acier inoxydable dor\u00e9e","value":"option-3","selected":false,"tempId":"aco_441","gt_translate_keys":["label"]},{"label":"M\u00e9daille en Argent 925","value":"option-4","price":"","pimage":"","pimage_id":"","pthumb":"","tempId":"aco_233","gt_translate_keys":["label"]}],"relations":false,"active":true,"tooltip":"Personnaliser votre bola avec la gravure d'une m\u00e9daille Alu ou Argent 925","isWeightTemplate":false,"error":false,"isTemplate":false,"min_quantity":"1","quantity_decimal":false,"quantity_step":"1","quantity_label":"Quantity","repeater_field_label":"{field_label}","repeater_bind":"","dropdown_type":"basic","gt_translate_keys":["label","description","tooltip","repeater_field_label","quantity_label"],"price_dependency":false,"cl_dependency":["text_6644381169","text_7849301372","text_9080261750"],"value":""}],[{"active":true,"col":6,"relations":[{"operator":false,"rules":[{"operator":"AND","rules":{"cl_field":"wcpa-select-60a504aad1014","cl_relation":"is","cl_val":"option-2"}}]}],"cl_rule":"show","enableCl":true,"price":"3.99","enablePrice":true,"className":"","label_position":"default","desc_position":"default","type":"text","subtype":"text","required":false,"elementId":"text_6644381169","label":"M\u00e9daille en acier inoxydable recto","name":"text_6644381169","value":"","caseType":"default","isWeightTemplate":false,"error":false,"isTemplate":false,"min_quantity":"1","quantity_decimal":false,"quantity_step":"1","quantity_label":"Quantity","repeater_field_label":"{field_label}","repeater_bind":"","pricingType":"fixed","maxlength":"20","gt_translate_keys":["label","value","repeater_field_label","quantity_label"],"price_dependency":false,"cl_dependency":["text_7102191233"]}],[{"active":true,"col":6,"relations":[{"operator":false,"rules":[{"operator":"AND","rules":{"cl_field":"text_6644381169","cl_relation":"is_not_empty","cl_val":""}}]}],"cl_rule":"show","enableCl":true,"price":"1","enablePrice":true,"className":"","label_position":"default","desc_position":"default","type":"text","subtype":"text","required":false,"elementId":"text_7102191233","label":"M\u00e9daille en acier inoxydable verso","name":"text_7102191233","value":"","caseType":"default","isWeightTemplate":false,"error":false,"isTemplate":false,"min_quantity":"1","quantity_decimal":false,"quantity_step":"1","quantity_label":"Quantity","repeater_field_label":"{field_label}","repeater_bind":"","pricingType":"fixed","maxlength":"20","gt_translate_keys":["label","value","repeater_field_label","quantity_label"],"price_dependency":false,"cl_dependency":false}],[{"active":true,"col":6,"relations":[{"operator":false,"rules":[{"operator":"AND","rules":{"cl_field":"wcpa-select-60a504aad1014","cl_relation":"is","cl_val":"option-3"}}]}],"cl_rule":"show","enableCl":true,"price":"3.99","enablePrice":true,"className":"","label_position":"default","desc_position":"default","type":"text","subtype":"text","required":false,"elementId":"text_7849301372","label":"M\u00e9daille en acier inoxydable dor\u00e9e recto","name":"text_7849301372","value":"","caseType":"default","isWeightTemplate":false,"error":false,"isTemplate":false,"min_quantity":"1","quantity_decimal":false,"quantity_step":"1","quantity_label":"Quantity","repeater_field_label":"{field_label}","repeater_bind":"","pricingType":"fixed","maxlength":"20","gt_translate_keys":["label","value","repeater_field_label","quantity_label"],"price_dependency":false,"cl_dependency":["text_8255881522"]}],[{"active":true,"col":6,"relations":[{"operator":false,"rules":[{"operator":"AND","rules":{"cl_field":"text_7849301372","cl_relation":"is_not_empty","cl_val":""}}]}],"cl_rule":"show","enableCl":true,"price":"1","enablePrice":true,"className":"","label_position":"default","desc_position":"default","type":"text","subtype":"text","required":false,"elementId":"text_8255881522","label":"M\u00e9daille en acier inoxydable dor\u00e9e verso","name":"text_8255881522","value":"","caseType":"default","isWeightTemplate":false,"error":false,"isTemplate":false,"min_quantity":"1","quantity_decimal":false,"quantity_step":"1","quantity_label":"Quantity","repeater_field_label":"{field_label}","repeater_bind":"","pricingType":"fixed","maxlength":"120","gt_translate_keys":["label","value","repeater_field_label","quantity_label"],"price_dependency":false,"cl_dependency":false}],[{"active":true,"col":6,"relations":[{"operator":false,"rules":[{"operator":"AND","rules":{"cl_field":"wcpa-select-60a504aad1014","cl_relation":"is","cl_val":"option-4"}}]}],"cl_rule":"show","enableCl":true,"price":"6.99","enablePrice":true,"className":"","label_position":"default","desc_position":"default","type":"text","subtype":"text","required":false,"elementId":"text_9080261750","label":"M\u00e9daille en argent 925 recto","name":"text_9080261750","value":"","caseType":"default","isWeightTemplate":false,"error":false,"isTemplate":false,"min_quantity":"1","quantity_decimal":false,"quantity_step":"1","quantity_label":"Quantity","repeater_field_label":"{field_label}","repeater_bind":"","pricingType":"fixed","maxlength":"20","gt_translate_keys":["label","value","repeater_field_label","quantity_label"],"price_dependency":false,"cl_dependency":["text_9487641933"]}],[{"active":true,"col":6,"relations":[{"operator":false,"rules":[{"operator":"AND","rules":{"cl_field":"text_9080261750","cl_relation":"is_not_empty","cl_val":""}}]}],"cl_rule":"show","enableCl":true,"price":"1","enablePrice":true,"className":"","label_position":"default","desc_position":"default","type":"text","subtype":"text","required":false,"elementId":"text_9487641933","label":"M\u00e9daille en argent 925 verso","name":"text_9487641933","value":"","caseType":"default","isWeightTemplate":false,"error":false,"isTemplate":false,"min_quantity":"1","quantity_decimal":false,"quantity_step":"1","quantity_label":"Quantity","repeater_field_label":"{field_label}","repeater_bind":"","pricingType":"fixed","maxlength":"20","gt_translate_keys":["label","value","repeater_field_label","quantity_label"],"price_dependency":false,"cl_dependency":false}],[{"type":"header","subtype":"h3","label":"Taille du poignet","elementId":"wcpa-header-1621427390213","cl_rule":"show","col":6,"relations":false,"active":true,"tooltip":"","gt_translate_keys":["label","tooltip"],"price_dependency":false,"cl_dependency":false,"value":""}],[{"type":"select","required":true,"elementId":"wcpa-select-1621427410032","label":"Taille de mon poignet","priceOptions":"different_for_all","pricingType":"fixed","name":"select-1621427410032","cl_rule":"show","col":6,"values":[{"label":"Fin (15cm)","value":"option-1","price":"","pimage":"","pimage_id":"","pthumb":"","gt_translate_keys":["label"]},{"label":"Normal (16cm)","value":"option-2","price":"","pimage":"","pimage_id":"","pthumb":"","gt_translate_keys":["label"]},{"label":"Fort (17cm)","value":"option-3","price":"","pimage":"","pimage_id":"","pthumb":"","gt_translate_keys":["label"]}],"relations":false,"active":true,"tooltip":"","error":false,"gt_translate_keys":["label","tooltip"],"price_dependency":false,"cl_dependency":false,"value":""}]]}},"config":{"price_override":"","enable_recaptcha":false,"bind_quantity":false,"quantity_bind_formula":false,"disp_summ_show_option_price":true,"disp_summ_show_product_price":true,"disp_summ_show_total_price":true,"disp_summ_show_fee":false,"disp_summ_show_discount":false,"summary_title":"","options_total_label":"Prix des options","total_label":"Total","options_product_label":"Prix du bijou","fee_label":"Fee","discount_label":"Discount","has_price":true,"has_quantity_formula":false},"mc_unit":1,"tax_rate":1,"tax_rate_real":1,"discount":{"percentage":0,"fixed":0},"design":{"conf":{"LabelPosition":"above","DescPosition":"above","UploadField":"custom_1","QuantityFieldStyle":"default"},"css":{"LeftLabelWidth":"120px"}},"formulas":[],"lookuptables":[],"clones":false,"cartKey":false}},"_links":{"self":[{"href":"https:\/\/www.monboladegrossesse.com\/boutique\/wp-json\/wp\/v2\/product\/10812","targetHints":{"allow":["GET"]}}],"collection":[{"href":"https:\/\/www.monboladegrossesse.com\/boutique\/wp-json\/wp\/v2\/product"}],"about":[{"href":"https:\/\/www.monboladegrossesse.com\/boutique\/wp-json\/wp\/v2\/types\/product"}],"replies":[{"embeddable":true,"href":"https:\/\/www.monboladegrossesse.com\/boutique\/wp-json\/wp\/v2\/comments?post=10812"}],"wp:featuredmedia":[{"embeddable":true,"href":"https:\/\/www.monboladegrossesse.com\/boutique\/wp-json\/wp\/v2\/media\/10988"}],"wp:attachment":[{"href":"https:\/\/www.monboladegrossesse.com\/boutique\/wp-json\/wp\/v2\/media?parent=10812"}],"wp:term":[{"taxonomy":"product_brand","embeddable":true,"href":"https:\/\/www.monboladegrossesse.com\/boutique\/wp-json\/wp\/v2\/product_brand?post=10812"},{"taxonomy":"product_cat","embeddable":true,"href":"https:\/\/www.monboladegrossesse.com\/boutique\/wp-json\/wp\/v2\/product_cat?post=10812"},{"taxonomy":"product_tag","embeddable":true,"href":"https:\/\/www.monboladegrossesse.com\/boutique\/wp-json\/wp\/v2\/product_tag?post=10812"}],"curies":[{"name":"wp","href":"https:\/\/api.w.org\/{rel}","templated":true}]}}