{"id":10495,"date":"2021-03-18T15:12:27","date_gmt":"2021-03-18T14:12:27","guid":{"rendered":"https:\/\/www.monboladegrossesse.com\/boutique\/?post_type=product&#038;p=10495"},"modified":"2024-07-21T18:20:11","modified_gmt":"2024-07-21T16:20:11","slug":"bracelet-lithotherapie-special-accouchement","status":"publish","type":"product","link":"https:\/\/www.monboladegrossesse.com\/boutique\/produit\/bracelet-lithotherapie-special-accouchement\/","title":{"rendered":"Bracelet lithoth\u00e9rapie sp\u00e9cial accouchement"},"content":{"rendered":"<p>D\u00e9couvrez notre bracelet en pierres naturelles, sp\u00e9cialement imagin\u00e9 et fabriqu\u00e9 pour vous apporter les bienfaits de la lithoth\u00e9rapie. Un bijou pour femme enceinte qui peut \u00eatre personnalis\u00e9 avec la gravure d&rsquo;une m\u00e9daille.<\/p>\n<h2>Les pierres pr\u00e9sentes sur votre bracelet accouchement<\/h2>\n<p>Deux pierres naturelles, en plus des perles en bois 8mm, composent votre bijou de grossesse. Il s&rsquo;agit des pierres d&rsquo;agate mousse et d&rsquo;am\u00e9thyste. Si vous ne connaissez ces pierres voici toutes les informations les concernant.<\/p>\n<h3>La pierre naturelle d&rsquo;Agate mousse<\/h3>\n<p>La pierre d&rsquo;Agate mousse est une pierre naturelle aux couleurs vertes et laissant apparaitre des motifs faisant penser \u00e0 de la mousse. \u00a0Elle est notamment utilis\u00e9e pour ses vertus apaisantes. Elle est \u00e9galement connue pour ses bienfaits sur la confiance en soi.<\/p>\n<p>C&rsquo;est pourquoi elle est parfaitement adapt\u00e9e \u00e0 un bracelet lithoth\u00e9rapie et accouchement.<\/p>\n<h3>La pierre naturelle d&rsquo;am\u00e9thyste<\/h3>\n<p>Cette tr\u00e8s jolie pierre naturelle, est tr\u00e8s connue en lithoth\u00e9rapie, pour vous apporter ses vertus de protection et d&rsquo;apaisement. Sa couleur violette se marie parfaitement avec les perles en bois et les pierres d&rsquo;Agathe mousse.<\/p>\n<p>Un joli petit pompon de couleur violine compl\u00e8te ce bracelet. Il apporte une touche de couleur suppl\u00e9mentaire tout en conservant la l\u00e9g\u00e8ret\u00e9 du bracelet.<\/p>\n<h2>En option : gravure d&rsquo;une m\u00e9daille personnalis\u00e9e<\/h2>\n<p>Si vous aimez porter des bijoux personnalis\u00e9s, nous pouvons graver une m\u00e9daille ronde avec votre message. Pour cela, il vous suffit de remplir les cases pr\u00e9sentes ci-dessus.<br \/>\nChaque face de la m\u00e9daille peut accueillir 20 caract\u00e8res. Votre texte peut \u00e9galement comporter des emojis comme un coeur, un soleil, un berceau&#8230;<\/p>\n<p>Comment les ajouter ? C&rsquo;est simple ! Copier-coller l&rsquo;\u00e9moji dans la case souhait\u00e9e. Si vous souhaitez des informations compl\u00e9mentaires, n&rsquo;h\u00e9sitez pas \u00e0 nous contacter pour v\u00e9rifier la possibilit\u00e9 de gravure.<\/p>\n<h2>Nos autres bijoux de grossesse avec pierres naturelles<\/h2>\n<p>Si vous aimez les bijoux avec des pierres naturelles, et que vous ne portez pas encore de bola, rendez-vous sur notre mod\u00e8le <a href=\"https:\/\/www.monboladegrossesse.com\/boutique\/produit\/bola-lithotherapie-grossesse\/\">bola de grossesse personnalis\u00e9 sur le th\u00e8me de la lithoth\u00e9rapie.<\/a> Ce bola est enti\u00e8rement personnalisable avec le choix des pierres naturelles composant votre collier.<\/p>\n<p>Avec son pendentif en plaqu\u00e9 argent et sa m\u00e9daille grav\u00e9e argent 925, c&rsquo;est un parfait bola de grossesse \u00e0 porter tous les jours.<\/p>\n","protected":false},"excerpt":{"rendered":"<p>D\u00e9couvrez notre bracelet en pierres naturelles, sp\u00e9cialement imagin\u00e9 et fabriqu\u00e9 pour vous apporter les bienfaits de la lithoth\u00e9rapie. Un bijou<\/p>\n","protected":false},"featured_media":10498,"comment_status":"open","ping_status":"closed","template":"","meta":{"_acf_changed":false},"product_brand":[],"product_cat":[20],"product_tag":[],"class_list":{"0":"post-10495","1":"product","2":"type-product","3":"status-publish","4":"has-post-thumbnail","6":"product_cat-bracelet","7":"wcpa_has_options","9":"first","10":"instock","11":"shipping-taxable","12":"purchasable","13":"product-type-simple"},"acf":[],"yoast_head":"<!-- This site is optimized with the Yoast SEO plugin v27.2 - https:\/\/yoast.com\/product\/yoast-seo-wordpress\/ -->\n<title>Bracelet accouchement en pierres naturelles pour femme enceinte<\/title>\n<meta name=\"description\" content=\"Un bracelet lithoth\u00e9rapie avec pierres sp\u00e9ciales accouchement. En option pour votre bijou une m\u00e9daille grav\u00e9e avec votre message.\" \/>\n<meta name=\"robots\" content=\"index, follow, max-snippet:-1, max-image-preview:large, max-video-preview:-1\" \/>\n<link rel=\"canonical\" href=\"https:\/\/www.monboladegrossesse.com\/boutique\/produit\/bracelet-lithotherapie-special-accouchement\/\" \/>\n<meta property=\"og:locale\" content=\"fr_FR\" \/>\n<meta property=\"og:type\" content=\"article\" \/>\n<meta property=\"og:title\" content=\"Bracelet accouchement en pierres naturelles pour femme enceinte\" \/>\n<meta property=\"og:description\" content=\"Un bracelet lithoth\u00e9rapie avec pierres sp\u00e9ciales accouchement. En option pour votre bijou une m\u00e9daille grav\u00e9e avec votre message.\" \/>\n<meta property=\"og:url\" content=\"https:\/\/www.monboladegrossesse.com\/boutique\/produit\/bracelet-lithotherapie-special-accouchement\/\" \/>\n<meta property=\"og:site_name\" content=\"Boutique de bola de grossesse pour future maman\" \/>\n<meta property=\"article:publisher\" content=\"https:\/\/www.facebook.com\/Bola-de-Grossesse-1360399817389794\/\" \/>\n<meta property=\"article:modified_time\" content=\"2024-07-21T16:20:11+00:00\" \/>\n<meta property=\"og:image\" content=\"https:\/\/www.monboladegrossesse.com\/boutique\/wp-content\/uploads\/2021\/03\/lithotherapie-accouchement-bijou.jpg\" \/>\n\t<meta property=\"og:image:width\" content=\"900\" \/>\n\t<meta property=\"og:image:height\" content=\"900\" \/>\n\t<meta property=\"og:image:type\" content=\"image\/jpeg\" \/>\n<meta name=\"twitter:card\" content=\"summary_large_image\" \/>\n<meta name=\"twitter:label1\" content=\"Dur\u00e9e de lecture estim\u00e9e\" \/>\n\t<meta name=\"twitter:data1\" content=\"3 minutes\" \/>\n<script type=\"application\/ld+json\" class=\"yoast-schema-graph\">{\"@context\":\"https:\/\/schema.org\",\"@graph\":[{\"@type\":\"WebPage\",\"@id\":\"https:\/\/www.monboladegrossesse.com\/boutique\/produit\/bracelet-lithotherapie-special-accouchement\/\",\"url\":\"https:\/\/www.monboladegrossesse.com\/boutique\/produit\/bracelet-lithotherapie-special-accouchement\/\",\"name\":\"Bracelet accouchement en pierres naturelles pour femme enceinte\",\"isPartOf\":{\"@id\":\"https:\/\/www.monboladegrossesse.com\/boutique\/#website\"},\"primaryImageOfPage\":{\"@id\":\"https:\/\/www.monboladegrossesse.com\/boutique\/produit\/bracelet-lithotherapie-special-accouchement\/#primaryimage\"},\"image\":{\"@id\":\"https:\/\/www.monboladegrossesse.com\/boutique\/produit\/bracelet-lithotherapie-special-accouchement\/#primaryimage\"},\"thumbnailUrl\":\"https:\/\/www.monboladegrossesse.com\/boutique\/wp-content\/uploads\/2021\/03\/lithotherapie-accouchement-bijou.jpg\",\"datePublished\":\"2021-03-18T14:12:27+00:00\",\"dateModified\":\"2024-07-21T16:20:11+00:00\",\"description\":\"Un bracelet lithoth\u00e9rapie avec pierres sp\u00e9ciales accouchement. En option pour votre bijou une m\u00e9daille grav\u00e9e avec votre message.\",\"breadcrumb\":{\"@id\":\"https:\/\/www.monboladegrossesse.com\/boutique\/produit\/bracelet-lithotherapie-special-accouchement\/#breadcrumb\"},\"inLanguage\":\"fr-FR\",\"potentialAction\":[{\"@type\":\"ReadAction\",\"target\":[\"https:\/\/www.monboladegrossesse.com\/boutique\/produit\/bracelet-lithotherapie-special-accouchement\/\"]}]},{\"@type\":\"ImageObject\",\"inLanguage\":\"fr-FR\",\"@id\":\"https:\/\/www.monboladegrossesse.com\/boutique\/produit\/bracelet-lithotherapie-special-accouchement\/#primaryimage\",\"url\":\"https:\/\/www.monboladegrossesse.com\/boutique\/wp-content\/uploads\/2021\/03\/lithotherapie-accouchement-bijou.jpg\",\"contentUrl\":\"https:\/\/www.monboladegrossesse.com\/boutique\/wp-content\/uploads\/2021\/03\/lithotherapie-accouchement-bijou.jpg\",\"width\":900,\"height\":900,\"caption\":\"bracelet lithoth\u00e9rapie pour accouchement\"},{\"@type\":\"BreadcrumbList\",\"@id\":\"https:\/\/www.monboladegrossesse.com\/boutique\/produit\/bracelet-lithotherapie-special-accouchement\/#breadcrumb\",\"itemListElement\":[{\"@type\":\"ListItem\",\"position\":1,\"name\":\"Accueil\",\"item\":\"https:\/\/www.monboladegrossesse.com\/boutique\/\"},{\"@type\":\"ListItem\",\"position\":2,\"name\":\"Shop\",\"item\":\"https:\/\/www.monboladegrossesse.com\/boutique\/shop\/\"},{\"@type\":\"ListItem\",\"position\":3,\"name\":\"Bracelet lithoth\u00e9rapie sp\u00e9cial accouchement\"}]},{\"@type\":\"WebSite\",\"@id\":\"https:\/\/www.monboladegrossesse.com\/boutique\/#website\",\"url\":\"https:\/\/www.monboladegrossesse.com\/boutique\/\",\"name\":\"Boutique de bola de grossesse pour future maman\",\"description\":\"\",\"publisher\":{\"@id\":\"https:\/\/www.monboladegrossesse.com\/boutique\/#organization\"},\"potentialAction\":[{\"@type\":\"SearchAction\",\"target\":{\"@type\":\"EntryPoint\",\"urlTemplate\":\"https:\/\/www.monboladegrossesse.com\/boutique\/?s={search_term_string}\"},\"query-input\":{\"@type\":\"PropertyValueSpecification\",\"valueRequired\":true,\"valueName\":\"search_term_string\"}}],\"inLanguage\":\"fr-FR\"},{\"@type\":\"Organization\",\"@id\":\"https:\/\/www.monboladegrossesse.com\/boutique\/#organization\",\"name\":\"Boutique de bola de grossesse pour future maman\",\"url\":\"https:\/\/www.monboladegrossesse.com\/boutique\/\",\"logo\":{\"@type\":\"ImageObject\",\"inLanguage\":\"fr-FR\",\"@id\":\"https:\/\/www.monboladegrossesse.com\/boutique\/#\/schema\/logo\/image\/\",\"url\":\"https:\/\/www.monboladegrossesse.com\/boutique\/wp-content\/uploads\/2024\/06\/cropped-logo-bola-470X110.webp\",\"contentUrl\":\"https:\/\/www.monboladegrossesse.com\/boutique\/wp-content\/uploads\/2024\/06\/cropped-logo-bola-470X110.webp\",\"width\":470,\"height\":110,\"caption\":\"Boutique de bola de grossesse pour future maman\"},\"image\":{\"@id\":\"https:\/\/www.monboladegrossesse.com\/boutique\/#\/schema\/logo\/image\/\"},\"sameAs\":[\"https:\/\/www.facebook.com\/Bola-de-Grossesse-1360399817389794\/\",\"https:\/\/www.pinterest.fr\/monboladegrossesse\/\",\"https:\/\/www.youtube.com\/@Monboladegrossesse-x3f\",\"https:\/\/www.tiktok.com\/@bola.de.grossesse?lang=fr\"]}]}<\/script>\n<!-- \/ Yoast SEO plugin. -->","yoast_head_json":{"title":"Bracelet accouchement en pierres naturelles pour femme enceinte","description":"Un bracelet lithoth\u00e9rapie avec pierres sp\u00e9ciales accouchement. En option pour votre bijou une m\u00e9daille grav\u00e9e avec votre message.","robots":{"index":"index","follow":"follow","max-snippet":"max-snippet:-1","max-image-preview":"max-image-preview:large","max-video-preview":"max-video-preview:-1"},"canonical":"https:\/\/www.monboladegrossesse.com\/boutique\/produit\/bracelet-lithotherapie-special-accouchement\/","og_locale":"fr_FR","og_type":"article","og_title":"Bracelet accouchement en pierres naturelles pour femme enceinte","og_description":"Un bracelet lithoth\u00e9rapie avec pierres sp\u00e9ciales accouchement. En option pour votre bijou une m\u00e9daille grav\u00e9e avec votre message.","og_url":"https:\/\/www.monboladegrossesse.com\/boutique\/produit\/bracelet-lithotherapie-special-accouchement\/","og_site_name":"Boutique de bola de grossesse pour future maman","article_publisher":"https:\/\/www.facebook.com\/Bola-de-Grossesse-1360399817389794\/","article_modified_time":"2024-07-21T16:20:11+00:00","og_image":[{"width":900,"height":900,"url":"https:\/\/www.monboladegrossesse.com\/boutique\/wp-content\/uploads\/2021\/03\/lithotherapie-accouchement-bijou.jpg","type":"image\/jpeg"}],"twitter_card":"summary_large_image","twitter_misc":{"Dur\u00e9e de lecture estim\u00e9e":"3 minutes"},"schema":{"@context":"https:\/\/schema.org","@graph":[{"@type":"WebPage","@id":"https:\/\/www.monboladegrossesse.com\/boutique\/produit\/bracelet-lithotherapie-special-accouchement\/","url":"https:\/\/www.monboladegrossesse.com\/boutique\/produit\/bracelet-lithotherapie-special-accouchement\/","name":"Bracelet accouchement en pierres naturelles pour femme enceinte","isPartOf":{"@id":"https:\/\/www.monboladegrossesse.com\/boutique\/#website"},"primaryImageOfPage":{"@id":"https:\/\/www.monboladegrossesse.com\/boutique\/produit\/bracelet-lithotherapie-special-accouchement\/#primaryimage"},"image":{"@id":"https:\/\/www.monboladegrossesse.com\/boutique\/produit\/bracelet-lithotherapie-special-accouchement\/#primaryimage"},"thumbnailUrl":"https:\/\/www.monboladegrossesse.com\/boutique\/wp-content\/uploads\/2021\/03\/lithotherapie-accouchement-bijou.jpg","datePublished":"2021-03-18T14:12:27+00:00","dateModified":"2024-07-21T16:20:11+00:00","description":"Un bracelet lithoth\u00e9rapie avec pierres sp\u00e9ciales accouchement. En option pour votre bijou une m\u00e9daille grav\u00e9e avec votre message.","breadcrumb":{"@id":"https:\/\/www.monboladegrossesse.com\/boutique\/produit\/bracelet-lithotherapie-special-accouchement\/#breadcrumb"},"inLanguage":"fr-FR","potentialAction":[{"@type":"ReadAction","target":["https:\/\/www.monboladegrossesse.com\/boutique\/produit\/bracelet-lithotherapie-special-accouchement\/"]}]},{"@type":"ImageObject","inLanguage":"fr-FR","@id":"https:\/\/www.monboladegrossesse.com\/boutique\/produit\/bracelet-lithotherapie-special-accouchement\/#primaryimage","url":"https:\/\/www.monboladegrossesse.com\/boutique\/wp-content\/uploads\/2021\/03\/lithotherapie-accouchement-bijou.jpg","contentUrl":"https:\/\/www.monboladegrossesse.com\/boutique\/wp-content\/uploads\/2021\/03\/lithotherapie-accouchement-bijou.jpg","width":900,"height":900,"caption":"bracelet lithoth\u00e9rapie pour accouchement"},{"@type":"BreadcrumbList","@id":"https:\/\/www.monboladegrossesse.com\/boutique\/produit\/bracelet-lithotherapie-special-accouchement\/#breadcrumb","itemListElement":[{"@type":"ListItem","position":1,"name":"Accueil","item":"https:\/\/www.monboladegrossesse.com\/boutique\/"},{"@type":"ListItem","position":2,"name":"Shop","item":"https:\/\/www.monboladegrossesse.com\/boutique\/shop\/"},{"@type":"ListItem","position":3,"name":"Bracelet lithoth\u00e9rapie sp\u00e9cial accouchement"}]},{"@type":"WebSite","@id":"https:\/\/www.monboladegrossesse.com\/boutique\/#website","url":"https:\/\/www.monboladegrossesse.com\/boutique\/","name":"Boutique de bola de grossesse pour future maman","description":"","publisher":{"@id":"https:\/\/www.monboladegrossesse.com\/boutique\/#organization"},"potentialAction":[{"@type":"SearchAction","target":{"@type":"EntryPoint","urlTemplate":"https:\/\/www.monboladegrossesse.com\/boutique\/?s={search_term_string}"},"query-input":{"@type":"PropertyValueSpecification","valueRequired":true,"valueName":"search_term_string"}}],"inLanguage":"fr-FR"},{"@type":"Organization","@id":"https:\/\/www.monboladegrossesse.com\/boutique\/#organization","name":"Boutique de bola de grossesse pour future maman","url":"https:\/\/www.monboladegrossesse.com\/boutique\/","logo":{"@type":"ImageObject","inLanguage":"fr-FR","@id":"https:\/\/www.monboladegrossesse.com\/boutique\/#\/schema\/logo\/image\/","url":"https:\/\/www.monboladegrossesse.com\/boutique\/wp-content\/uploads\/2024\/06\/cropped-logo-bola-470X110.webp","contentUrl":"https:\/\/www.monboladegrossesse.com\/boutique\/wp-content\/uploads\/2024\/06\/cropped-logo-bola-470X110.webp","width":470,"height":110,"caption":"Boutique de bola de grossesse pour future maman"},"image":{"@id":"https:\/\/www.monboladegrossesse.com\/boutique\/#\/schema\/logo\/image\/"},"sameAs":["https:\/\/www.facebook.com\/Bola-de-Grossesse-1360399817389794\/","https:\/\/www.pinterest.fr\/monboladegrossesse\/","https:\/\/www.youtube.com\/@Monboladegrossesse-x3f","https:\/\/www.tiktok.com\/@bola.de.grossesse?lang=fr"]}]}},"wcpa_form_fields":{"wcpaData":{"product":{"product_price":13.99,"price_html":"<span class=\"woocommerce-Price-amount amount\"><bdi>13.99&nbsp;<span class=\"woocommerce-Price-currencySymbol\">&euro;<\/span><\/bdi><\/span>","original_product_price":13.99,"price_including_tax":13.99,"price_excluding_tax":13.99,"product_id":{"parent":10495,"variation":false},"is_variable":false,"stock_status":"instock","stock_quantity":4,"parent_sku":"","product_attributes":[],"custom_fields":[],"is_taxable":false,"product_name":"Bracelet lithoth\u00e9rapie sp\u00e9cial accouchement","hasImage":false},"fields":{"sec_1069e62ebff3735":{"extra":{"key":"sec_1069e62ebff3735","section_id":"sec_1069e62ebff3735","name":"Default","status":1,"cl_rule":"show","enableCl":false,"relations":[],"toggle":true,"title_tag":"h3","show_title":false,"showPrice":"default","form_id":10977,"form_rules":{"exclude_from_discount":false,"fee_label":"Fee","disp_hide_options_price":false,"disp_show_section_price":false,"disp_show_field_price":true,"layout_option":"standard","pric_use_as_fee":false,"process_fee_as":"woo_fee"},"layout_option":"standard"},"fields":[[{"type":"header","subtype":"h3","label":"Personnalisation du bracelet","elementId":"wcpa-header-60a504188bce9","cl_rule":"show","col":6,"relations":false,"active":true,"tooltip":"","gt_translate_keys":["label","tooltip"],"price_dependency":false,"cl_dependency":false,"value":""}],[{"type":"select","elementId":"wcpa-select-60a504188bd0c","label":"Bracelet avec ou sans m\u00e9daille","description":"","desc_type":true,"priceOptions":"different_for_all","pricingType":"fixed","name":"select-60a504188bd28","cl_rule":"show","col":6,"values":[{"label":"Sans m\u00e9daille","value":"","price":"","pimage":"","pimage_id":"","pthumb":"","selected":true,"gt_translate_keys":["label"]},{"label":"M\u00e9daille en Alu","value":"option-1","price":"","pimage":"","pimage_id":"","pthumb":"","gt_translate_keys":["label"]},{"label":"M\u00e9daille en Argent 925","value":"option-2","price":"","pimage":"","pimage_id":"","pthumb":"","gt_translate_keys":["label"]}],"relations":false,"active":true,"tooltip":"Personnaliser votre bola avec la gravure d'une m\u00e9daille Alu ou Argent 925","gt_translate_keys":["label","description","tooltip"],"price_dependency":false,"cl_dependency":["wcpa-text-60a504188bd40","wcpa-text-60a504188bd9b"],"value":""}],[{"type":"text","elementId":"wcpa-text-60a504188bd40","label":"M\u00e9daille en Alu gravure recto","description":"Vous pouvez graver jusqu'\u00e0 20 caract\u00e8res","enablePrice":true,"pricingType":"fixed","price":"2.99","name":"text-60a504188bd57","subtype":"text","maxlength":"20","mapToCheckoutFieldParent":"billing","mapToCheckoutField":"billing_first_name","enableCl":true,"cl_rule":"show","cl_val":"option-1","col":6,"relations":[{"operator":false,"rules":[{"operator":false,"rules":{"cl_field":"wcpa-select-60a504188bd0c","cl_relation":"is","cl_val":"option-1"}}]}],"active":true,"tooltip":"","gt_translate_keys":["label","description","tooltip"],"price_dependency":false,"cl_dependency":["wcpa-text-60a504188bd6e"],"value":""}],[{"type":"text","elementId":"wcpa-text-60a504188bd6e","label":"M\u00e9daille en Alu gravure recto","description":"Vous pouvez graver jusqu'\u00e0 20 caract\u00e8res","enablePrice":true,"pricingType":"fixed","price":"1","name":"text-60a504188bd84","subtype":"text","maxlength":"20","mapToCheckoutFieldParent":"billing","mapToCheckoutField":"billing_first_name","enableCl":true,"cl_rule":"show","col":6,"relations":[{"operator":false,"rules":[{"operator":false,"rules":{"cl_field":"wcpa-text-60a504188bd40","cl_relation":"is_not_empty","cl_val":false}}]}],"active":true,"tooltip":"","gt_translate_keys":["label","description","tooltip"],"price_dependency":false,"cl_dependency":false,"value":""}],[{"type":"text","elementId":"wcpa-text-60a504188bd9b","label":"M\u00e9daille en Argent 925 gravure recto","enablePrice":true,"pricingType":"fixed","price":"7.99","name":"text-60a504188bdb0","subtype":"text","maxlength":"20","mapToCheckoutFieldParent":"billing","mapToCheckoutField":"billing_first_name","enableCl":true,"cl_rule":"show","cl_val":"option-2","col":6,"relations":[{"operator":false,"rules":[{"operator":false,"rules":{"cl_field":"wcpa-select-60a504188bd0c","cl_relation":"is","cl_val":"option-2"}}]}],"active":true,"tooltip":"","gt_translate_keys":["label","tooltip"],"price_dependency":false,"cl_dependency":["wcpa-text-60a504188bdc7"],"value":""}],[{"type":"text","elementId":"wcpa-text-60a504188bdc7","label":"M\u00e9daille en Argent 925 gravure verso","description":"Vous pouvez graver jusqu'\u00e0 20 caract\u00e8res","enablePrice":true,"pricingType":"fixed","price":"1","name":"text-60a504188bddd","subtype":"text","maxlength":"20","mapToCheckoutFieldParent":"billing","mapToCheckoutField":"billing_first_name","enableCl":true,"cl_rule":"show","col":6,"relations":[{"operator":false,"rules":[{"operator":false,"rules":{"cl_field":"wcpa-text-60a504188bd9b","cl_relation":"is_not_empty","cl_val":false}}]}],"active":true,"tooltip":"","gt_translate_keys":["label","description","tooltip"],"price_dependency":false,"cl_dependency":false,"value":""}]]}},"config":{"price_override":"","enable_recaptcha":false,"bind_quantity":false,"quantity_bind_formula":false,"disp_summ_show_option_price":true,"disp_summ_show_product_price":true,"disp_summ_show_total_price":true,"disp_summ_show_fee":false,"disp_summ_show_discount":false,"summary_title":"","options_total_label":"Prix des options","total_label":"Total","options_product_label":"Prix du bijou","fee_label":"Fee","discount_label":"Discount","has_price":true,"has_quantity_formula":false},"mc_unit":1,"tax_rate":1,"tax_rate_real":1,"discount":{"percentage":0,"fixed":0},"design":{"conf":{"LabelPosition":"above","DescPosition":"above","UploadField":"custom_1","QuantityFieldStyle":"default"},"css":{"LeftLabelWidth":"120px"}},"formulas":[],"lookuptables":[],"clones":false,"cartKey":false}},"_links":{"self":[{"href":"https:\/\/www.monboladegrossesse.com\/boutique\/wp-json\/wp\/v2\/product\/10495","targetHints":{"allow":["GET"]}}],"collection":[{"href":"https:\/\/www.monboladegrossesse.com\/boutique\/wp-json\/wp\/v2\/product"}],"about":[{"href":"https:\/\/www.monboladegrossesse.com\/boutique\/wp-json\/wp\/v2\/types\/product"}],"replies":[{"embeddable":true,"href":"https:\/\/www.monboladegrossesse.com\/boutique\/wp-json\/wp\/v2\/comments?post=10495"}],"wp:featuredmedia":[{"embeddable":true,"href":"https:\/\/www.monboladegrossesse.com\/boutique\/wp-json\/wp\/v2\/media\/10498"}],"wp:attachment":[{"href":"https:\/\/www.monboladegrossesse.com\/boutique\/wp-json\/wp\/v2\/media?parent=10495"}],"wp:term":[{"taxonomy":"product_brand","embeddable":true,"href":"https:\/\/www.monboladegrossesse.com\/boutique\/wp-json\/wp\/v2\/product_brand?post=10495"},{"taxonomy":"product_cat","embeddable":true,"href":"https:\/\/www.monboladegrossesse.com\/boutique\/wp-json\/wp\/v2\/product_cat?post=10495"},{"taxonomy":"product_tag","embeddable":true,"href":"https:\/\/www.monboladegrossesse.com\/boutique\/wp-json\/wp\/v2\/product_tag?post=10495"}],"curies":[{"name":"wp","href":"https:\/\/api.w.org\/{rel}","templated":true}]}}