{"id":13969,"date":"2024-07-23T14:24:38","date_gmt":"2024-07-23T12:24:38","guid":{"rendered":"https:\/\/www.monboladegrossesse.com\/boutique\/?page_id=13969"},"modified":"2024-08-21T11:27:19","modified_gmt":"2024-08-21T09:27:19","slug":"a-propos","status":"publish","type":"page","link":"https:\/\/www.monboladegrossesse.com\/boutique\/a-propos\/","title":{"rendered":"A propos : qui sommes-nous ?"},"content":{"rendered":"\n<figure class=\"wp-block-image aligncenter size-full is-resized\"><img loading=\"lazy\" decoding=\"async\" width=\"150\" height=\"50\" src=\"https:\/\/www.monboladegrossesse.com\/boutique\/wp-content\/uploads\/2017\/07\/paypallogo-bolagrossesse.jpg\" alt=\"\" class=\"wp-image-65\" style=\"width:350px\"\/><figcaption class=\"wp-element-caption\">Notre tout premier logo en 2017.<\/figcaption><\/figure>\n\n\n\n<h2 class=\"wp-block-heading\">La boutique Mon Bola de Grossesse, a \u00e9t\u00e9 mise en ligne en 2017. D&rsquo;ailleurs au d\u00e9part il s&rsquo;agissait principalement d&rsquo;un blog consacr\u00e9 \u00e0 la grossesse et \u00e0 la maternit\u00e9.<\/h2>\n\n\n\n<p>Qui aurait cru que 7 ans plus tard nous serions toujours aux c\u00f4t\u00e9s des futures mamans pour leur proposer des bijoux de qualit\u00e9 \u00e0 prix juste ?<\/p>\n\n\n\n<p>Puis tr\u00e8s vite, nous avons imagin\u00e9 et fabriqu\u00e9 des bolas dans notre petit atelier du sud de la France. Au d\u00e9part une dizaine de mod\u00e8les, avec d\u00e9j\u00e0 notre envie de proposer des bijoux de grossesse \u00e0 petits prix, ou pas chers.<\/p>\n\n\n\n<blockquote class=\"wp-block-quote is-layout-flow wp-block-quote-is-layout-flow\">\n<p>Nous nous \u00e9tions fix\u00e9s comme objectif de proposer des bolas \u00e0 moins de 10\u20ac pour permettre \u00e0 toutes les futures mamans de porter de jolis bijoux.<\/p>\n<\/blockquote>\n\n\n\n<p>Nous sommes fiers de proposer une s\u00e9lection unique de bolas de grossesse, <strong>confectionn\u00e9s \u00e0 la main avec amour \u00e0 Carcassonne, en France.<\/strong><\/p>\n\n\n\n<p>En 2024, nous avons d\u00e9cid\u00e9 de revoir tyous nos mod\u00e8les de bolas de grossesse.<\/p>\n\n\n\n<p><strong>Chaque bijou est cr\u00e9\u00e9 avec soin pour accompagner et prot\u00e9ger les futures mamans tout au long de leur grossesse.<\/strong><\/p>\n\n\n\n<blockquote class=\"wp-block-quote is-layout-flow wp-block-quote-is-layout-flow\">\n<p>Notre mission est de rendre ce bijou symbolique accessible \u00e0 toutes, avec des bolas originaux et personnalisables \u00e0 partir de seulement 9\u20ac.<\/p>\n<\/blockquote>\n\n\n\n<h2 class=\"wp-block-heading\">Que vous cherchiez un design simple ou une pi\u00e8ce plus \u00e9labor\u00e9e, vous trouverez votre bonheur chez nous<\/h2>\n\n\n\n<p>La satisfaction de nos clientes est notre priorit\u00e9. C&rsquo;est pourquoi nous sommes toujours \u00e0 votre \u00e9coute, pr\u00eats \u00e0 r\u00e9pondre \u00e0 vos questions et \u00e0 vous assister via e-mail, t\u00e9l\u00e9phone, et sur nos r\u00e9seaux sociaux : Facebook, Instagram et TikTok.<\/p>\n\n\n\n<p>Vous pouvez retrouver les avis de nos clientes sur des plateformes comme Trustpilot.<\/p>\n\n\n\n<blockquote class=\"wp-block-quote is-layout-flow wp-block-quote-is-layout-flow\">\n<p>Depuis notre cr\u00e9ation, nous avons vendu plus de 10 000 bolas en France et \u00e0 travers l&rsquo;Europe, t\u00e9moignage de la confiance que nos clientes nous accordent.<\/p>\n<\/blockquote>\n\n\n\n<p>Faites confiance \u00e0 Mon Bola de Grossesse pour trouver le bijou parfait qui vous accompagnera durant cette p\u00e9riode unique de votre vie.<\/p>\n\n\n\n<h2 class=\"wp-block-heading\">Depuis 2017, vous offrir des bolas personnalis\u00e9s \u00e0 petits prix<\/h2>\n\n\n\n<p>D\u00e8s la mise en ligne de nos premiers mod\u00e8les en juillet 2017, nous avons fait le choix de vous proposer des bijoux personnalis\u00e9s. Avec notamment la gravure d&rsquo;une m\u00e9daille avec le message de votre choix.<\/p>\n\n\n\n<h2 class=\"wp-block-heading\">Visiter \u00e9galement notre blog consacr\u00e9 \u00e0 la grossesse &amp; la maternit\u00e9<\/h2>\n\n\n\n<p>Nous ne sommes pas qu&rsquo;une simple boutique en ligne. Nous vous proposons aussi <a href=\"https:\/\/www.monboladegrossesse.com\/\">un blog consacr\u00e9 \u00e0 la maternit\u00e9 et \u00e0 la grossesse.<\/a> Chaque jour nous publions un article pour vouds donner des conseils dans votre nouvelle vie de maman.<\/p>\n\n\n\n<p>N&rsquo;h\u00e9sitez pas <a href=\"https:\/\/www.monboladegrossesse.com\/contact\/\">\u00e0 nous contacter<\/a>, nous sommes l\u00e0 pour vous !<\/p>\n","protected":false},"excerpt":{"rendered":"<p>La boutique Mon Bola de Grossesse, a \u00e9t\u00e9 mise en ligne en 2017. D&rsquo;ailleurs au d\u00e9part il s&rsquo;agissait principalement d&rsquo;un<\/p>\n","protected":false},"author":1,"featured_media":0,"parent":0,"menu_order":0,"comment_status":"closed","ping_status":"closed","template":"","meta":{"_acf_changed":false,"footnotes":""},"class_list":["post-13969","page","type-page","status-publish","hentry"],"acf":[],"yoast_head":"<!-- This site is optimized with the Yoast SEO plugin v27.2 - https:\/\/yoast.com\/product\/yoast-seo-wordpress\/ -->\n<title>A propos de monboladegrossesse.com<\/title>\n<meta name=\"robots\" content=\"index, follow, max-snippet:-1, max-image-preview:large, max-video-preview:-1\" \/>\n<link rel=\"canonical\" href=\"https:\/\/www.monboladegrossesse.com\/boutique\/a-propos\/\" \/>\n<meta property=\"og:locale\" content=\"fr_FR\" \/>\n<meta property=\"og:type\" content=\"article\" \/>\n<meta property=\"og:title\" content=\"A propos de monboladegrossesse.com\" \/>\n<meta property=\"og:description\" content=\"La boutique Mon Bola de Grossesse, a \u00e9t\u00e9 mise en ligne en 2017. D&rsquo;ailleurs au d\u00e9part il s&rsquo;agissait principalement d&rsquo;un\" \/>\n<meta property=\"og:url\" content=\"https:\/\/www.monboladegrossesse.com\/boutique\/a-propos\/\" \/>\n<meta property=\"og:site_name\" content=\"Boutique de bola de grossesse pour future maman\" \/>\n<meta property=\"article:publisher\" content=\"https:\/\/www.facebook.com\/Bola-de-Grossesse-1360399817389794\/\" \/>\n<meta property=\"article:modified_time\" content=\"2024-08-21T09:27:19+00:00\" \/>\n<meta property=\"og:image\" content=\"https:\/\/www.monboladegrossesse.com\/boutique\/wp-content\/uploads\/2017\/07\/paypallogo-bolagrossesse.jpg\" \/>\n<meta name=\"twitter:card\" content=\"summary_large_image\" \/>\n<meta name=\"twitter:label1\" content=\"Dur\u00e9e de lecture estim\u00e9e\" \/>\n\t<meta name=\"twitter:data1\" content=\"3 minutes\" \/>\n<script type=\"application\/ld+json\" class=\"yoast-schema-graph\">{\"@context\":\"https:\/\/schema.org\",\"@graph\":[{\"@type\":\"WebPage\",\"@id\":\"https:\/\/www.monboladegrossesse.com\/boutique\/a-propos\/\",\"url\":\"https:\/\/www.monboladegrossesse.com\/boutique\/a-propos\/\",\"name\":\"A propos de monboladegrossesse.com\",\"isPartOf\":{\"@id\":\"https:\/\/www.monboladegrossesse.com\/boutique\/#website\"},\"primaryImageOfPage\":{\"@id\":\"https:\/\/www.monboladegrossesse.com\/boutique\/a-propos\/#primaryimage\"},\"image\":{\"@id\":\"https:\/\/www.monboladegrossesse.com\/boutique\/a-propos\/#primaryimage\"},\"thumbnailUrl\":\"https:\/\/www.monboladegrossesse.com\/boutique\/wp-content\/uploads\/2017\/07\/paypallogo-bolagrossesse.jpg\",\"datePublished\":\"2024-07-23T12:24:38+00:00\",\"dateModified\":\"2024-08-21T09:27:19+00:00\",\"breadcrumb\":{\"@id\":\"https:\/\/www.monboladegrossesse.com\/boutique\/a-propos\/#breadcrumb\"},\"inLanguage\":\"fr-FR\",\"potentialAction\":[{\"@type\":\"ReadAction\",\"target\":[\"https:\/\/www.monboladegrossesse.com\/boutique\/a-propos\/\"]}]},{\"@type\":\"ImageObject\",\"inLanguage\":\"fr-FR\",\"@id\":\"https:\/\/www.monboladegrossesse.com\/boutique\/a-propos\/#primaryimage\",\"url\":\"https:\/\/www.monboladegrossesse.com\/boutique\/wp-content\/uploads\/2017\/07\/paypallogo-bolagrossesse.jpg\",\"contentUrl\":\"https:\/\/www.monboladegrossesse.com\/boutique\/wp-content\/uploads\/2017\/07\/paypallogo-bolagrossesse.jpg\",\"width\":150,\"height\":50},{\"@type\":\"BreadcrumbList\",\"@id\":\"https:\/\/www.monboladegrossesse.com\/boutique\/a-propos\/#breadcrumb\",\"itemListElement\":[{\"@type\":\"ListItem\",\"position\":1,\"name\":\"Accueil\",\"item\":\"https:\/\/www.monboladegrossesse.com\/boutique\/\"},{\"@type\":\"ListItem\",\"position\":2,\"name\":\"A propos : qui sommes-nous ?\"}]},{\"@type\":\"WebSite\",\"@id\":\"https:\/\/www.monboladegrossesse.com\/boutique\/#website\",\"url\":\"https:\/\/www.monboladegrossesse.com\/boutique\/\",\"name\":\"Boutique de bola de grossesse pour future maman\",\"description\":\"\",\"publisher\":{\"@id\":\"https:\/\/www.monboladegrossesse.com\/boutique\/#organization\"},\"potentialAction\":[{\"@type\":\"SearchAction\",\"target\":{\"@type\":\"EntryPoint\",\"urlTemplate\":\"https:\/\/www.monboladegrossesse.com\/boutique\/?s={search_term_string}\"},\"query-input\":{\"@type\":\"PropertyValueSpecification\",\"valueRequired\":true,\"valueName\":\"search_term_string\"}}],\"inLanguage\":\"fr-FR\"},{\"@type\":\"Organization\",\"@id\":\"https:\/\/www.monboladegrossesse.com\/boutique\/#organization\",\"name\":\"Boutique de bola de grossesse pour future maman\",\"url\":\"https:\/\/www.monboladegrossesse.com\/boutique\/\",\"logo\":{\"@type\":\"ImageObject\",\"inLanguage\":\"fr-FR\",\"@id\":\"https:\/\/www.monboladegrossesse.com\/boutique\/#\/schema\/logo\/image\/\",\"url\":\"https:\/\/www.monboladegrossesse.com\/boutique\/wp-content\/uploads\/2024\/06\/cropped-logo-bola-470X110.webp\",\"contentUrl\":\"https:\/\/www.monboladegrossesse.com\/boutique\/wp-content\/uploads\/2024\/06\/cropped-logo-bola-470X110.webp\",\"width\":470,\"height\":110,\"caption\":\"Boutique de bola de grossesse pour future maman\"},\"image\":{\"@id\":\"https:\/\/www.monboladegrossesse.com\/boutique\/#\/schema\/logo\/image\/\"},\"sameAs\":[\"https:\/\/www.facebook.com\/Bola-de-Grossesse-1360399817389794\/\",\"https:\/\/www.pinterest.fr\/monboladegrossesse\/\",\"https:\/\/www.youtube.com\/@Monboladegrossesse-x3f\",\"https:\/\/www.tiktok.com\/@bola.de.grossesse?lang=fr\"]}]}<\/script>\n<!-- \/ Yoast SEO plugin. -->","yoast_head_json":{"title":"A propos de monboladegrossesse.com","robots":{"index":"index","follow":"follow","max-snippet":"max-snippet:-1","max-image-preview":"max-image-preview:large","max-video-preview":"max-video-preview:-1"},"canonical":"https:\/\/www.monboladegrossesse.com\/boutique\/a-propos\/","og_locale":"fr_FR","og_type":"article","og_title":"A propos de monboladegrossesse.com","og_description":"La boutique Mon Bola de Grossesse, a \u00e9t\u00e9 mise en ligne en 2017. D&rsquo;ailleurs au d\u00e9part il s&rsquo;agissait principalement d&rsquo;un","og_url":"https:\/\/www.monboladegrossesse.com\/boutique\/a-propos\/","og_site_name":"Boutique de bola de grossesse pour future maman","article_publisher":"https:\/\/www.facebook.com\/Bola-de-Grossesse-1360399817389794\/","article_modified_time":"2024-08-21T09:27:19+00:00","og_image":[{"url":"https:\/\/www.monboladegrossesse.com\/boutique\/wp-content\/uploads\/2017\/07\/paypallogo-bolagrossesse.jpg","type":"","width":"","height":""}],"twitter_card":"summary_large_image","twitter_misc":{"Dur\u00e9e de lecture estim\u00e9e":"3 minutes"},"schema":{"@context":"https:\/\/schema.org","@graph":[{"@type":"WebPage","@id":"https:\/\/www.monboladegrossesse.com\/boutique\/a-propos\/","url":"https:\/\/www.monboladegrossesse.com\/boutique\/a-propos\/","name":"A propos de monboladegrossesse.com","isPartOf":{"@id":"https:\/\/www.monboladegrossesse.com\/boutique\/#website"},"primaryImageOfPage":{"@id":"https:\/\/www.monboladegrossesse.com\/boutique\/a-propos\/#primaryimage"},"image":{"@id":"https:\/\/www.monboladegrossesse.com\/boutique\/a-propos\/#primaryimage"},"thumbnailUrl":"https:\/\/www.monboladegrossesse.com\/boutique\/wp-content\/uploads\/2017\/07\/paypallogo-bolagrossesse.jpg","datePublished":"2024-07-23T12:24:38+00:00","dateModified":"2024-08-21T09:27:19+00:00","breadcrumb":{"@id":"https:\/\/www.monboladegrossesse.com\/boutique\/a-propos\/#breadcrumb"},"inLanguage":"fr-FR","potentialAction":[{"@type":"ReadAction","target":["https:\/\/www.monboladegrossesse.com\/boutique\/a-propos\/"]}]},{"@type":"ImageObject","inLanguage":"fr-FR","@id":"https:\/\/www.monboladegrossesse.com\/boutique\/a-propos\/#primaryimage","url":"https:\/\/www.monboladegrossesse.com\/boutique\/wp-content\/uploads\/2017\/07\/paypallogo-bolagrossesse.jpg","contentUrl":"https:\/\/www.monboladegrossesse.com\/boutique\/wp-content\/uploads\/2017\/07\/paypallogo-bolagrossesse.jpg","width":150,"height":50},{"@type":"BreadcrumbList","@id":"https:\/\/www.monboladegrossesse.com\/boutique\/a-propos\/#breadcrumb","itemListElement":[{"@type":"ListItem","position":1,"name":"Accueil","item":"https:\/\/www.monboladegrossesse.com\/boutique\/"},{"@type":"ListItem","position":2,"name":"A propos : qui sommes-nous ?"}]},{"@type":"WebSite","@id":"https:\/\/www.monboladegrossesse.com\/boutique\/#website","url":"https:\/\/www.monboladegrossesse.com\/boutique\/","name":"Boutique de bola de grossesse pour future maman","description":"","publisher":{"@id":"https:\/\/www.monboladegrossesse.com\/boutique\/#organization"},"potentialAction":[{"@type":"SearchAction","target":{"@type":"EntryPoint","urlTemplate":"https:\/\/www.monboladegrossesse.com\/boutique\/?s={search_term_string}"},"query-input":{"@type":"PropertyValueSpecification","valueRequired":true,"valueName":"search_term_string"}}],"inLanguage":"fr-FR"},{"@type":"Organization","@id":"https:\/\/www.monboladegrossesse.com\/boutique\/#organization","name":"Boutique de bola de grossesse pour future maman","url":"https:\/\/www.monboladegrossesse.com\/boutique\/","logo":{"@type":"ImageObject","inLanguage":"fr-FR","@id":"https:\/\/www.monboladegrossesse.com\/boutique\/#\/schema\/logo\/image\/","url":"https:\/\/www.monboladegrossesse.com\/boutique\/wp-content\/uploads\/2024\/06\/cropped-logo-bola-470X110.webp","contentUrl":"https:\/\/www.monboladegrossesse.com\/boutique\/wp-content\/uploads\/2024\/06\/cropped-logo-bola-470X110.webp","width":470,"height":110,"caption":"Boutique de bola de grossesse pour future maman"},"image":{"@id":"https:\/\/www.monboladegrossesse.com\/boutique\/#\/schema\/logo\/image\/"},"sameAs":["https:\/\/www.facebook.com\/Bola-de-Grossesse-1360399817389794\/","https:\/\/www.pinterest.fr\/monboladegrossesse\/","https:\/\/www.youtube.com\/@Monboladegrossesse-x3f","https:\/\/www.tiktok.com\/@bola.de.grossesse?lang=fr"]}]}},"_links":{"self":[{"href":"https:\/\/www.monboladegrossesse.com\/boutique\/wp-json\/wp\/v2\/pages\/13969","targetHints":{"allow":["GET"]}}],"collection":[{"href":"https:\/\/www.monboladegrossesse.com\/boutique\/wp-json\/wp\/v2\/pages"}],"about":[{"href":"https:\/\/www.monboladegrossesse.com\/boutique\/wp-json\/wp\/v2\/types\/page"}],"author":[{"embeddable":true,"href":"https:\/\/www.monboladegrossesse.com\/boutique\/wp-json\/wp\/v2\/users\/1"}],"replies":[{"embeddable":true,"href":"https:\/\/www.monboladegrossesse.com\/boutique\/wp-json\/wp\/v2\/comments?post=13969"}],"version-history":[{"count":6,"href":"https:\/\/www.monboladegrossesse.com\/boutique\/wp-json\/wp\/v2\/pages\/13969\/revisions"}],"predecessor-version":[{"id":14207,"href":"https:\/\/www.monboladegrossesse.com\/boutique\/wp-json\/wp\/v2\/pages\/13969\/revisions\/14207"}],"wp:attachment":[{"href":"https:\/\/www.monboladegrossesse.com\/boutique\/wp-json\/wp\/v2\/media?parent=13969"}],"curies":[{"name":"wp","href":"https:\/\/api.w.org\/{rel}","templated":true}]}}