{"id":1308,"date":"2018-09-13T15:10:14","date_gmt":"2018-09-13T13:10:14","guid":{"rendered":"https:\/\/www.monboladegrossesse.com\/boutique\/?page_id=1308"},"modified":"2018-09-13T15:10:14","modified_gmt":"2018-09-13T13:10:14","slug":"suivre-ma-commande","status":"publish","type":"page","link":"https:\/\/www.monboladegrossesse.com\/boutique\/suivre-ma-commande\/","title":{"rendered":"Suivre ma commande"},"content":{"rendered":"<p>Vous avez r\u00e9cemment pass\u00e9 commande d&rsquo;un bola de grossesse sur notre boutique ? Et vous aimeriez savoir ou en est votre commande ? Retrouvez sur cette page toutes les infos pratiques !<\/p>\n<h2>En 2 clics, suivez la fabrication de votre bola de grossesse<\/h2>\n<p>Tout au long de votre achat, vous recevrez plusieurs e-mails de notre boutique. Lors de votre commande, un email r\u00e9capitulatif de votre achat, avec sa facture. Vous recevez \u00e9galement d\u00e8s que votre bijou est exp\u00e9di\u00e9, un e-mail avec le num\u00e9ro de suivi. Vous pouvez ainsi suivre sur le site de la Poste l&rsquo;acheminement de votre bola de grossesse. Pour suivre l&rsquo;avancement de votre commande, il suffit d&rsquo;indiquer ci-dessous votre num\u00e9ro e commande et l&rsquo;e-mail avec lequel vous avez achet\u00e9 votre bola sur notre boutique.<\/p>\n<div class=\"woocommerce\"><\/div>\n<p>Nous vous proposons sur la page d&rsquo;accueil le d\u00e9lai actuel de fabrication et d&rsquo;exp\u00e9ditions de nos bijoux pour future maman. G\u00e9n\u00e9ralement il suffit de deux jours ouvr\u00e9s pour que votre bola soit exp\u00e9di\u00e9 quelquefois le mod\u00e8le ( <a href=\"https:\/\/www.monboladegrossesse.com\/boutique\/\">bola grav\u00e9<\/a> ou bola fantaisie sans personnalisation). Ainsi en commandant votre bola un week-end, celui-ci sera exp\u00e9di\u00e9 d\u00e8s le mardi suivant. Ajoutez le d\u00e9lai de livraison e la Poste et votre bola sera chez vous en moins d&rsquo;une semaine.<\/p>\n<h3>Une question sur votre bola ? Comment nous contacter<\/h3>\n<p>Vous trouverez tout d&rsquo;abord <a href=\"https:\/\/www.monboladegrossesse.com\/boutique\/info-bola-de-grossesse\/\">dans notre foire aux questions<\/a>, de nombreuses r\u00e9ponses \u00e0 vos demandes concernant votre bola de grossesse. Montage, soin tout particulier apport\u00e9 \u00e0 l&#8217;emballage ou encore conseils pour personnaliser votre bijou de grossesse. \u00a0Mais si la FAQ ne contient l&rsquo;information que vous recherchez, n&rsquo;h\u00e9sitez pas \u00e0 nous contacter sur Facebook <a href=\"https:\/\/www.facebook.com\/Bola-de-Grossesse-1360399817389794\/\">(en cliquant ici)<\/a> ou sur Instagram <a href=\"https:\/\/www.instagram.com\/monboladegrossesse\/\">(en cliquant par ici).<\/a><\/p>\n","protected":false},"excerpt":{"rendered":"<p>Vous avez r\u00e9cemment pass\u00e9 commande d&rsquo;un bola de grossesse sur notre boutique ? Et vous aimeriez savoir ou en est<\/p>\n","protected":false},"author":1,"featured_media":1312,"parent":0,"menu_order":0,"comment_status":"closed","ping_status":"closed","template":"","meta":{"_acf_changed":false,"footnotes":""},"class_list":["post-1308","page","type-page","status-publish","has-post-thumbnail","hentry"],"acf":[],"yoast_head":"<!-- This site is optimized with the Yoast SEO plugin v27.2 - https:\/\/yoast.com\/product\/yoast-seo-wordpress\/ -->\n<title>Acheter un bola de grossesse : suivre ma commande<\/title>\n<meta name=\"description\" content=\"Ou acheter votre bola de grossesse ? Sur monboladegrossesse.com bien entendu \u2764 D\u00e9couvrez ici le suivi de fabrication et de livraison de votre bola.\" \/>\n<meta name=\"robots\" content=\"index, follow, max-snippet:-1, max-image-preview:large, max-video-preview:-1\" \/>\n<link rel=\"canonical\" href=\"https:\/\/www.monboladegrossesse.com\/boutique\/suivre-ma-commande\/\" \/>\n<meta property=\"og:locale\" content=\"fr_FR\" \/>\n<meta property=\"og:type\" content=\"article\" \/>\n<meta property=\"og:title\" content=\"Acheter un bola de grossesse : suivre ma commande\" \/>\n<meta property=\"og:description\" content=\"Ou acheter votre bola de grossesse ? Sur monboladegrossesse.com bien entendu \u2764 D\u00e9couvrez ici le suivi de fabrication et de livraison de votre bola.\" \/>\n<meta property=\"og:url\" content=\"https:\/\/www.monboladegrossesse.com\/boutique\/suivre-ma-commande\/\" \/>\n<meta property=\"og:site_name\" content=\"Boutique de bola de grossesse pour future maman\" \/>\n<meta property=\"article:publisher\" content=\"https:\/\/www.facebook.com\/Bola-de-Grossesse-1360399817389794\/\" \/>\n<meta property=\"og:image\" content=\"https:\/\/www.monboladegrossesse.com\/boutique\/wp-content\/uploads\/2018\/09\/suivre-commande-bola-grossesse.jpg\" \/>\n\t<meta property=\"og:image:width\" content=\"790\" \/>\n\t<meta property=\"og:image:height\" content=\"527\" \/>\n\t<meta property=\"og:image:type\" content=\"image\/jpeg\" \/>\n<meta name=\"twitter:card\" content=\"summary_large_image\" \/>\n<meta name=\"twitter:label1\" content=\"Dur\u00e9e de lecture estim\u00e9e\" \/>\n\t<meta name=\"twitter:data1\" content=\"1 minute\" \/>\n<script type=\"application\/ld+json\" class=\"yoast-schema-graph\">{\"@context\":\"https:\/\/schema.org\",\"@graph\":[{\"@type\":\"WebPage\",\"@id\":\"https:\/\/www.monboladegrossesse.com\/boutique\/suivre-ma-commande\/\",\"url\":\"https:\/\/www.monboladegrossesse.com\/boutique\/suivre-ma-commande\/\",\"name\":\"Acheter un bola de grossesse : suivre ma commande\",\"isPartOf\":{\"@id\":\"https:\/\/www.monboladegrossesse.com\/boutique\/#website\"},\"primaryImageOfPage\":{\"@id\":\"https:\/\/www.monboladegrossesse.com\/boutique\/suivre-ma-commande\/#primaryimage\"},\"image\":{\"@id\":\"https:\/\/www.monboladegrossesse.com\/boutique\/suivre-ma-commande\/#primaryimage\"},\"thumbnailUrl\":\"https:\/\/www.monboladegrossesse.com\/boutique\/wp-content\/uploads\/2018\/09\/suivre-commande-bola-grossesse.jpg\",\"datePublished\":\"2018-09-13T13:10:14+00:00\",\"description\":\"Ou acheter votre bola de grossesse ? Sur monboladegrossesse.com bien entendu \u2764 D\u00e9couvrez ici le suivi de fabrication et de livraison de votre bola.\",\"breadcrumb\":{\"@id\":\"https:\/\/www.monboladegrossesse.com\/boutique\/suivre-ma-commande\/#breadcrumb\"},\"inLanguage\":\"fr-FR\",\"potentialAction\":[{\"@type\":\"ReadAction\",\"target\":[\"https:\/\/www.monboladegrossesse.com\/boutique\/suivre-ma-commande\/\"]}]},{\"@type\":\"ImageObject\",\"inLanguage\":\"fr-FR\",\"@id\":\"https:\/\/www.monboladegrossesse.com\/boutique\/suivre-ma-commande\/#primaryimage\",\"url\":\"https:\/\/www.monboladegrossesse.com\/boutique\/wp-content\/uploads\/2018\/09\/suivre-commande-bola-grossesse.jpg\",\"contentUrl\":\"https:\/\/www.monboladegrossesse.com\/boutique\/wp-content\/uploads\/2018\/09\/suivre-commande-bola-grossesse.jpg\",\"width\":790,\"height\":527,\"caption\":\"ou acheter un bola ?\"},{\"@type\":\"BreadcrumbList\",\"@id\":\"https:\/\/www.monboladegrossesse.com\/boutique\/suivre-ma-commande\/#breadcrumb\",\"itemListElement\":[{\"@type\":\"ListItem\",\"position\":1,\"name\":\"Accueil\",\"item\":\"https:\/\/www.monboladegrossesse.com\/boutique\/\"},{\"@type\":\"ListItem\",\"position\":2,\"name\":\"Suivre ma commande\"}]},{\"@type\":\"WebSite\",\"@id\":\"https:\/\/www.monboladegrossesse.com\/boutique\/#website\",\"url\":\"https:\/\/www.monboladegrossesse.com\/boutique\/\",\"name\":\"Boutique de bola de grossesse pour future maman\",\"description\":\"\",\"publisher\":{\"@id\":\"https:\/\/www.monboladegrossesse.com\/boutique\/#organization\"},\"potentialAction\":[{\"@type\":\"SearchAction\",\"target\":{\"@type\":\"EntryPoint\",\"urlTemplate\":\"https:\/\/www.monboladegrossesse.com\/boutique\/?s={search_term_string}\"},\"query-input\":{\"@type\":\"PropertyValueSpecification\",\"valueRequired\":true,\"valueName\":\"search_term_string\"}}],\"inLanguage\":\"fr-FR\"},{\"@type\":\"Organization\",\"@id\":\"https:\/\/www.monboladegrossesse.com\/boutique\/#organization\",\"name\":\"Boutique de bola de grossesse pour future maman\",\"url\":\"https:\/\/www.monboladegrossesse.com\/boutique\/\",\"logo\":{\"@type\":\"ImageObject\",\"inLanguage\":\"fr-FR\",\"@id\":\"https:\/\/www.monboladegrossesse.com\/boutique\/#\/schema\/logo\/image\/\",\"url\":\"https:\/\/www.monboladegrossesse.com\/boutique\/wp-content\/uploads\/2024\/06\/cropped-logo-bola-470X110.webp\",\"contentUrl\":\"https:\/\/www.monboladegrossesse.com\/boutique\/wp-content\/uploads\/2024\/06\/cropped-logo-bola-470X110.webp\",\"width\":470,\"height\":110,\"caption\":\"Boutique de bola de grossesse pour future maman\"},\"image\":{\"@id\":\"https:\/\/www.monboladegrossesse.com\/boutique\/#\/schema\/logo\/image\/\"},\"sameAs\":[\"https:\/\/www.facebook.com\/Bola-de-Grossesse-1360399817389794\/\",\"https:\/\/www.pinterest.fr\/monboladegrossesse\/\",\"https:\/\/www.youtube.com\/@Monboladegrossesse-x3f\",\"https:\/\/www.tiktok.com\/@bola.de.grossesse?lang=fr\"]}]}<\/script>\n<!-- \/ Yoast SEO plugin. -->","yoast_head_json":{"title":"Acheter un bola de grossesse : suivre ma commande","description":"Ou acheter votre bola de grossesse ? Sur monboladegrossesse.com bien entendu \u2764 D\u00e9couvrez ici le suivi de fabrication et de livraison de votre bola.","robots":{"index":"index","follow":"follow","max-snippet":"max-snippet:-1","max-image-preview":"max-image-preview:large","max-video-preview":"max-video-preview:-1"},"canonical":"https:\/\/www.monboladegrossesse.com\/boutique\/suivre-ma-commande\/","og_locale":"fr_FR","og_type":"article","og_title":"Acheter un bola de grossesse : suivre ma commande","og_description":"Ou acheter votre bola de grossesse ? Sur monboladegrossesse.com bien entendu \u2764 D\u00e9couvrez ici le suivi de fabrication et de livraison de votre bola.","og_url":"https:\/\/www.monboladegrossesse.com\/boutique\/suivre-ma-commande\/","og_site_name":"Boutique de bola de grossesse pour future maman","article_publisher":"https:\/\/www.facebook.com\/Bola-de-Grossesse-1360399817389794\/","og_image":[{"width":790,"height":527,"url":"https:\/\/www.monboladegrossesse.com\/boutique\/wp-content\/uploads\/2018\/09\/suivre-commande-bola-grossesse.jpg","type":"image\/jpeg"}],"twitter_card":"summary_large_image","twitter_misc":{"Dur\u00e9e de lecture estim\u00e9e":"1 minute"},"schema":{"@context":"https:\/\/schema.org","@graph":[{"@type":"WebPage","@id":"https:\/\/www.monboladegrossesse.com\/boutique\/suivre-ma-commande\/","url":"https:\/\/www.monboladegrossesse.com\/boutique\/suivre-ma-commande\/","name":"Acheter un bola de grossesse : suivre ma commande","isPartOf":{"@id":"https:\/\/www.monboladegrossesse.com\/boutique\/#website"},"primaryImageOfPage":{"@id":"https:\/\/www.monboladegrossesse.com\/boutique\/suivre-ma-commande\/#primaryimage"},"image":{"@id":"https:\/\/www.monboladegrossesse.com\/boutique\/suivre-ma-commande\/#primaryimage"},"thumbnailUrl":"https:\/\/www.monboladegrossesse.com\/boutique\/wp-content\/uploads\/2018\/09\/suivre-commande-bola-grossesse.jpg","datePublished":"2018-09-13T13:10:14+00:00","description":"Ou acheter votre bola de grossesse ? Sur monboladegrossesse.com bien entendu \u2764 D\u00e9couvrez ici le suivi de fabrication et de livraison de votre bola.","breadcrumb":{"@id":"https:\/\/www.monboladegrossesse.com\/boutique\/suivre-ma-commande\/#breadcrumb"},"inLanguage":"fr-FR","potentialAction":[{"@type":"ReadAction","target":["https:\/\/www.monboladegrossesse.com\/boutique\/suivre-ma-commande\/"]}]},{"@type":"ImageObject","inLanguage":"fr-FR","@id":"https:\/\/www.monboladegrossesse.com\/boutique\/suivre-ma-commande\/#primaryimage","url":"https:\/\/www.monboladegrossesse.com\/boutique\/wp-content\/uploads\/2018\/09\/suivre-commande-bola-grossesse.jpg","contentUrl":"https:\/\/www.monboladegrossesse.com\/boutique\/wp-content\/uploads\/2018\/09\/suivre-commande-bola-grossesse.jpg","width":790,"height":527,"caption":"ou acheter un bola ?"},{"@type":"BreadcrumbList","@id":"https:\/\/www.monboladegrossesse.com\/boutique\/suivre-ma-commande\/#breadcrumb","itemListElement":[{"@type":"ListItem","position":1,"name":"Accueil","item":"https:\/\/www.monboladegrossesse.com\/boutique\/"},{"@type":"ListItem","position":2,"name":"Suivre ma commande"}]},{"@type":"WebSite","@id":"https:\/\/www.monboladegrossesse.com\/boutique\/#website","url":"https:\/\/www.monboladegrossesse.com\/boutique\/","name":"Boutique de bola de grossesse pour future maman","description":"","publisher":{"@id":"https:\/\/www.monboladegrossesse.com\/boutique\/#organization"},"potentialAction":[{"@type":"SearchAction","target":{"@type":"EntryPoint","urlTemplate":"https:\/\/www.monboladegrossesse.com\/boutique\/?s={search_term_string}"},"query-input":{"@type":"PropertyValueSpecification","valueRequired":true,"valueName":"search_term_string"}}],"inLanguage":"fr-FR"},{"@type":"Organization","@id":"https:\/\/www.monboladegrossesse.com\/boutique\/#organization","name":"Boutique de bola de grossesse pour future maman","url":"https:\/\/www.monboladegrossesse.com\/boutique\/","logo":{"@type":"ImageObject","inLanguage":"fr-FR","@id":"https:\/\/www.monboladegrossesse.com\/boutique\/#\/schema\/logo\/image\/","url":"https:\/\/www.monboladegrossesse.com\/boutique\/wp-content\/uploads\/2024\/06\/cropped-logo-bola-470X110.webp","contentUrl":"https:\/\/www.monboladegrossesse.com\/boutique\/wp-content\/uploads\/2024\/06\/cropped-logo-bola-470X110.webp","width":470,"height":110,"caption":"Boutique de bola de grossesse pour future maman"},"image":{"@id":"https:\/\/www.monboladegrossesse.com\/boutique\/#\/schema\/logo\/image\/"},"sameAs":["https:\/\/www.facebook.com\/Bola-de-Grossesse-1360399817389794\/","https:\/\/www.pinterest.fr\/monboladegrossesse\/","https:\/\/www.youtube.com\/@Monboladegrossesse-x3f","https:\/\/www.tiktok.com\/@bola.de.grossesse?lang=fr"]}]}},"_links":{"self":[{"href":"https:\/\/www.monboladegrossesse.com\/boutique\/wp-json\/wp\/v2\/pages\/1308","targetHints":{"allow":["GET"]}}],"collection":[{"href":"https:\/\/www.monboladegrossesse.com\/boutique\/wp-json\/wp\/v2\/pages"}],"about":[{"href":"https:\/\/www.monboladegrossesse.com\/boutique\/wp-json\/wp\/v2\/types\/page"}],"author":[{"embeddable":true,"href":"https:\/\/www.monboladegrossesse.com\/boutique\/wp-json\/wp\/v2\/users\/1"}],"replies":[{"embeddable":true,"href":"https:\/\/www.monboladegrossesse.com\/boutique\/wp-json\/wp\/v2\/comments?post=1308"}],"version-history":[{"count":0,"href":"https:\/\/www.monboladegrossesse.com\/boutique\/wp-json\/wp\/v2\/pages\/1308\/revisions"}],"wp:featuredmedia":[{"embeddable":true,"href":"https:\/\/www.monboladegrossesse.com\/boutique\/wp-json\/wp\/v2\/media\/1312"}],"wp:attachment":[{"href":"https:\/\/www.monboladegrossesse.com\/boutique\/wp-json\/wp\/v2\/media?parent=1308"}],"curies":[{"name":"wp","href":"https:\/\/api.w.org\/{rel}","templated":true}]}}